

{"id":6195,"date":"2024-02-08T10:39:39","date_gmt":"2024-02-08T09:39:39","guid":{"rendered":"https:\/\/gradesorra.cat\/ubuntu-taller-de-viatges-i-contes-darreu\/"},"modified":"2026-02-04T20:02:37","modified_gmt":"2026-02-04T19:02:37","slug":"ubuntu-taller-de-viatges-i-contes-darreu","status":"publish","type":"page","link":"https:\/\/gradesorra.cat\/es\/tallers\/ubuntu-taller-de-viatges-i-contes-darreu\/","title":{"rendered":"Ubuntu: Taller de viatges i Contes d&#8217;arreu"},"content":{"rendered":"<p>[et_pb_section fb_built=\u00bb1&#8243; admin_label=\u00bbsection\u00bb _builder_version=\u00bb4.16&#8243; global_colors_info=\u00bb{}\u00bb][et_pb_row column_structure=\u00bb1_2,1_2&#8243; admin_label=\u00bbrow\u00bb _builder_version=\u00bb4.27.3&#8243; background_size=\u00bbinitial\u00bb background_position=\u00bbtop_left\u00bb background_repeat=\u00bbrepeat\u00bb custom_padding=\u00bb|||8px||\u00bb global_colors_info=\u00bb{}\u00bb][et_pb_column type=\u00bb1_2&#8243; _builder_version=\u00bb4.25.0&#8243; _module_preset=\u00bbdefault\u00bb global_colors_info=\u00bb{}\u00bb][et_pb_text admin_label=\u00bbText\u00bb _builder_version=\u00bb4.27.4&#8243; background_size=\u00bbinitial\u00bb background_position=\u00bbtop_left\u00bb background_repeat=\u00bbrepeat\u00bb inline_fonts=\u00bbAkronim,Abel,Abril Fatface\u00bb global_colors_info=\u00bb{}\u00bb]<\/p>\n<h2><span style=\"color: #ff0000;\">Ubuntu: contes i tallers del m\u00f3n<\/span><\/h2>\n<p><strong>Ubuntu<\/strong> \u00e9s un projecte de narraci\u00f3 i creaci\u00f3 pensat per treballar la conviv\u00e8ncia a l\u2019escola. En una societat diversa i canviant, proposem una manera <strong>l\u00fadica, significativa i vivencial<\/strong> de refor\u00e7ar la <strong>comprensi\u00f3<\/strong>, el <strong>respecte<\/strong> i l\u2019<strong>empatia<\/strong> a partir d\u2019hist\u00f2ries d\u2019arreu del m\u00f3n.<\/p>\n<p>&nbsp;<\/p>\n<h3>Per qu\u00e8 contes del m\u00f3n?<\/h3>\n<p>Explicar hist\u00f2ries d\u2019altres cultures va m\u00e9s enll\u00e0 de l\u2019entreteniment: fa visibles diferents maneres de viure i pensar, desperta curiositat i facilita el di\u00e0leg. Els contes ajuden l\u2019alumnat a posar-se a la pell de l\u2019altre i, alhora, a entendre millor el propi entorn.<\/p>\n<h3>El valor de la narraci\u00f3 oral<\/h3>\n<p>En un m\u00f3n digitalitzat, la <strong>paraula dita<\/strong> ofereix un espai d\u2019atenci\u00f3 i calma. La narraci\u00f3 oral millora l\u2019atenci\u00f3 i la imaginaci\u00f3, educa l\u2019escolta i el ritme, i crea un vincle directe entre qui explica i qui escolta.<strong><span style=\"color: #000000;\"><\/span><\/strong><\/p>\n<h3>Un projecte per a escoles<\/h3>\n<p>Ubuntu parteix d\u2019una idea senzilla: <strong>\u201csom perqu\u00e8 convivim\u201d<\/strong>. A l\u2019escola, aix\u00f2 significa cr\u00e9ixer junts, recon\u00e8ixer la diversitat i donar veu a totes les hist\u00f2ries. Per aix\u00f2 combinem <strong>sessions de contes<\/strong> i <strong>tallers<\/strong> que travessen fronteres, connecten cultures i fomenten l\u2019empatia dins l\u2019aula.<\/p>\n<p>&nbsp;<\/p>\n<p>[\/et_pb_text][\/et_pb_column][et_pb_column type=\u00bb1_2&#8243; _builder_version=\u00bb4.27.4&#8243; _module_preset=\u00bbdefault\u00bb global_colors_info=\u00bb{}\u00bb][et_pb_image src=\u00bbhttps:\/\/gradesorra.cat\/wp-content\/uploads\/2024\/01\/UBUNTU-scaled-1.jpg\u00bb title_text=\u00bbUBUNTU-scaled\u00bb _builder_version=\u00bb4.24.0&#8243; _module_preset=\u00bbdefault\u00bb animation_style=\u00bbslide\u00bb animation_direction=\u00bbleft\u00bb global_colors_info=\u00bb{}\u00bb][\/et_pb_image][et_pb_text admin_label=\u00bbText\u00bb _builder_version=\u00bb4.27.4&#8243; background_size=\u00bbinitial\u00bb background_position=\u00bbtop_left\u00bb background_repeat=\u00bbrepeat\u00bb inline_fonts=\u00bbAkronim,Abel,Abril Fatface\u00bb global_colors_info=\u00bb{}\u00bb]<\/p>\n<p><span style=\"color: #333333;\"><em>Benvinguts a Ubuntu: Un viatge per la diversitat a trav\u00e9s dels contes.<\/em><\/span><\/p>\n<p>[\/et_pb_text][et_pb_button button_url=\u00bb\/tallers\/ubuntu-material\/\u00bb button_text=\u00bbCodi d&#8217;acc\u00e9s\u00bb button_alignment=\u00bbcenter\u00bb _builder_version=\u00bb4.27.4&#8243; _module_preset=\u00bbdefault\u00bb custom_button=\u00bbon\u00bb button_text_size=\u00bb16px\u00bb button_bg_color=\u00bb#FD3817&#8243; button_border_width=\u00bb0px\u00bb button_icon=\u00bb&#x6d;||divi||400&#8243; button_icon_color=\u00bb#FFFFFF\u00bb button_icon_placement=\u00bbleft\u00bb background_layout=\u00bbdark\u00bb global_colors_info=\u00bb{}\u00bb][\/et_pb_button][et_pb_text admin_label=\u00bbText\u00bb _builder_version=\u00bb4.27.4&#8243; background_size=\u00bbinitial\u00bb background_position=\u00bbtop_left\u00bb background_repeat=\u00bbrepeat\u00bb hover_enabled=\u00bb0&#8243; inline_fonts=\u00bbAkronim,Abel,Abril Fatface\u00bb global_colors_info=\u00bb{}\u00bb sticky_enabled=\u00bb0&#8243;]<\/p>\n<h3>Fitxa<\/h3>\n<ul>\n<li><strong>Etapa:<\/strong> Educaci\u00f3 Prim\u00e0ria (Cicle Inicial, Mitj\u00e0 i Superior).<\/li>\n<li><strong>Formats:<\/strong><br \/><span style=\"color: #ff0000;\"><strong>sessi\u00f3 de contes<\/strong>,<\/span><span> <\/span><span style=\"color: #ff0000;\"><strong>sessi\u00f3 de contes + taller<\/strong><\/span><br \/><span style=\"color: #ff0000;\">o <strong>projecte de centre<\/strong> (diverses sessions i treball a l\u2019aula).<\/span><\/li>\n<li><strong>On:<\/strong> escoles, biblioteques i espais culturals.<\/li>\n<\/ul>\n<p>[\/et_pb_text][\/et_pb_column][\/et_pb_row][\/et_pb_section]<\/p>\n","protected":false},"excerpt":{"rendered":"<p>Ubuntu: contes i tallers del m\u00f3n Ubuntu \u00e9s un projecte de narraci\u00f3 i creaci\u00f3 pensat per treballar la conviv\u00e8ncia a l\u2019escola. En una societat diversa i canviant, proposem una manera l\u00fadica, significativa i vivencial de refor\u00e7ar la comprensi\u00f3, el respecte i l\u2019empatia a partir d\u2019hist\u00f2ries d\u2019arreu del m\u00f3n. &nbsp; Per qu\u00e8 contes del m\u00f3n? Explicar [&hellip;]<\/p>\n","protected":false},"author":1,"featured_media":6541,"parent":6216,"menu_order":0,"comment_status":"closed","ping_status":"closed","template":"","meta":{"_et_pb_use_builder":"on","_et_pb_old_content":"[vc_row][vc_column width=\"2\/3\"][vc_custom_heading source=\"post_title\" use_theme_fonts=\"yes\"][separator width=\"20px\" height=\"3px\" position=\"center\" color=\"#222222\" margin_top=\"20px\" margin_bottom=\"20px\"][vc_column_text]El projecte d\u2019<strong>UBUNTU: Viatges i contes d\u2019arreu <\/strong>viatja a les escoles\/esplais o al vostre poble per apropar-nos els contes i la cultura d'arreu del m\u00f3n.\n\n\"L\u2019Educaci\u00f3 intercultural \u00e9s una resposta pedag\u00f2gica a l'exig\u00e8ncia de preparar a la ciutadania perqu\u00e8 pugui desenvolupar-se en una societat plural i democr\u00e0tica. T\u00e9 com a finalitat \u00faltima la igualtat en drets, deures i oportunitats de totes les persones i el dret a la difer\u00e8ncia en un marc de valors convivencials compartits, tot promovent espais de relaci\u00f3 i inclusi\u00f3. Aix\u00ed mateix, promou l\u2019\u00fas de la llegua catalana en un marc pluriling\u00fce com un element de cohesi\u00f3 i igualtat d\u2019oportunitats.\" Xtec\n\n&nbsp;\n\n<img class=\"alignnone size-medium wp-image-3301\" src=\"http:\/\/gradesorra.cat\/wp-content\/uploads\/2018\/02\/gra-taronja.png\" alt=\"\" width=\"22\" height=\"23\" \/>\u00a0 Tria l'opci\u00f3 que + t'agradi\n<ul>\n \t<li><strong>Com viatgem les persones i els contes pel m\u00f3n?<\/strong><\/li>\n \t<li><strong>Quin gust tenen els contes del m\u00f3n?\u00a0<\/strong><\/li>\n \t<li><strong>El taller Ubuntu\u00a0<\/strong><\/li>\n \t<li><strong>+ Enll\u00e0 d'Ubuntu\u00a0<\/strong><\/li>\n<\/ul>\n&nbsp;\n\n<img class=\"alignnone size-full wp-image-3299\" src=\"http:\/\/gradesorra.cat\/wp-content\/uploads\/2018\/02\/gra-gris-fort.png\" alt=\"\" width=\"24\" height=\"24\" \/>\u00a0 <strong>Durada:\u00a0<\/strong>1 hora\/Sessi\u00f3\n\n&nbsp;\n\n<img class=\"alignnone size-full wp-image-3300\" src=\"http:\/\/gradesorra.cat\/wp-content\/uploads\/2018\/02\/gra-gris.png\" alt=\"\" width=\"23\" height=\"23\" \/> A partir de 6 anys (Adaptable a infantil, amb previ av\u00eds)[\/vc_column_text][vc_btn title=\"+ Informaci\u00f3\" shape=\"round\" size=\"xs\" link=\"url:%23formulari|||\"][vc_empty_space height=\"60px\"][\/vc_column][vc_column width=\"1\/3\"][vc_single_image image=\"3811\" img_size=\"large\"][\/vc_column][\/vc_row]","_et_gb_content_width":"","footnotes":""},"categories":[],"tags":[20],"class_list":["post-6195","page","type-page","status-publish","has-post-thumbnail","hentry","tag-show-tallers-es"],"yoast_head":"<!-- This site is optimized with the Yoast SEO plugin v24.8.1 - https:\/\/yoast.com\/wordpress\/plugins\/seo\/ -->\n<title>Ubuntu: Taller de viatges i Contes d&#039;arreu - Gra de Sorra<\/title>\n<meta name=\"robots\" content=\"index, follow, max-snippet:-1, max-image-preview:large, max-video-preview:-1\" \/>\n<link rel=\"canonical\" href=\"https:\/\/gradesorra.cat\/es\/tallers\/ubuntu-taller-de-viatges-i-contes-darreu\/\" \/>\n<meta property=\"og:locale\" content=\"es_ES\" \/>\n<meta property=\"og:type\" content=\"article\" \/>\n<meta property=\"og:title\" content=\"Ubuntu: Taller de viatges i Contes d&#039;arreu - Gra de Sorra\" \/>\n<meta property=\"og:description\" content=\"Ubuntu: contes i tallers del m\u00f3n Ubuntu \u00e9s un projecte de narraci\u00f3 i creaci\u00f3 pensat per treballar la conviv\u00e8ncia a l\u2019escola. En una societat diversa i canviant, proposem una manera l\u00fadica, significativa i vivencial de refor\u00e7ar la comprensi\u00f3, el respecte i l\u2019empatia a partir d\u2019hist\u00f2ries d\u2019arreu del m\u00f3n. &nbsp; Per qu\u00e8 contes del m\u00f3n? Explicar [&hellip;]\" \/>\n<meta property=\"og:url\" content=\"https:\/\/gradesorra.cat\/es\/tallers\/ubuntu-taller-de-viatges-i-contes-darreu\/\" \/>\n<meta property=\"og:site_name\" content=\"Gra de Sorra\" \/>\n<meta property=\"article:modified_time\" content=\"2026-02-04T19:02:37+00:00\" \/>\n<meta property=\"og:image\" content=\"https:\/\/gradesorra.cat\/wp-content\/uploads\/2024\/08\/DALL\u00b7E-2024-08-27-17.40.10-A-detailed-and-realistic-image-of-a-globe-being-held-up-by-multiple-people-from-various-cultural-backgrounds.-The-people-are-standing-together-each-c-e1724773574473.webp\" \/>\n\t<meta property=\"og:image:width\" content=\"1024\" \/>\n\t<meta property=\"og:image:height\" content=\"1024\" \/>\n\t<meta property=\"og:image:type\" content=\"image\/webp\" \/>\n<meta name=\"twitter:card\" content=\"summary_large_image\" \/>\n<meta name=\"twitter:label1\" content=\"Tiempo de lectura\" \/>\n\t<meta name=\"twitter:data1\" content=\"3 minutos\" \/>\n<script type=\"application\/ld+json\" class=\"yoast-schema-graph\">{\"@context\":\"https:\/\/schema.org\",\"@graph\":[{\"@type\":\"WebPage\",\"@id\":\"https:\/\/gradesorra.cat\/es\/tallers\/ubuntu-taller-de-viatges-i-contes-darreu\/\",\"url\":\"https:\/\/gradesorra.cat\/es\/tallers\/ubuntu-taller-de-viatges-i-contes-darreu\/\",\"name\":\"Ubuntu: Taller de viatges i Contes d'arreu - Gra de Sorra\",\"isPartOf\":{\"@id\":\"https:\/\/gradesorra.cat\/#website\"},\"primaryImageOfPage\":{\"@id\":\"https:\/\/gradesorra.cat\/es\/tallers\/ubuntu-taller-de-viatges-i-contes-darreu\/#primaryimage\"},\"image\":{\"@id\":\"https:\/\/gradesorra.cat\/es\/tallers\/ubuntu-taller-de-viatges-i-contes-darreu\/#primaryimage\"},\"thumbnailUrl\":\"https:\/\/gradesorra.cat\/wp-content\/uploads\/2024\/08\/DALL\u00b7E-2024-08-27-17.40.10-A-detailed-and-realistic-image-of-a-globe-being-held-up-by-multiple-people-from-various-cultural-backgrounds.-The-people-are-standing-together-each-c-e1724773574473.webp\",\"datePublished\":\"2024-02-08T09:39:39+00:00\",\"dateModified\":\"2026-02-04T19:02:37+00:00\",\"breadcrumb\":{\"@id\":\"https:\/\/gradesorra.cat\/es\/tallers\/ubuntu-taller-de-viatges-i-contes-darreu\/#breadcrumb\"},\"inLanguage\":\"es\",\"potentialAction\":[{\"@type\":\"ReadAction\",\"target\":[\"https:\/\/gradesorra.cat\/es\/tallers\/ubuntu-taller-de-viatges-i-contes-darreu\/\"]}]},{\"@type\":\"ImageObject\",\"inLanguage\":\"es\",\"@id\":\"https:\/\/gradesorra.cat\/es\/tallers\/ubuntu-taller-de-viatges-i-contes-darreu\/#primaryimage\",\"url\":\"https:\/\/gradesorra.cat\/wp-content\/uploads\/2024\/08\/DALL\u00b7E-2024-08-27-17.40.10-A-detailed-and-realistic-image-of-a-globe-being-held-up-by-multiple-people-from-various-cultural-backgrounds.-The-people-are-standing-together-each-c-e1724773574473.webp\",\"contentUrl\":\"https:\/\/gradesorra.cat\/wp-content\/uploads\/2024\/08\/DALL\u00b7E-2024-08-27-17.40.10-A-detailed-and-realistic-image-of-a-globe-being-held-up-by-multiple-people-from-various-cultural-backgrounds.-The-people-are-standing-together-each-c-e1724773574473.webp\",\"width\":1024,\"height\":1024},{\"@type\":\"BreadcrumbList\",\"@id\":\"https:\/\/gradesorra.cat\/es\/tallers\/ubuntu-taller-de-viatges-i-contes-darreu\/#breadcrumb\",\"itemListElement\":[{\"@type\":\"ListItem\",\"position\":1,\"name\":\"Inici\",\"item\":\"https:\/\/gradesorra.cat\/\"},{\"@type\":\"ListItem\",\"position\":2,\"name\":\"Talleres\",\"item\":\"https:\/\/gradesorra.cat\/es\/tallers\/\"},{\"@type\":\"ListItem\",\"position\":3,\"name\":\"Ubuntu: Taller de viatges i Contes d&#8217;arreu\"}]},{\"@type\":\"WebSite\",\"@id\":\"https:\/\/gradesorra.cat\/#website\",\"url\":\"https:\/\/gradesorra.cat\/\",\"name\":\"\\\"Gra de Sorra - Contacontes, narraci\u00f3 oral i tallers creatius (Catalunya)\",\"description\":\"Contes, tallers i projectes creatius per a infants, joves i adults.\",\"publisher\":{\"@id\":\"https:\/\/gradesorra.cat\/#organization\"},\"alternateName\":\"Contes infantils, famioliars i adults en catal\u00e0\",\"potentialAction\":[{\"@type\":\"SearchAction\",\"target\":{\"@type\":\"EntryPoint\",\"urlTemplate\":\"https:\/\/gradesorra.cat\/?s={search_term_string}\"},\"query-input\":{\"@type\":\"PropertyValueSpecification\",\"valueRequired\":true,\"valueName\":\"search_term_string\"}}],\"inLanguage\":\"es\"},{\"@type\":\"Organization\",\"@id\":\"https:\/\/gradesorra.cat\/#organization\",\"name\":\"\\\"Gra de Sorra - Contacontes, narraci\u00f3 orali tallers creatius (Catalunya)\",\"url\":\"https:\/\/gradesorra.cat\/\",\"logo\":{\"@type\":\"ImageObject\",\"inLanguage\":\"es\",\"@id\":\"https:\/\/gradesorra.cat\/#\/schema\/logo\/image\/\",\"url\":\"https:\/\/gradesorra.cat\/wp-content\/uploads\/2024\/02\/logo-gra-de-sorra.png\",\"contentUrl\":\"https:\/\/gradesorra.cat\/wp-content\/uploads\/2024\/02\/logo-gra-de-sorra.png\",\"width\":1685,\"height\":1191,\"caption\":\"\\\"Gra de Sorra - Contacontes, narraci\u00f3 orali tallers creatius (Catalunya)\"},\"image\":{\"@id\":\"https:\/\/gradesorra.cat\/#\/schema\/logo\/image\/\"}}]}<\/script>\n<!-- \/ Yoast SEO plugin. -->","yoast_head_json":{"title":"Ubuntu: Taller de viatges i Contes d'arreu - Gra de Sorra","robots":{"index":"index","follow":"follow","max-snippet":"max-snippet:-1","max-image-preview":"max-image-preview:large","max-video-preview":"max-video-preview:-1"},"canonical":"https:\/\/gradesorra.cat\/es\/tallers\/ubuntu-taller-de-viatges-i-contes-darreu\/","og_locale":"es_ES","og_type":"article","og_title":"Ubuntu: Taller de viatges i Contes d'arreu - Gra de Sorra","og_description":"Ubuntu: contes i tallers del m\u00f3n Ubuntu \u00e9s un projecte de narraci\u00f3 i creaci\u00f3 pensat per treballar la conviv\u00e8ncia a l\u2019escola. En una societat diversa i canviant, proposem una manera l\u00fadica, significativa i vivencial de refor\u00e7ar la comprensi\u00f3, el respecte i l\u2019empatia a partir d\u2019hist\u00f2ries d\u2019arreu del m\u00f3n. &nbsp; Per qu\u00e8 contes del m\u00f3n? Explicar [&hellip;]","og_url":"https:\/\/gradesorra.cat\/es\/tallers\/ubuntu-taller-de-viatges-i-contes-darreu\/","og_site_name":"Gra de Sorra","article_modified_time":"2026-02-04T19:02:37+00:00","og_image":[{"width":1024,"height":1024,"url":"https:\/\/gradesorra.cat\/wp-content\/uploads\/2024\/08\/DALL\u00b7E-2024-08-27-17.40.10-A-detailed-and-realistic-image-of-a-globe-being-held-up-by-multiple-people-from-various-cultural-backgrounds.-The-people-are-standing-together-each-c-e1724773574473.webp","type":"image\/webp"}],"twitter_card":"summary_large_image","twitter_misc":{"Tiempo de lectura":"3 minutos"},"schema":{"@context":"https:\/\/schema.org","@graph":[{"@type":"WebPage","@id":"https:\/\/gradesorra.cat\/es\/tallers\/ubuntu-taller-de-viatges-i-contes-darreu\/","url":"https:\/\/gradesorra.cat\/es\/tallers\/ubuntu-taller-de-viatges-i-contes-darreu\/","name":"Ubuntu: Taller de viatges i Contes d'arreu - Gra de Sorra","isPartOf":{"@id":"https:\/\/gradesorra.cat\/#website"},"primaryImageOfPage":{"@id":"https:\/\/gradesorra.cat\/es\/tallers\/ubuntu-taller-de-viatges-i-contes-darreu\/#primaryimage"},"image":{"@id":"https:\/\/gradesorra.cat\/es\/tallers\/ubuntu-taller-de-viatges-i-contes-darreu\/#primaryimage"},"thumbnailUrl":"https:\/\/gradesorra.cat\/wp-content\/uploads\/2024\/08\/DALL\u00b7E-2024-08-27-17.40.10-A-detailed-and-realistic-image-of-a-globe-being-held-up-by-multiple-people-from-various-cultural-backgrounds.-The-people-are-standing-together-each-c-e1724773574473.webp","datePublished":"2024-02-08T09:39:39+00:00","dateModified":"2026-02-04T19:02:37+00:00","breadcrumb":{"@id":"https:\/\/gradesorra.cat\/es\/tallers\/ubuntu-taller-de-viatges-i-contes-darreu\/#breadcrumb"},"inLanguage":"es","potentialAction":[{"@type":"ReadAction","target":["https:\/\/gradesorra.cat\/es\/tallers\/ubuntu-taller-de-viatges-i-contes-darreu\/"]}]},{"@type":"ImageObject","inLanguage":"es","@id":"https:\/\/gradesorra.cat\/es\/tallers\/ubuntu-taller-de-viatges-i-contes-darreu\/#primaryimage","url":"https:\/\/gradesorra.cat\/wp-content\/uploads\/2024\/08\/DALL\u00b7E-2024-08-27-17.40.10-A-detailed-and-realistic-image-of-a-globe-being-held-up-by-multiple-people-from-various-cultural-backgrounds.-The-people-are-standing-together-each-c-e1724773574473.webp","contentUrl":"https:\/\/gradesorra.cat\/wp-content\/uploads\/2024\/08\/DALL\u00b7E-2024-08-27-17.40.10-A-detailed-and-realistic-image-of-a-globe-being-held-up-by-multiple-people-from-various-cultural-backgrounds.-The-people-are-standing-together-each-c-e1724773574473.webp","width":1024,"height":1024},{"@type":"BreadcrumbList","@id":"https:\/\/gradesorra.cat\/es\/tallers\/ubuntu-taller-de-viatges-i-contes-darreu\/#breadcrumb","itemListElement":[{"@type":"ListItem","position":1,"name":"Inici","item":"https:\/\/gradesorra.cat\/"},{"@type":"ListItem","position":2,"name":"Talleres","item":"https:\/\/gradesorra.cat\/es\/tallers\/"},{"@type":"ListItem","position":3,"name":"Ubuntu: Taller de viatges i Contes d&#8217;arreu"}]},{"@type":"WebSite","@id":"https:\/\/gradesorra.cat\/#website","url":"https:\/\/gradesorra.cat\/","name":"\"Gra de Sorra - Contacontes, narraci\u00f3 oral i tallers creatius (Catalunya)","description":"Contes, tallers i projectes creatius per a infants, joves i adults.","publisher":{"@id":"https:\/\/gradesorra.cat\/#organization"},"alternateName":"Contes infantils, famioliars i adults en catal\u00e0","potentialAction":[{"@type":"SearchAction","target":{"@type":"EntryPoint","urlTemplate":"https:\/\/gradesorra.cat\/?s={search_term_string}"},"query-input":{"@type":"PropertyValueSpecification","valueRequired":true,"valueName":"search_term_string"}}],"inLanguage":"es"},{"@type":"Organization","@id":"https:\/\/gradesorra.cat\/#organization","name":"\"Gra de Sorra - Contacontes, narraci\u00f3 orali tallers creatius (Catalunya)","url":"https:\/\/gradesorra.cat\/","logo":{"@type":"ImageObject","inLanguage":"es","@id":"https:\/\/gradesorra.cat\/#\/schema\/logo\/image\/","url":"https:\/\/gradesorra.cat\/wp-content\/uploads\/2024\/02\/logo-gra-de-sorra.png","contentUrl":"https:\/\/gradesorra.cat\/wp-content\/uploads\/2024\/02\/logo-gra-de-sorra.png","width":1685,"height":1191,"caption":"\"Gra de Sorra - Contacontes, narraci\u00f3 orali tallers creatius (Catalunya)"},"image":{"@id":"https:\/\/gradesorra.cat\/#\/schema\/logo\/image\/"}}]}},"_links":{"self":[{"href":"https:\/\/gradesorra.cat\/es\/wp-json\/wp\/v2\/pages\/6195","targetHints":{"allow":["GET"]}}],"collection":[{"href":"https:\/\/gradesorra.cat\/es\/wp-json\/wp\/v2\/pages"}],"about":[{"href":"https:\/\/gradesorra.cat\/es\/wp-json\/wp\/v2\/types\/page"}],"author":[{"embeddable":true,"href":"https:\/\/gradesorra.cat\/es\/wp-json\/wp\/v2\/users\/1"}],"replies":[{"embeddable":true,"href":"https:\/\/gradesorra.cat\/es\/wp-json\/wp\/v2\/comments?post=6195"}],"version-history":[{"count":33,"href":"https:\/\/gradesorra.cat\/es\/wp-json\/wp\/v2\/pages\/6195\/revisions"}],"predecessor-version":[{"id":8287,"href":"https:\/\/gradesorra.cat\/es\/wp-json\/wp\/v2\/pages\/6195\/revisions\/8287"}],"up":[{"embeddable":true,"href":"https:\/\/gradesorra.cat\/es\/wp-json\/wp\/v2\/pages\/6216"}],"wp:featuredmedia":[{"embeddable":true,"href":"https:\/\/gradesorra.cat\/es\/wp-json\/wp\/v2\/media\/6541"}],"wp:attachment":[{"href":"https:\/\/gradesorra.cat\/es\/wp-json\/wp\/v2\/media?parent=6195"}],"wp:term":[{"taxonomy":"category","embeddable":true,"href":"https:\/\/gradesorra.cat\/es\/wp-json\/wp\/v2\/categories?post=6195"},{"taxonomy":"post_tag","embeddable":true,"href":"https:\/\/gradesorra.cat\/es\/wp-json\/wp\/v2\/tags?post=6195"}],"curies":[{"name":"wp","href":"https:\/\/api.w.org\/{rel}","templated":true}]}}