

{"id":6200,"date":"2023-10-05T12:47:45","date_gmt":"2023-10-05T10:47:45","guid":{"rendered":"https:\/\/gradesorra.cat\/auuuu-contes-de-llops\/"},"modified":"2023-10-05T12:47:45","modified_gmt":"2023-10-05T10:47:45","slug":"auuuu-contes-de-llops","status":"publish","type":"page","link":"https:\/\/gradesorra.cat\/es\/contes-infantils-familiars\/auuuu-contes-de-llops\/","title":{"rendered":"Auuuu! (Contes de llops)"},"content":{"rendered":"<p>[et_pb_section fb_built=\u00bb1&#8243; admin_label=\u00bbsection\u00bb _builder_version=\u00bb4.16&#8243; global_colors_info=\u00bb{}\u00bb][et_pb_row column_structure=\u00bb2_5,3_5&#8243; admin_label=\u00bbrow\u00bb _builder_version=\u00bb4.16&#8243; background_size=\u00bbinitial\u00bb background_position=\u00bbtop_left\u00bb background_repeat=\u00bbrepeat\u00bb global_colors_info=\u00bb{}\u00bb][et_pb_column type=\u00bb2_5&#8243; _builder_version=\u00bb4.16&#8243; custom_padding=\u00bb|||\u00bb global_colors_info=\u00bb{}\u00bb custom_padding__hover=\u00bb|||\u00bb][et_pb_image src=\u00bbhttps:\/\/gradesorra.cat\/wp-content\/uploads\/2024\/01\/Tardor0.jpg\u00bb title_text=\u00bbTardor0&#8243; _builder_version=\u00bb4.24.0&#8243; _module_preset=\u00bbdefault\u00bb global_colors_info=\u00bb{}\u00bb][\/et_pb_image][\/et_pb_column][et_pb_column type=\u00bb3_5&#8243; _builder_version=\u00bb4.16&#8243; custom_padding=\u00bb|||\u00bb global_colors_info=\u00bb{}\u00bb custom_padding__hover=\u00bb|||\u00bb][et_pb_text admin_label=\u00bbText\u00bb _builder_version=\u00bb4.24.0&#8243; background_size=\u00bbinitial\u00bb background_position=\u00bbtop_left\u00bb background_repeat=\u00bbrepeat\u00bb hover_enabled=\u00bb0&#8243; global_colors_info=\u00bb{}\u00bb sticky_enabled=\u00bb0&#8243;]<\/p>\n<h1>Auuuu! (Contes de llops)<\/h1>\n<p>Auuuuuu \u00e9s una sessi\u00f3 de contes dedicada als llops. Als llops dels contes, que en s\u00f3n molts i molt variats: bons, malhumorats, amb gana, t\u00edmids, arrogants, de pa sucat amb oli&#8230; N\u2019hi ha tants, que es mereixen una sessi\u00f3 de contes pr\u00f2pia!<\/p>\n<p>Us heu preguntat qu\u00e8 passaria si els llops deixessin de viure als contes? Ho heu endevinat?<\/p>\n<p>Doncs, que sense llops no es podrien explicar moltes de les hist\u00f2ries m\u00e9s conegudes que coneixem.<\/p>\n<p><span lang=\"CA\">Per comen\u00e7ar a preparar-vos per a aquesta sessi\u00f3 de contes, em sabr\u00edeu dir quants contes coneixeu en qu\u00e8 apareixen els llops?<\/span><\/p>\n<p>Auuuuuu. Fins aviat!<\/p>\n<p>&nbsp;<\/p>\n<p><img loading=\"lazy\" decoding=\"async\" class=\"alignnone size-medium wp-image-3301\" src=\"http:\/\/gradesorra.cat\/wp-content\/uploads\/2018\/02\/gra-taronja.png\" alt=\"\" width=\"22\" height=\"23\" \/>\u00a0Durada: 45 minuts<\/p>\n<p><img loading=\"lazy\" decoding=\"async\" class=\"alignnone size-full wp-image-3299\" src=\"http:\/\/gradesorra.cat\/wp-content\/uploads\/2018\/02\/gra-gris-fort.png\" alt=\"\" width=\"24\" height=\"24\" \/> Tema: Animals &#8211; Valors &#8211; Emocions<\/p>\n<p><img loading=\"lazy\" decoding=\"async\" class=\"alignnone size-full wp-image-3300\" src=\"http:\/\/gradesorra.cat\/wp-content\/uploads\/2018\/02\/gra-gris.png\" alt=\"\" width=\"23\" height=\"23\" \/> A partir de 4 anys<\/p>\n<p>[\/et_pb_text][\/et_pb_column][\/et_pb_row][\/et_pb_section]<\/p>\n","protected":false},"excerpt":{"rendered":"<p>Auuuu! (Contes de llops) Auuuuuu \u00e9s una sessi\u00f3 de contes dedicada als llops. Als llops dels contes, que en s\u00f3n molts i molt variats: bons, malhumorats, amb gana, t\u00edmids, arrogants, de pa sucat amb oli&#8230; N\u2019hi ha tants, que es mereixen una sessi\u00f3 de contes pr\u00f2pia! Us heu preguntat qu\u00e8 passaria si els llops deixessin [&hellip;]<\/p>\n","protected":false},"author":2,"featured_media":5728,"parent":6210,"menu_order":0,"comment_status":"closed","ping_status":"closed","template":"","meta":{"_et_pb_use_builder":"on","_et_pb_old_content":"[vc_row][vc_column width=\"2\/3\"][vc_custom_heading text=\"\" use_theme_fonts=\"yes\"][separator width=\"20px\" height=\"3px\" position=\"center\" color=\"#222222\" margin_top=\"20px\" margin_bottom=\"20px\"][vc_column_text]<span lang=\"CA\"><em>Auuuuuu \u00e9s una sessi\u00f3 de contes dedicada als llops. Als llops dels contes, que en s\u00f3n molts i molt variats: bons, malhumorats, amb gana, t\u00edmids, arrogants, de pa sucat amb oli... N\u2019hi ha tants, que es mereixen una sessi\u00f3 de contes pr\u00f2pia! <\/em><\/span>\n\n<span lang=\"CA\"><em>Us heu preguntat qu\u00e8 passaria si els llops deixessin de viure als contes? Ho heu endevinat? <\/em><\/span>\n\n<span lang=\"CA\"><em>Doncs, que sense llops no es podrien explicar moltes de les hist\u00f2ries m\u00e9s conegudes que coneixem. <\/em><\/span>\n\n<span lang=\"CA\"><em>Per comen\u00e7ar a preparar-vos per a aquesta sessi\u00f3 de contes, em sabr\u00edeu dir quants contes coneixeu en qu\u00e8 apareixen els llops?<\/em><\/span>\n\n<span lang=\"CA\"><em> Auuuuuu. Fins aviat!<\/em><\/span>\n\n&nbsp;\n\n<img class=\"alignnone size-medium wp-image-3301\" src=\"http:\/\/gradesorra.cat\/wp-content\/uploads\/2018\/02\/gra-taronja.png\" alt=\"\" width=\"22\" height=\"23\" \/>\u00a0Durada: 45 minuts\n\n<img class=\"alignnone size-full wp-image-3299\" src=\"http:\/\/gradesorra.cat\/wp-content\/uploads\/2018\/02\/gra-gris-fort.png\" alt=\"\" width=\"24\" height=\"24\" \/> Tema: Animals - Valors - Emocions\n\n<img class=\"alignnone size-full wp-image-3300\" src=\"http:\/\/gradesorra.cat\/wp-content\/uploads\/2018\/02\/gra-gris.png\" alt=\"\" width=\"23\" height=\"23\" \/> A partir de 4 anys.[\/vc_column_text][vc_btn title=\"+ informaci\u00f3\" shape=\"round\" size=\"xs\" link=\"url:%23formulari|||\"][\/vc_column][vc_column width=\"1\/3\" disable_element=\"\" type=\"in_container\" bg_image=\"\" bg_position=\"left top\" bg_repeat=\"no-repeat\" parallax_bg=\"\" bg_color=\"\" overlay=\"\" overlay_color=\"\" video_webm=\"\" video_mp4=\"\" text_color=\"dark\" custom_text_color=\"\" top_padding=\"\" bottom_padding=\"\" transparency=\"\" borders=\"\" arrow_bottom=\"\" arrow_top=\"\" link_bool=\"\" link_value=\"#\" class=\"propostes-similars\"][vc_single_image image=\"5394\" img_size=\"large\" css=\".vc_custom_1696504296850{border-top-width: 1px !important;border-right-width: 1px !important;border-bottom-width: 1px !important;border-left-width: 1px !important;border-left-color: #cccccc !important;border-right-color: #cccccc !important;border-top-color: #cccccc !important;border-bottom-color: #cccccc !important;}\"][\/vc_column][\/vc_row][vc_row class=\"propostes-similars\"][vc_column][vc_custom_heading text=\"Propostes similars\" use_theme_fonts=\"yes\"][separator width=\"20px\" height=\"3px\" position=\"center\" color=\"#222222\" margin_top=\"20px\" margin_bottom=\"20px\"][\/vc_column][\/vc_row][vc_row][vc_column width=\"1\/4\"][vc_single_image image=\"3291\" img_size=\"large\" onclick=\"custom_link\" css=\".vc_custom_1519223151709{border-top-width: 1px !important;border-right-width: 1px !important;border-bottom-width: 1px !important;border-left-width: 1px !important;border-left-color: #cccccc !important;border-left-style: solid !important;border-right-color: #cccccc !important;border-right-style: solid !important;border-top-color: #cccccc !important;border-top-style: solid !important;border-bottom-color: #cccccc !important;border-bottom-style: solid !important;}\" link=\"\/infantil\/amb-la-a-destimar\/\"][\/vc_column][vc_column width=\"1\/4\"][vc_single_image image=\"3290\" img_size=\"large\" onclick=\"custom_link\" css=\".vc_custom_1519223169280{border-top-width: 1px !important;border-right-width: 1px !important;border-bottom-width: 1px !important;border-left-width: 1px !important;border-left-color: #cccccc !important;border-left-style: solid !important;border-right-color: #cccccc !important;border-right-style: solid !important;border-top-color: #cccccc !important;border-top-style: solid !important;border-bottom-color: #cccccc !important;border-bottom-style: solid !important;}\" link=\"\/infantil\/rondant-pel-mon-contes-darreu\/\"][\/vc_column][vc_column width=\"1\/4\"][vc_single_image image=\"3285\" img_size=\"large\" onclick=\"custom_link\" css=\".vc_custom_1519223227563{border-top-width: 1px !important;border-right-width: 1px !important;border-bottom-width: 1px !important;border-left-width: 1px !important;border-left-color: #cccccc !important;border-left-style: solid !important;border-right-color: #cccccc !important;border-right-style: solid !important;border-top-color: #cccccc !important;border-top-style: solid !important;border-bottom-color: #cccccc !important;border-bottom-style: solid !important;}\" link=\"\/infantil\/3x3-escull-la-teva-aventura\/\"][\/vc_column][vc_column width=\"1\/4\"][vc_single_image image=\"3283\" img_size=\"large\" onclick=\"custom_link\" css=\".vc_custom_1519223249167{border-top-width: 1px !important;border-right-width: 1px !important;border-bottom-width: 1px !important;border-left-width: 1px !important;border-left-color: #cccccc !important;border-left-style: solid !important;border-right-color: #cccccc !important;border-right-style: solid !important;border-top-color: #cccccc !important;border-top-style: solid !important;border-bottom-color: #cccccc !important;border-bottom-style: solid !important;}\" link=\"\/infantil\/aventures-daigua-dolca-i-salada\/\"][\/vc_column][\/vc_row]","_et_gb_content_width":"","footnotes":""},"categories":[],"tags":[21,22],"class_list":["post-6200","page","type-page","status-publish","has-post-thumbnail","hentry","tag-show-destacats-es","tag-show-infantils-es"],"yoast_head":"<!-- This site is optimized with the Yoast SEO plugin v24.8.1 - https:\/\/yoast.com\/wordpress\/plugins\/seo\/ -->\n<title>Auuuu! (Contes de llops) - Gra de Sorra<\/title>\n<meta name=\"robots\" content=\"index, follow, max-snippet:-1, max-image-preview:large, max-video-preview:-1\" \/>\n<link rel=\"canonical\" href=\"https:\/\/gradesorra.cat\/es\/contes-infantils-familiars\/auuuu-contes-de-llops\/\" \/>\n<meta property=\"og:locale\" content=\"es_ES\" \/>\n<meta property=\"og:type\" content=\"article\" \/>\n<meta property=\"og:title\" content=\"Auuuu! (Contes de llops) - Gra de Sorra\" \/>\n<meta property=\"og:description\" content=\"Auuuu! (Contes de llops) Auuuuuu \u00e9s una sessi\u00f3 de contes dedicada als llops. Als llops dels contes, que en s\u00f3n molts i molt variats: bons, malhumorats, amb gana, t\u00edmids, arrogants, de pa sucat amb oli... N\u2019hi ha tants, que es mereixen una sessi\u00f3 de contes pr\u00f2pia! Us heu preguntat qu\u00e8 passaria si els llops deixessin [&hellip;]\" \/>\n<meta property=\"og:url\" content=\"https:\/\/gradesorra.cat\/es\/contes-infantils-familiars\/auuuu-contes-de-llops\/\" \/>\n<meta property=\"og:site_name\" content=\"Gra de Sorra\" \/>\n<meta property=\"og:image\" content=\"https:\/\/gradesorra.cat\/wp-content\/uploads\/2024\/01\/llop.jpg\" \/>\n\t<meta property=\"og:image:width\" content=\"275\" \/>\n\t<meta property=\"og:image:height\" content=\"183\" \/>\n\t<meta property=\"og:image:type\" content=\"image\/jpeg\" \/>\n<meta name=\"twitter:card\" content=\"summary_large_image\" \/>\n<meta name=\"twitter:label1\" content=\"Tiempo de lectura\" \/>\n\t<meta name=\"twitter:data1\" content=\"1 minuto\" \/>\n<script type=\"application\/ld+json\" class=\"yoast-schema-graph\">{\"@context\":\"https:\/\/schema.org\",\"@graph\":[{\"@type\":\"WebPage\",\"@id\":\"https:\/\/gradesorra.cat\/es\/contes-infantils-familiars\/auuuu-contes-de-llops\/\",\"url\":\"https:\/\/gradesorra.cat\/es\/contes-infantils-familiars\/auuuu-contes-de-llops\/\",\"name\":\"Auuuu! (Contes de llops) - Gra de Sorra\",\"isPartOf\":{\"@id\":\"https:\/\/gradesorra.cat\/#website\"},\"primaryImageOfPage\":{\"@id\":\"https:\/\/gradesorra.cat\/es\/contes-infantils-familiars\/auuuu-contes-de-llops\/#primaryimage\"},\"image\":{\"@id\":\"https:\/\/gradesorra.cat\/es\/contes-infantils-familiars\/auuuu-contes-de-llops\/#primaryimage\"},\"thumbnailUrl\":\"https:\/\/gradesorra.cat\/wp-content\/uploads\/2024\/01\/llop.jpg\",\"datePublished\":\"2023-10-05T10:47:45+00:00\",\"breadcrumb\":{\"@id\":\"https:\/\/gradesorra.cat\/es\/contes-infantils-familiars\/auuuu-contes-de-llops\/#breadcrumb\"},\"inLanguage\":\"es\",\"potentialAction\":[{\"@type\":\"ReadAction\",\"target\":[\"https:\/\/gradesorra.cat\/es\/contes-infantils-familiars\/auuuu-contes-de-llops\/\"]}]},{\"@type\":\"ImageObject\",\"inLanguage\":\"es\",\"@id\":\"https:\/\/gradesorra.cat\/es\/contes-infantils-familiars\/auuuu-contes-de-llops\/#primaryimage\",\"url\":\"https:\/\/gradesorra.cat\/wp-content\/uploads\/2024\/01\/llop.jpg\",\"contentUrl\":\"https:\/\/gradesorra.cat\/wp-content\/uploads\/2024\/01\/llop.jpg\",\"width\":275,\"height\":183},{\"@type\":\"BreadcrumbList\",\"@id\":\"https:\/\/gradesorra.cat\/es\/contes-infantils-familiars\/auuuu-contes-de-llops\/#breadcrumb\",\"itemListElement\":[{\"@type\":\"ListItem\",\"position\":1,\"name\":\"Inici\",\"item\":\"https:\/\/gradesorra.cat\/\"},{\"@type\":\"ListItem\",\"position\":2,\"name\":\"Infants i fam\u00edlies\",\"item\":\"https:\/\/gradesorra.cat\/es\/contes-infantils-familiars\/\"},{\"@type\":\"ListItem\",\"position\":3,\"name\":\"Auuuu! (Contes de llops)\"}]},{\"@type\":\"WebSite\",\"@id\":\"https:\/\/gradesorra.cat\/#website\",\"url\":\"https:\/\/gradesorra.cat\/\",\"name\":\"\\\"Gra de Sorra - Contacontes, narraci\u00f3 oral i tallers creatius (Catalunya)\",\"description\":\"Contes, tallers i projectes creatius per a infants, joves i adults.\",\"publisher\":{\"@id\":\"https:\/\/gradesorra.cat\/#organization\"},\"alternateName\":\"Contes infantils, famioliars i adults en catal\u00e0\",\"potentialAction\":[{\"@type\":\"SearchAction\",\"target\":{\"@type\":\"EntryPoint\",\"urlTemplate\":\"https:\/\/gradesorra.cat\/?s={search_term_string}\"},\"query-input\":{\"@type\":\"PropertyValueSpecification\",\"valueRequired\":true,\"valueName\":\"search_term_string\"}}],\"inLanguage\":\"es\"},{\"@type\":\"Organization\",\"@id\":\"https:\/\/gradesorra.cat\/#organization\",\"name\":\"\\\"Gra de Sorra - Contacontes, narraci\u00f3 orali tallers creatius (Catalunya)\",\"url\":\"https:\/\/gradesorra.cat\/\",\"logo\":{\"@type\":\"ImageObject\",\"inLanguage\":\"es\",\"@id\":\"https:\/\/gradesorra.cat\/#\/schema\/logo\/image\/\",\"url\":\"https:\/\/gradesorra.cat\/wp-content\/uploads\/2024\/02\/logo-gra-de-sorra.png\",\"contentUrl\":\"https:\/\/gradesorra.cat\/wp-content\/uploads\/2024\/02\/logo-gra-de-sorra.png\",\"width\":1685,\"height\":1191,\"caption\":\"\\\"Gra de Sorra - Contacontes, narraci\u00f3 orali tallers creatius (Catalunya)\"},\"image\":{\"@id\":\"https:\/\/gradesorra.cat\/#\/schema\/logo\/image\/\"}}]}<\/script>\n<!-- \/ Yoast SEO plugin. -->","yoast_head_json":{"title":"Auuuu! (Contes de llops) - Gra de Sorra","robots":{"index":"index","follow":"follow","max-snippet":"max-snippet:-1","max-image-preview":"max-image-preview:large","max-video-preview":"max-video-preview:-1"},"canonical":"https:\/\/gradesorra.cat\/es\/contes-infantils-familiars\/auuuu-contes-de-llops\/","og_locale":"es_ES","og_type":"article","og_title":"Auuuu! (Contes de llops) - Gra de Sorra","og_description":"Auuuu! (Contes de llops) Auuuuuu \u00e9s una sessi\u00f3 de contes dedicada als llops. Als llops dels contes, que en s\u00f3n molts i molt variats: bons, malhumorats, amb gana, t\u00edmids, arrogants, de pa sucat amb oli... N\u2019hi ha tants, que es mereixen una sessi\u00f3 de contes pr\u00f2pia! Us heu preguntat qu\u00e8 passaria si els llops deixessin [&hellip;]","og_url":"https:\/\/gradesorra.cat\/es\/contes-infantils-familiars\/auuuu-contes-de-llops\/","og_site_name":"Gra de Sorra","og_image":[{"width":275,"height":183,"url":"https:\/\/gradesorra.cat\/wp-content\/uploads\/2024\/01\/llop.jpg","type":"image\/jpeg"}],"twitter_card":"summary_large_image","twitter_misc":{"Tiempo de lectura":"1 minuto"},"schema":{"@context":"https:\/\/schema.org","@graph":[{"@type":"WebPage","@id":"https:\/\/gradesorra.cat\/es\/contes-infantils-familiars\/auuuu-contes-de-llops\/","url":"https:\/\/gradesorra.cat\/es\/contes-infantils-familiars\/auuuu-contes-de-llops\/","name":"Auuuu! (Contes de llops) - Gra de Sorra","isPartOf":{"@id":"https:\/\/gradesorra.cat\/#website"},"primaryImageOfPage":{"@id":"https:\/\/gradesorra.cat\/es\/contes-infantils-familiars\/auuuu-contes-de-llops\/#primaryimage"},"image":{"@id":"https:\/\/gradesorra.cat\/es\/contes-infantils-familiars\/auuuu-contes-de-llops\/#primaryimage"},"thumbnailUrl":"https:\/\/gradesorra.cat\/wp-content\/uploads\/2024\/01\/llop.jpg","datePublished":"2023-10-05T10:47:45+00:00","breadcrumb":{"@id":"https:\/\/gradesorra.cat\/es\/contes-infantils-familiars\/auuuu-contes-de-llops\/#breadcrumb"},"inLanguage":"es","potentialAction":[{"@type":"ReadAction","target":["https:\/\/gradesorra.cat\/es\/contes-infantils-familiars\/auuuu-contes-de-llops\/"]}]},{"@type":"ImageObject","inLanguage":"es","@id":"https:\/\/gradesorra.cat\/es\/contes-infantils-familiars\/auuuu-contes-de-llops\/#primaryimage","url":"https:\/\/gradesorra.cat\/wp-content\/uploads\/2024\/01\/llop.jpg","contentUrl":"https:\/\/gradesorra.cat\/wp-content\/uploads\/2024\/01\/llop.jpg","width":275,"height":183},{"@type":"BreadcrumbList","@id":"https:\/\/gradesorra.cat\/es\/contes-infantils-familiars\/auuuu-contes-de-llops\/#breadcrumb","itemListElement":[{"@type":"ListItem","position":1,"name":"Inici","item":"https:\/\/gradesorra.cat\/"},{"@type":"ListItem","position":2,"name":"Infants i fam\u00edlies","item":"https:\/\/gradesorra.cat\/es\/contes-infantils-familiars\/"},{"@type":"ListItem","position":3,"name":"Auuuu! (Contes de llops)"}]},{"@type":"WebSite","@id":"https:\/\/gradesorra.cat\/#website","url":"https:\/\/gradesorra.cat\/","name":"\"Gra de Sorra - Contacontes, narraci\u00f3 oral i tallers creatius (Catalunya)","description":"Contes, tallers i projectes creatius per a infants, joves i adults.","publisher":{"@id":"https:\/\/gradesorra.cat\/#organization"},"alternateName":"Contes infantils, famioliars i adults en catal\u00e0","potentialAction":[{"@type":"SearchAction","target":{"@type":"EntryPoint","urlTemplate":"https:\/\/gradesorra.cat\/?s={search_term_string}"},"query-input":{"@type":"PropertyValueSpecification","valueRequired":true,"valueName":"search_term_string"}}],"inLanguage":"es"},{"@type":"Organization","@id":"https:\/\/gradesorra.cat\/#organization","name":"\"Gra de Sorra - Contacontes, narraci\u00f3 orali tallers creatius (Catalunya)","url":"https:\/\/gradesorra.cat\/","logo":{"@type":"ImageObject","inLanguage":"es","@id":"https:\/\/gradesorra.cat\/#\/schema\/logo\/image\/","url":"https:\/\/gradesorra.cat\/wp-content\/uploads\/2024\/02\/logo-gra-de-sorra.png","contentUrl":"https:\/\/gradesorra.cat\/wp-content\/uploads\/2024\/02\/logo-gra-de-sorra.png","width":1685,"height":1191,"caption":"\"Gra de Sorra - Contacontes, narraci\u00f3 orali tallers creatius (Catalunya)"},"image":{"@id":"https:\/\/gradesorra.cat\/#\/schema\/logo\/image\/"}}]}},"_links":{"self":[{"href":"https:\/\/gradesorra.cat\/es\/wp-json\/wp\/v2\/pages\/6200","targetHints":{"allow":["GET"]}}],"collection":[{"href":"https:\/\/gradesorra.cat\/es\/wp-json\/wp\/v2\/pages"}],"about":[{"href":"https:\/\/gradesorra.cat\/es\/wp-json\/wp\/v2\/types\/page"}],"author":[{"embeddable":true,"href":"https:\/\/gradesorra.cat\/es\/wp-json\/wp\/v2\/users\/2"}],"replies":[{"embeddable":true,"href":"https:\/\/gradesorra.cat\/es\/wp-json\/wp\/v2\/comments?post=6200"}],"version-history":[{"count":0,"href":"https:\/\/gradesorra.cat\/es\/wp-json\/wp\/v2\/pages\/6200\/revisions"}],"up":[{"embeddable":true,"href":"https:\/\/gradesorra.cat\/es\/wp-json\/wp\/v2\/pages\/6210"}],"wp:featuredmedia":[{"embeddable":true,"href":"https:\/\/gradesorra.cat\/es\/wp-json\/wp\/v2\/media\/5728"}],"wp:attachment":[{"href":"https:\/\/gradesorra.cat\/es\/wp-json\/wp\/v2\/media?parent=6200"}],"wp:term":[{"taxonomy":"category","embeddable":true,"href":"https:\/\/gradesorra.cat\/es\/wp-json\/wp\/v2\/categories?post=6200"},{"taxonomy":"post_tag","embeddable":true,"href":"https:\/\/gradesorra.cat\/es\/wp-json\/wp\/v2\/tags?post=6200"}],"curies":[{"name":"wp","href":"https:\/\/api.w.org\/{rel}","templated":true}]}}