

{"id":6203,"date":"2023-02-08T19:15:09","date_gmt":"2023-02-08T18:15:09","guid":{"rendered":"https:\/\/gradesorra.cat\/laventura-inacabada\/"},"modified":"2025-03-15T17:48:12","modified_gmt":"2025-03-15T16:48:12","slug":"laventura-inacabada","status":"publish","type":"page","link":"https:\/\/gradesorra.cat\/es\/tallers\/laventura-inacabada\/","title":{"rendered":"Escull la teva aventura!"},"content":{"rendered":"<p>[et_pb_section fb_built=\u00bb1&#8243; admin_label=\u00bbsection\u00bb _builder_version=\u00bb4.25.0&#8243; global_colors_info=\u00bb{}\u00bb][et_pb_row column_structure=\u00bb1_2,1_2&#8243; admin_label=\u00bbrow\u00bb _builder_version=\u00bb4.25.0&#8243; background_size=\u00bbinitial\u00bb background_position=\u00bbtop_left\u00bb background_repeat=\u00bbrepeat\u00bb custom_padding=\u00bb|||10px||\u00bb global_colors_info=\u00bb{}\u00bb][et_pb_column type=\u00bb1_2&#8243; _builder_version=\u00bb4.25.0&#8243; _module_preset=\u00bbdefault\u00bb global_colors_info=\u00bb{}\u00bb][et_pb_text admin_label=\u00bbText\u00bb _builder_version=\u00bb4.25.0&#8243; background_size=\u00bbinitial\u00bb background_position=\u00bbtop_left\u00bb background_repeat=\u00bbrepeat\u00bb global_colors_info=\u00bb{}\u00bb]<\/p>\n<h1 class=\"entry-title main_title\"><strong><span style=\"color: #333333;\">Escull la teva aventura!<\/span>\u00a0<\/strong><\/h1>\n<p><span style=\"font-size: large;\"><strong>Un joc captivador de col\u00b7laboraci\u00f3 i creativitat on els jugadors han de completar una hist\u00f2ria \u00fanica i irrepetible.<\/strong><\/span><\/p>\n<p><strong><\/strong><\/p>\n<p><strong><\/strong><\/p>\n<p><strong><\/strong><\/p>\n<p>Endinsa\u2019t a <strong>L\u2019Aventura Inacabada<\/strong>, \u00e9s un joc de taula narratiu on els jugadors treballaran junts, en un escenari ple de reptes,\u00a0 per ajudar el narrador\/escriptor a acabar la feina que ha comen\u00e7at i completar el conte que est\u00e0 creant.<\/p>\n<p>La vostra imaginaci\u00f3 i habilitats seran fonamentals per ajudar-lo i convertir-vos en els nous Germans Grimm.<\/p>\n<p><span style=\"color: #9c907a;\">Esteu preparats\/preparades per viure aquesta aventura?<\/span><\/p>\n<p>&nbsp;<\/p>\n<p>&nbsp;<\/p>\n<p><span style=\"font-size: 24px; color: #f8b133;\">Objectius<\/span><\/p>\n<ul>\n<li style=\"list-style-type: none;\">\n<ul>\n<li>Potenciar les habilitats socials i el treball en grup.<\/li>\n<li>Resoldre problemes amb enginy i creativitat, mentre es va creant un conte.<\/li>\n<li>Fomentar espais l\u00fadics de lectura i comprensi\u00f3 lectora.<\/li>\n<\/ul>\n<\/li>\n<\/ul>\n<p><span style=\"font-size: 16px;\">\u00a0<\/span><\/p>\n<h3 class=\"entry-title main_title\"><span style=\"font-size: 24px;\">Aventures<\/span><\/h3>\n<ol style=\"text-align: left;\">\n<li><span style=\"font-size: large;\"><strong>L\u2019illa del tresor<\/strong><\/span><\/li>\n<li><span style=\"font-size: large;\"><strong>El poble rebel<\/strong><\/span><br \/><span style=\"font-size: large;\"><strong><\/strong><\/span><\/li>\n<li><span style=\"font-size: large;\"><strong>El bosc encantat<\/strong><\/span><\/li>\n<li><span style=\"font-size: large;\"><strong>Aventures a mida!<\/strong><\/span><span style=\"font-size: large;\"><strong><\/strong><\/span><\/li>\n<\/ol>\n<p><span style=\"font-size: large;\"><strong><\/strong><\/span><\/p>\n<p>&nbsp;<\/p>\n<p><span style=\"font-size: large;\"><strong><\/strong><\/span><\/p>\n<p><span style=\"font-size: large;\"><strong><span style=\"font-size: small;\"><em>*<\/em>Aquesta din\u00e0mica necessitar\u00e0 ajuda\/suport extra als grups que no siguin aut\u00f2noms o als grups grans.<\/span><\/strong><\/span><\/p>\n<p><span style=\"font-size: large;\"><strong><\/strong><\/span><\/p>\n<p><span style=\"font-size: small;\"><strong><span style=\"text-decoration: underline;\"><\/span><\/strong><\/span><\/p>\n<p>&nbsp;<\/p>\n<p><em><\/em><\/p>\n<p>[\/et_pb_text][et_pb_text admin_label=\u00bbText\u00bb _builder_version=\u00bb4.24.0&#8243; background_size=\u00bbinitial\u00bb background_position=\u00bbtop_left\u00bb background_repeat=\u00bbrepeat\u00bb global_colors_info=\u00bb{}\u00bb][\/et_pb_text][\/et_pb_column][et_pb_column type=\u00bb1_2&#8243; _builder_version=\u00bb4.25.0&#8243; _module_preset=\u00bbdefault\u00bb global_colors_info=\u00bb{}\u00bb][et_pb_image src=\u00bbhttps:\/\/gradesorra.cat\/wp-content\/uploads\/2024\/01\/Portada-web-3-jocs-1.png\u00bb title_text=\u00bbPortada-web-3-jocs-1&#8243; _builder_version=\u00bb4.25.0&#8243; _module_preset=\u00bbdefault\u00bb custom_padding=\u00bb|||1px||\u00bb animation_style=\u00bbslide\u00bb animation_direction=\u00bbleft\u00bb global_colors_info=\u00bb{}\u00bb][\/et_pb_image][et_pb_text admin_label=\u00bbText\u00bb _builder_version=\u00bb4.25.0&#8243; background_size=\u00bbinitial\u00bb background_position=\u00bbtop_left\u00bb background_repeat=\u00bbrepeat\u00bb custom_padding=\u00bb0px|||||\u00bb global_colors_info=\u00bb{}\u00bb]<\/p>\n<ul>\n<li style=\"list-style-type: none;\"><\/li>\n<\/ul>\n<p><img loading=\"lazy\" decoding=\"async\" class=\"alignnone size-medium wp-image-3301\" src=\"http:\/\/gradesorra.cat\/wp-content\/uploads\/2018\/02\/gra-taronja.png\" alt=\"\" width=\"22\" height=\"23\" style=\"font-size: 16px; background-color: #ffffff;\" \/>Durada: 1.30 h <span style=\"font-size: small;\">(Es pot adaptar)<\/span><\/p>\n<p><img loading=\"lazy\" decoding=\"async\" class=\"alignnone size-full wp-image-3299\" src=\"http:\/\/gradesorra.cat\/wp-content\/uploads\/2018\/02\/gra-gris-fort.png\" alt=\"\" width=\"24\" height=\"24\" \/> Tema: Creativitat &#8211; foment lectura &#8211; treball en equip.<\/p>\n<p><img loading=\"lazy\" decoding=\"async\" class=\"alignnone size-full wp-image-3300\" src=\"http:\/\/gradesorra.cat\/wp-content\/uploads\/2018\/02\/gra-gris.png\" alt=\"\" width=\"23\" height=\"23\" \/> Destinatari: Cicle Mitj\u00e0 &#8211; Cicle Superior &#8211; C. I. ESO<\/p>\n<p><img loading=\"lazy\" decoding=\"async\" class=\"alignnone size-medium wp-image-3301\" src=\"http:\/\/gradesorra.cat\/wp-content\/uploads\/2018\/02\/gra-taronja.png\" alt=\"\" width=\"22\" height=\"23\" \/>Activitat Individual\/grupal.<\/p>\n<p><span style=\"font-size: small;\"><strong><span style=\"text-decoration: underline;\"><\/span><\/strong><\/span><\/p>\n<p>&nbsp;<\/p>\n<ul>\n<li style=\"list-style-type: none;\">\n<ul>\n<li><span style=\"font-size: small;\">25 participants (*Opci\u00f3: grup gran)<\/span><\/li>\n<li><span style=\"font-size: small;\">L\u00edmit de temps per prova<\/span>\u00a0<\/li>\n<\/ul>\n<\/li>\n<\/ul>\n<p>[\/et_pb_text][\/et_pb_column][\/et_pb_row][\/et_pb_section]<\/p>\n","protected":false},"excerpt":{"rendered":"<p>Escull la teva aventura!\u00a0 Un joc captivador de col\u00b7laboraci\u00f3 i creativitat on els jugadors han de completar una hist\u00f2ria \u00fanica i irrepetible. Endinsa\u2019t a L\u2019Aventura Inacabada, \u00e9s un joc de taula narratiu on els jugadors treballaran junts, en un escenari ple de reptes,\u00a0 per ajudar el narrador\/escriptor a acabar la feina que ha comen\u00e7at i [&hellip;]<\/p>\n","protected":false},"author":2,"featured_media":5813,"parent":6216,"menu_order":0,"comment_status":"closed","ping_status":"closed","template":"","meta":{"_et_pb_use_builder":"on","_et_pb_old_content":"[vc_row][vc_column width=\"2\/3\"][vc_custom_heading text=\"\" use_theme_fonts=\"yes\"][separator width=\"20px\" height=\"3px\" position=\"center\" color=\"#222222\" margin_top=\"20px\" margin_bottom=\"20px\"][vc_column_text]A l'estil dels famosos llibres de lectura Escull la teva aventura, us presentem: <strong>L'aventura inacabada<\/strong>! Una activitat ludicocreativa a on els participants es convertiran en creadors de l\u2019aventura que els han comen\u00e7at a explicar.\n\nEl joc comen\u00e7a amb el narrador\/dinamitzador explicant el principi d'un conte, segons l\u2019aventura escollida, per\u00f2, a difer\u00e8ncia d\u2019una sessi\u00f3 de contes convencional, el narrador\/dinamitzador cedir\u00e0 el protagonisme del conte als oients\/jugadors.\n\nL\u2019objectiu dels participants \u00e9s ajudar al narrador\/escriptor a acabar el conte que est\u00e0 creant. Per\u00f2, per fer-ho, hauran de resoldre els reptes, preguntes que els aniran plantejant i acabar construint un conte i convertir-se en el millor guionista.\n\nOpcions d\u2019<strong>Aventures<\/strong> per jugar:\n<ol>\n \t<li><strong>L\u2019illa del tresor<\/strong><\/li>\n \t<li><strong>El poble rebel<\/strong><\/li>\n \t<li><strong>El bosc encantat<\/strong><\/li>\n<\/ol>\n&nbsp;\n\nL'aventura que cada participant\/grup viur\u00e0 d\u2019aquest joc ser\u00e0 completament diferent de la dels seus companys. Aix\u00f2, \u00e9s gr\u00e0cies a la din\u00e0mica del taller, que obliga els participants a solucionar els reptes mentre es va creant un <strong>conte <\/strong>genial, \u00fanic i irrepetible!\n\n*Recorda, aquest joc, t\u00e9 un element important: el temps. Les proves s'hauran de resoldre en un temps limitat, pactat pr\u00e8viament amb els organitzadors.\n\n&nbsp;\n\n<strong>Material:<\/strong>\n<ul>\n \t<li style=\"list-style-type: none;\">\n<ul>\n \t<li>Cartes de Joc<\/li>\n \t<li>Quadern de proves<\/li>\n \t<li>Guia creaci\u00f3 del personatge<\/li>\n<\/ul>\n<\/li>\n<\/ul>\n<strong>\u00a0<\/strong>\n\n<strong>Objectius:<\/strong>\n<ul>\n \t<li style=\"list-style-type: none;\">\n<ul>\n \t<li>Fomentar la lectura i la comprensi\u00f3 lectora.<\/li>\n \t<li>Potenciar les habilitats socials i el treball en grup.<\/li>\n \t<li>Resoldre problemes amb enginy i creativitat, mentre es va creant un conte.<\/li>\n \t<li>Facilitar espais l\u00fadics de lectura.<\/li>\n<\/ul>\n<\/li>\n<\/ul>\n&nbsp;\n\n<strong>Participants:<\/strong>\n<ul>\n \t<li style=\"list-style-type: none;\">\n<ul>\n \t<li>Sol\/grup<\/li>\n \t<li>M\u00e0x. 25 persones (Opci\u00f3 grup gran)<\/li>\n \t<li><strong><em>Important<\/em><\/strong><strong>:<\/strong> Aquesta din\u00e0mica necessitar\u00e0 <u>ajuda\/suport extra<\/u> als grups que <u>no<\/u> siguin <u>aut\u00f2noms<\/u>.<\/li>\n<\/ul>\n<\/li>\n<\/ul>\n&nbsp;\n\n&nbsp;\n\n<img class=\"alignnone size-medium wp-image-3301\" src=\"http:\/\/gradesorra.cat\/wp-content\/uploads\/2018\/02\/gra-taronja.png\" alt=\"\" width=\"22\" height=\"23\" \/> Durada: 1h - 1,30 h\n\n<img class=\"alignnone size-full wp-image-3299\" src=\"http:\/\/gradesorra.cat\/wp-content\/uploads\/2018\/02\/gra-gris-fort.png\" alt=\"\" width=\"24\" height=\"24\" \/> Tema: Contes - creativitat - Joc individual\/grupal - foment lectura.\n\n<img class=\"alignnone size-full wp-image-3300\" src=\"http:\/\/gradesorra.cat\/wp-content\/uploads\/2018\/02\/gra-gris.png\" alt=\"\" width=\"23\" height=\"23\" \/> Cicle Mitj\u00e0 - Cicle Superior - C. I. Eso\n<h3>(L'estructura de l'activitat facilita que es pugui jugar sol o en grups.)<\/h3>\n[\/vc_column_text][vc_btn title=\"+ Informaci\u00f3\" shape=\"round\" size=\"xs\" link=\"url:%23formulari|||\"][vc_empty_space height=\"60px\"][\/vc_column][vc_column width=\"1\/3\"][vc_single_image image=\"5371\" img_size=\"large\"][\/vc_column][\/vc_row]","_et_gb_content_width":"","footnotes":""},"categories":[],"tags":[21,20],"class_list":["post-6203","page","type-page","status-publish","has-post-thumbnail","hentry","tag-show-destacats-es","tag-show-tallers-es"],"yoast_head":"<!-- This site is optimized with the Yoast SEO plugin v24.8.1 - https:\/\/yoast.com\/wordpress\/plugins\/seo\/ -->\n<title>Escull la teva aventura! - Gra de Sorra<\/title>\n<meta name=\"robots\" content=\"index, follow, max-snippet:-1, max-image-preview:large, max-video-preview:-1\" \/>\n<link rel=\"canonical\" href=\"https:\/\/gradesorra.cat\/es\/tallers\/laventura-inacabada\/\" \/>\n<meta property=\"og:locale\" content=\"es_ES\" \/>\n<meta property=\"og:type\" content=\"article\" \/>\n<meta property=\"og:title\" content=\"Escull la teva aventura! - Gra de Sorra\" \/>\n<meta property=\"og:description\" content=\"Escull la teva aventura!\u00a0 Un joc captivador de col\u00b7laboraci\u00f3 i creativitat on els jugadors han de completar una hist\u00f2ria \u00fanica i irrepetible. Endinsa\u2019t a L\u2019Aventura Inacabada, \u00e9s un joc de taula narratiu on els jugadors treballaran junts, en un escenari ple de reptes,\u00a0 per ajudar el narrador\/escriptor a acabar la feina que ha comen\u00e7at i [&hellip;]\" \/>\n<meta property=\"og:url\" content=\"https:\/\/gradesorra.cat\/es\/tallers\/laventura-inacabada\/\" \/>\n<meta property=\"og:site_name\" content=\"Gra de Sorra\" \/>\n<meta property=\"article:modified_time\" content=\"2025-03-15T16:48:12+00:00\" \/>\n<meta property=\"og:image\" content=\"https:\/\/gradesorra.cat\/wp-content\/uploads\/2024\/01\/Poster-ESCULL-724x1024.png\" \/>\n\t<meta property=\"og:image:width\" content=\"724\" \/>\n\t<meta property=\"og:image:height\" content=\"1024\" \/>\n\t<meta property=\"og:image:type\" content=\"image\/png\" \/>\n<meta name=\"twitter:card\" content=\"summary_large_image\" \/>\n<meta name=\"twitter:label1\" content=\"Tiempo de lectura\" \/>\n\t<meta name=\"twitter:data1\" content=\"2 minutos\" \/>\n<script type=\"application\/ld+json\" class=\"yoast-schema-graph\">{\"@context\":\"https:\/\/schema.org\",\"@graph\":[{\"@type\":\"WebPage\",\"@id\":\"https:\/\/gradesorra.cat\/es\/tallers\/laventura-inacabada\/\",\"url\":\"https:\/\/gradesorra.cat\/es\/tallers\/laventura-inacabada\/\",\"name\":\"Escull la teva aventura! - Gra de Sorra\",\"isPartOf\":{\"@id\":\"https:\/\/gradesorra.cat\/#website\"},\"primaryImageOfPage\":{\"@id\":\"https:\/\/gradesorra.cat\/es\/tallers\/laventura-inacabada\/#primaryimage\"},\"image\":{\"@id\":\"https:\/\/gradesorra.cat\/es\/tallers\/laventura-inacabada\/#primaryimage\"},\"thumbnailUrl\":\"https:\/\/gradesorra.cat\/wp-content\/uploads\/2024\/01\/Poster-ESCULL.png\",\"datePublished\":\"2023-02-08T18:15:09+00:00\",\"dateModified\":\"2025-03-15T16:48:12+00:00\",\"breadcrumb\":{\"@id\":\"https:\/\/gradesorra.cat\/es\/tallers\/laventura-inacabada\/#breadcrumb\"},\"inLanguage\":\"es\",\"potentialAction\":[{\"@type\":\"ReadAction\",\"target\":[\"https:\/\/gradesorra.cat\/es\/tallers\/laventura-inacabada\/\"]}]},{\"@type\":\"ImageObject\",\"inLanguage\":\"es\",\"@id\":\"https:\/\/gradesorra.cat\/es\/tallers\/laventura-inacabada\/#primaryimage\",\"url\":\"https:\/\/gradesorra.cat\/wp-content\/uploads\/2024\/01\/Poster-ESCULL.png\",\"contentUrl\":\"https:\/\/gradesorra.cat\/wp-content\/uploads\/2024\/01\/Poster-ESCULL.png\",\"width\":1587,\"height\":2245},{\"@type\":\"BreadcrumbList\",\"@id\":\"https:\/\/gradesorra.cat\/es\/tallers\/laventura-inacabada\/#breadcrumb\",\"itemListElement\":[{\"@type\":\"ListItem\",\"position\":1,\"name\":\"Inici\",\"item\":\"https:\/\/gradesorra.cat\/\"},{\"@type\":\"ListItem\",\"position\":2,\"name\":\"Talleres\",\"item\":\"https:\/\/gradesorra.cat\/es\/tallers\/\"},{\"@type\":\"ListItem\",\"position\":3,\"name\":\"Escull la teva aventura!\"}]},{\"@type\":\"WebSite\",\"@id\":\"https:\/\/gradesorra.cat\/#website\",\"url\":\"https:\/\/gradesorra.cat\/\",\"name\":\"\\\"Gra de Sorra - Contacontes, narraci\u00f3 oral i tallers creatius (Catalunya)\",\"description\":\"Contes, tallers i projectes creatius per a infants, joves i adults.\",\"publisher\":{\"@id\":\"https:\/\/gradesorra.cat\/#organization\"},\"alternateName\":\"Contes infantils, famioliars i adults en catal\u00e0\",\"potentialAction\":[{\"@type\":\"SearchAction\",\"target\":{\"@type\":\"EntryPoint\",\"urlTemplate\":\"https:\/\/gradesorra.cat\/?s={search_term_string}\"},\"query-input\":{\"@type\":\"PropertyValueSpecification\",\"valueRequired\":true,\"valueName\":\"search_term_string\"}}],\"inLanguage\":\"es\"},{\"@type\":\"Organization\",\"@id\":\"https:\/\/gradesorra.cat\/#organization\",\"name\":\"\\\"Gra de Sorra - Contacontes, narraci\u00f3 orali tallers creatius (Catalunya)\",\"url\":\"https:\/\/gradesorra.cat\/\",\"logo\":{\"@type\":\"ImageObject\",\"inLanguage\":\"es\",\"@id\":\"https:\/\/gradesorra.cat\/#\/schema\/logo\/image\/\",\"url\":\"https:\/\/gradesorra.cat\/wp-content\/uploads\/2024\/02\/logo-gra-de-sorra.png\",\"contentUrl\":\"https:\/\/gradesorra.cat\/wp-content\/uploads\/2024\/02\/logo-gra-de-sorra.png\",\"width\":1685,\"height\":1191,\"caption\":\"\\\"Gra de Sorra - Contacontes, narraci\u00f3 orali tallers creatius (Catalunya)\"},\"image\":{\"@id\":\"https:\/\/gradesorra.cat\/#\/schema\/logo\/image\/\"}}]}<\/script>\n<!-- \/ Yoast SEO plugin. -->","yoast_head_json":{"title":"Escull la teva aventura! - Gra de Sorra","robots":{"index":"index","follow":"follow","max-snippet":"max-snippet:-1","max-image-preview":"max-image-preview:large","max-video-preview":"max-video-preview:-1"},"canonical":"https:\/\/gradesorra.cat\/es\/tallers\/laventura-inacabada\/","og_locale":"es_ES","og_type":"article","og_title":"Escull la teva aventura! - Gra de Sorra","og_description":"Escull la teva aventura!\u00a0 Un joc captivador de col\u00b7laboraci\u00f3 i creativitat on els jugadors han de completar una hist\u00f2ria \u00fanica i irrepetible. Endinsa\u2019t a L\u2019Aventura Inacabada, \u00e9s un joc de taula narratiu on els jugadors treballaran junts, en un escenari ple de reptes,\u00a0 per ajudar el narrador\/escriptor a acabar la feina que ha comen\u00e7at i [&hellip;]","og_url":"https:\/\/gradesorra.cat\/es\/tallers\/laventura-inacabada\/","og_site_name":"Gra de Sorra","article_modified_time":"2025-03-15T16:48:12+00:00","og_image":[{"width":724,"height":1024,"url":"https:\/\/gradesorra.cat\/wp-content\/uploads\/2024\/01\/Poster-ESCULL-724x1024.png","type":"image\/png"}],"twitter_card":"summary_large_image","twitter_misc":{"Tiempo de lectura":"2 minutos"},"schema":{"@context":"https:\/\/schema.org","@graph":[{"@type":"WebPage","@id":"https:\/\/gradesorra.cat\/es\/tallers\/laventura-inacabada\/","url":"https:\/\/gradesorra.cat\/es\/tallers\/laventura-inacabada\/","name":"Escull la teva aventura! - Gra de Sorra","isPartOf":{"@id":"https:\/\/gradesorra.cat\/#website"},"primaryImageOfPage":{"@id":"https:\/\/gradesorra.cat\/es\/tallers\/laventura-inacabada\/#primaryimage"},"image":{"@id":"https:\/\/gradesorra.cat\/es\/tallers\/laventura-inacabada\/#primaryimage"},"thumbnailUrl":"https:\/\/gradesorra.cat\/wp-content\/uploads\/2024\/01\/Poster-ESCULL.png","datePublished":"2023-02-08T18:15:09+00:00","dateModified":"2025-03-15T16:48:12+00:00","breadcrumb":{"@id":"https:\/\/gradesorra.cat\/es\/tallers\/laventura-inacabada\/#breadcrumb"},"inLanguage":"es","potentialAction":[{"@type":"ReadAction","target":["https:\/\/gradesorra.cat\/es\/tallers\/laventura-inacabada\/"]}]},{"@type":"ImageObject","inLanguage":"es","@id":"https:\/\/gradesorra.cat\/es\/tallers\/laventura-inacabada\/#primaryimage","url":"https:\/\/gradesorra.cat\/wp-content\/uploads\/2024\/01\/Poster-ESCULL.png","contentUrl":"https:\/\/gradesorra.cat\/wp-content\/uploads\/2024\/01\/Poster-ESCULL.png","width":1587,"height":2245},{"@type":"BreadcrumbList","@id":"https:\/\/gradesorra.cat\/es\/tallers\/laventura-inacabada\/#breadcrumb","itemListElement":[{"@type":"ListItem","position":1,"name":"Inici","item":"https:\/\/gradesorra.cat\/"},{"@type":"ListItem","position":2,"name":"Talleres","item":"https:\/\/gradesorra.cat\/es\/tallers\/"},{"@type":"ListItem","position":3,"name":"Escull la teva aventura!"}]},{"@type":"WebSite","@id":"https:\/\/gradesorra.cat\/#website","url":"https:\/\/gradesorra.cat\/","name":"\"Gra de Sorra - Contacontes, narraci\u00f3 oral i tallers creatius (Catalunya)","description":"Contes, tallers i projectes creatius per a infants, joves i adults.","publisher":{"@id":"https:\/\/gradesorra.cat\/#organization"},"alternateName":"Contes infantils, famioliars i adults en catal\u00e0","potentialAction":[{"@type":"SearchAction","target":{"@type":"EntryPoint","urlTemplate":"https:\/\/gradesorra.cat\/?s={search_term_string}"},"query-input":{"@type":"PropertyValueSpecification","valueRequired":true,"valueName":"search_term_string"}}],"inLanguage":"es"},{"@type":"Organization","@id":"https:\/\/gradesorra.cat\/#organization","name":"\"Gra de Sorra - Contacontes, narraci\u00f3 orali tallers creatius (Catalunya)","url":"https:\/\/gradesorra.cat\/","logo":{"@type":"ImageObject","inLanguage":"es","@id":"https:\/\/gradesorra.cat\/#\/schema\/logo\/image\/","url":"https:\/\/gradesorra.cat\/wp-content\/uploads\/2024\/02\/logo-gra-de-sorra.png","contentUrl":"https:\/\/gradesorra.cat\/wp-content\/uploads\/2024\/02\/logo-gra-de-sorra.png","width":1685,"height":1191,"caption":"\"Gra de Sorra - Contacontes, narraci\u00f3 orali tallers creatius (Catalunya)"},"image":{"@id":"https:\/\/gradesorra.cat\/#\/schema\/logo\/image\/"}}]}},"_links":{"self":[{"href":"https:\/\/gradesorra.cat\/es\/wp-json\/wp\/v2\/pages\/6203","targetHints":{"allow":["GET"]}}],"collection":[{"href":"https:\/\/gradesorra.cat\/es\/wp-json\/wp\/v2\/pages"}],"about":[{"href":"https:\/\/gradesorra.cat\/es\/wp-json\/wp\/v2\/types\/page"}],"author":[{"embeddable":true,"href":"https:\/\/gradesorra.cat\/es\/wp-json\/wp\/v2\/users\/2"}],"replies":[{"embeddable":true,"href":"https:\/\/gradesorra.cat\/es\/wp-json\/wp\/v2\/comments?post=6203"}],"version-history":[{"count":55,"href":"https:\/\/gradesorra.cat\/es\/wp-json\/wp\/v2\/pages\/6203\/revisions"}],"predecessor-version":[{"id":7270,"href":"https:\/\/gradesorra.cat\/es\/wp-json\/wp\/v2\/pages\/6203\/revisions\/7270"}],"up":[{"embeddable":true,"href":"https:\/\/gradesorra.cat\/es\/wp-json\/wp\/v2\/pages\/6216"}],"wp:featuredmedia":[{"embeddable":true,"href":"https:\/\/gradesorra.cat\/es\/wp-json\/wp\/v2\/media\/5813"}],"wp:attachment":[{"href":"https:\/\/gradesorra.cat\/es\/wp-json\/wp\/v2\/media?parent=6203"}],"wp:term":[{"taxonomy":"category","embeddable":true,"href":"https:\/\/gradesorra.cat\/es\/wp-json\/wp\/v2\/categories?post=6203"},{"taxonomy":"post_tag","embeddable":true,"href":"https:\/\/gradesorra.cat\/es\/wp-json\/wp\/v2\/tags?post=6203"}],"curies":[{"name":"wp","href":"https:\/\/api.w.org\/{rel}","templated":true}]}}