

{"id":6204,"date":"2020-10-10T14:08:50","date_gmt":"2020-10-10T13:08:50","guid":{"rendered":"https:\/\/gradesorra.cat\/com-explicar-contes\/"},"modified":"2025-03-06T00:55:52","modified_gmt":"2025-03-05T23:55:52","slug":"com-explicar-contes","status":"publish","type":"page","link":"https:\/\/gradesorra.cat\/es\/xerrades\/com-explicar-contes\/","title":{"rendered":"Com explicar contes"},"content":{"rendered":"<p>[et_pb_section fb_built=\u00bb1&#8243; admin_label=\u00bbsection\u00bb _builder_version=\u00bb4.16&#8243; global_colors_info=\u00bb{}\u00bb][et_pb_row column_structure=\u00bb1_2,1_2&#8243; admin_label=\u00bbrow\u00bb _builder_version=\u00bb4.16&#8243; background_size=\u00bbinitial\u00bb background_position=\u00bbtop_left\u00bb background_repeat=\u00bbrepeat\u00bb global_colors_info=\u00bb{}\u00bb][et_pb_column type=\u00bb1_2&#8243; _builder_version=\u00bb4.16&#8243; custom_padding=\u00bb|||\u00bb global_colors_info=\u00bb{}\u00bb custom_padding__hover=\u00bb|||\u00bb][et_pb_text admin_label=\u00bbText\u00bb _builder_version=\u00bb4.24.0&#8243; background_size=\u00bbinitial\u00bb background_position=\u00bbtop_left\u00bb background_repeat=\u00bbrepeat\u00bb global_colors_info=\u00bb{}\u00bb]<\/p>\n<h1 class=\"vc_custom_heading\"><\/h1>\n<h1 class=\"vc_custom_heading\"><span style=\"color: #333333;\">Com explicar contes<\/span><\/h1>\n<h3 data-start=\"0\" data-end=\"78\"><\/h3>\n<p data-start=\"170\" data-end=\"461\">Explicar contes \u00e9s una eina poderosa per transmetre emocions, fomentar la imaginaci\u00f3 i connectar amb qualsevol audi\u00e8ncia. Per\u00f2, com podem fer que una hist\u00f2ria cobri vida i captivi el p\u00fablic? Aquesta formaci\u00f3 ofereix un recorregut pr\u00e0ctic i inspirador per dominar l\u2019art de la narraci\u00f3 oral<\/p>\n<p data-start=\"170\" data-end=\"461\">\n<p data-start=\"170\" data-end=\"461\">.<\/p>\n<p data-start=\"170\" data-end=\"461\">\n<h4 data-start=\"467\" data-end=\"491\"><strong data-start=\"471\" data-end=\"489\">Qu\u00e8 aprendrem?<\/strong><\/h4>\n<ul data-start=\"478\" data-end=\"849\">\n<li data-start=\"478\" data-end=\"560\">Entendre els diferents tipus de contes i com seleccionar la hist\u00f2ria adequada.<\/li>\n<li data-start=\"561\" data-end=\"634\">Adaptar un conte per fer-lo m\u00e9s proper i atractiu segons l\u2019audi\u00e8ncia.<\/li>\n<li data-start=\"635\" data-end=\"711\">Utilitzar la veu i el cos per donar ritme i expressivitat a la narraci\u00f3.<\/li>\n<li data-start=\"712\" data-end=\"782\">Incorporar recursos visuals i esc\u00e8nics per enriquir l\u2019experi\u00e8ncia.<\/li>\n<li data-start=\"783\" data-end=\"849\">Gestionar la posada en escena i mantenir l\u2019atenci\u00f3 del p\u00fablic.<\/li>\n<\/ul>\n<p data-start=\"851\" data-end=\"1000\" data-is-last-node=\"\" data-is-only-node=\"\">Una formaci\u00f3 imprescindible per a bibliotecaris, educadors i dinamitzadors culturals que vulguin convertir els contes en una experi\u00e8ncia inoblidable.<\/p>\n<p><strong><\/strong><\/p>\n<p><strong><\/strong><\/p>\n<p><strong><\/strong><\/p>\n<p>[\/et_pb_text][\/et_pb_column][et_pb_column type=\u00bb1_2&#8243; _builder_version=\u00bb4.16&#8243; custom_padding=\u00bb|||\u00bb global_colors_info=\u00bb{}\u00bb custom_padding__hover=\u00bb|||\u00bb][et_pb_text admin_label=\u00bbText\u00bb _builder_version=\u00bb4.27.3&#8243; background_size=\u00bbinitial\u00bb background_position=\u00bbtop_left\u00bb background_repeat=\u00bbrepeat\u00bb global_colors_info=\u00bb{}\u00bb]<\/p>\n<h4><span style=\"font-size: 16px; color: #9c907a;\"><img loading=\"lazy\" decoding=\"async\" src=\"https:\/\/gradesorra.cat\/wp-content\/uploads\/2024\/01\/PAGINA-TALLERS-scaled-1-300x200.jpg\" width=\"300\" height=\"200\" alt=\"\" class=\"wp-image-5773 alignnone size-medium\" \/>\u00a0<\/span><\/h4>\n<p>&nbsp;<\/p>\n<p>&nbsp;<\/p>\n<h4><strong data-start=\"1909\" data-end=\"1931\">Durada i modalitat:<\/strong><\/h4>\n<p data-start=\"1935\" data-end=\"2151\"><strong data-start=\"1938\" data-end=\"1964\">Xerrada introduct\u00f2ria:<\/strong> 1,3 h \u2013 Ideal per tenir una visi\u00f3 general del m\u00f3n de la narraci\u00f3 oral.<\/p>\n<p data-start=\"1935\" data-end=\"2151\">\u00a0<strong data-start=\"2041\" data-end=\"2060\">Taller pr\u00e0ctic:<\/strong> A partir de 2 h \u2013 Sessi\u00f3 immersiva amb exercicis per desenvolupar habilitats narratives.<\/p>\n<p>&nbsp;<\/p>\n<p>&nbsp;<\/p>\n<p>&nbsp;<\/p>\n<p>&nbsp;<\/p>\n<p>[\/et_pb_text][et_pb_text admin_label=\u00bbText\u00bb _builder_version=\u00bb4.24.0&#8243; background_size=\u00bbinitial\u00bb background_position=\u00bbtop_left\u00bb background_repeat=\u00bbrepeat\u00bb global_colors_info=\u00bb{}\u00bb]<\/p>\n<h4><\/h4>\n<p>&nbsp;<\/p>\n<p>[\/et_pb_text][\/et_pb_column][\/et_pb_row][\/et_pb_section]<\/p>\n","protected":false},"excerpt":{"rendered":"<p>Com explicar contes Explicar contes \u00e9s una eina poderosa per transmetre emocions, fomentar la imaginaci\u00f3 i connectar amb qualsevol audi\u00e8ncia. Per\u00f2, com podem fer que una hist\u00f2ria cobri vida i captivi el p\u00fablic? Aquesta formaci\u00f3 ofereix un recorregut pr\u00e0ctic i inspirador per dominar l\u2019art de la narraci\u00f3 oral . Qu\u00e8 aprendrem? Entendre els diferents tipus [&hellip;]<\/p>\n","protected":false},"author":2,"featured_media":5648,"parent":6217,"menu_order":0,"comment_status":"closed","ping_status":"closed","template":"","meta":{"_et_pb_use_builder":"on","_et_pb_old_content":"[vc_row][vc_column width=\"2\/3\"][vc_custom_heading source=\"post_title\" use_theme_fonts=\"yes\"][separator width=\"20px\" height=\"3px\" position=\"center\" color=\"#222222\" margin_top=\"20px\" margin_bottom=\"20px\"][vc_column_text]<img class=\"alignnone size-medium wp-image-3301\" src=\"http:\/\/gradesorra.cat\/wp-content\/uploads\/2018\/02\/gra-taronja.png\" alt=\"\" width=\"22\" height=\"23\" \/> Xerrada 1\n\n<strong>Aquesta sessi\u00f3 est\u00e0 pensada per introduir-nos al m\u00f3n dels contes i tenir-ne una visi\u00f3 general. L<\/strong><strong>'objectiu d'aquesta xerrada \u00e9s la de poder fer un recorregut pels elements imprescindibles\u00a0 per realitzar una sessi\u00f3 de contes davant d'un p\u00fablic (infantil o adult).<\/strong>\n\n&nbsp;\n\n<img class=\"alignnone size-full wp-image-3299\" src=\"http:\/\/gradesorra.cat\/wp-content\/uploads\/2018\/02\/gra-gris-fort.png\" alt=\"\" width=\"24\" height=\"24\" \/> Temes:\n<ul>\n \t<li><strong>El m\u00f3n dels contes<\/strong><\/li>\n \t<li><strong>Tipus de contes<\/strong><\/li>\n \t<li><strong>Com triar un conte<\/strong><\/li>\n \t<li><strong>Adaptar el conte<\/strong><\/li>\n \t<li><strong>Eines i recursos\u00a0<\/strong><\/li>\n \t<li><strong>La veu i el cos<\/strong>.<\/li>\n \t<li><strong>Altres recursos<\/strong><\/li>\n \t<li><strong>La posada en escena<\/strong><\/li>\n \t<li><strong>El p\u00fablic<\/strong><\/li>\n<\/ul>\n&nbsp;\n\n<img class=\"alignnone size-full wp-image-3300\" src=\"http:\/\/gradesorra.cat\/wp-content\/uploads\/2018\/02\/gra-gris.png\" alt=\"\" width=\"23\" height=\"23\" \/> Durada:\n\n<strong>Xerrada:<\/strong> 1h\n\n<strong>Taller: <\/strong>A partir de 2 h[\/vc_column_text][vc_btn title=\"+ informaci\u00f3\" shape=\"round\" size=\"xs\" link=\"url:%23formulari|||\"][vc_empty_space height=\"60px\"][\/vc_column][vc_column width=\"1\/3\"][\/vc_column][\/vc_row]","_et_gb_content_width":"","footnotes":""},"categories":[],"tags":[23],"class_list":["post-6204","page","type-page","status-publish","has-post-thumbnail","hentry","tag-show-formacions-es"],"yoast_head":"<!-- This site is optimized with the Yoast SEO plugin v24.8.1 - https:\/\/yoast.com\/wordpress\/plugins\/seo\/ -->\n<title>Com explicar contes - Gra de Sorra<\/title>\n<meta name=\"robots\" content=\"index, follow, max-snippet:-1, max-image-preview:large, max-video-preview:-1\" \/>\n<link rel=\"canonical\" href=\"https:\/\/gradesorra.cat\/es\/xerrades\/com-explicar-contes\/\" \/>\n<meta property=\"og:locale\" content=\"es_ES\" \/>\n<meta property=\"og:type\" content=\"article\" \/>\n<meta property=\"og:title\" content=\"Com explicar contes - Gra de Sorra\" \/>\n<meta property=\"og:description\" content=\"Com explicar contes Explicar contes \u00e9s una eina poderosa per transmetre emocions, fomentar la imaginaci\u00f3 i connectar amb qualsevol audi\u00e8ncia. Per\u00f2, com podem fer que una hist\u00f2ria cobri vida i captivi el p\u00fablic? Aquesta formaci\u00f3 ofereix un recorregut pr\u00e0ctic i inspirador per dominar l\u2019art de la narraci\u00f3 oral . Qu\u00e8 aprendrem? Entendre els diferents tipus [&hellip;]\" \/>\n<meta property=\"og:url\" content=\"https:\/\/gradesorra.cat\/es\/xerrades\/com-explicar-contes\/\" \/>\n<meta property=\"og:site_name\" content=\"Gra de Sorra\" \/>\n<meta property=\"article:modified_time\" content=\"2025-03-05T23:55:52+00:00\" \/>\n<meta property=\"og:image\" content=\"https:\/\/gradesorra.cat\/wp-content\/uploads\/2024\/01\/gra-2.png\" \/>\n\t<meta property=\"og:image:width\" content=\"653\" \/>\n\t<meta property=\"og:image:height\" content=\"401\" \/>\n\t<meta property=\"og:image:type\" content=\"image\/png\" \/>\n<meta name=\"twitter:card\" content=\"summary_large_image\" \/>\n<meta name=\"twitter:label1\" content=\"Tiempo de lectura\" \/>\n\t<meta name=\"twitter:data1\" content=\"2 minutos\" \/>\n<script type=\"application\/ld+json\" class=\"yoast-schema-graph\">{\"@context\":\"https:\/\/schema.org\",\"@graph\":[{\"@type\":\"WebPage\",\"@id\":\"https:\/\/gradesorra.cat\/es\/xerrades\/com-explicar-contes\/\",\"url\":\"https:\/\/gradesorra.cat\/es\/xerrades\/com-explicar-contes\/\",\"name\":\"Com explicar contes - Gra de Sorra\",\"isPartOf\":{\"@id\":\"https:\/\/gradesorra.cat\/#website\"},\"primaryImageOfPage\":{\"@id\":\"https:\/\/gradesorra.cat\/es\/xerrades\/com-explicar-contes\/#primaryimage\"},\"image\":{\"@id\":\"https:\/\/gradesorra.cat\/es\/xerrades\/com-explicar-contes\/#primaryimage\"},\"thumbnailUrl\":\"https:\/\/gradesorra.cat\/wp-content\/uploads\/2024\/01\/gra-2.png\",\"datePublished\":\"2020-10-10T13:08:50+00:00\",\"dateModified\":\"2025-03-05T23:55:52+00:00\",\"breadcrumb\":{\"@id\":\"https:\/\/gradesorra.cat\/es\/xerrades\/com-explicar-contes\/#breadcrumb\"},\"inLanguage\":\"es\",\"potentialAction\":[{\"@type\":\"ReadAction\",\"target\":[\"https:\/\/gradesorra.cat\/es\/xerrades\/com-explicar-contes\/\"]}]},{\"@type\":\"ImageObject\",\"inLanguage\":\"es\",\"@id\":\"https:\/\/gradesorra.cat\/es\/xerrades\/com-explicar-contes\/#primaryimage\",\"url\":\"https:\/\/gradesorra.cat\/wp-content\/uploads\/2024\/01\/gra-2.png\",\"contentUrl\":\"https:\/\/gradesorra.cat\/wp-content\/uploads\/2024\/01\/gra-2.png\",\"width\":653,\"height\":401},{\"@type\":\"BreadcrumbList\",\"@id\":\"https:\/\/gradesorra.cat\/es\/xerrades\/com-explicar-contes\/#breadcrumb\",\"itemListElement\":[{\"@type\":\"ListItem\",\"position\":1,\"name\":\"Inici\",\"item\":\"https:\/\/gradesorra.cat\/\"},{\"@type\":\"ListItem\",\"position\":2,\"name\":\"Charlas\",\"item\":\"https:\/\/gradesorra.cat\/es\/xerrades\/\"},{\"@type\":\"ListItem\",\"position\":3,\"name\":\"Com explicar contes\"}]},{\"@type\":\"WebSite\",\"@id\":\"https:\/\/gradesorra.cat\/#website\",\"url\":\"https:\/\/gradesorra.cat\/\",\"name\":\"\\\"Gra de Sorra - Contacontes, narraci\u00f3 oral i tallers creatius (Catalunya)\",\"description\":\"Contes, tallers i projectes creatius per a infants, joves i adults.\",\"publisher\":{\"@id\":\"https:\/\/gradesorra.cat\/#organization\"},\"alternateName\":\"Contes infantils, famioliars i adults en catal\u00e0\",\"potentialAction\":[{\"@type\":\"SearchAction\",\"target\":{\"@type\":\"EntryPoint\",\"urlTemplate\":\"https:\/\/gradesorra.cat\/?s={search_term_string}\"},\"query-input\":{\"@type\":\"PropertyValueSpecification\",\"valueRequired\":true,\"valueName\":\"search_term_string\"}}],\"inLanguage\":\"es\"},{\"@type\":\"Organization\",\"@id\":\"https:\/\/gradesorra.cat\/#organization\",\"name\":\"\\\"Gra de Sorra - Contacontes, narraci\u00f3 orali tallers creatius (Catalunya)\",\"url\":\"https:\/\/gradesorra.cat\/\",\"logo\":{\"@type\":\"ImageObject\",\"inLanguage\":\"es\",\"@id\":\"https:\/\/gradesorra.cat\/#\/schema\/logo\/image\/\",\"url\":\"https:\/\/gradesorra.cat\/wp-content\/uploads\/2024\/02\/logo-gra-de-sorra.png\",\"contentUrl\":\"https:\/\/gradesorra.cat\/wp-content\/uploads\/2024\/02\/logo-gra-de-sorra.png\",\"width\":1685,\"height\":1191,\"caption\":\"\\\"Gra de Sorra - Contacontes, narraci\u00f3 orali tallers creatius (Catalunya)\"},\"image\":{\"@id\":\"https:\/\/gradesorra.cat\/#\/schema\/logo\/image\/\"}}]}<\/script>\n<!-- \/ Yoast SEO plugin. -->","yoast_head_json":{"title":"Com explicar contes - Gra de Sorra","robots":{"index":"index","follow":"follow","max-snippet":"max-snippet:-1","max-image-preview":"max-image-preview:large","max-video-preview":"max-video-preview:-1"},"canonical":"https:\/\/gradesorra.cat\/es\/xerrades\/com-explicar-contes\/","og_locale":"es_ES","og_type":"article","og_title":"Com explicar contes - Gra de Sorra","og_description":"Com explicar contes Explicar contes \u00e9s una eina poderosa per transmetre emocions, fomentar la imaginaci\u00f3 i connectar amb qualsevol audi\u00e8ncia. Per\u00f2, com podem fer que una hist\u00f2ria cobri vida i captivi el p\u00fablic? Aquesta formaci\u00f3 ofereix un recorregut pr\u00e0ctic i inspirador per dominar l\u2019art de la narraci\u00f3 oral . Qu\u00e8 aprendrem? Entendre els diferents tipus [&hellip;]","og_url":"https:\/\/gradesorra.cat\/es\/xerrades\/com-explicar-contes\/","og_site_name":"Gra de Sorra","article_modified_time":"2025-03-05T23:55:52+00:00","og_image":[{"width":653,"height":401,"url":"https:\/\/gradesorra.cat\/wp-content\/uploads\/2024\/01\/gra-2.png","type":"image\/png"}],"twitter_card":"summary_large_image","twitter_misc":{"Tiempo de lectura":"2 minutos"},"schema":{"@context":"https:\/\/schema.org","@graph":[{"@type":"WebPage","@id":"https:\/\/gradesorra.cat\/es\/xerrades\/com-explicar-contes\/","url":"https:\/\/gradesorra.cat\/es\/xerrades\/com-explicar-contes\/","name":"Com explicar contes - Gra de Sorra","isPartOf":{"@id":"https:\/\/gradesorra.cat\/#website"},"primaryImageOfPage":{"@id":"https:\/\/gradesorra.cat\/es\/xerrades\/com-explicar-contes\/#primaryimage"},"image":{"@id":"https:\/\/gradesorra.cat\/es\/xerrades\/com-explicar-contes\/#primaryimage"},"thumbnailUrl":"https:\/\/gradesorra.cat\/wp-content\/uploads\/2024\/01\/gra-2.png","datePublished":"2020-10-10T13:08:50+00:00","dateModified":"2025-03-05T23:55:52+00:00","breadcrumb":{"@id":"https:\/\/gradesorra.cat\/es\/xerrades\/com-explicar-contes\/#breadcrumb"},"inLanguage":"es","potentialAction":[{"@type":"ReadAction","target":["https:\/\/gradesorra.cat\/es\/xerrades\/com-explicar-contes\/"]}]},{"@type":"ImageObject","inLanguage":"es","@id":"https:\/\/gradesorra.cat\/es\/xerrades\/com-explicar-contes\/#primaryimage","url":"https:\/\/gradesorra.cat\/wp-content\/uploads\/2024\/01\/gra-2.png","contentUrl":"https:\/\/gradesorra.cat\/wp-content\/uploads\/2024\/01\/gra-2.png","width":653,"height":401},{"@type":"BreadcrumbList","@id":"https:\/\/gradesorra.cat\/es\/xerrades\/com-explicar-contes\/#breadcrumb","itemListElement":[{"@type":"ListItem","position":1,"name":"Inici","item":"https:\/\/gradesorra.cat\/"},{"@type":"ListItem","position":2,"name":"Charlas","item":"https:\/\/gradesorra.cat\/es\/xerrades\/"},{"@type":"ListItem","position":3,"name":"Com explicar contes"}]},{"@type":"WebSite","@id":"https:\/\/gradesorra.cat\/#website","url":"https:\/\/gradesorra.cat\/","name":"\"Gra de Sorra - Contacontes, narraci\u00f3 oral i tallers creatius (Catalunya)","description":"Contes, tallers i projectes creatius per a infants, joves i adults.","publisher":{"@id":"https:\/\/gradesorra.cat\/#organization"},"alternateName":"Contes infantils, famioliars i adults en catal\u00e0","potentialAction":[{"@type":"SearchAction","target":{"@type":"EntryPoint","urlTemplate":"https:\/\/gradesorra.cat\/?s={search_term_string}"},"query-input":{"@type":"PropertyValueSpecification","valueRequired":true,"valueName":"search_term_string"}}],"inLanguage":"es"},{"@type":"Organization","@id":"https:\/\/gradesorra.cat\/#organization","name":"\"Gra de Sorra - Contacontes, narraci\u00f3 orali tallers creatius (Catalunya)","url":"https:\/\/gradesorra.cat\/","logo":{"@type":"ImageObject","inLanguage":"es","@id":"https:\/\/gradesorra.cat\/#\/schema\/logo\/image\/","url":"https:\/\/gradesorra.cat\/wp-content\/uploads\/2024\/02\/logo-gra-de-sorra.png","contentUrl":"https:\/\/gradesorra.cat\/wp-content\/uploads\/2024\/02\/logo-gra-de-sorra.png","width":1685,"height":1191,"caption":"\"Gra de Sorra - Contacontes, narraci\u00f3 orali tallers creatius (Catalunya)"},"image":{"@id":"https:\/\/gradesorra.cat\/#\/schema\/logo\/image\/"}}]}},"_links":{"self":[{"href":"https:\/\/gradesorra.cat\/es\/wp-json\/wp\/v2\/pages\/6204","targetHints":{"allow":["GET"]}}],"collection":[{"href":"https:\/\/gradesorra.cat\/es\/wp-json\/wp\/v2\/pages"}],"about":[{"href":"https:\/\/gradesorra.cat\/es\/wp-json\/wp\/v2\/types\/page"}],"author":[{"embeddable":true,"href":"https:\/\/gradesorra.cat\/es\/wp-json\/wp\/v2\/users\/2"}],"replies":[{"embeddable":true,"href":"https:\/\/gradesorra.cat\/es\/wp-json\/wp\/v2\/comments?post=6204"}],"version-history":[{"count":9,"href":"https:\/\/gradesorra.cat\/es\/wp-json\/wp\/v2\/pages\/6204\/revisions"}],"predecessor-version":[{"id":7225,"href":"https:\/\/gradesorra.cat\/es\/wp-json\/wp\/v2\/pages\/6204\/revisions\/7225"}],"up":[{"embeddable":true,"href":"https:\/\/gradesorra.cat\/es\/wp-json\/wp\/v2\/pages\/6217"}],"wp:featuredmedia":[{"embeddable":true,"href":"https:\/\/gradesorra.cat\/es\/wp-json\/wp\/v2\/media\/5648"}],"wp:attachment":[{"href":"https:\/\/gradesorra.cat\/es\/wp-json\/wp\/v2\/media?parent=6204"}],"wp:term":[{"taxonomy":"category","embeddable":true,"href":"https:\/\/gradesorra.cat\/es\/wp-json\/wp\/v2\/categories?post=6204"},{"taxonomy":"post_tag","embeddable":true,"href":"https:\/\/gradesorra.cat\/es\/wp-json\/wp\/v2\/tags?post=6204"}],"curies":[{"name":"wp","href":"https:\/\/api.w.org\/{rel}","templated":true}]}}