

{"id":6205,"date":"2020-10-10T14:05:43","date_gmt":"2020-10-10T13:05:43","guid":{"rendered":"https:\/\/gradesorra.cat\/jocs-per-inventar-contes\/"},"modified":"2025-03-06T00:54:39","modified_gmt":"2025-03-05T23:54:39","slug":"jocs-per-inventar-contes","status":"publish","type":"page","link":"https:\/\/gradesorra.cat\/es\/xerrades\/jocs-per-inventar-contes\/","title":{"rendered":"Jocs per inventar contes"},"content":{"rendered":"<p>[et_pb_section fb_built=\u00bb1&#8243; admin_label=\u00bbsection\u00bb _builder_version=\u00bb4.16&#8243; global_colors_info=\u00bb{}\u00bb][et_pb_row column_structure=\u00bb1_2,1_2&#8243; admin_label=\u00bbrow\u00bb _builder_version=\u00bb4.16&#8243; background_size=\u00bbinitial\u00bb background_position=\u00bbtop_left\u00bb background_repeat=\u00bbrepeat\u00bb global_colors_info=\u00bb{}\u00bb][et_pb_column type=\u00bb1_2&#8243; _builder_version=\u00bb4.16&#8243; custom_padding=\u00bb|||\u00bb global_colors_info=\u00bb{}\u00bb custom_padding__hover=\u00bb|||\u00bb][et_pb_text admin_label=\u00bbText\u00bb _builder_version=\u00bb4.25.0&#8243; background_size=\u00bbinitial\u00bb background_position=\u00bbtop_left\u00bb background_repeat=\u00bbrepeat\u00bb global_colors_info=\u00bb{}\u00bb]<\/p>\n<h1 class=\"vc_custom_heading\"><span style=\"color: #333333;\">Jocs per inventar-nos contes<\/span><\/h1>\n<p>&nbsp;<\/p>\n<p data-start=\"85\" data-end=\"143\"><strong data-start=\"85\" data-end=\"141\">Explorar, improvisar i crear hist\u00f2ries amb llibertat<\/strong><\/p>\n<p data-start=\"145\" data-end=\"465\">Explicar contes no sempre implica seguir un gui\u00f3 escrit. A trav\u00e9s del joc i la improvisaci\u00f3, descobrirem t\u00e8cniques per <strong data-start=\"264\" data-end=\"299\">inventar hist\u00f2ries en el moment<\/strong>, sense por i amb confian\u00e7a. Aquest taller ofereix eines per perdre la por d\u2019improvisar, ampliar recursos narratius i deixar fluir la creativitat amb m\u00e9s llibertat.<\/p>\n<p data-start=\"145\" data-end=\"465\">\n<h4 data-start=\"467\" data-end=\"491\"><strong data-start=\"471\" data-end=\"489\">Qu\u00e8 aprendrem?<\/strong><strong data-start=\"475\" data-end=\"485\" style=\"font-size: 24px;\"><\/strong><\/h4>\n<ul data-start=\"492\" data-end=\"720\">\n<li data-start=\"492\" data-end=\"539\">\n<ul data-start=\"488\" data-end=\"1127\">\n<li data-start=\"488\" data-end=\"612\">\n<p data-start=\"490\" data-end=\"612\"><strong data-start=\"490\" data-end=\"509\">Jocs 1. B\u00e0sics.<\/strong><br data-start=\"509\" data-end=\"512\" \/>Introducci\u00f3 a la improvisaci\u00f3. Din\u00e0miques senzilles per trencar el gel i activar la creativitat.<\/p>\n<\/li>\n<li data-start=\"614\" data-end=\"749\">\n<p data-start=\"616\" data-end=\"749\"><strong data-start=\"616\" data-end=\"637\">Jocs 2. Avan\u00e7ats.<\/strong><br data-start=\"637\" data-end=\"640\" \/>T\u00e8cniques m\u00e9s complexes per crear hist\u00f2ries espont\u00e0nies. Estrat\u00e8gies per construir relats amb estructura.<\/p>\n<\/li>\n<li data-start=\"751\" data-end=\"947\">\n<p data-start=\"753\" data-end=\"947\"><strong data-start=\"753\" data-end=\"810\">Jocs 3. Recursos i eines per inventar\/crear un conte.<\/strong><br data-start=\"810\" data-end=\"813\" \/>Com transformar una idea en una narraci\u00f3 completa? \u00das d\u2019objectes, paraules clau i estructures narratives per facilitar la creaci\u00f3.<\/p>\n<\/li>\n<li data-start=\"949\" data-end=\"1127\">\n<p data-start=\"951\" data-end=\"1127\"><strong data-start=\"951\" data-end=\"1001\">Anem + enll\u00e0 (Projectes a partir dels contes).<\/strong><br data-start=\"1001\" data-end=\"1004\" \/>Aplicaci\u00f3 pr\u00e0ctica dels contes creats: com convertir-los en projectes per a l\u2019aula, espectacles o activitats familiars.<\/p>\n<\/li>\n<\/ul>\n<\/li>\n<\/ul>\n<p><strong><\/strong><\/p>\n<p><strong><\/strong><\/p>\n<p><strong><\/strong><\/p>\n<p><strong><\/strong><\/p>\n<p>&nbsp;<\/p>\n<p>[\/et_pb_text][\/et_pb_column][et_pb_column type=\u00bb1_2&#8243; _builder_version=\u00bb4.16&#8243; custom_padding=\u00bb|||\u00bb global_colors_info=\u00bb{}\u00bb custom_padding__hover=\u00bb|||\u00bb][et_pb_text admin_label=\u00bbText\u00bb _builder_version=\u00bb4.27.3&#8243; background_size=\u00bbinitial\u00bb background_position=\u00bbtop_left\u00bb background_repeat=\u00bbrepeat\u00bb global_colors_info=\u00bb{}\u00bb]<\/p>\n<p><img loading=\"lazy\" decoding=\"async\" src=\"https:\/\/gradesorra.cat\/wp-content\/uploads\/2024\/08\/DALL\u00b7E-2024-08-28-14.39.10-A-minimalist-illustration-featuring-a-triangle-a-square-and-a-square-in-the-background-instead-of-a-circle.-The-main-shapes-are-a-blue-square-a-red-300x300.webp\" width=\"300\" height=\"300\" alt=\"\" class=\"wp-image-6767 alignnone size-medium\" srcset=\"https:\/\/gradesorra.cat\/wp-content\/uploads\/2024\/08\/DALL\u00b7E-2024-08-28-14.39.10-A-minimalist-illustration-featuring-a-triangle-a-square-and-a-square-in-the-background-instead-of-a-circle.-The-main-shapes-are-a-blue-square-a-red-300x300.webp 300w, https:\/\/gradesorra.cat\/wp-content\/uploads\/2024\/08\/DALL\u00b7E-2024-08-28-14.39.10-A-minimalist-illustration-featuring-a-triangle-a-square-and-a-square-in-the-background-instead-of-a-circle.-The-main-shapes-are-a-blue-square-a-red-150x150.webp 150w, https:\/\/gradesorra.cat\/wp-content\/uploads\/2024\/08\/DALL\u00b7E-2024-08-28-14.39.10-A-minimalist-illustration-featuring-a-triangle-a-square-and-a-square-in-the-background-instead-of-a-circle.-The-main-shapes-are-a-blue-square-a-red-768x768.webp 768w, https:\/\/gradesorra.cat\/wp-content\/uploads\/2024\/08\/DALL\u00b7E-2024-08-28-14.39.10-A-minimalist-illustration-featuring-a-triangle-a-square-and-a-square-in-the-background-instead-of-a-circle.-The-main-shapes-are-a-blue-square-a-red-980x980.webp 980w, https:\/\/gradesorra.cat\/wp-content\/uploads\/2024\/08\/DALL\u00b7E-2024-08-28-14.39.10-A-minimalist-illustration-featuring-a-triangle-a-square-and-a-square-in-the-background-instead-of-a-circle.-The-main-shapes-are-a-blue-square-a-red-480x480.webp 480w, https:\/\/gradesorra.cat\/wp-content\/uploads\/2024\/08\/DALL\u00b7E-2024-08-28-14.39.10-A-minimalist-illustration-featuring-a-triangle-a-square-and-a-square-in-the-background-instead-of-a-circle.-The-main-shapes-are-a-blue-square-a-red.webp 1024w\" sizes=\"(max-width: 300px) 100vw, 300px\" \/><\/p>\n<p>&nbsp;<\/p>\n<h4 data-start=\"722\" data-end=\"738\"><strong data-start=\"726\" data-end=\"736\">Durada:<\/strong><\/h4>\n<ul data-start=\"739\" data-end=\"812\">\n<li data-start=\"739\" data-end=\"767\"><strong data-start=\"741\" data-end=\"752\">Xerrada<\/strong> \u2013 1 h 30 min<\/li>\n<li data-start=\"768\" data-end=\"812\"><strong data-start=\"770\" data-end=\"788\">Taller pr\u00e0ctic<\/strong> \u2013 A partir de 2 hores<\/li>\n<\/ul>\n<p data-start=\"814\" data-end=\"911\">Per a mestres, fam\u00edlies, narradors i qualsevol persona amb ganes de jugar amb les paraules.<\/p>\n<p data-start=\"913\" data-end=\"993\">Descobreix la m\u00e0gia de la improvisaci\u00f3 i crea contes \u00fanics a cada sessi\u00f3!<\/p>\n<p>&nbsp;<\/p>\n<p>&nbsp;<\/p>\n<p>[\/et_pb_text][\/et_pb_column][\/et_pb_row][\/et_pb_section]<\/p>\n","protected":false},"excerpt":{"rendered":"<p>Jocs per inventar-nos contes &nbsp; Explorar, improvisar i crear hist\u00f2ries amb llibertat Explicar contes no sempre implica seguir un gui\u00f3 escrit. A trav\u00e9s del joc i la improvisaci\u00f3, descobrirem t\u00e8cniques per inventar hist\u00f2ries en el moment, sense por i amb confian\u00e7a. Aquest taller ofereix eines per perdre la por d\u2019improvisar, ampliar recursos narratius i deixar [&hellip;]<\/p>\n","protected":false},"author":2,"featured_media":5652,"parent":6217,"menu_order":0,"comment_status":"closed","ping_status":"closed","template":"","meta":{"_et_pb_use_builder":"on","_et_pb_old_content":"[vc_row][vc_column width=\"2\/3\"][vc_custom_heading source=\"post_title\" use_theme_fonts=\"yes\"][separator width=\"20px\" height=\"3px\" position=\"center\" color=\"#222222\" margin_top=\"20px\" margin_bottom=\"20px\"][vc_column_text]<img class=\"alignnone size-medium wp-image-3301\" src=\"http:\/\/gradesorra.cat\/wp-content\/uploads\/2018\/02\/gra-taronja.png\" alt=\"\" width=\"22\" height=\"23\" \/>Jocs per inventar-nos contes (Opci\u00f3 Xerrada)\n\n<strong>T\u00e8cniques d'improvisaci\u00f3 per a diferents edats. L'objectiu \u00e9s obtenir eines que ens ajudin a perdre la por a improvisar, a ampliar recursos i a moure'ns amb m\u00e9s llibertat pel nostre imaginari.<\/strong>\n\n<strong>\u00a0<\/strong>\n\n<img class=\"alignnone size-full wp-image-3299\" src=\"http:\/\/gradesorra.cat\/wp-content\/uploads\/2018\/02\/gra-gris-fort.png\" alt=\"\" width=\"24\" height=\"24\" \/> Temes:\n<ul>\n \t<li><strong>Jocs 1. B\u00e0sics.<\/strong><\/li>\n \t<li><strong>Jocs 2. Avan\u00e7ats.<\/strong><\/li>\n \t<li><strong>Jocs 3: Recursos i eines per inventar\/crear un conte.<\/strong><\/li>\n \t<li><strong>Anem + <\/strong><strong>enll\u00e0 (Projectes a partir dels contes)<\/strong><\/li>\n<\/ul>\n&nbsp;\n\n<img class=\"alignnone size-full wp-image-3300\" src=\"http:\/\/gradesorra.cat\/wp-content\/uploads\/2018\/02\/gra-gris.png\" alt=\"\" width=\"23\" height=\"23\" \/> Durada: 1h - 1.30h\n\n[\/vc_column_text][vc_btn title=\"+ Informaci\u00f3\" shape=\"round\" size=\"xs\" link=\"url:%23formulari|||\"][vc_empty_space height=\"60px\"][\/vc_column][vc_column width=\"1\/3\"][\/vc_column][\/vc_row]","_et_gb_content_width":"","footnotes":""},"categories":[],"tags":[23],"class_list":["post-6205","page","type-page","status-publish","has-post-thumbnail","hentry","tag-show-formacions-es"],"yoast_head":"<!-- This site is optimized with the Yoast SEO plugin v24.8.1 - https:\/\/yoast.com\/wordpress\/plugins\/seo\/ -->\n<title>Jocs per inventar contes - Gra de Sorra<\/title>\n<meta name=\"robots\" content=\"index, follow, max-snippet:-1, max-image-preview:large, max-video-preview:-1\" \/>\n<link rel=\"canonical\" href=\"https:\/\/gradesorra.cat\/es\/xerrades\/jocs-per-inventar-contes\/\" \/>\n<meta property=\"og:locale\" content=\"es_ES\" \/>\n<meta property=\"og:type\" content=\"article\" \/>\n<meta property=\"og:title\" content=\"Jocs per inventar contes - Gra de Sorra\" \/>\n<meta property=\"og:description\" content=\"Jocs per inventar-nos contes &nbsp; Explorar, improvisar i crear hist\u00f2ries amb llibertat Explicar contes no sempre implica seguir un gui\u00f3 escrit. A trav\u00e9s del joc i la improvisaci\u00f3, descobrirem t\u00e8cniques per inventar hist\u00f2ries en el moment, sense por i amb confian\u00e7a. Aquest taller ofereix eines per perdre la por d\u2019improvisar, ampliar recursos narratius i deixar [&hellip;]\" \/>\n<meta property=\"og:url\" content=\"https:\/\/gradesorra.cat\/es\/xerrades\/jocs-per-inventar-contes\/\" \/>\n<meta property=\"og:site_name\" content=\"Gra de Sorra\" \/>\n<meta property=\"article:modified_time\" content=\"2025-03-05T23:54:39+00:00\" \/>\n<meta property=\"og:image\" content=\"https:\/\/gradesorra.cat\/wp-content\/uploads\/2024\/01\/gra-4.png\" \/>\n\t<meta property=\"og:image:width\" content=\"653\" \/>\n\t<meta property=\"og:image:height\" content=\"401\" \/>\n\t<meta property=\"og:image:type\" content=\"image\/png\" \/>\n<meta name=\"twitter:card\" content=\"summary_large_image\" \/>\n<meta name=\"twitter:label1\" content=\"Tiempo de lectura\" \/>\n\t<meta name=\"twitter:data1\" content=\"2 minutos\" \/>\n<script type=\"application\/ld+json\" class=\"yoast-schema-graph\">{\"@context\":\"https:\/\/schema.org\",\"@graph\":[{\"@type\":\"WebPage\",\"@id\":\"https:\/\/gradesorra.cat\/es\/xerrades\/jocs-per-inventar-contes\/\",\"url\":\"https:\/\/gradesorra.cat\/es\/xerrades\/jocs-per-inventar-contes\/\",\"name\":\"Jocs per inventar contes - Gra de Sorra\",\"isPartOf\":{\"@id\":\"https:\/\/gradesorra.cat\/#website\"},\"primaryImageOfPage\":{\"@id\":\"https:\/\/gradesorra.cat\/es\/xerrades\/jocs-per-inventar-contes\/#primaryimage\"},\"image\":{\"@id\":\"https:\/\/gradesorra.cat\/es\/xerrades\/jocs-per-inventar-contes\/#primaryimage\"},\"thumbnailUrl\":\"https:\/\/gradesorra.cat\/wp-content\/uploads\/2024\/01\/gra-4.png\",\"datePublished\":\"2020-10-10T13:05:43+00:00\",\"dateModified\":\"2025-03-05T23:54:39+00:00\",\"breadcrumb\":{\"@id\":\"https:\/\/gradesorra.cat\/es\/xerrades\/jocs-per-inventar-contes\/#breadcrumb\"},\"inLanguage\":\"es\",\"potentialAction\":[{\"@type\":\"ReadAction\",\"target\":[\"https:\/\/gradesorra.cat\/es\/xerrades\/jocs-per-inventar-contes\/\"]}]},{\"@type\":\"ImageObject\",\"inLanguage\":\"es\",\"@id\":\"https:\/\/gradesorra.cat\/es\/xerrades\/jocs-per-inventar-contes\/#primaryimage\",\"url\":\"https:\/\/gradesorra.cat\/wp-content\/uploads\/2024\/01\/gra-4.png\",\"contentUrl\":\"https:\/\/gradesorra.cat\/wp-content\/uploads\/2024\/01\/gra-4.png\",\"width\":653,\"height\":401},{\"@type\":\"BreadcrumbList\",\"@id\":\"https:\/\/gradesorra.cat\/es\/xerrades\/jocs-per-inventar-contes\/#breadcrumb\",\"itemListElement\":[{\"@type\":\"ListItem\",\"position\":1,\"name\":\"Inici\",\"item\":\"https:\/\/gradesorra.cat\/\"},{\"@type\":\"ListItem\",\"position\":2,\"name\":\"Charlas\",\"item\":\"https:\/\/gradesorra.cat\/es\/xerrades\/\"},{\"@type\":\"ListItem\",\"position\":3,\"name\":\"Jocs per inventar contes\"}]},{\"@type\":\"WebSite\",\"@id\":\"https:\/\/gradesorra.cat\/#website\",\"url\":\"https:\/\/gradesorra.cat\/\",\"name\":\"\\\"Gra de Sorra - Contacontes, narraci\u00f3 oral i tallers creatius (Catalunya)\",\"description\":\"Contes, tallers i projectes creatius per a infants, joves i adults.\",\"publisher\":{\"@id\":\"https:\/\/gradesorra.cat\/#organization\"},\"alternateName\":\"Contes infantils, famioliars i adults en catal\u00e0\",\"potentialAction\":[{\"@type\":\"SearchAction\",\"target\":{\"@type\":\"EntryPoint\",\"urlTemplate\":\"https:\/\/gradesorra.cat\/?s={search_term_string}\"},\"query-input\":{\"@type\":\"PropertyValueSpecification\",\"valueRequired\":true,\"valueName\":\"search_term_string\"}}],\"inLanguage\":\"es\"},{\"@type\":\"Organization\",\"@id\":\"https:\/\/gradesorra.cat\/#organization\",\"name\":\"\\\"Gra de Sorra - Contacontes, narraci\u00f3 orali tallers creatius (Catalunya)\",\"url\":\"https:\/\/gradesorra.cat\/\",\"logo\":{\"@type\":\"ImageObject\",\"inLanguage\":\"es\",\"@id\":\"https:\/\/gradesorra.cat\/#\/schema\/logo\/image\/\",\"url\":\"https:\/\/gradesorra.cat\/wp-content\/uploads\/2024\/02\/logo-gra-de-sorra.png\",\"contentUrl\":\"https:\/\/gradesorra.cat\/wp-content\/uploads\/2024\/02\/logo-gra-de-sorra.png\",\"width\":1685,\"height\":1191,\"caption\":\"\\\"Gra de Sorra - Contacontes, narraci\u00f3 orali tallers creatius (Catalunya)\"},\"image\":{\"@id\":\"https:\/\/gradesorra.cat\/#\/schema\/logo\/image\/\"}}]}<\/script>\n<!-- \/ Yoast SEO plugin. -->","yoast_head_json":{"title":"Jocs per inventar contes - Gra de Sorra","robots":{"index":"index","follow":"follow","max-snippet":"max-snippet:-1","max-image-preview":"max-image-preview:large","max-video-preview":"max-video-preview:-1"},"canonical":"https:\/\/gradesorra.cat\/es\/xerrades\/jocs-per-inventar-contes\/","og_locale":"es_ES","og_type":"article","og_title":"Jocs per inventar contes - Gra de Sorra","og_description":"Jocs per inventar-nos contes &nbsp; Explorar, improvisar i crear hist\u00f2ries amb llibertat Explicar contes no sempre implica seguir un gui\u00f3 escrit. A trav\u00e9s del joc i la improvisaci\u00f3, descobrirem t\u00e8cniques per inventar hist\u00f2ries en el moment, sense por i amb confian\u00e7a. Aquest taller ofereix eines per perdre la por d\u2019improvisar, ampliar recursos narratius i deixar [&hellip;]","og_url":"https:\/\/gradesorra.cat\/es\/xerrades\/jocs-per-inventar-contes\/","og_site_name":"Gra de Sorra","article_modified_time":"2025-03-05T23:54:39+00:00","og_image":[{"width":653,"height":401,"url":"https:\/\/gradesorra.cat\/wp-content\/uploads\/2024\/01\/gra-4.png","type":"image\/png"}],"twitter_card":"summary_large_image","twitter_misc":{"Tiempo de lectura":"2 minutos"},"schema":{"@context":"https:\/\/schema.org","@graph":[{"@type":"WebPage","@id":"https:\/\/gradesorra.cat\/es\/xerrades\/jocs-per-inventar-contes\/","url":"https:\/\/gradesorra.cat\/es\/xerrades\/jocs-per-inventar-contes\/","name":"Jocs per inventar contes - Gra de Sorra","isPartOf":{"@id":"https:\/\/gradesorra.cat\/#website"},"primaryImageOfPage":{"@id":"https:\/\/gradesorra.cat\/es\/xerrades\/jocs-per-inventar-contes\/#primaryimage"},"image":{"@id":"https:\/\/gradesorra.cat\/es\/xerrades\/jocs-per-inventar-contes\/#primaryimage"},"thumbnailUrl":"https:\/\/gradesorra.cat\/wp-content\/uploads\/2024\/01\/gra-4.png","datePublished":"2020-10-10T13:05:43+00:00","dateModified":"2025-03-05T23:54:39+00:00","breadcrumb":{"@id":"https:\/\/gradesorra.cat\/es\/xerrades\/jocs-per-inventar-contes\/#breadcrumb"},"inLanguage":"es","potentialAction":[{"@type":"ReadAction","target":["https:\/\/gradesorra.cat\/es\/xerrades\/jocs-per-inventar-contes\/"]}]},{"@type":"ImageObject","inLanguage":"es","@id":"https:\/\/gradesorra.cat\/es\/xerrades\/jocs-per-inventar-contes\/#primaryimage","url":"https:\/\/gradesorra.cat\/wp-content\/uploads\/2024\/01\/gra-4.png","contentUrl":"https:\/\/gradesorra.cat\/wp-content\/uploads\/2024\/01\/gra-4.png","width":653,"height":401},{"@type":"BreadcrumbList","@id":"https:\/\/gradesorra.cat\/es\/xerrades\/jocs-per-inventar-contes\/#breadcrumb","itemListElement":[{"@type":"ListItem","position":1,"name":"Inici","item":"https:\/\/gradesorra.cat\/"},{"@type":"ListItem","position":2,"name":"Charlas","item":"https:\/\/gradesorra.cat\/es\/xerrades\/"},{"@type":"ListItem","position":3,"name":"Jocs per inventar contes"}]},{"@type":"WebSite","@id":"https:\/\/gradesorra.cat\/#website","url":"https:\/\/gradesorra.cat\/","name":"\"Gra de Sorra - Contacontes, narraci\u00f3 oral i tallers creatius (Catalunya)","description":"Contes, tallers i projectes creatius per a infants, joves i adults.","publisher":{"@id":"https:\/\/gradesorra.cat\/#organization"},"alternateName":"Contes infantils, famioliars i adults en catal\u00e0","potentialAction":[{"@type":"SearchAction","target":{"@type":"EntryPoint","urlTemplate":"https:\/\/gradesorra.cat\/?s={search_term_string}"},"query-input":{"@type":"PropertyValueSpecification","valueRequired":true,"valueName":"search_term_string"}}],"inLanguage":"es"},{"@type":"Organization","@id":"https:\/\/gradesorra.cat\/#organization","name":"\"Gra de Sorra - Contacontes, narraci\u00f3 orali tallers creatius (Catalunya)","url":"https:\/\/gradesorra.cat\/","logo":{"@type":"ImageObject","inLanguage":"es","@id":"https:\/\/gradesorra.cat\/#\/schema\/logo\/image\/","url":"https:\/\/gradesorra.cat\/wp-content\/uploads\/2024\/02\/logo-gra-de-sorra.png","contentUrl":"https:\/\/gradesorra.cat\/wp-content\/uploads\/2024\/02\/logo-gra-de-sorra.png","width":1685,"height":1191,"caption":"\"Gra de Sorra - Contacontes, narraci\u00f3 orali tallers creatius (Catalunya)"},"image":{"@id":"https:\/\/gradesorra.cat\/#\/schema\/logo\/image\/"}}]}},"_links":{"self":[{"href":"https:\/\/gradesorra.cat\/es\/wp-json\/wp\/v2\/pages\/6205","targetHints":{"allow":["GET"]}}],"collection":[{"href":"https:\/\/gradesorra.cat\/es\/wp-json\/wp\/v2\/pages"}],"about":[{"href":"https:\/\/gradesorra.cat\/es\/wp-json\/wp\/v2\/types\/page"}],"author":[{"embeddable":true,"href":"https:\/\/gradesorra.cat\/es\/wp-json\/wp\/v2\/users\/2"}],"replies":[{"embeddable":true,"href":"https:\/\/gradesorra.cat\/es\/wp-json\/wp\/v2\/comments?post=6205"}],"version-history":[{"count":3,"href":"https:\/\/gradesorra.cat\/es\/wp-json\/wp\/v2\/pages\/6205\/revisions"}],"predecessor-version":[{"id":7221,"href":"https:\/\/gradesorra.cat\/es\/wp-json\/wp\/v2\/pages\/6205\/revisions\/7221"}],"up":[{"embeddable":true,"href":"https:\/\/gradesorra.cat\/es\/wp-json\/wp\/v2\/pages\/6217"}],"wp:featuredmedia":[{"embeddable":true,"href":"https:\/\/gradesorra.cat\/es\/wp-json\/wp\/v2\/media\/5652"}],"wp:attachment":[{"href":"https:\/\/gradesorra.cat\/es\/wp-json\/wp\/v2\/media?parent=6205"}],"wp:term":[{"taxonomy":"category","embeddable":true,"href":"https:\/\/gradesorra.cat\/es\/wp-json\/wp\/v2\/categories?post=6205"},{"taxonomy":"post_tag","embeddable":true,"href":"https:\/\/gradesorra.cat\/es\/wp-json\/wp\/v2\/tags?post=6205"}],"curies":[{"name":"wp","href":"https:\/\/api.w.org\/{rel}","templated":true}]}}