

{"id":6206,"date":"2020-10-10T14:04:59","date_gmt":"2020-10-10T13:04:59","guid":{"rendered":"https:\/\/gradesorra.cat\/els-contes-com-a-eina-pedagogica\/"},"modified":"2025-03-06T00:57:18","modified_gmt":"2025-03-05T23:57:18","slug":"els-contes-com-a-eina-pedagogica","status":"publish","type":"page","link":"https:\/\/gradesorra.cat\/es\/xerrades\/els-contes-com-a-eina-pedagogica\/","title":{"rendered":"Els contes com a eina pedag\u00f2gica"},"content":{"rendered":"<p>[et_pb_section fb_built=\u00bb1&#8243; admin_label=\u00bbsection\u00bb _builder_version=\u00bb4.16&#8243; global_colors_info=\u00bb{}\u00bb][et_pb_row column_structure=\u00bb1_2,1_2&#8243; admin_label=\u00bbrow\u00bb _builder_version=\u00bb4.16&#8243; background_size=\u00bbinitial\u00bb background_position=\u00bbtop_left\u00bb background_repeat=\u00bbrepeat\u00bb global_colors_info=\u00bb{}\u00bb][et_pb_column type=\u00bb1_2&#8243; _builder_version=\u00bb4.16&#8243; custom_padding=\u00bb|||\u00bb global_colors_info=\u00bb{}\u00bb custom_padding__hover=\u00bb|||\u00bb][et_pb_text admin_label=\u00bbText\u00bb _builder_version=\u00bb4.24.0&#8243; background_size=\u00bbinitial\u00bb background_position=\u00bbtop_left\u00bb background_repeat=\u00bbrepeat\u00bb global_colors_info=\u00bb{}\u00bb]<\/p>\n<h1 data-start=\"74\" data-end=\"114\"><span style=\"color: #333333;\"><strong data-start=\"76\" data-end=\"112\">Els Contes com a Eina Pedag\u00f2gica<\/strong><\/span><\/h1>\n<p data-start=\"115\" data-end=\"191\"><strong data-start=\"115\" data-end=\"189\">Descobrir, analitzar i transformar les hist\u00f2ries en recursos educatius<\/strong><\/p>\n<p data-start=\"193\" data-end=\"513\">Els contes s\u00f3n una de les eines m\u00e9s poderoses per a l\u2019educaci\u00f3, la transmissi\u00f3 de valors i la connexi\u00f3 emocional. Aquesta xerrada ens convida a explorar com els contes poden anar m\u00e9s enll\u00e0 de la narraci\u00f3 i convertir-se en <strong data-start=\"415\" data-end=\"449\">una experi\u00e8ncia d\u2019aprenentatge<\/strong>, fomentant la reflexi\u00f3, la creativitat i el pensament cr\u00edtic.<\/p>\n<p data-start=\"193\" data-end=\"513\">\n<h3 data-start=\"515\" data-end=\"531\"><\/h3>\n<h4 data-start=\"467\" data-end=\"491\"><strong data-start=\"471\" data-end=\"489\">Qu\u00e8 aprendrem?<\/strong><\/h4>\n<ul data-start=\"474\" data-end=\"950\">\n<li data-start=\"474\" data-end=\"556\"><strong data-start=\"476\" data-end=\"500\">El conte i el vincle<\/strong>: Com els contes creen connexi\u00f3 i espais de confian\u00e7a.<\/li>\n<li data-start=\"557\" data-end=\"640\"><strong data-start=\"559\" data-end=\"605\">Per qu\u00e8 \u00e9s important explicar contes avui?<\/strong>: El seu paper en un m\u00f3n digital.<\/li>\n<li data-start=\"641\" data-end=\"715\"><strong data-start=\"643\" data-end=\"666\">Com triem un conte?<\/strong>: Criteris segons l\u2019edat i l\u2019objectiu educatiu.<\/li>\n<li data-start=\"716\" data-end=\"802\"><strong data-start=\"718\" data-end=\"751\">Contes tradicionals i moderns<\/strong>: Interpretaci\u00f3, adaptaci\u00f3 i influ\u00e8ncia cultural.<\/li>\n<li data-start=\"803\" data-end=\"883\"><strong data-start=\"805\" data-end=\"828\">Juguem i improvisem<\/strong>: Din\u00e0miques pr\u00e0ctiques per a la narraci\u00f3 espont\u00e0nia.<\/li>\n<li data-start=\"884\" data-end=\"950\"><strong data-start=\"886\" data-end=\"909\">M\u00e9s enll\u00e0 del conte<\/strong>: Projectes i aplicacions pedag\u00f2giques.<\/li>\n<\/ul>\n<p><b><\/b><\/p>\n<p><b><\/b><\/p>\n<p><b><\/b><\/p>\n<p><b><\/b><\/p>\n<p><b><\/b><\/p>\n<p>[\/et_pb_text][\/et_pb_column][et_pb_column type=\u00bb1_2&#8243; _builder_version=\u00bb4.16&#8243; custom_padding=\u00bb|||\u00bb global_colors_info=\u00bb{}\u00bb custom_padding__hover=\u00bb|||\u00bb][et_pb_text admin_label=\u00bbText\u00bb _builder_version=\u00bb4.27.3&#8243; background_size=\u00bbinitial\u00bb background_position=\u00bbtop_left\u00bb background_repeat=\u00bbrepeat\u00bb global_colors_info=\u00bb{}\u00bb]<\/p>\n<p><strong style=\"font-size: 16px;\"><\/strong><img loading=\"lazy\" decoding=\"async\" src=\"https:\/\/gradesorra.cat\/wp-content\/uploads\/2024\/01\/FOTO-ALBERT-300x201.jpg\" width=\"300\" height=\"201\" alt=\"\" class=\"wp-image-5627 alignnone size-medium\" \/><\/p>\n<p><strong style=\"font-size: 16px;\"><\/strong><\/p>\n<p><strong style=\"font-size: 16px;\"><\/strong><\/p>\n<p><strong style=\"font-size: 16px;\"><\/strong><\/p>\n<h3 data-start=\"1930\" data-end=\"1947\"><strong data-start=\"1934\" data-end=\"1945\"><\/strong><\/h3>\n<h3 data-start=\"1930\" data-end=\"1947\"><strong data-start=\"1934\" data-end=\"1945\"><\/strong><\/h3>\n<h4 data-start=\"467\" data-end=\"491\"><strong data-start=\"471\" data-end=\"489\"><\/strong><\/h4>\n<h4 data-start=\"467\" data-end=\"491\"><strong data-start=\"471\" data-end=\"489\"><\/strong><\/h4>\n<h4 data-start=\"467\" data-end=\"491\"><strong data-start=\"471\" data-end=\"489\">Durada:<\/strong><\/h4>\n<ul data-start=\"1948\" data-end=\"2008\">\n<li data-start=\"1948\" data-end=\"1968\"><strong data-start=\"1950\" data-end=\"1962\">Xerrada:<\/strong> 1&#8217;3o h<\/li>\n<li data-start=\"1969\" data-end=\"2008\"><strong data-start=\"1971\" data-end=\"1990\">Taller pr\u00e0ctic:<\/strong> A partir de 2 h<\/li>\n<\/ul>\n<p data-start=\"2010\" data-end=\"2135\"><strong data-start=\"2010\" data-end=\"2133\">Per a docents, educadors, narradors, fam\u00edlies i qualsevol persona interessada en la narraci\u00f3 com a eina d\u2019aprenentatge.<\/strong><\/p>\n<p data-start=\"2137\" data-end=\"2255\"><strong data-start=\"2137\" data-end=\"2253\">Descobreix el potencial pedag\u00f2gic dels contes i com convertir-los en recursos per a l\u2019educaci\u00f3 i la creativitat!<\/strong><\/p>\n<p>[\/et_pb_text][\/et_pb_column][\/et_pb_row][\/et_pb_section]<\/p>\n","protected":false},"excerpt":{"rendered":"<p>Els Contes com a Eina Pedag\u00f2gica Descobrir, analitzar i transformar les hist\u00f2ries en recursos educatius Els contes s\u00f3n una de les eines m\u00e9s poderoses per a l\u2019educaci\u00f3, la transmissi\u00f3 de valors i la connexi\u00f3 emocional. Aquesta xerrada ens convida a explorar com els contes poden anar m\u00e9s enll\u00e0 de la narraci\u00f3 i convertir-se en una [&hellip;]<\/p>\n","protected":false},"author":2,"featured_media":5646,"parent":6217,"menu_order":0,"comment_status":"closed","ping_status":"closed","template":"","meta":{"_et_pb_use_builder":"on","_et_pb_old_content":"[vc_row][vc_column width=\"2\/3\"][vc_custom_heading source=\"post_title\" use_theme_fonts=\"yes\"][separator width=\"20px\" height=\"3px\" position=\"center\" color=\"#222222\" margin_top=\"20px\" margin_bottom=\"20px\"][vc_column_text]<img class=\"alignnone size-medium wp-image-3301\" src=\"http:\/\/gradesorra.cat\/wp-content\/uploads\/2018\/02\/gra-taronja.png\" alt=\"\" width=\"22\" height=\"23\" \/>Xerrada\u00a03\n\n<b>Aquesta xerrada est\u00e0 pensada per centrar-nos en una de les vessants del conte, el seu pretext educatiu. L'objectiu \u00e9s el d'analitzar i reflexionar sobre els contes obrint la mirada m\u00e9s enll\u00e0 del propi conte i descobrir nous recursos que ens permetin extreure'n activitats: pensar, crear i reflexionar a partir dels contes.<\/b><b>\u00a0<\/b>\n\n&nbsp;\n\n<img class=\"alignnone size-full wp-image-3299\" src=\"http:\/\/gradesorra.cat\/wp-content\/uploads\/2018\/02\/gra-gris-fort.png\" alt=\"\" width=\"24\" height=\"24\" \/> Temes:\n<ul>\n \t<li><strong>El contes i vincle<\/strong><\/li>\n \t<li><strong>Per qu\u00e8 \u00e9s important explicar contes avui dia?<\/strong><\/li>\n \t<li><strong>Com triem un conte?<\/strong><\/li>\n \t<li><strong>Tipus de contes<\/strong><\/li>\n \t<li><strong>Disney, parlem del dimoni?<\/strong><\/li>\n \t<li><strong>Els contes populars + enll\u00e0 dels l\u00edmits<\/strong><\/li>\n \t<li><strong>Es poden adaptar els contes?<\/strong><\/li>\n \t<li><b>Juguem i improvisem<\/b><\/li>\n \t<li><strong>Cal utilitzar contes d'emocions?<\/strong><\/li>\n \t<li><strong>Projectes a partir de contes <\/strong><\/li>\n \t<li><strong>Anem + enll\u00e0?<\/strong><\/li>\n<\/ul>\n&nbsp;\n\n<img class=\"alignnone size-full wp-image-3300\" src=\"http:\/\/gradesorra.cat\/wp-content\/uploads\/2018\/02\/gra-gris.png\" alt=\"\" width=\"23\" height=\"23\" \/> Durada:\n\n<strong>Xerrada:<\/strong> 1h\n\n<strong>Taller: <\/strong>A partir de 2 h[\/vc_column_text][vc_btn title=\"+ informaci\u00f3\" shape=\"round\" size=\"xs\" link=\"url:%23formulari|||\"][vc_empty_space height=\"60px\"][\/vc_column][vc_column width=\"1\/3\"][\/vc_column][\/vc_row]","_et_gb_content_width":"","footnotes":""},"categories":[],"tags":[23],"class_list":["post-6206","page","type-page","status-publish","has-post-thumbnail","hentry","tag-show-formacions-es"],"yoast_head":"<!-- This site is optimized with the Yoast SEO plugin v24.8.1 - https:\/\/yoast.com\/wordpress\/plugins\/seo\/ -->\n<title>Els contes com a eina pedag\u00f2gica - Gra de Sorra<\/title>\n<meta name=\"robots\" content=\"index, follow, max-snippet:-1, max-image-preview:large, max-video-preview:-1\" \/>\n<link rel=\"canonical\" href=\"https:\/\/gradesorra.cat\/es\/xerrades\/els-contes-com-a-eina-pedagogica\/\" \/>\n<meta property=\"og:locale\" content=\"es_ES\" \/>\n<meta property=\"og:type\" content=\"article\" \/>\n<meta property=\"og:title\" content=\"Els contes com a eina pedag\u00f2gica - Gra de Sorra\" \/>\n<meta property=\"og:description\" content=\"Els Contes com a Eina Pedag\u00f2gica Descobrir, analitzar i transformar les hist\u00f2ries en recursos educatius Els contes s\u00f3n una de les eines m\u00e9s poderoses per a l\u2019educaci\u00f3, la transmissi\u00f3 de valors i la connexi\u00f3 emocional. Aquesta xerrada ens convida a explorar com els contes poden anar m\u00e9s enll\u00e0 de la narraci\u00f3 i convertir-se en una [&hellip;]\" \/>\n<meta property=\"og:url\" content=\"https:\/\/gradesorra.cat\/es\/xerrades\/els-contes-com-a-eina-pedagogica\/\" \/>\n<meta property=\"og:site_name\" content=\"Gra de Sorra\" \/>\n<meta property=\"article:modified_time\" content=\"2025-03-05T23:57:18+00:00\" \/>\n<meta property=\"og:image\" content=\"https:\/\/gradesorra.cat\/wp-content\/uploads\/2024\/01\/gra-1.png\" \/>\n\t<meta property=\"og:image:width\" content=\"653\" \/>\n\t<meta property=\"og:image:height\" content=\"401\" \/>\n\t<meta property=\"og:image:type\" content=\"image\/png\" \/>\n<meta name=\"twitter:card\" content=\"summary_large_image\" \/>\n<meta name=\"twitter:label1\" content=\"Tiempo de lectura\" \/>\n\t<meta name=\"twitter:data1\" content=\"2 minutos\" \/>\n<script type=\"application\/ld+json\" class=\"yoast-schema-graph\">{\"@context\":\"https:\/\/schema.org\",\"@graph\":[{\"@type\":\"WebPage\",\"@id\":\"https:\/\/gradesorra.cat\/es\/xerrades\/els-contes-com-a-eina-pedagogica\/\",\"url\":\"https:\/\/gradesorra.cat\/es\/xerrades\/els-contes-com-a-eina-pedagogica\/\",\"name\":\"Els contes com a eina pedag\u00f2gica - Gra de Sorra\",\"isPartOf\":{\"@id\":\"https:\/\/gradesorra.cat\/#website\"},\"primaryImageOfPage\":{\"@id\":\"https:\/\/gradesorra.cat\/es\/xerrades\/els-contes-com-a-eina-pedagogica\/#primaryimage\"},\"image\":{\"@id\":\"https:\/\/gradesorra.cat\/es\/xerrades\/els-contes-com-a-eina-pedagogica\/#primaryimage\"},\"thumbnailUrl\":\"https:\/\/gradesorra.cat\/wp-content\/uploads\/2024\/01\/gra-1.png\",\"datePublished\":\"2020-10-10T13:04:59+00:00\",\"dateModified\":\"2025-03-05T23:57:18+00:00\",\"breadcrumb\":{\"@id\":\"https:\/\/gradesorra.cat\/es\/xerrades\/els-contes-com-a-eina-pedagogica\/#breadcrumb\"},\"inLanguage\":\"es\",\"potentialAction\":[{\"@type\":\"ReadAction\",\"target\":[\"https:\/\/gradesorra.cat\/es\/xerrades\/els-contes-com-a-eina-pedagogica\/\"]}]},{\"@type\":\"ImageObject\",\"inLanguage\":\"es\",\"@id\":\"https:\/\/gradesorra.cat\/es\/xerrades\/els-contes-com-a-eina-pedagogica\/#primaryimage\",\"url\":\"https:\/\/gradesorra.cat\/wp-content\/uploads\/2024\/01\/gra-1.png\",\"contentUrl\":\"https:\/\/gradesorra.cat\/wp-content\/uploads\/2024\/01\/gra-1.png\",\"width\":653,\"height\":401},{\"@type\":\"BreadcrumbList\",\"@id\":\"https:\/\/gradesorra.cat\/es\/xerrades\/els-contes-com-a-eina-pedagogica\/#breadcrumb\",\"itemListElement\":[{\"@type\":\"ListItem\",\"position\":1,\"name\":\"Inici\",\"item\":\"https:\/\/gradesorra.cat\/\"},{\"@type\":\"ListItem\",\"position\":2,\"name\":\"Charlas\",\"item\":\"https:\/\/gradesorra.cat\/es\/xerrades\/\"},{\"@type\":\"ListItem\",\"position\":3,\"name\":\"Els contes com a eina pedag\u00f2gica\"}]},{\"@type\":\"WebSite\",\"@id\":\"https:\/\/gradesorra.cat\/#website\",\"url\":\"https:\/\/gradesorra.cat\/\",\"name\":\"\\\"Gra de Sorra - Contacontes, narraci\u00f3 oral i tallers creatius (Catalunya)\",\"description\":\"Contes, tallers i projectes creatius per a infants, joves i adults.\",\"publisher\":{\"@id\":\"https:\/\/gradesorra.cat\/#organization\"},\"alternateName\":\"Contes infantils, famioliars i adults en catal\u00e0\",\"potentialAction\":[{\"@type\":\"SearchAction\",\"target\":{\"@type\":\"EntryPoint\",\"urlTemplate\":\"https:\/\/gradesorra.cat\/?s={search_term_string}\"},\"query-input\":{\"@type\":\"PropertyValueSpecification\",\"valueRequired\":true,\"valueName\":\"search_term_string\"}}],\"inLanguage\":\"es\"},{\"@type\":\"Organization\",\"@id\":\"https:\/\/gradesorra.cat\/#organization\",\"name\":\"\\\"Gra de Sorra - Contacontes, narraci\u00f3 orali tallers creatius (Catalunya)\",\"url\":\"https:\/\/gradesorra.cat\/\",\"logo\":{\"@type\":\"ImageObject\",\"inLanguage\":\"es\",\"@id\":\"https:\/\/gradesorra.cat\/#\/schema\/logo\/image\/\",\"url\":\"https:\/\/gradesorra.cat\/wp-content\/uploads\/2024\/02\/logo-gra-de-sorra.png\",\"contentUrl\":\"https:\/\/gradesorra.cat\/wp-content\/uploads\/2024\/02\/logo-gra-de-sorra.png\",\"width\":1685,\"height\":1191,\"caption\":\"\\\"Gra de Sorra - Contacontes, narraci\u00f3 orali tallers creatius (Catalunya)\"},\"image\":{\"@id\":\"https:\/\/gradesorra.cat\/#\/schema\/logo\/image\/\"}}]}<\/script>\n<!-- \/ Yoast SEO plugin. -->","yoast_head_json":{"title":"Els contes com a eina pedag\u00f2gica - Gra de Sorra","robots":{"index":"index","follow":"follow","max-snippet":"max-snippet:-1","max-image-preview":"max-image-preview:large","max-video-preview":"max-video-preview:-1"},"canonical":"https:\/\/gradesorra.cat\/es\/xerrades\/els-contes-com-a-eina-pedagogica\/","og_locale":"es_ES","og_type":"article","og_title":"Els contes com a eina pedag\u00f2gica - Gra de Sorra","og_description":"Els Contes com a Eina Pedag\u00f2gica Descobrir, analitzar i transformar les hist\u00f2ries en recursos educatius Els contes s\u00f3n una de les eines m\u00e9s poderoses per a l\u2019educaci\u00f3, la transmissi\u00f3 de valors i la connexi\u00f3 emocional. Aquesta xerrada ens convida a explorar com els contes poden anar m\u00e9s enll\u00e0 de la narraci\u00f3 i convertir-se en una [&hellip;]","og_url":"https:\/\/gradesorra.cat\/es\/xerrades\/els-contes-com-a-eina-pedagogica\/","og_site_name":"Gra de Sorra","article_modified_time":"2025-03-05T23:57:18+00:00","og_image":[{"width":653,"height":401,"url":"https:\/\/gradesorra.cat\/wp-content\/uploads\/2024\/01\/gra-1.png","type":"image\/png"}],"twitter_card":"summary_large_image","twitter_misc":{"Tiempo de lectura":"2 minutos"},"schema":{"@context":"https:\/\/schema.org","@graph":[{"@type":"WebPage","@id":"https:\/\/gradesorra.cat\/es\/xerrades\/els-contes-com-a-eina-pedagogica\/","url":"https:\/\/gradesorra.cat\/es\/xerrades\/els-contes-com-a-eina-pedagogica\/","name":"Els contes com a eina pedag\u00f2gica - Gra de Sorra","isPartOf":{"@id":"https:\/\/gradesorra.cat\/#website"},"primaryImageOfPage":{"@id":"https:\/\/gradesorra.cat\/es\/xerrades\/els-contes-com-a-eina-pedagogica\/#primaryimage"},"image":{"@id":"https:\/\/gradesorra.cat\/es\/xerrades\/els-contes-com-a-eina-pedagogica\/#primaryimage"},"thumbnailUrl":"https:\/\/gradesorra.cat\/wp-content\/uploads\/2024\/01\/gra-1.png","datePublished":"2020-10-10T13:04:59+00:00","dateModified":"2025-03-05T23:57:18+00:00","breadcrumb":{"@id":"https:\/\/gradesorra.cat\/es\/xerrades\/els-contes-com-a-eina-pedagogica\/#breadcrumb"},"inLanguage":"es","potentialAction":[{"@type":"ReadAction","target":["https:\/\/gradesorra.cat\/es\/xerrades\/els-contes-com-a-eina-pedagogica\/"]}]},{"@type":"ImageObject","inLanguage":"es","@id":"https:\/\/gradesorra.cat\/es\/xerrades\/els-contes-com-a-eina-pedagogica\/#primaryimage","url":"https:\/\/gradesorra.cat\/wp-content\/uploads\/2024\/01\/gra-1.png","contentUrl":"https:\/\/gradesorra.cat\/wp-content\/uploads\/2024\/01\/gra-1.png","width":653,"height":401},{"@type":"BreadcrumbList","@id":"https:\/\/gradesorra.cat\/es\/xerrades\/els-contes-com-a-eina-pedagogica\/#breadcrumb","itemListElement":[{"@type":"ListItem","position":1,"name":"Inici","item":"https:\/\/gradesorra.cat\/"},{"@type":"ListItem","position":2,"name":"Charlas","item":"https:\/\/gradesorra.cat\/es\/xerrades\/"},{"@type":"ListItem","position":3,"name":"Els contes com a eina pedag\u00f2gica"}]},{"@type":"WebSite","@id":"https:\/\/gradesorra.cat\/#website","url":"https:\/\/gradesorra.cat\/","name":"\"Gra de Sorra - Contacontes, narraci\u00f3 oral i tallers creatius (Catalunya)","description":"Contes, tallers i projectes creatius per a infants, joves i adults.","publisher":{"@id":"https:\/\/gradesorra.cat\/#organization"},"alternateName":"Contes infantils, famioliars i adults en catal\u00e0","potentialAction":[{"@type":"SearchAction","target":{"@type":"EntryPoint","urlTemplate":"https:\/\/gradesorra.cat\/?s={search_term_string}"},"query-input":{"@type":"PropertyValueSpecification","valueRequired":true,"valueName":"search_term_string"}}],"inLanguage":"es"},{"@type":"Organization","@id":"https:\/\/gradesorra.cat\/#organization","name":"\"Gra de Sorra - Contacontes, narraci\u00f3 orali tallers creatius (Catalunya)","url":"https:\/\/gradesorra.cat\/","logo":{"@type":"ImageObject","inLanguage":"es","@id":"https:\/\/gradesorra.cat\/#\/schema\/logo\/image\/","url":"https:\/\/gradesorra.cat\/wp-content\/uploads\/2024\/02\/logo-gra-de-sorra.png","contentUrl":"https:\/\/gradesorra.cat\/wp-content\/uploads\/2024\/02\/logo-gra-de-sorra.png","width":1685,"height":1191,"caption":"\"Gra de Sorra - Contacontes, narraci\u00f3 orali tallers creatius (Catalunya)"},"image":{"@id":"https:\/\/gradesorra.cat\/#\/schema\/logo\/image\/"}}]}},"_links":{"self":[{"href":"https:\/\/gradesorra.cat\/es\/wp-json\/wp\/v2\/pages\/6206","targetHints":{"allow":["GET"]}}],"collection":[{"href":"https:\/\/gradesorra.cat\/es\/wp-json\/wp\/v2\/pages"}],"about":[{"href":"https:\/\/gradesorra.cat\/es\/wp-json\/wp\/v2\/types\/page"}],"author":[{"embeddable":true,"href":"https:\/\/gradesorra.cat\/es\/wp-json\/wp\/v2\/users\/2"}],"replies":[{"embeddable":true,"href":"https:\/\/gradesorra.cat\/es\/wp-json\/wp\/v2\/comments?post=6206"}],"version-history":[{"count":4,"href":"https:\/\/gradesorra.cat\/es\/wp-json\/wp\/v2\/pages\/6206\/revisions"}],"predecessor-version":[{"id":7229,"href":"https:\/\/gradesorra.cat\/es\/wp-json\/wp\/v2\/pages\/6206\/revisions\/7229"}],"up":[{"embeddable":true,"href":"https:\/\/gradesorra.cat\/es\/wp-json\/wp\/v2\/pages\/6217"}],"wp:featuredmedia":[{"embeddable":true,"href":"https:\/\/gradesorra.cat\/es\/wp-json\/wp\/v2\/media\/5646"}],"wp:attachment":[{"href":"https:\/\/gradesorra.cat\/es\/wp-json\/wp\/v2\/media?parent=6206"}],"wp:term":[{"taxonomy":"category","embeddable":true,"href":"https:\/\/gradesorra.cat\/es\/wp-json\/wp\/v2\/categories?post=6206"},{"taxonomy":"post_tag","embeddable":true,"href":"https:\/\/gradesorra.cat\/es\/wp-json\/wp\/v2\/tags?post=6206"}],"curies":[{"name":"wp","href":"https:\/\/api.w.org\/{rel}","templated":true}]}}