

{"id":6207,"date":"2020-10-10T14:03:37","date_gmt":"2020-10-10T13:03:37","guid":{"rendered":"https:\/\/gradesorra.cat\/els-contes-populars\/"},"modified":"2025-03-06T00:59:45","modified_gmt":"2025-03-05T23:59:45","slug":"els-contes-populars","status":"publish","type":"page","link":"https:\/\/gradesorra.cat\/es\/xerrades\/els-contes-populars\/","title":{"rendered":"Els contes populars"},"content":{"rendered":"<p>[et_pb_section fb_built=\u00bb1&#8243; admin_label=\u00bbsection\u00bb _builder_version=\u00bb4.16&#8243; global_colors_info=\u00bb{}\u00bb][et_pb_row column_structure=\u00bb1_2,1_2&#8243; admin_label=\u00bbrow\u00bb _builder_version=\u00bb4.16&#8243; background_size=\u00bbinitial\u00bb background_position=\u00bbtop_left\u00bb background_repeat=\u00bbrepeat\u00bb global_colors_info=\u00bb{}\u00bb][et_pb_column type=\u00bb1_2&#8243; _builder_version=\u00bb4.16&#8243; custom_padding=\u00bb|||\u00bb global_colors_info=\u00bb{}\u00bb custom_padding__hover=\u00bb|||\u00bb][et_pb_text admin_label=\u00bbText\u00bb _builder_version=\u00bb4.24.0&#8243; background_size=\u00bbinitial\u00bb background_position=\u00bbtop_left\u00bb background_repeat=\u00bbrepeat\u00bb global_colors_info=\u00bb{}\u00bb]<\/p>\n<h1 data-start=\"146\" data-end=\"211\"><span style=\"color: #333333;\"><strong data-start=\"148\" data-end=\"209\">Els Contes Populars: Entre la Tradici\u00f3 i la Transformaci\u00f3<\/strong><\/span><\/h1>\n<p data-start=\"212\" data-end=\"286\"><strong data-start=\"212\" data-end=\"284\">Descobrint la riquesa dels contes tradicionals i el seu impacte avui<\/strong><\/p>\n<p data-start=\"288\" data-end=\"585\">Els contes populars s\u00f3n molt m\u00e9s que relats antics. S\u00f3n transmissors de valors, cultura i imaginaci\u00f3, per\u00f2 tamb\u00e9 han evolucionat amb el temps. Aquesta xerrada convida a <strong data-start=\"457\" data-end=\"582\">explorar la seva diversitat, entendre els seus punts forts i febles, i reflexionar sobre com els adaptem en el m\u00f3n actual<\/strong>.<\/p>\n<h3 data-start=\"587\" data-end=\"603\"><strong data-start=\"591\" data-end=\"601\"><\/strong><\/h3>\n<p>&nbsp;<\/p>\n<h3 data-start=\"0\" data-end=\"25\"><\/h3>\n<h4 data-start=\"467\" data-end=\"491\"><strong data-start=\"471\" data-end=\"489\">Qu\u00e8 aprendrem?<\/strong><\/h4>\n<ul>\n<li style=\"list-style-type: none;\">\n<ul data-start=\"27\" data-end=\"556\">\n<li data-start=\"27\" data-end=\"119\"><strong data-start=\"29\" data-end=\"51\">El m\u00f3n dels contes<\/strong> \u2013 Qu\u00e8 fa que un conte sigui popular? Evoluci\u00f3 i transmissi\u00f3 oral.<\/li>\n<li data-start=\"120\" data-end=\"209\"><strong data-start=\"122\" data-end=\"141\">Tipus de contes<\/strong> \u2013 Difer\u00e8ncies entre faules, contes meravellosos i altres g\u00e8neres.<\/li>\n<li data-start=\"210\" data-end=\"298\" data-is-only-node=\"\"><strong data-start=\"212\" data-end=\"230\">Pros i contres<\/strong> \u2013 Reflexi\u00f3 sobre els estereotips i el valor educatiu dels contes.<\/li>\n<li data-start=\"299\" data-end=\"387\"><strong data-start=\"301\" data-end=\"322\">Els contes Disney<\/strong> \u2013 L\u2019impacte de les versions comercials en la nostra percepci\u00f3.<\/li>\n<li data-start=\"388\" data-end=\"468\"><strong data-start=\"390\" data-end=\"412\">Adaptem els contes<\/strong> \u2013 Quan i com modificar-los sense perdre\u2019n l\u2019ess\u00e8ncia.<\/li>\n<li data-start=\"469\" data-end=\"556\"><strong data-start=\"471\" data-end=\"483\">Pr\u00e0ctica<\/strong> \u2013 Exercicis per explorar l\u2019adaptaci\u00f3 i la narraci\u00f3 de contes populars.<\/li>\n<\/ul>\n<\/li>\n<\/ul>\n<p>[\/et_pb_text][\/et_pb_column][et_pb_column type=\u00bb1_2&#8243; _builder_version=\u00bb4.16&#8243; custom_padding=\u00bb|||\u00bb global_colors_info=\u00bb{}\u00bb custom_padding__hover=\u00bb|||\u00bb][et_pb_text admin_label=\u00bbText\u00bb _builder_version=\u00bb4.27.3&#8243; background_size=\u00bbinitial\u00bb background_position=\u00bbtop_left\u00bb background_repeat=\u00bbrepeat\u00bb global_colors_info=\u00bb{}\u00bb]<\/p>\n<p><img loading=\"lazy\" decoding=\"async\" src=\"https:\/\/gradesorra.cat\/wp-content\/uploads\/2024\/01\/Tardor-300x200.jpg\" width=\"300\" height=\"200\" alt=\"\" class=\"wp-image-5840 alignnone size-medium\" \/>\u00a0<\/p>\n<p>&nbsp;<\/p>\n<p>&nbsp;<\/p>\n<p>&nbsp;<\/p>\n<h4 data-start=\"467\" data-end=\"491\"><strong data-start=\"471\" data-end=\"489\"><\/strong><\/h4>\n<h4 data-start=\"467\" data-end=\"491\"><strong data-start=\"471\" data-end=\"489\"><\/strong><\/h4>\n<h4 data-start=\"467\" data-end=\"491\"><strong data-start=\"471\" data-end=\"489\">Durada:<\/strong><\/h4>\n<ul data-start=\"1317\" data-end=\"1377\">\n<li data-start=\"1317\" data-end=\"1337\"><strong data-start=\"1319\" data-end=\"1331\">Xerrada:<\/strong> 1 h<\/li>\n<li data-start=\"1338\" data-end=\"1377\"><strong data-start=\"1340\" data-end=\"1359\">Taller pr\u00e0ctic:<\/strong> A partir de 2 h<\/li>\n<\/ul>\n<p>&nbsp;<\/p>\n<p data-start=\"1379\" data-end=\"1508\"><span style=\"color: #c3b196;\"><strong data-start=\"1379\" data-end=\"1506\">Per a docents, narradors, bibliotecaris, fam\u00edlies i totes les persones que volen redescobrir el valor dels contes populars.<\/strong><\/span><\/p>\n<p data-start=\"1510\" data-end=\"1610\"><strong data-start=\"1510\" data-end=\"1608\">Explora, q\u00fcestiona i transforma els contes tradicionals per fer-los viure amb una nova mirada!<\/strong><\/p>\n<p>[\/et_pb_text][\/et_pb_column][\/et_pb_row][\/et_pb_section]<\/p>\n","protected":false},"excerpt":{"rendered":"<p>Els Contes Populars: Entre la Tradici\u00f3 i la Transformaci\u00f3 Descobrint la riquesa dels contes tradicionals i el seu impacte avui Els contes populars s\u00f3n molt m\u00e9s que relats antics. S\u00f3n transmissors de valors, cultura i imaginaci\u00f3, per\u00f2 tamb\u00e9 han evolucionat amb el temps. Aquesta xerrada convida a explorar la seva diversitat, entendre els seus punts [&hellip;]<\/p>\n","protected":false},"author":2,"featured_media":5656,"parent":6217,"menu_order":0,"comment_status":"closed","ping_status":"closed","template":"","meta":{"_et_pb_use_builder":"on","_et_pb_old_content":"[vc_row][vc_column width=\"2\/3\"][vc_custom_heading source=\"post_title\" use_theme_fonts=\"yes\"][separator width=\"20px\" height=\"3px\" position=\"center\" color=\"#222222\" margin_top=\"20px\" margin_bottom=\"20px\"][vc_column_text]<img class=\"alignnone size-medium wp-image-3301\" src=\"http:\/\/gradesorra.cat\/wp-content\/uploads\/2018\/02\/gra-taronja.png\" alt=\"\" width=\"22\" height=\"23\" \/>Xerrada 4\n\n<b>Aquesta xerrada est\u00e0 pensada per con\u00e8ixer i reflexionar sobre els contes populars. L'objectiu \u00e9s el de con\u00e8ixer la riquesa dels contes populars, ampliar-ne el recull i trencar clix\u00e9s sobre aquests tipus de contes.\u00a0<\/b>\n\n&nbsp;\n\n<img class=\"alignnone size-full wp-image-3299\" src=\"http:\/\/gradesorra.cat\/wp-content\/uploads\/2018\/02\/gra-gris-fort.png\" alt=\"\" width=\"24\" height=\"24\" \/> Temes:\n<ul>\n \t<li><strong>El m\u00f3n dels contes<\/strong><\/li>\n \t<li><strong>Tipus de contes<\/strong><\/li>\n \t<li><strong>Pros i contra<\/strong><\/li>\n \t<li><strong>Els contes Disney<\/strong><\/li>\n \t<li><strong>Adaptem els contes<\/strong><\/li>\n \t<li><strong>Pr\u00e0ctica<\/strong><\/li>\n<\/ul>\n&nbsp;\n\n<img class=\"alignnone size-full wp-image-3300\" src=\"http:\/\/gradesorra.cat\/wp-content\/uploads\/2018\/02\/gra-gris.png\" alt=\"\" width=\"23\" height=\"23\" \/> Durada:\n\n<strong>Xerrada:<\/strong> 1h\n\n<strong>Taller: <\/strong>A partir de 2 h[\/vc_column_text][vc_btn title=\"+ informaci\u00f3\" shape=\"round\" size=\"xs\" link=\"url:%23formulari|||\"][vc_empty_space height=\"60px\"][\/vc_column][vc_column width=\"1\/3\"][\/vc_column][\/vc_row]","_et_gb_content_width":"","footnotes":""},"categories":[],"tags":[23],"class_list":["post-6207","page","type-page","status-publish","has-post-thumbnail","hentry","tag-show-formacions-es"],"yoast_head":"<!-- This site is optimized with the Yoast SEO plugin v24.8.1 - https:\/\/yoast.com\/wordpress\/plugins\/seo\/ -->\n<title>Els contes populars - Gra de Sorra<\/title>\n<meta name=\"robots\" content=\"index, follow, max-snippet:-1, max-image-preview:large, max-video-preview:-1\" \/>\n<link rel=\"canonical\" href=\"https:\/\/gradesorra.cat\/es\/xerrades\/els-contes-populars\/\" \/>\n<meta property=\"og:locale\" content=\"es_ES\" \/>\n<meta property=\"og:type\" content=\"article\" \/>\n<meta property=\"og:title\" content=\"Els contes populars - Gra de Sorra\" \/>\n<meta property=\"og:description\" content=\"Els Contes Populars: Entre la Tradici\u00f3 i la Transformaci\u00f3 Descobrint la riquesa dels contes tradicionals i el seu impacte avui Els contes populars s\u00f3n molt m\u00e9s que relats antics. S\u00f3n transmissors de valors, cultura i imaginaci\u00f3, per\u00f2 tamb\u00e9 han evolucionat amb el temps. Aquesta xerrada convida a explorar la seva diversitat, entendre els seus punts [&hellip;]\" \/>\n<meta property=\"og:url\" content=\"https:\/\/gradesorra.cat\/es\/xerrades\/els-contes-populars\/\" \/>\n<meta property=\"og:site_name\" content=\"Gra de Sorra\" \/>\n<meta property=\"article:modified_time\" content=\"2025-03-05T23:59:45+00:00\" \/>\n<meta property=\"og:image\" content=\"https:\/\/gradesorra.cat\/wp-content\/uploads\/2024\/01\/gra-6.png\" \/>\n\t<meta property=\"og:image:width\" content=\"653\" \/>\n\t<meta property=\"og:image:height\" content=\"401\" \/>\n\t<meta property=\"og:image:type\" content=\"image\/png\" \/>\n<meta name=\"twitter:card\" content=\"summary_large_image\" \/>\n<meta name=\"twitter:label1\" content=\"Tiempo de lectura\" \/>\n\t<meta name=\"twitter:data1\" content=\"2 minutos\" \/>\n<script type=\"application\/ld+json\" class=\"yoast-schema-graph\">{\"@context\":\"https:\/\/schema.org\",\"@graph\":[{\"@type\":\"WebPage\",\"@id\":\"https:\/\/gradesorra.cat\/es\/xerrades\/els-contes-populars\/\",\"url\":\"https:\/\/gradesorra.cat\/es\/xerrades\/els-contes-populars\/\",\"name\":\"Els contes populars - Gra de Sorra\",\"isPartOf\":{\"@id\":\"https:\/\/gradesorra.cat\/#website\"},\"primaryImageOfPage\":{\"@id\":\"https:\/\/gradesorra.cat\/es\/xerrades\/els-contes-populars\/#primaryimage\"},\"image\":{\"@id\":\"https:\/\/gradesorra.cat\/es\/xerrades\/els-contes-populars\/#primaryimage\"},\"thumbnailUrl\":\"https:\/\/gradesorra.cat\/wp-content\/uploads\/2024\/01\/gra-6.png\",\"datePublished\":\"2020-10-10T13:03:37+00:00\",\"dateModified\":\"2025-03-05T23:59:45+00:00\",\"breadcrumb\":{\"@id\":\"https:\/\/gradesorra.cat\/es\/xerrades\/els-contes-populars\/#breadcrumb\"},\"inLanguage\":\"es\",\"potentialAction\":[{\"@type\":\"ReadAction\",\"target\":[\"https:\/\/gradesorra.cat\/es\/xerrades\/els-contes-populars\/\"]}]},{\"@type\":\"ImageObject\",\"inLanguage\":\"es\",\"@id\":\"https:\/\/gradesorra.cat\/es\/xerrades\/els-contes-populars\/#primaryimage\",\"url\":\"https:\/\/gradesorra.cat\/wp-content\/uploads\/2024\/01\/gra-6.png\",\"contentUrl\":\"https:\/\/gradesorra.cat\/wp-content\/uploads\/2024\/01\/gra-6.png\",\"width\":653,\"height\":401},{\"@type\":\"BreadcrumbList\",\"@id\":\"https:\/\/gradesorra.cat\/es\/xerrades\/els-contes-populars\/#breadcrumb\",\"itemListElement\":[{\"@type\":\"ListItem\",\"position\":1,\"name\":\"Inici\",\"item\":\"https:\/\/gradesorra.cat\/\"},{\"@type\":\"ListItem\",\"position\":2,\"name\":\"Charlas\",\"item\":\"https:\/\/gradesorra.cat\/es\/xerrades\/\"},{\"@type\":\"ListItem\",\"position\":3,\"name\":\"Els contes populars\"}]},{\"@type\":\"WebSite\",\"@id\":\"https:\/\/gradesorra.cat\/#website\",\"url\":\"https:\/\/gradesorra.cat\/\",\"name\":\"\\\"Gra de Sorra - Contacontes, narraci\u00f3 oral i tallers creatius (Catalunya)\",\"description\":\"Contes, tallers i projectes creatius per a infants, joves i adults.\",\"publisher\":{\"@id\":\"https:\/\/gradesorra.cat\/#organization\"},\"alternateName\":\"Contes infantils, famioliars i adults en catal\u00e0\",\"potentialAction\":[{\"@type\":\"SearchAction\",\"target\":{\"@type\":\"EntryPoint\",\"urlTemplate\":\"https:\/\/gradesorra.cat\/?s={search_term_string}\"},\"query-input\":{\"@type\":\"PropertyValueSpecification\",\"valueRequired\":true,\"valueName\":\"search_term_string\"}}],\"inLanguage\":\"es\"},{\"@type\":\"Organization\",\"@id\":\"https:\/\/gradesorra.cat\/#organization\",\"name\":\"\\\"Gra de Sorra - Contacontes, narraci\u00f3 orali tallers creatius (Catalunya)\",\"url\":\"https:\/\/gradesorra.cat\/\",\"logo\":{\"@type\":\"ImageObject\",\"inLanguage\":\"es\",\"@id\":\"https:\/\/gradesorra.cat\/#\/schema\/logo\/image\/\",\"url\":\"https:\/\/gradesorra.cat\/wp-content\/uploads\/2024\/02\/logo-gra-de-sorra.png\",\"contentUrl\":\"https:\/\/gradesorra.cat\/wp-content\/uploads\/2024\/02\/logo-gra-de-sorra.png\",\"width\":1685,\"height\":1191,\"caption\":\"\\\"Gra de Sorra - Contacontes, narraci\u00f3 orali tallers creatius (Catalunya)\"},\"image\":{\"@id\":\"https:\/\/gradesorra.cat\/#\/schema\/logo\/image\/\"}}]}<\/script>\n<!-- \/ Yoast SEO plugin. -->","yoast_head_json":{"title":"Els contes populars - Gra de Sorra","robots":{"index":"index","follow":"follow","max-snippet":"max-snippet:-1","max-image-preview":"max-image-preview:large","max-video-preview":"max-video-preview:-1"},"canonical":"https:\/\/gradesorra.cat\/es\/xerrades\/els-contes-populars\/","og_locale":"es_ES","og_type":"article","og_title":"Els contes populars - Gra de Sorra","og_description":"Els Contes Populars: Entre la Tradici\u00f3 i la Transformaci\u00f3 Descobrint la riquesa dels contes tradicionals i el seu impacte avui Els contes populars s\u00f3n molt m\u00e9s que relats antics. S\u00f3n transmissors de valors, cultura i imaginaci\u00f3, per\u00f2 tamb\u00e9 han evolucionat amb el temps. Aquesta xerrada convida a explorar la seva diversitat, entendre els seus punts [&hellip;]","og_url":"https:\/\/gradesorra.cat\/es\/xerrades\/els-contes-populars\/","og_site_name":"Gra de Sorra","article_modified_time":"2025-03-05T23:59:45+00:00","og_image":[{"width":653,"height":401,"url":"https:\/\/gradesorra.cat\/wp-content\/uploads\/2024\/01\/gra-6.png","type":"image\/png"}],"twitter_card":"summary_large_image","twitter_misc":{"Tiempo de lectura":"2 minutos"},"schema":{"@context":"https:\/\/schema.org","@graph":[{"@type":"WebPage","@id":"https:\/\/gradesorra.cat\/es\/xerrades\/els-contes-populars\/","url":"https:\/\/gradesorra.cat\/es\/xerrades\/els-contes-populars\/","name":"Els contes populars - Gra de Sorra","isPartOf":{"@id":"https:\/\/gradesorra.cat\/#website"},"primaryImageOfPage":{"@id":"https:\/\/gradesorra.cat\/es\/xerrades\/els-contes-populars\/#primaryimage"},"image":{"@id":"https:\/\/gradesorra.cat\/es\/xerrades\/els-contes-populars\/#primaryimage"},"thumbnailUrl":"https:\/\/gradesorra.cat\/wp-content\/uploads\/2024\/01\/gra-6.png","datePublished":"2020-10-10T13:03:37+00:00","dateModified":"2025-03-05T23:59:45+00:00","breadcrumb":{"@id":"https:\/\/gradesorra.cat\/es\/xerrades\/els-contes-populars\/#breadcrumb"},"inLanguage":"es","potentialAction":[{"@type":"ReadAction","target":["https:\/\/gradesorra.cat\/es\/xerrades\/els-contes-populars\/"]}]},{"@type":"ImageObject","inLanguage":"es","@id":"https:\/\/gradesorra.cat\/es\/xerrades\/els-contes-populars\/#primaryimage","url":"https:\/\/gradesorra.cat\/wp-content\/uploads\/2024\/01\/gra-6.png","contentUrl":"https:\/\/gradesorra.cat\/wp-content\/uploads\/2024\/01\/gra-6.png","width":653,"height":401},{"@type":"BreadcrumbList","@id":"https:\/\/gradesorra.cat\/es\/xerrades\/els-contes-populars\/#breadcrumb","itemListElement":[{"@type":"ListItem","position":1,"name":"Inici","item":"https:\/\/gradesorra.cat\/"},{"@type":"ListItem","position":2,"name":"Charlas","item":"https:\/\/gradesorra.cat\/es\/xerrades\/"},{"@type":"ListItem","position":3,"name":"Els contes populars"}]},{"@type":"WebSite","@id":"https:\/\/gradesorra.cat\/#website","url":"https:\/\/gradesorra.cat\/","name":"\"Gra de Sorra - Contacontes, narraci\u00f3 oral i tallers creatius (Catalunya)","description":"Contes, tallers i projectes creatius per a infants, joves i adults.","publisher":{"@id":"https:\/\/gradesorra.cat\/#organization"},"alternateName":"Contes infantils, famioliars i adults en catal\u00e0","potentialAction":[{"@type":"SearchAction","target":{"@type":"EntryPoint","urlTemplate":"https:\/\/gradesorra.cat\/?s={search_term_string}"},"query-input":{"@type":"PropertyValueSpecification","valueRequired":true,"valueName":"search_term_string"}}],"inLanguage":"es"},{"@type":"Organization","@id":"https:\/\/gradesorra.cat\/#organization","name":"\"Gra de Sorra - Contacontes, narraci\u00f3 orali tallers creatius (Catalunya)","url":"https:\/\/gradesorra.cat\/","logo":{"@type":"ImageObject","inLanguage":"es","@id":"https:\/\/gradesorra.cat\/#\/schema\/logo\/image\/","url":"https:\/\/gradesorra.cat\/wp-content\/uploads\/2024\/02\/logo-gra-de-sorra.png","contentUrl":"https:\/\/gradesorra.cat\/wp-content\/uploads\/2024\/02\/logo-gra-de-sorra.png","width":1685,"height":1191,"caption":"\"Gra de Sorra - Contacontes, narraci\u00f3 orali tallers creatius (Catalunya)"},"image":{"@id":"https:\/\/gradesorra.cat\/#\/schema\/logo\/image\/"}}]}},"_links":{"self":[{"href":"https:\/\/gradesorra.cat\/es\/wp-json\/wp\/v2\/pages\/6207","targetHints":{"allow":["GET"]}}],"collection":[{"href":"https:\/\/gradesorra.cat\/es\/wp-json\/wp\/v2\/pages"}],"about":[{"href":"https:\/\/gradesorra.cat\/es\/wp-json\/wp\/v2\/types\/page"}],"author":[{"embeddable":true,"href":"https:\/\/gradesorra.cat\/es\/wp-json\/wp\/v2\/users\/2"}],"replies":[{"embeddable":true,"href":"https:\/\/gradesorra.cat\/es\/wp-json\/wp\/v2\/comments?post=6207"}],"version-history":[{"count":4,"href":"https:\/\/gradesorra.cat\/es\/wp-json\/wp\/v2\/pages\/6207\/revisions"}],"predecessor-version":[{"id":7236,"href":"https:\/\/gradesorra.cat\/es\/wp-json\/wp\/v2\/pages\/6207\/revisions\/7236"}],"up":[{"embeddable":true,"href":"https:\/\/gradesorra.cat\/es\/wp-json\/wp\/v2\/pages\/6217"}],"wp:featuredmedia":[{"embeddable":true,"href":"https:\/\/gradesorra.cat\/es\/wp-json\/wp\/v2\/media\/5656"}],"wp:attachment":[{"href":"https:\/\/gradesorra.cat\/es\/wp-json\/wp\/v2\/media?parent=6207"}],"wp:term":[{"taxonomy":"category","embeddable":true,"href":"https:\/\/gradesorra.cat\/es\/wp-json\/wp\/v2\/categories?post=6207"},{"taxonomy":"post_tag","embeddable":true,"href":"https:\/\/gradesorra.cat\/es\/wp-json\/wp\/v2\/tags?post=6207"}],"curies":[{"name":"wp","href":"https:\/\/api.w.org\/{rel}","templated":true}]}}