

{"id":6211,"date":"2020-10-08T16:40:09","date_gmt":"2020-10-08T15:40:09","guid":{"rendered":"https:\/\/gradesorra.cat\/contes-joves-i-adults\/"},"modified":"2026-02-04T18:54:00","modified_gmt":"2026-02-04T17:54:00","slug":"contes-joves-i-adults","status":"publish","type":"page","link":"https:\/\/gradesorra.cat\/es\/contes-joves-i-adults\/","title":{"rendered":"Adults"},"content":{"rendered":"<p>[et_pb_section fb_built=\u00bb1&#8243; fullwidth=\u00bbon\u00bb _builder_version=\u00bb4.25.0&#8243; _module_preset=\u00bbdefault\u00bb background_image=\u00bbhttps:\/\/gradesorra.cat\/wp-content\/uploads\/2024\/01\/ENCAPCALAMENT-FAMILIAR-2-scaled-1.jpg\u00bb height=\u00bb500px\u00bb global_colors_info=\u00bb{}\u00bb][\/et_pb_section][et_pb_section fb_built=\u00bb1&#8243; admin_label=\u00bbsection\u00bb _builder_version=\u00bb4.16&#8243; global_colors_info=\u00bb{}\u00bb][et_pb_row admin_label=\u00bbrow\u00bb _builder_version=\u00bb4.16&#8243; background_size=\u00bbinitial\u00bb background_position=\u00bbtop_left\u00bb background_repeat=\u00bbrepeat\u00bb global_colors_info=\u00bb{}\u00bb][et_pb_column type=\u00bb4_4&#8243; _builder_version=\u00bb4.16&#8243; custom_padding=\u00bb|||\u00bb global_colors_info=\u00bb{}\u00bb custom_padding__hover=\u00bb|||\u00bb][et_pb_text admin_label=\u00bbText\u00bb _builder_version=\u00bb4.27.4&#8243; background_size=\u00bbinitial\u00bb background_position=\u00bbtop_left\u00bb background_repeat=\u00bbrepeat\u00bb hover_enabled=\u00bb0&#8243; global_colors_info=\u00bb{}\u00bb sticky_enabled=\u00bb0&#8243;]<\/p>\n<h1><span>Narraci\u00f3 oral per a adults<\/span><\/h1>\n<p>Un conte no \u00e9s nom\u00e9s un relat: \u00e9s un viatge que canvia cada vegada, perqu\u00e8 dep\u00e8n de qui l\u2019escolta i del moment en qu\u00e8 arriba. I, tot i aix\u00f2, massa sovint el redu\u00efm a \u201ccosa d\u2019infants\u201d, quan el conte \u2014durant segles\u2014 ha estat una manera adulta d\u2019entendre\u2019ns: de posar paraules al que ens passa, de compartir-nos i de fer comunitat.<br \/>\nLa tradici\u00f3 oral no \u00e9s un museu: \u00e9s un llenguatge viu, ple de s\u00edmbols i d\u2019humor, que encara avui ens toca. Per aix\u00f2 tantes hist\u00f2ries contempor\u00e0nies beuen del mateix origen: del teatre cl\u00e0ssic a la fantasia d\u2019avui. Explicar contes, per mi, no \u00e9s nom\u00e9s entretenir; \u00e9s fer-los presents aqu\u00ed i ara, amb la calidesa de la paraula dita i la complicitat del p\u00fablic.[\/et_pb_text][et_pb_text admin_label=\u00bbText\u00bb _builder_version=\u00bb4.27.4&#8243; background_size=\u00bbinitial\u00bb background_position=\u00bbtop_left\u00bb background_repeat=\u00bbrepeat\u00bb hover_enabled=\u00bb0&#8243; global_colors_info=\u00bb{}\u00bb sticky_enabled=\u00bb0&#8243;]<\/p>\n<h3>Qu\u00e8 t\u2019ofereixo<\/h3>\n<p><strong>Sessions de narraci\u00f3 oral per a biblioteques, centres c\u00edvics, auditoris i programacions municipals<\/strong>, pensades perqu\u00e8 siguin f\u00e0cils de programar i amb bona resposta de p\u00fablic. Funcionen molt b\u00e9 tant en <strong>cicles estables<\/strong> com en dates especials (Sant Jordi, festes majors, programacions d\u2019hivern\/estiu, jornades liter\u00e0ries).<\/p>\n<p><strong>Qu\u00e8 hi trobar\u00e0s:<\/strong> contes i relats que fan riure, sorprenen i remouen. Hi conviuen <strong>tradici\u00f3 oral<\/strong> (mites, llegendes, conte popular) i <strong>relat contemporani<\/strong> (ironia, mirada cr\u00edtica, tendresa). L\u2019objectiu \u00e9s clar: <strong>emoci\u00f3, pensament i complicitat<\/strong>, sense moralines.<\/p>\n<p>&nbsp;<\/p>\n<ul>\n<li data-start=\"0\" data-end=\"98\">\n<p data-start=\"2\" data-end=\"98\"><strong data-start=\"2\" data-end=\"13\">P\u00fablic:<\/strong> adults. Tamb\u00e9 s\u2019hi adapta p\u00fablic jove a partir de <strong data-start=\"64\" data-end=\"78\" data-is-only-node=\"\">14\u201316 anys<\/strong> (segons context).<\/p>\n<\/li>\n<li data-start=\"99\" data-end=\"161\">\n<p data-start=\"101\" data-end=\"161\"><strong data-start=\"101\" data-end=\"112\">Durada:<\/strong> <strong data-start=\"113\" data-end=\"126\" data-is-only-node=\"\">60\u201375 min<\/strong>. Opcions de <strong data-start=\"139\" data-end=\"145\">45<\/strong> o <strong data-start=\"148\" data-end=\"158\">90 min<\/strong>.<\/p>\n<\/li>\n<li data-start=\"162\" data-end=\"243\">\n<p data-start=\"164\" data-end=\"243\"><strong data-start=\"164\" data-end=\"175\">Espais:<\/strong> interior o exterior: biblioteca, sala polivalent, pla\u00e7a o teatre.<\/p>\n<\/li>\n<li data-start=\"244\" data-end=\"328\">\n<p data-start=\"246\" data-end=\"328\"><strong data-start=\"246\" data-end=\"259\">Muntatge:<\/strong> lleuger i flexible. En espais petits es pot fer <strong data-start=\"308\" data-end=\"325\" data-is-only-node=\"\">a veu natural<\/strong>.<\/p>\n<\/li>\n<li data-start=\"329\" data-end=\"394\">\n<p data-start=\"331\" data-end=\"394\"><strong data-start=\"331\" data-end=\"338\">So:<\/strong> en sales grans, <strong data-start=\"355\" data-end=\"367\" data-is-only-node=\"\">micr\u00f2fon<\/strong> i <strong data-start=\"370\" data-end=\"391\">equip de so b\u00e0sic<\/strong>.<\/p>\n<\/li>\n<li data-start=\"395\" data-end=\"459\">\n<p data-start=\"397\" data-end=\"459\"><strong data-start=\"397\" data-end=\"408\">Format:<\/strong> narraci\u00f3 <strong data-start=\"418\" data-end=\"436\" data-is-only-node=\"\">viva i propera<\/strong> (sense complicacions).<\/p>\n<\/li>\n<\/ul>\n<p>[\/et_pb_text][\/et_pb_column][\/et_pb_row][\/et_pb_section][et_pb_section fb_built=\u00bb1&#8243; _builder_version=\u00bb4.24.0&#8243; _module_preset=\u00bbdefault\u00bb background_color=\u00bb#C3B196&#8243; custom_padding=\u00bb0px||0px|||\u00bb global_colors_info=\u00bb{}\u00bb][\/et_pb_section][et_pb_section fb_built=\u00bb1&#8243; _builder_version=\u00bb4.24.0&#8243; _module_preset=\u00bbdefault\u00bb global_colors_info=\u00bb{}\u00bb][et_pb_row _builder_version=\u00bb4.27.4&#8243; _module_preset=\u00bbdefault\u00bb global_colors_info=\u00bb{}\u00bb][et_pb_column type=\u00bb4_4&#8243; _builder_version=\u00bb4.24.0&#8243; _module_preset=\u00bbdefault\u00bb global_colors_info=\u00bb{}\u00bb][et_pb_text _builder_version=\u00bb4.24.0&#8243; _module_preset=\u00bbdefault\u00bb global_colors_info=\u00bb{}\u00bb]<\/p>\n      <div id=\"post-grid-lazy-5965\" class=\"post-grid-lazy\"><img decoding=\"async\" alt=\"\" src=\"\" \/><\/div>\n    <script>\n      jQuery('#post-grid-lazy-5965').ready(function($) {\n        $('#post-grid-lazy-5965').fadeOut();\n        $('#post-grid-5965   ').fadeIn();\n      })\n    <\/script>\n    <style type=\"text\/css\">\n      #post-grid-5965 {\n        display: none;\n      }\n\n      .post-grid-lazy {\n        text-align: center;\n      }\n    <\/style>\n    <div data-options='{&quot;id&quot;:&quot;5965&quot;,&quot;lazy_load&quot;:&quot;yes&quot;,&quot;masonry_enable&quot;:&quot;no&quot;,&quot;view_type&quot;:&quot;grid&quot;}' id=\"post-grid-5965\" class=\"post-grid grid\">\n        <div class=\"grid-items\">\n      <div class=\"item item-7674 skin flat even 0 \">\n        <div class=\"layer-wrapper layout-5958\">\n          <div class=\"element element_1707215317460  thumb \">\n                    <a target=\"_self\" href=\"https:\/\/gradesorra.cat\/es\/contes-joves-i-adults\/histories-per-riures-de-la-vida-i-de-lamor\/\"><img decoding=\"async\" alt=\"php\"\n                    src=\"https:\/\/gradesorra.cat\/wp-content\/uploads\/2025\/10\/histories.jpg\" alt=\"\"><\/a>\n            <\/div>\n    <div class=\"element element_1707215437556  title \">\n                    <a target=\"_blank\"\n                href=\"https:\/\/gradesorra.cat\/es\/contes-joves-i-adults\/histories-per-riures-de-la-vida-i-de-lamor\/\">Hist\u00f2ries per riure\u2019s de la vida (i de l\u2019amor)<\/a>\n            <\/div>\n    <\/div>\n  <\/div><div class=\"item item-6226 skin flat odd 1 \">\n        <div class=\"layer-wrapper layout-5958\">\n          <div class=\"element element_1707215317460  thumb \">\n                    <a target=\"_self\" href=\"https:\/\/gradesorra.cat\/es\/contes-joves-i-adults\/histories-de-por-i-misteri\/\"><img decoding=\"async\" alt=\"php\"\n                    src=\"https:\/\/gradesorra.cat\/wp-content\/uploads\/2025\/10\/CartellColorsGradesorra-e1761067653813.png\" alt=\"\"><\/a>\n            <\/div>\n    <div class=\"element element_1707215437556  title \">\n                    <a target=\"_blank\"\n                href=\"https:\/\/gradesorra.cat\/es\/contes-joves-i-adults\/histories-de-por-i-misteri\/\">Misteris!<\/a>\n            <\/div>\n    <\/div>\n  <\/div><div class=\"item item-6227 skin flat even 2 \">\n        <div class=\"layer-wrapper layout-5958\">\n          <div class=\"element element_1707215317460  thumb \">\n                    <a target=\"_self\" href=\"https:\/\/gradesorra.cat\/es\/contes-joves-i-adults\/histories_curioses_de_la_mar\/\"><img decoding=\"async\" alt=\"php\"\n                    src=\"https:\/\/gradesorra.cat\/wp-content\/uploads\/2025\/10\/Histories-curioses-de-la-mar-havaneres.png\" alt=\"\"><\/a>\n            <\/div>\n    <div class=\"element element_1707215437556  title \">\n                    <a target=\"_blank\"\n                href=\"https:\/\/gradesorra.cat\/es\/contes-joves-i-adults\/histories_curioses_de_la_mar\/\">Hist\u00f2ries de la mar<\/a>\n            <\/div>\n    <\/div>\n  <\/div><div class=\"item item-6228 skin flat odd 3 \">\n        <div class=\"layer-wrapper layout-5958\">\n          <div class=\"element element_1707215317460  thumb \">\n                    <a target=\"_self\" href=\"https:\/\/gradesorra.cat\/es\/contes-joves-i-adults\/elsecret_deles_estrelles\/\"><img decoding=\"async\" alt=\"php\"\n                    src=\"https:\/\/gradesorra.cat\/wp-content\/uploads\/2025\/10\/nit_i_Estrelles_resized.png\" alt=\"\"><\/a>\n            <\/div>\n    <div class=\"element element_1707215437556  title \">\n                    <a target=\"_blank\"\n                href=\"https:\/\/gradesorra.cat\/es\/contes-joves-i-adults\/elsecret_deles_estrelles\/\">El secret de les estrelles<\/a>\n            <\/div>\n    <\/div>\n  <\/div>    <\/div>\n      <style type=\"text\/css\">\n        .layout-5958 .element_1707215317460 {\n            overflow: hidden;\n                    }\n\n        .layout-5958 .element_1707215317460 img {\n            max-width: 100%;\n            height: auto;\n        }\n\n        @media only screen and (min-width: 1024px) {\n            .layout-5958 .element_1707215317460 {\n                max-height: 400px;\n                            }\n        }\n\n        @media only screen and (min-width: 768px) and (max-width: 1023px) {\n            .layout-5958 .element_1707215317460 {\n                            }\n        }\n\n        @media only screen and (min-width: 0px) and (max-width: 767px) {\n            .layout-5958 .element_1707215317460 {\n                            }\n        }\n    <\/style>\n    <style type=\"text\/css\">\n        .layout-5958 .element_1707215437556 {\n            font-size: 18px;\n            text-align: center;\n                    }\n\n        .layout-5958 .element_1707215437556 a {\n            font-size: 18px;\n            text-align: center;\n                    }\n    <\/style>\n      <script>\n          <\/script>\n    <style type=\"text\/css\">\n    #post-grid-5965 {\n          }\n\n    #post-grid-5965 .item {\n      padding: 0px;\n      background: #fff;\n          }\n\n    #post-grid-5965 .item .layer-media {\n      height:auto;    }\n\n    @media only screen and (min-width: 0px) and (max-width: 767px) {\n      #post-grid-5965 .grid-items {\n        display: grid;\n        grid-template-columns: 1fr ;\n        column-gap: 10px;\n        row-gap: 10px;\n              }\n\n      #post-grid-5965 .item {\n        height:auto;      }\n    }\n\n    @media only screen and (min-width: 768px) and (max-width: 1023px) {\n      #post-grid-5965 .grid-items {\n        display: grid;\n        grid-template-columns: 1fr 1fr ;\n        column-gap: 10px;\n        row-gap: 10px;\n              }\n\n      #post-grid-5965 .item {\n        max-height:auto;      }\n    }\n\n    @media only screen and (min-width: 1024px) {\n      #post-grid-5965 .grid-items {\n        display: grid;\n        grid-template-columns: 1fr 1fr 1fr 1fr ;\n        column-gap: 10px;\n        row-gap: 10px;\n              }\n\n      #post-grid-5965 .item {\n        height:auto;      }\n    }\n\n      <\/style>\n  <\/div>\n\n<p>[\/et_pb_text][\/et_pb_column][\/et_pb_row][et_pb_row column_structure=\u00bb1_2,1_2&#8243; _builder_version=\u00bb4.24.0&#8243; _module_preset=\u00bbdefault\u00bb global_colors_info=\u00bb{}\u00bb][et_pb_column type=\u00bb1_2&#8243; _builder_version=\u00bb4.24.0&#8243; _module_preset=\u00bbdefault\u00bb global_colors_info=\u00bb{}\u00bb][et_pb_video src=\u00bbhttps:\/\/youtu.be\/R5olmU0FjVM\u00bb _builder_version=\u00bb4.24.0&#8243; _module_preset=\u00bbdefault\u00bb global_colors_info=\u00bb{}\u00bb][\/et_pb_video][\/et_pb_column][et_pb_column type=\u00bb1_2&#8243; _builder_version=\u00bb4.24.0&#8243; _module_preset=\u00bbdefault\u00bb global_colors_info=\u00bb{}\u00bb][et_pb_text _builder_version=\u00bb4.24.0&#8243; _module_preset=\u00bbdefault\u00bb global_colors_info=\u00bb{}\u00bb]<\/p>\n<h2 class=\"vc_custom_heading\">T&#8217;has fet gran \u2014 Pere Calders<\/h2>\n<p class=\"vc_custom_heading\">Aquest v\u00eddeo, el vaig gravar al confinament, i forma part d&#8217;un espectacle que he estat fent aquests darrers anys.<\/p>\n<p class=\"vc_custom_heading\">Les propostes que podeu trobar a l&#8217;apartat de p\u00fablic jove i adult van m\u00e9s encaminades al conte popular, a les llegendes i a la mitologia.<\/p>\n<p>[\/et_pb_text][\/et_pb_column][\/et_pb_row][\/et_pb_section]<\/p>\n","protected":false},"excerpt":{"rendered":"<p>Contes sota les estrelles Un viatge de contes i llegendes pel cel de diferents cultures del m\u00f3n. Des de fa milers d\u2019anys, els humans han mirat el cel per orientar-se, somiar i explicar-se el m\u00f3n. Entre els punts de llum del firmament van imaginar animals, herois i criatures fant\u00e0stiques. Aix\u00ed van n\u00e9ixer les constel\u00b7lacions\u2026 i [&hellip;]<\/p>\n","protected":false},"author":1,"featured_media":6588,"parent":0,"menu_order":0,"comment_status":"closed","ping_status":"closed","template":"","meta":{"_et_pb_use_builder":"on","_et_pb_old_content":"[vc_row type=\"full_width_background\" bg_image=\"4794\" bg_position=\"center center\" class=\"imatges-sobreposades-a-la-capcalera\"][vc_column][\/vc_column][\/vc_row][vc_row][vc_column][vc_custom_heading text=\"P\u00fablic jove i adult\" font_container=\"tag:h2|font_size:28px|text_align:left|line_height:40px\" use_theme_fonts=\"yes\"][separator color=\"#222222\" margin_top=\"20px\" margin_bottom=\"20px\"][vc_column_text]Hi ha molts factors a la hora d'explicar un conte: l'espai, el tema que expliques, el moment del dia, l'edat... per\u00f2, per nosaltres, el m\u00e9s important \u00e9s el que es genera en el moment de comen\u00e7ar. Per m\u00e9s que narris la mateixa hist\u00f2ria, mil i una vegades, mai ser\u00e0 el mateix conte perqu\u00e8 mai tornar\u00e0 a ser el mateix dia. Com deia l'Igansi Potrony quan comences amb \"Hi havia una vegada...\" el conte torna a ser nou i \u00fanic. I, jo afegiria que explicar contes ens fa persones perqu\u00e8 en aquell moment no hi ha edats ni temps i res m\u00e9s important que aquella experi\u00e8ncia que estem vivint plegats.\n\nEntra, remena i troba l'opci\u00f3 que m\u00e9s t'agradi.[\/vc_column_text][\/vc_column][\/vc_row][vc_row][vc_column][vc_column_text][display-posts post_type=\"page\" tag=\"show-adults\" image_size=\"medium\" orderby=\"date\"][\/vc_column_text][\/vc_column][\/vc_row][vc_row][vc_column width=\"2\/4\"][vc_video link=\"https:\/\/youtu.be\/R5olmU0FjVM\"][\/vc_column][vc_column width=\"3\/6\"][vc_empty_space height=\"30px\"][vc_custom_heading text=\"T'has fet gran \u2014 Pere Calders\" font_container=\"tag:h2|font_size:28px|text_align:left|color:%23222222|line_height:40px\" use_theme_fonts=\"yes\"][separator width=\"20px\" height=\"3px\" position=\"center\" color=\"#222222\" margin_top=\"20px\" margin_bottom=\"20px\"][vc_custom_heading text=\"Aquest v\u00eddeo, el vaig gravar al confinament, i forma part d'un espectacle que he estat fent aquests darrers anys.\nLes propostes que podeu trobar a l'apartat de p\u00fablic jove i adult van m\u00e9s encaminades al conte popular, a les llegendes i a la mitologia.\n\" font_container=\"tag:h2|font_size:18px|text_align:left|color:%23565656|line_height:26px\" use_theme_fonts=\"yes\"][\/vc_column][\/vc_row]","_et_gb_content_width":"","footnotes":""},"categories":[],"tags":[25],"class_list":["post-6211","page","type-page","status-publish","has-post-thumbnail","hentry","tag-show-inici-es"],"yoast_head":"<!-- This site is optimized with the Yoast SEO plugin v24.8.1 - https:\/\/yoast.com\/wordpress\/plugins\/seo\/ -->\n<title>Adults - Gra de Sorra<\/title>\n<meta name=\"robots\" content=\"index, follow, max-snippet:-1, max-image-preview:large, max-video-preview:-1\" \/>\n<link rel=\"canonical\" href=\"https:\/\/gradesorra.cat\/es\/contes-joves-i-adults\/\" \/>\n<meta property=\"og:locale\" content=\"es_ES\" \/>\n<meta property=\"og:type\" content=\"article\" \/>\n<meta property=\"og:title\" content=\"Adults - Gra de Sorra\" \/>\n<meta property=\"og:description\" content=\"Contes sota les estrelles Un viatge de contes i llegendes pel cel de diferents cultures del m\u00f3n. Des de fa milers d\u2019anys, els humans han mirat el cel per orientar-se, somiar i explicar-se el m\u00f3n. Entre els punts de llum del firmament van imaginar animals, herois i criatures fant\u00e0stiques. Aix\u00ed van n\u00e9ixer les constel\u00b7lacions\u2026 i [&hellip;]\" \/>\n<meta property=\"og:url\" content=\"https:\/\/gradesorra.cat\/es\/contes-joves-i-adults\/\" \/>\n<meta property=\"og:site_name\" content=\"Gra de Sorra\" \/>\n<meta property=\"article:modified_time\" content=\"2026-02-04T17:54:00+00:00\" \/>\n<meta property=\"og:image\" content=\"https:\/\/gradesorra.cat\/wp-content\/uploads\/2024\/08\/24-05-10-i-11-EVA_roserblanch5091-1024x683.jpg\" \/>\n\t<meta property=\"og:image:width\" content=\"1024\" \/>\n\t<meta property=\"og:image:height\" content=\"683\" \/>\n\t<meta property=\"og:image:type\" content=\"image\/jpeg\" \/>\n<meta name=\"twitter:card\" content=\"summary_large_image\" \/>\n<meta name=\"twitter:label1\" content=\"Tiempo de lectura\" \/>\n\t<meta name=\"twitter:data1\" content=\"4 minutos\" \/>\n<script type=\"application\/ld+json\" class=\"yoast-schema-graph\">{\"@context\":\"https:\/\/schema.org\",\"@graph\":[{\"@type\":\"WebPage\",\"@id\":\"https:\/\/gradesorra.cat\/es\/contes-joves-i-adults\/\",\"url\":\"https:\/\/gradesorra.cat\/es\/contes-joves-i-adults\/\",\"name\":\"Adults - Gra de Sorra\",\"isPartOf\":{\"@id\":\"https:\/\/gradesorra.cat\/#website\"},\"primaryImageOfPage\":{\"@id\":\"https:\/\/gradesorra.cat\/es\/contes-joves-i-adults\/#primaryimage\"},\"image\":{\"@id\":\"https:\/\/gradesorra.cat\/es\/contes-joves-i-adults\/#primaryimage\"},\"thumbnailUrl\":\"https:\/\/gradesorra.cat\/wp-content\/uploads\/2024\/08\/24-05-10-i-11-EVA_roserblanch5091.jpg\",\"datePublished\":\"2020-10-08T15:40:09+00:00\",\"dateModified\":\"2026-02-04T17:54:00+00:00\",\"breadcrumb\":{\"@id\":\"https:\/\/gradesorra.cat\/es\/contes-joves-i-adults\/#breadcrumb\"},\"inLanguage\":\"es\",\"potentialAction\":[{\"@type\":\"ReadAction\",\"target\":[\"https:\/\/gradesorra.cat\/es\/contes-joves-i-adults\/\"]}]},{\"@type\":\"ImageObject\",\"inLanguage\":\"es\",\"@id\":\"https:\/\/gradesorra.cat\/es\/contes-joves-i-adults\/#primaryimage\",\"url\":\"https:\/\/gradesorra.cat\/wp-content\/uploads\/2024\/08\/24-05-10-i-11-EVA_roserblanch5091.jpg\",\"contentUrl\":\"https:\/\/gradesorra.cat\/wp-content\/uploads\/2024\/08\/24-05-10-i-11-EVA_roserblanch5091.jpg\",\"width\":2500,\"height\":1667},{\"@type\":\"BreadcrumbList\",\"@id\":\"https:\/\/gradesorra.cat\/es\/contes-joves-i-adults\/#breadcrumb\",\"itemListElement\":[{\"@type\":\"ListItem\",\"position\":1,\"name\":\"Inici\",\"item\":\"https:\/\/gradesorra.cat\/\"},{\"@type\":\"ListItem\",\"position\":2,\"name\":\"Adults\"}]},{\"@type\":\"WebSite\",\"@id\":\"https:\/\/gradesorra.cat\/#website\",\"url\":\"https:\/\/gradesorra.cat\/\",\"name\":\"\\\"Gra de Sorra - Contacontes, narraci\u00f3 oral i tallers creatius (Catalunya)\",\"description\":\"Contes, tallers i projectes creatius per a infants, joves i adults.\",\"publisher\":{\"@id\":\"https:\/\/gradesorra.cat\/#organization\"},\"alternateName\":\"Contes infantils, famioliars i adults en catal\u00e0\",\"potentialAction\":[{\"@type\":\"SearchAction\",\"target\":{\"@type\":\"EntryPoint\",\"urlTemplate\":\"https:\/\/gradesorra.cat\/?s={search_term_string}\"},\"query-input\":{\"@type\":\"PropertyValueSpecification\",\"valueRequired\":true,\"valueName\":\"search_term_string\"}}],\"inLanguage\":\"es\"},{\"@type\":\"Organization\",\"@id\":\"https:\/\/gradesorra.cat\/#organization\",\"name\":\"\\\"Gra de Sorra - Contacontes, narraci\u00f3 orali tallers creatius (Catalunya)\",\"url\":\"https:\/\/gradesorra.cat\/\",\"logo\":{\"@type\":\"ImageObject\",\"inLanguage\":\"es\",\"@id\":\"https:\/\/gradesorra.cat\/#\/schema\/logo\/image\/\",\"url\":\"https:\/\/gradesorra.cat\/wp-content\/uploads\/2024\/02\/logo-gra-de-sorra.png\",\"contentUrl\":\"https:\/\/gradesorra.cat\/wp-content\/uploads\/2024\/02\/logo-gra-de-sorra.png\",\"width\":1685,\"height\":1191,\"caption\":\"\\\"Gra de Sorra - Contacontes, narraci\u00f3 orali tallers creatius (Catalunya)\"},\"image\":{\"@id\":\"https:\/\/gradesorra.cat\/#\/schema\/logo\/image\/\"}}]}<\/script>\n<!-- \/ Yoast SEO plugin. -->","yoast_head_json":{"title":"Adults - Gra de Sorra","robots":{"index":"index","follow":"follow","max-snippet":"max-snippet:-1","max-image-preview":"max-image-preview:large","max-video-preview":"max-video-preview:-1"},"canonical":"https:\/\/gradesorra.cat\/es\/contes-joves-i-adults\/","og_locale":"es_ES","og_type":"article","og_title":"Adults - Gra de Sorra","og_description":"Contes sota les estrelles Un viatge de contes i llegendes pel cel de diferents cultures del m\u00f3n. Des de fa milers d\u2019anys, els humans han mirat el cel per orientar-se, somiar i explicar-se el m\u00f3n. Entre els punts de llum del firmament van imaginar animals, herois i criatures fant\u00e0stiques. Aix\u00ed van n\u00e9ixer les constel\u00b7lacions\u2026 i [&hellip;]","og_url":"https:\/\/gradesorra.cat\/es\/contes-joves-i-adults\/","og_site_name":"Gra de Sorra","article_modified_time":"2026-02-04T17:54:00+00:00","og_image":[{"width":1024,"height":683,"url":"https:\/\/gradesorra.cat\/wp-content\/uploads\/2024\/08\/24-05-10-i-11-EVA_roserblanch5091-1024x683.jpg","type":"image\/jpeg"}],"twitter_card":"summary_large_image","twitter_misc":{"Tiempo de lectura":"4 minutos"},"schema":{"@context":"https:\/\/schema.org","@graph":[{"@type":"WebPage","@id":"https:\/\/gradesorra.cat\/es\/contes-joves-i-adults\/","url":"https:\/\/gradesorra.cat\/es\/contes-joves-i-adults\/","name":"Adults - Gra de Sorra","isPartOf":{"@id":"https:\/\/gradesorra.cat\/#website"},"primaryImageOfPage":{"@id":"https:\/\/gradesorra.cat\/es\/contes-joves-i-adults\/#primaryimage"},"image":{"@id":"https:\/\/gradesorra.cat\/es\/contes-joves-i-adults\/#primaryimage"},"thumbnailUrl":"https:\/\/gradesorra.cat\/wp-content\/uploads\/2024\/08\/24-05-10-i-11-EVA_roserblanch5091.jpg","datePublished":"2020-10-08T15:40:09+00:00","dateModified":"2026-02-04T17:54:00+00:00","breadcrumb":{"@id":"https:\/\/gradesorra.cat\/es\/contes-joves-i-adults\/#breadcrumb"},"inLanguage":"es","potentialAction":[{"@type":"ReadAction","target":["https:\/\/gradesorra.cat\/es\/contes-joves-i-adults\/"]}]},{"@type":"ImageObject","inLanguage":"es","@id":"https:\/\/gradesorra.cat\/es\/contes-joves-i-adults\/#primaryimage","url":"https:\/\/gradesorra.cat\/wp-content\/uploads\/2024\/08\/24-05-10-i-11-EVA_roserblanch5091.jpg","contentUrl":"https:\/\/gradesorra.cat\/wp-content\/uploads\/2024\/08\/24-05-10-i-11-EVA_roserblanch5091.jpg","width":2500,"height":1667},{"@type":"BreadcrumbList","@id":"https:\/\/gradesorra.cat\/es\/contes-joves-i-adults\/#breadcrumb","itemListElement":[{"@type":"ListItem","position":1,"name":"Inici","item":"https:\/\/gradesorra.cat\/"},{"@type":"ListItem","position":2,"name":"Adults"}]},{"@type":"WebSite","@id":"https:\/\/gradesorra.cat\/#website","url":"https:\/\/gradesorra.cat\/","name":"\"Gra de Sorra - Contacontes, narraci\u00f3 oral i tallers creatius (Catalunya)","description":"Contes, tallers i projectes creatius per a infants, joves i adults.","publisher":{"@id":"https:\/\/gradesorra.cat\/#organization"},"alternateName":"Contes infantils, famioliars i adults en catal\u00e0","potentialAction":[{"@type":"SearchAction","target":{"@type":"EntryPoint","urlTemplate":"https:\/\/gradesorra.cat\/?s={search_term_string}"},"query-input":{"@type":"PropertyValueSpecification","valueRequired":true,"valueName":"search_term_string"}}],"inLanguage":"es"},{"@type":"Organization","@id":"https:\/\/gradesorra.cat\/#organization","name":"\"Gra de Sorra - Contacontes, narraci\u00f3 orali tallers creatius (Catalunya)","url":"https:\/\/gradesorra.cat\/","logo":{"@type":"ImageObject","inLanguage":"es","@id":"https:\/\/gradesorra.cat\/#\/schema\/logo\/image\/","url":"https:\/\/gradesorra.cat\/wp-content\/uploads\/2024\/02\/logo-gra-de-sorra.png","contentUrl":"https:\/\/gradesorra.cat\/wp-content\/uploads\/2024\/02\/logo-gra-de-sorra.png","width":1685,"height":1191,"caption":"\"Gra de Sorra - Contacontes, narraci\u00f3 orali tallers creatius (Catalunya)"},"image":{"@id":"https:\/\/gradesorra.cat\/#\/schema\/logo\/image\/"}}]}},"_links":{"self":[{"href":"https:\/\/gradesorra.cat\/es\/wp-json\/wp\/v2\/pages\/6211","targetHints":{"allow":["GET"]}}],"collection":[{"href":"https:\/\/gradesorra.cat\/es\/wp-json\/wp\/v2\/pages"}],"about":[{"href":"https:\/\/gradesorra.cat\/es\/wp-json\/wp\/v2\/types\/page"}],"author":[{"embeddable":true,"href":"https:\/\/gradesorra.cat\/es\/wp-json\/wp\/v2\/users\/1"}],"replies":[{"embeddable":true,"href":"https:\/\/gradesorra.cat\/es\/wp-json\/wp\/v2\/comments?post=6211"}],"version-history":[{"count":9,"href":"https:\/\/gradesorra.cat\/es\/wp-json\/wp\/v2\/pages\/6211\/revisions"}],"predecessor-version":[{"id":8262,"href":"https:\/\/gradesorra.cat\/es\/wp-json\/wp\/v2\/pages\/6211\/revisions\/8262"}],"wp:featuredmedia":[{"embeddable":true,"href":"https:\/\/gradesorra.cat\/es\/wp-json\/wp\/v2\/media\/6588"}],"wp:attachment":[{"href":"https:\/\/gradesorra.cat\/es\/wp-json\/wp\/v2\/media?parent=6211"}],"wp:term":[{"taxonomy":"category","embeddable":true,"href":"https:\/\/gradesorra.cat\/es\/wp-json\/wp\/v2\/categories?post=6211"},{"taxonomy":"post_tag","embeddable":true,"href":"https:\/\/gradesorra.cat\/es\/wp-json\/wp\/v2\/tags?post=6211"}],"curies":[{"name":"wp","href":"https:\/\/api.w.org\/{rel}","templated":true}]}}