

{"id":6216,"date":"2020-10-07T16:57:43","date_gmt":"2020-10-07T15:57:43","guid":{"rendered":"https:\/\/gradesorra.cat\/tallers\/"},"modified":"2024-08-27T16:32:22","modified_gmt":"2024-08-27T15:32:22","slug":"tallers","status":"publish","type":"page","link":"https:\/\/gradesorra.cat\/es\/tallers\/","title":{"rendered":"Talleres"},"content":{"rendered":"<p>[et_pb_section fb_built=\u00bb1&#8243; fullwidth=\u00bbon\u00bb _builder_version=\u00bb4.24.0&#8243; _module_preset=\u00bbdefault\u00bb background_image=\u00bbhttps:\/\/gradesorra.cat\/wp-content\/uploads\/2024\/01\/PAGINA-TALLERS-scaled-1.jpg\u00bb height=\u00bb500px\u00bb global_colors_info=\u00bb{}\u00bb][\/et_pb_section][et_pb_section fb_built=\u00bb1&#8243; admin_label=\u00bbsection\u00bb _builder_version=\u00bb4.16&#8243; global_colors_info=\u00bb{}\u00bb][et_pb_row admin_label=\u00bbrow\u00bb _builder_version=\u00bb4.16&#8243; background_size=\u00bbinitial\u00bb background_position=\u00bbtop_left\u00bb background_repeat=\u00bbrepeat\u00bb global_colors_info=\u00bb{}\u00bb][et_pb_column type=\u00bb4_4&#8243; _builder_version=\u00bb4.16&#8243; custom_padding=\u00bb|||\u00bb global_colors_info=\u00bb{}\u00bb custom_padding__hover=\u00bb|||\u00bb][et_pb_text admin_label=\u00bbText\u00bb _builder_version=\u00bb4.24.0&#8243; background_size=\u00bbinitial\u00bb background_position=\u00bbtop_left\u00bb background_repeat=\u00bbrepeat\u00bb global_colors_info=\u00bb{}\u00bb]<\/p>\n<h1>Talleres<\/h1>\n<p>Os hemos preparado unos cuantos talleres pr\u00e1cticos para principiantes y expertos que os ayudaran a trabajar la<span> <\/span><strong>diversidad<\/strong>, el g\u00e9nero, las<span> <\/span><strong>emociones<\/strong><span> <\/span>y la creatividad usando cuentos y recursos teatrales.<\/p>\n<p>Una de las caracter\u00edsticas de los cuentos es que los podemos usar como pretexto para introducir temas\/conceptos nuevos o hacer con ellos un trabajo creativo\/pedag\u00f3gico porque sabemos que engancha a los ni\u00f1os. Y digo pretexto, porque la finalidad de un cuento es la de escuchar una buena historia y disfrutar de la experiencia.<\/p>\n<p class=\"vc_custom_heading\">*Los talleres intentan ofrecer una propuesta de actividad el m\u00e1ximo de abierta y adaptable para todos.<\/p>\n<p>[\/et_pb_text][\/et_pb_column][\/et_pb_row][\/et_pb_section][et_pb_section fb_built=\u00bb1&#8243; _builder_version=\u00bb4.24.0&#8243; _module_preset=\u00bbdefault\u00bb background_color=\u00bb#C3B196&#8243; custom_padding=\u00bb0px||0px|||\u00bb global_colors_info=\u00bb{}\u00bb][et_pb_row _builder_version=\u00bb4.24.0&#8243; _module_preset=\u00bbdefault\u00bb global_colors_info=\u00bb{}\u00bb][et_pb_column type=\u00bb4_4&#8243; _builder_version=\u00bb4.24.0&#8243; _module_preset=\u00bbdefault\u00bb global_colors_info=\u00bb{}\u00bb][et_pb_text _builder_version=\u00bb4.24.0&#8243; _module_preset=\u00bbdefault\u00bb hover_enabled=\u00bb0&#8243; global_colors_info=\u00bb{}\u00bb sticky_enabled=\u00bb0&#8243;]<\/p>\n      <div id=\"post-grid-lazy-5966\" class=\"post-grid-lazy\"><img decoding=\"async\" alt=\"\" src=\"\" \/><\/div>\n    <script>\n      jQuery('#post-grid-lazy-5966').ready(function($) {\n        $('#post-grid-lazy-5966').fadeOut();\n        $('#post-grid-5966   ').fadeIn();\n      })\n    <\/script>\n    <style type=\"text\/css\">\n      #post-grid-5966 {\n        display: none;\n      }\n\n      .post-grid-lazy {\n        text-align: center;\n      }\n    <\/style>\n    <div data-options='{&quot;id&quot;:&quot;5966&quot;,&quot;lazy_load&quot;:&quot;yes&quot;,&quot;masonry_enable&quot;:&quot;no&quot;,&quot;view_type&quot;:&quot;grid&quot;}' id=\"post-grid-5966\" class=\"post-grid grid\">\n        <div class=\"grid-items\">\n      <div class=\"item item-7319 skin flat even 0 \">\n        <div class=\"layer-wrapper layout-5958\">\n          <div class=\"element element_1707215317460  thumb \">\n                    <a target=\"_self\" href=\"https:\/\/gradesorra.cat\/es\/tallers-creatius-amb-i-a\/\"><img decoding=\"async\" alt=\"php\"\n                    src=\"https:\/\/gradesorra.cat\/wp-content\/uploads\/2025\/07\/Tallers_Creatius2_i.a.png\" alt=\"\"><\/a>\n            <\/div>\n    <div class=\"element element_1707215437556  title \">\n                    <a target=\"_blank\"\n                href=\"https:\/\/gradesorra.cat\/es\/tallers-creatius-amb-i-a\/\">Laboratori de contes: lectura i escriptura creatives amb IA<\/a>\n            <\/div>\n    <\/div>\n  <\/div><div class=\"item item-7272 skin flat odd 1 \">\n        <div class=\"layer-wrapper layout-5958\">\n          <div class=\"element element_1707215317460  thumb \">\n                    <a target=\"_self\" href=\"https:\/\/gradesorra.cat\/es\/tallers\/tallers-i-contes-per-nadal-carnestoltes-st-joestiu-i-castanyada\/\"><img decoding=\"async\" alt=\"php\"\n                    src=\"https:\/\/gradesorra.cat\/wp-content\/uploads\/2025\/03\/Festes.jpeg\" alt=\"\"><\/a>\n            <\/div>\n    <div class=\"element element_1707215437556  title \">\n                    <a target=\"_blank\"\n                href=\"https:\/\/gradesorra.cat\/es\/tallers\/tallers-i-contes-per-nadal-carnestoltes-st-joestiu-i-castanyada\/\">Tallers de temporada<\/a>\n            <\/div>\n    <\/div>\n  <\/div><div class=\"item item-6195 skin flat even 2 \">\n        <div class=\"layer-wrapper layout-5958\">\n          <div class=\"element element_1707215317460  thumb \">\n                    <a target=\"_self\" href=\"https:\/\/gradesorra.cat\/es\/tallers\/ubuntu-taller-de-viatges-i-contes-darreu\/\"><img decoding=\"async\" alt=\"php\"\n                    src=\"https:\/\/gradesorra.cat\/wp-content\/uploads\/2024\/08\/DALL\u00b7E-2024-08-27-17.40.10-A-detailed-and-realistic-image-of-a-globe-being-held-up-by-multiple-people-from-various-cultural-backgrounds.-The-people-are-standing-together-each-c-e1724773574473.webp\" alt=\"\"><\/a>\n            <\/div>\n    <div class=\"element element_1707215437556  title \">\n                    <a target=\"_blank\"\n                href=\"https:\/\/gradesorra.cat\/es\/tallers\/ubuntu-taller-de-viatges-i-contes-darreu\/\">Ubuntu: Taller de viatges i Contes d'arreu<\/a>\n            <\/div>\n    <\/div>\n  <\/div><div class=\"item item-6203 skin flat odd 3 \">\n        <div class=\"layer-wrapper layout-5958\">\n          <div class=\"element element_1707215317460  thumb \">\n                    <a target=\"_self\" href=\"https:\/\/gradesorra.cat\/es\/tallers\/laventura-inacabada\/\"><img decoding=\"async\" alt=\"php\"\n                    src=\"https:\/\/gradesorra.cat\/wp-content\/uploads\/2024\/01\/Poster-ESCULL.png\" alt=\"\"><\/a>\n            <\/div>\n    <div class=\"element element_1707215437556  title \">\n                    <a target=\"_blank\"\n                href=\"https:\/\/gradesorra.cat\/es\/tallers\/laventura-inacabada\/\">Escull la teva aventura!<\/a>\n            <\/div>\n    <\/div>\n  <\/div><div class=\"item item-6229 skin flat even 4 \">\n        <div class=\"layer-wrapper layout-5958\">\n          <div class=\"element element_1707215317460  thumb \">\n                    <a target=\"_self\" href=\"https:\/\/gradesorra.cat\/es\/tallers\/emocionar-te\/\"><img decoding=\"async\" alt=\"php\"\n                    src=\"https:\/\/gradesorra.cat\/wp-content\/uploads\/2024\/01\/TALLER-EMOCIONAR-TE-scaled-1.jpg\" alt=\"\"><\/a>\n            <\/div>\n    <div class=\"element element_1707215437556  title \">\n                    <a target=\"_blank\"\n                href=\"https:\/\/gradesorra.cat\/es\/tallers\/emocionar-te\/\">Emocionar-te (Gesti\u00f3 d'emocions)<\/a>\n            <\/div>\n    <\/div>\n  <\/div><div class=\"item item-6231 skin flat odd 5 \">\n        <div class=\"layer-wrapper layout-5958\">\n          <div class=\"element element_1707215317460  thumb \">\n                    <a target=\"_self\" href=\"https:\/\/gradesorra.cat\/es\/tallers\/juguem_a_inventar-nos_contes\/\"><img decoding=\"async\" alt=\"php\"\n                    src=\"https:\/\/gradesorra.cat\/wp-content\/uploads\/2024\/01\/JUGUEM-A-INVENTAR-NOS-scaled-1.jpg\" alt=\"\"><\/a>\n            <\/div>\n    <div class=\"element element_1707215437556  title \">\n                    <a target=\"_blank\"\n                href=\"https:\/\/gradesorra.cat\/es\/tallers\/juguem_a_inventar-nos_contes\/\">Juguem a inventar-nos contes<\/a>\n            <\/div>\n    <\/div>\n  <\/div><div class=\"item item-6242 skin flat even 6 \">\n        <div class=\"layer-wrapper layout-5958\">\n          <div class=\"element element_1707215317460  thumb \">\n                    <a target=\"_self\" href=\"https:\/\/gradesorra.cat\/es\/tallers\/un-taller-de-monstres\/\"><img decoding=\"async\" alt=\"php\"\n                    src=\"https:\/\/gradesorra.cat\/wp-content\/uploads\/2024\/08\/DALL\u00b7E-2024-08-27-17.53.34-A-friendly-group-of-three-monsters-designed-for-slightly-older-children-each-with-different-sizes-and-shapes.-The-first-monster-on-the-left-is-square.webp\" alt=\"\"><\/a>\n            <\/div>\n    <div class=\"element element_1707215437556  title \">\n                    <a target=\"_blank\"\n                href=\"https:\/\/gradesorra.cat\/es\/tallers\/un-taller-de-monstres\/\">Un taller de monstres<\/a>\n            <\/div>\n    <\/div>\n  <\/div>    <\/div>\n      <style type=\"text\/css\">\n        .layout-5958 .element_1707215317460 {\n            overflow: hidden;\n                    }\n\n        .layout-5958 .element_1707215317460 img {\n            max-width: 100%;\n            height: auto;\n        }\n\n        @media only screen and (min-width: 1024px) {\n            .layout-5958 .element_1707215317460 {\n                max-height: 400px;\n                            }\n        }\n\n        @media only screen and (min-width: 768px) and (max-width: 1023px) {\n            .layout-5958 .element_1707215317460 {\n                            }\n        }\n\n        @media only screen and (min-width: 0px) and (max-width: 767px) {\n            .layout-5958 .element_1707215317460 {\n                            }\n        }\n    <\/style>\n    <style type=\"text\/css\">\n        .layout-5958 .element_1707215437556 {\n            font-size: 18px;\n            text-align: center;\n                    }\n\n        .layout-5958 .element_1707215437556 a {\n            font-size: 18px;\n            text-align: center;\n                    }\n    <\/style>\n      <script>\n          <\/script>\n    <style type=\"text\/css\">\n    #post-grid-5966 {\n          }\n\n    #post-grid-5966 .item {\n      padding: 0px;\n      background: #fff;\n          }\n\n    #post-grid-5966 .item .layer-media {\n      height:auto;    }\n\n    @media only screen and (min-width: 0px) and (max-width: 767px) {\n      #post-grid-5966 .grid-items {\n        display: grid;\n        grid-template-columns: 1fr ;\n        column-gap: 10px;\n        row-gap: 10px;\n              }\n\n      #post-grid-5966 .item {\n        height:auto;      }\n    }\n\n    @media only screen and (min-width: 768px) and (max-width: 1023px) {\n      #post-grid-5966 .grid-items {\n        display: grid;\n        grid-template-columns: 1fr 1fr ;\n        column-gap: 10px;\n        row-gap: 10px;\n              }\n\n      #post-grid-5966 .item {\n        max-height:auto;      }\n    }\n\n    @media only screen and (min-width: 1024px) {\n      #post-grid-5966 .grid-items {\n        display: grid;\n        grid-template-columns: 1fr 1fr 1fr ;\n        column-gap: 10px;\n        row-gap: 10px;\n              }\n\n      #post-grid-5966 .item {\n        height:auto;      }\n    }\n\n      <\/style>\n  <\/div>\n\n<p>[\/et_pb_text][\/et_pb_column][\/et_pb_row][\/et_pb_section]<\/p>\n","protected":false},"excerpt":{"rendered":"<p>&nbsp; Durada: 1 h Tema: Emocions &#8211; Joc &#8211; Por A partir de 4 anys &nbsp;Un taller de monstres Contes amb taller dedicat als monstres. A la nostra societat, sovint escoltem frases com \u00abno t&#8217;amo\u00efnis, no passa res!, no tinguis por, els monstres no existeixen\u00bb. Per\u00f2 darrere d&#8217;aquestes frases que la majoria de vegades s\u00f3n [&hellip;]<\/p>\n","protected":false},"author":1,"featured_media":7620,"parent":0,"menu_order":2,"comment_status":"closed","ping_status":"closed","template":"","meta":{"_et_pb_use_builder":"on","_et_pb_old_content":"","_et_gb_content_width":"","footnotes":""},"categories":[],"tags":[25],"class_list":["post-6216","page","type-page","status-publish","has-post-thumbnail","hentry","tag-show-inici-es"],"yoast_head":"<!-- This site is optimized with the Yoast SEO plugin v24.8.1 - https:\/\/yoast.com\/wordpress\/plugins\/seo\/ -->\n<title>Talleres - Gra de Sorra<\/title>\n<meta name=\"robots\" content=\"index, follow, max-snippet:-1, max-image-preview:large, max-video-preview:-1\" \/>\n<link rel=\"canonical\" href=\"https:\/\/gradesorra.cat\/es\/tallers\/\" \/>\n<meta property=\"og:locale\" content=\"es_ES\" \/>\n<meta property=\"og:type\" content=\"article\" \/>\n<meta property=\"og:title\" content=\"Talleres - Gra de Sorra\" \/>\n<meta property=\"og:description\" content=\"&nbsp; Durada: 1 h Tema: Emocions - Joc - Por A partir de 4 anys &nbsp;Un taller de monstres Contes amb taller dedicat als monstres. A la nostra societat, sovint escoltem frases com &quot;no t&#039;amo\u00efnis, no passa res!, no tinguis por, els monstres no existeixen&quot;. Per\u00f2 darrere d&#039;aquestes frases que la majoria de vegades s\u00f3n [&hellip;]\" \/>\n<meta property=\"og:url\" content=\"https:\/\/gradesorra.cat\/es\/tallers\/\" \/>\n<meta property=\"og:site_name\" content=\"Gra de Sorra\" \/>\n<meta property=\"article:modified_time\" content=\"2024-08-27T15:32:22+00:00\" \/>\n<meta property=\"og:image\" content=\"https:\/\/gradesorra.cat\/wp-content\/uploads\/2024\/08\/DALL\u00b7E-2024-08-28-14.39.10-A-minimalist-illustration-featuring-a-triangle-a-square-and-a-square-in-the-background-instead-of-a-circle.-The-main-shapes-are-a-blue-square-a-red.webp\" \/>\n\t<meta property=\"og:image:width\" content=\"1024\" \/>\n\t<meta property=\"og:image:height\" content=\"1024\" \/>\n\t<meta property=\"og:image:type\" content=\"image\/webp\" \/>\n<meta name=\"twitter:card\" content=\"summary_large_image\" \/>\n<meta name=\"twitter:label1\" content=\"Tiempo de lectura\" \/>\n\t<meta name=\"twitter:data1\" content=\"1 minuto\" \/>\n<script type=\"application\/ld+json\" class=\"yoast-schema-graph\">{\"@context\":\"https:\/\/schema.org\",\"@graph\":[{\"@type\":\"WebPage\",\"@id\":\"https:\/\/gradesorra.cat\/es\/tallers\/\",\"url\":\"https:\/\/gradesorra.cat\/es\/tallers\/\",\"name\":\"Talleres - Gra de Sorra\",\"isPartOf\":{\"@id\":\"https:\/\/gradesorra.cat\/#website\"},\"primaryImageOfPage\":{\"@id\":\"https:\/\/gradesorra.cat\/es\/tallers\/#primaryimage\"},\"image\":{\"@id\":\"https:\/\/gradesorra.cat\/es\/tallers\/#primaryimage\"},\"thumbnailUrl\":\"https:\/\/gradesorra.cat\/wp-content\/uploads\/2025\/07\/Tallers_Creatius_i.a.jpg\",\"datePublished\":\"2020-10-07T15:57:43+00:00\",\"dateModified\":\"2024-08-27T15:32:22+00:00\",\"breadcrumb\":{\"@id\":\"https:\/\/gradesorra.cat\/es\/tallers\/#breadcrumb\"},\"inLanguage\":\"es\",\"potentialAction\":[{\"@type\":\"ReadAction\",\"target\":[\"https:\/\/gradesorra.cat\/es\/tallers\/\"]}]},{\"@type\":\"ImageObject\",\"inLanguage\":\"es\",\"@id\":\"https:\/\/gradesorra.cat\/es\/tallers\/#primaryimage\",\"url\":\"https:\/\/gradesorra.cat\/wp-content\/uploads\/2025\/07\/Tallers_Creatius_i.a.jpg\",\"contentUrl\":\"https:\/\/gradesorra.cat\/wp-content\/uploads\/2025\/07\/Tallers_Creatius_i.a.jpg\",\"width\":1024,\"height\":1024},{\"@type\":\"BreadcrumbList\",\"@id\":\"https:\/\/gradesorra.cat\/es\/tallers\/#breadcrumb\",\"itemListElement\":[{\"@type\":\"ListItem\",\"position\":1,\"name\":\"Inici\",\"item\":\"https:\/\/gradesorra.cat\/\"},{\"@type\":\"ListItem\",\"position\":2,\"name\":\"Talleres\"}]},{\"@type\":\"WebSite\",\"@id\":\"https:\/\/gradesorra.cat\/#website\",\"url\":\"https:\/\/gradesorra.cat\/\",\"name\":\"\\\"Gra de Sorra - Contacontes, narraci\u00f3 oral i tallers creatius (Catalunya)\",\"description\":\"Contes, tallers i projectes creatius per a infants, joves i adults.\",\"publisher\":{\"@id\":\"https:\/\/gradesorra.cat\/#organization\"},\"alternateName\":\"Contes infantils, famioliars i adults en catal\u00e0\",\"potentialAction\":[{\"@type\":\"SearchAction\",\"target\":{\"@type\":\"EntryPoint\",\"urlTemplate\":\"https:\/\/gradesorra.cat\/?s={search_term_string}\"},\"query-input\":{\"@type\":\"PropertyValueSpecification\",\"valueRequired\":true,\"valueName\":\"search_term_string\"}}],\"inLanguage\":\"es\"},{\"@type\":\"Organization\",\"@id\":\"https:\/\/gradesorra.cat\/#organization\",\"name\":\"\\\"Gra de Sorra - Contacontes, narraci\u00f3 orali tallers creatius (Catalunya)\",\"url\":\"https:\/\/gradesorra.cat\/\",\"logo\":{\"@type\":\"ImageObject\",\"inLanguage\":\"es\",\"@id\":\"https:\/\/gradesorra.cat\/#\/schema\/logo\/image\/\",\"url\":\"https:\/\/gradesorra.cat\/wp-content\/uploads\/2024\/02\/logo-gra-de-sorra.png\",\"contentUrl\":\"https:\/\/gradesorra.cat\/wp-content\/uploads\/2024\/02\/logo-gra-de-sorra.png\",\"width\":1685,\"height\":1191,\"caption\":\"\\\"Gra de Sorra - Contacontes, narraci\u00f3 orali tallers creatius (Catalunya)\"},\"image\":{\"@id\":\"https:\/\/gradesorra.cat\/#\/schema\/logo\/image\/\"}}]}<\/script>\n<!-- \/ Yoast SEO plugin. -->","yoast_head_json":{"title":"Talleres - Gra de Sorra","robots":{"index":"index","follow":"follow","max-snippet":"max-snippet:-1","max-image-preview":"max-image-preview:large","max-video-preview":"max-video-preview:-1"},"canonical":"https:\/\/gradesorra.cat\/es\/tallers\/","og_locale":"es_ES","og_type":"article","og_title":"Talleres - Gra de Sorra","og_description":"&nbsp; Durada: 1 h Tema: Emocions - Joc - Por A partir de 4 anys &nbsp;Un taller de monstres Contes amb taller dedicat als monstres. A la nostra societat, sovint escoltem frases com \"no t'amo\u00efnis, no passa res!, no tinguis por, els monstres no existeixen\". Per\u00f2 darrere d'aquestes frases que la majoria de vegades s\u00f3n [&hellip;]","og_url":"https:\/\/gradesorra.cat\/es\/tallers\/","og_site_name":"Gra de Sorra","article_modified_time":"2024-08-27T15:32:22+00:00","og_image":[{"width":1024,"height":1024,"url":"https:\/\/gradesorra.cat\/wp-content\/uploads\/2024\/08\/DALL\u00b7E-2024-08-28-14.39.10-A-minimalist-illustration-featuring-a-triangle-a-square-and-a-square-in-the-background-instead-of-a-circle.-The-main-shapes-are-a-blue-square-a-red.webp","type":"image\/webp"}],"twitter_card":"summary_large_image","twitter_misc":{"Tiempo de lectura":"1 minuto"},"schema":{"@context":"https:\/\/schema.org","@graph":[{"@type":"WebPage","@id":"https:\/\/gradesorra.cat\/es\/tallers\/","url":"https:\/\/gradesorra.cat\/es\/tallers\/","name":"Talleres - Gra de Sorra","isPartOf":{"@id":"https:\/\/gradesorra.cat\/#website"},"primaryImageOfPage":{"@id":"https:\/\/gradesorra.cat\/es\/tallers\/#primaryimage"},"image":{"@id":"https:\/\/gradesorra.cat\/es\/tallers\/#primaryimage"},"thumbnailUrl":"https:\/\/gradesorra.cat\/wp-content\/uploads\/2025\/07\/Tallers_Creatius_i.a.jpg","datePublished":"2020-10-07T15:57:43+00:00","dateModified":"2024-08-27T15:32:22+00:00","breadcrumb":{"@id":"https:\/\/gradesorra.cat\/es\/tallers\/#breadcrumb"},"inLanguage":"es","potentialAction":[{"@type":"ReadAction","target":["https:\/\/gradesorra.cat\/es\/tallers\/"]}]},{"@type":"ImageObject","inLanguage":"es","@id":"https:\/\/gradesorra.cat\/es\/tallers\/#primaryimage","url":"https:\/\/gradesorra.cat\/wp-content\/uploads\/2025\/07\/Tallers_Creatius_i.a.jpg","contentUrl":"https:\/\/gradesorra.cat\/wp-content\/uploads\/2025\/07\/Tallers_Creatius_i.a.jpg","width":1024,"height":1024},{"@type":"BreadcrumbList","@id":"https:\/\/gradesorra.cat\/es\/tallers\/#breadcrumb","itemListElement":[{"@type":"ListItem","position":1,"name":"Inici","item":"https:\/\/gradesorra.cat\/"},{"@type":"ListItem","position":2,"name":"Talleres"}]},{"@type":"WebSite","@id":"https:\/\/gradesorra.cat\/#website","url":"https:\/\/gradesorra.cat\/","name":"\"Gra de Sorra - Contacontes, narraci\u00f3 oral i tallers creatius (Catalunya)","description":"Contes, tallers i projectes creatius per a infants, joves i adults.","publisher":{"@id":"https:\/\/gradesorra.cat\/#organization"},"alternateName":"Contes infantils, famioliars i adults en catal\u00e0","potentialAction":[{"@type":"SearchAction","target":{"@type":"EntryPoint","urlTemplate":"https:\/\/gradesorra.cat\/?s={search_term_string}"},"query-input":{"@type":"PropertyValueSpecification","valueRequired":true,"valueName":"search_term_string"}}],"inLanguage":"es"},{"@type":"Organization","@id":"https:\/\/gradesorra.cat\/#organization","name":"\"Gra de Sorra - Contacontes, narraci\u00f3 orali tallers creatius (Catalunya)","url":"https:\/\/gradesorra.cat\/","logo":{"@type":"ImageObject","inLanguage":"es","@id":"https:\/\/gradesorra.cat\/#\/schema\/logo\/image\/","url":"https:\/\/gradesorra.cat\/wp-content\/uploads\/2024\/02\/logo-gra-de-sorra.png","contentUrl":"https:\/\/gradesorra.cat\/wp-content\/uploads\/2024\/02\/logo-gra-de-sorra.png","width":1685,"height":1191,"caption":"\"Gra de Sorra - Contacontes, narraci\u00f3 orali tallers creatius (Catalunya)"},"image":{"@id":"https:\/\/gradesorra.cat\/#\/schema\/logo\/image\/"}}]}},"_links":{"self":[{"href":"https:\/\/gradesorra.cat\/es\/wp-json\/wp\/v2\/pages\/6216","targetHints":{"allow":["GET"]}}],"collection":[{"href":"https:\/\/gradesorra.cat\/es\/wp-json\/wp\/v2\/pages"}],"about":[{"href":"https:\/\/gradesorra.cat\/es\/wp-json\/wp\/v2\/types\/page"}],"author":[{"embeddable":true,"href":"https:\/\/gradesorra.cat\/es\/wp-json\/wp\/v2\/users\/1"}],"replies":[{"embeddable":true,"href":"https:\/\/gradesorra.cat\/es\/wp-json\/wp\/v2\/comments?post=6216"}],"version-history":[{"count":6,"href":"https:\/\/gradesorra.cat\/es\/wp-json\/wp\/v2\/pages\/6216\/revisions"}],"predecessor-version":[{"id":6534,"href":"https:\/\/gradesorra.cat\/es\/wp-json\/wp\/v2\/pages\/6216\/revisions\/6534"}],"wp:featuredmedia":[{"embeddable":true,"href":"https:\/\/gradesorra.cat\/es\/wp-json\/wp\/v2\/media\/7620"}],"wp:attachment":[{"href":"https:\/\/gradesorra.cat\/es\/wp-json\/wp\/v2\/media?parent=6216"}],"wp:term":[{"taxonomy":"category","embeddable":true,"href":"https:\/\/gradesorra.cat\/es\/wp-json\/wp\/v2\/categories?post=6216"},{"taxonomy":"post_tag","embeddable":true,"href":"https:\/\/gradesorra.cat\/es\/wp-json\/wp\/v2\/tags?post=6216"}],"curies":[{"name":"wp","href":"https:\/\/api.w.org\/{rel}","templated":true}]}}