

{"id":6217,"date":"2020-10-06T17:00:30","date_gmt":"2020-10-06T16:00:30","guid":{"rendered":"https:\/\/gradesorra.cat\/xerrades\/"},"modified":"2024-02-20T13:27:40","modified_gmt":"2024-02-20T12:27:40","slug":"xerrades","status":"publish","type":"page","link":"https:\/\/gradesorra.cat\/es\/xerrades\/","title":{"rendered":"Charlas"},"content":{"rendered":"<p>[et_pb_section fb_built=\u00bb1&#8243; fullwidth=\u00bbon\u00bb _builder_version=\u00bb4.24.0&#8243; _module_preset=\u00bbdefault\u00bb background_image=\u00bbhttps:\/\/gradesorra.cat\/wp-content\/uploads\/2024\/01\/PAGINA-FORMACIONS-scaled-1.jpg\u00bb height=\u00bb500px\u00bb global_colors_info=\u00bb{}\u00bb][\/et_pb_section][et_pb_section fb_built=\u00bb1&#8243; admin_label=\u00bbsection\u00bb _builder_version=\u00bb4.16&#8243; global_colors_info=\u00bb{}\u00bb][et_pb_row admin_label=\u00bbrow\u00bb _builder_version=\u00bb4.16&#8243; background_size=\u00bbinitial\u00bb background_position=\u00bbtop_left\u00bb background_repeat=\u00bbrepeat\u00bb global_colors_info=\u00bb{}\u00bb][et_pb_column type=\u00bb4_4&#8243; _builder_version=\u00bb4.16&#8243; custom_padding=\u00bb|||\u00bb global_colors_info=\u00bb{}\u00bb custom_padding__hover=\u00bb|||\u00bb][et_pb_text admin_label=\u00bbText\u00bb _builder_version=\u00bb4.24.0&#8243; background_size=\u00bbinitial\u00bb background_position=\u00bbtop_left\u00bb background_repeat=\u00bbrepeat\u00bb global_colors_info=\u00bb{}\u00bb]<\/p>\n<h1>Charlas<\/h1>\n<p>Os he preparado unas charlas muy pr\u00e1cticas pensadas para que os ayuden a introduciros en el mundo de los cuentos o ampliar vuestra mirada y conocimientos. Habr\u00e1 una parte en qu\u00e9 os hablar\u00e9 desde mi experi\u00e8ncia como narrador y formador. Y, otra, en que resolveremos dudas y dar\u00e9 recursos que he aprendido durante estos a\u00f1os. <\/p>\n<p><strong>\u00bfEmpiezas de cero?<\/strong><\/p>\n<p>Te suena la frase: \u201c\u00a1A los ni\u00f1os y a las ni\u00f1as les gustan muuuucho los cuentos! \u00a1Es muy sencillo contar cuentos, ya lo ver\u00e1s!\u201d<\/p>\n<p>Para alguien que no ha contado nunca cuentos, comenzar de cero no es tan facil. Tampoco es imposible pero es necesario tener en cuenta algunas cosas: escoger un buen cuento, edad, p\u00fablico, el p\u00e1nico esc\u00e9nico o a veces tener en cuenta el factor tiempo. \u00a1Si, el tiempo de clima! Shakespeare lo ten\u00eda muy en cuenta en sus obras. Y, en nuestro caso, el clima puede ser un factor que juegue en contra en nuestras sesiones.<\/p>\n<p>No perd\u00e1is la esperanza, os ayudaremos para que vuestras sesiones sean todo un \u00e9xito.<\/p>\n<p><strong>\u00bfQuieres ampliar herramientas y recursos?<\/strong><\/p>\n<p>\u00bfTe gustan mucho los cuentos pero consideras que te iria bien ampliar tus recursos? Alicia, en su viaje al pa\u00eds de las maravillas, ten\u00eda que descubrir cual era la f\u00f3rmula para no hacerse ni demasiado grande ni demasiado peque\u00f1a para poder pasar por la puerta y seguir su viaje. Pues, aqu\u00ed, os ofrecemos un banco de pruebas, un espacio para jugar, un lugar para compartir, reflexionar y encontrar recursos que os ayuden a seguir caminando en este mundo tan maravilloso.<\/p>\n<p>[\/et_pb_text][\/et_pb_column][\/et_pb_row][\/et_pb_section][et_pb_section fb_built=\u00bb1&#8243; _builder_version=\u00bb4.24.0&#8243; _module_preset=\u00bbdefault\u00bb background_color=\u00bb#C3B196&#8243; custom_padding=\u00bb0px||0px|||\u00bb global_colors_info=\u00bb{}\u00bb][et_pb_row _builder_version=\u00bb4.24.0&#8243; _module_preset=\u00bbdefault\u00bb global_colors_info=\u00bb{}\u00bb][et_pb_column type=\u00bb4_4&#8243; _builder_version=\u00bb4.24.0&#8243; _module_preset=\u00bbdefault\u00bb global_colors_info=\u00bb{}\u00bb][et_pb_text _builder_version=\u00bb4.24.0&#8243; _module_preset=\u00bbdefault\u00bb global_colors_info=\u00bb{}\u00bb]<\/p>\n      <div id=\"post-grid-lazy-5968\" class=\"post-grid-lazy\"><img decoding=\"async\" alt=\"\" src=\"\" \/><\/div>\n    <script>\n      jQuery('#post-grid-lazy-5968').ready(function($) {\n        $('#post-grid-lazy-5968').fadeOut();\n        $('#post-grid-5968   ').fadeIn();\n      })\n    <\/script>\n    <style type=\"text\/css\">\n      #post-grid-5968 {\n        display: none;\n      }\n\n      .post-grid-lazy {\n        text-align: center;\n      }\n    <\/style>\n    <div data-options='{&quot;id&quot;:&quot;5968&quot;,&quot;lazy_load&quot;:&quot;yes&quot;,&quot;masonry_enable&quot;:&quot;no&quot;,&quot;view_type&quot;:&quot;grid&quot;}' id=\"post-grid-5968\" class=\"post-grid grid\">\n        <div class=\"grid-items\">\n      <div class=\"item item-6204 skin flat even 0 \">\n        <div class=\"layer-wrapper layout-5958\">\n          <div class=\"element element_1707215317460  thumb \">\n                    <a target=\"_self\" href=\"https:\/\/gradesorra.cat\/es\/xerrades\/com-explicar-contes\/\"><img decoding=\"async\" alt=\"php\"\n                    src=\"https:\/\/gradesorra.cat\/wp-content\/uploads\/2024\/01\/gra-2.png\" alt=\"\"><\/a>\n            <\/div>\n    <div class=\"element element_1707215437556  title \">\n                    <a target=\"_blank\"\n                href=\"https:\/\/gradesorra.cat\/es\/xerrades\/com-explicar-contes\/\">Com explicar contes<\/a>\n            <\/div>\n    <\/div>\n  <\/div><div class=\"item item-6205 skin flat odd 1 \">\n        <div class=\"layer-wrapper layout-5958\">\n          <div class=\"element element_1707215317460  thumb \">\n                    <a target=\"_self\" href=\"https:\/\/gradesorra.cat\/es\/xerrades\/jocs-per-inventar-contes\/\"><img decoding=\"async\" alt=\"php\"\n                    src=\"https:\/\/gradesorra.cat\/wp-content\/uploads\/2024\/01\/gra-4.png\" alt=\"\"><\/a>\n            <\/div>\n    <div class=\"element element_1707215437556  title \">\n                    <a target=\"_blank\"\n                href=\"https:\/\/gradesorra.cat\/es\/xerrades\/jocs-per-inventar-contes\/\">Jocs per inventar contes<\/a>\n            <\/div>\n    <\/div>\n  <\/div><div class=\"item item-6206 skin flat even 2 \">\n        <div class=\"layer-wrapper layout-5958\">\n          <div class=\"element element_1707215317460  thumb \">\n                    <a target=\"_self\" href=\"https:\/\/gradesorra.cat\/es\/xerrades\/els-contes-com-a-eina-pedagogica\/\"><img decoding=\"async\" alt=\"php\"\n                    src=\"https:\/\/gradesorra.cat\/wp-content\/uploads\/2024\/01\/gra-1.png\" alt=\"\"><\/a>\n            <\/div>\n    <div class=\"element element_1707215437556  title \">\n                    <a target=\"_blank\"\n                href=\"https:\/\/gradesorra.cat\/es\/xerrades\/els-contes-com-a-eina-pedagogica\/\">Els contes com a eina pedag\u00f2gica<\/a>\n            <\/div>\n    <\/div>\n  <\/div><div class=\"item item-6207 skin flat odd 3 \">\n        <div class=\"layer-wrapper layout-5958\">\n          <div class=\"element element_1707215317460  thumb \">\n                    <a target=\"_self\" href=\"https:\/\/gradesorra.cat\/es\/xerrades\/els-contes-populars\/\"><img decoding=\"async\" alt=\"php\"\n                    src=\"https:\/\/gradesorra.cat\/wp-content\/uploads\/2024\/01\/gra-6.png\" alt=\"\"><\/a>\n            <\/div>\n    <div class=\"element element_1707215437556  title \">\n                    <a target=\"_blank\"\n                href=\"https:\/\/gradesorra.cat\/es\/xerrades\/els-contes-populars\/\">Els contes populars<\/a>\n            <\/div>\n    <\/div>\n  <\/div><div class=\"item item-6233 skin flat even 4 \">\n        <div class=\"layer-wrapper layout-5958\">\n          <div class=\"element element_1707215317460  thumb \">\n                    <a target=\"_self\" href=\"https:\/\/gradesorra.cat\/es\/xerrades\/xerrada-jocs-i-tallers-amb-i-a\/\"><img decoding=\"async\" alt=\"php\"\n                    src=\"https:\/\/gradesorra.cat\/wp-content\/uploads\/2025\/03\/portadaaa.jpg\" alt=\"\"><\/a>\n            <\/div>\n    <div class=\"element element_1707215437556  title \">\n                    <a target=\"_blank\"\n                href=\"https:\/\/gradesorra.cat\/es\/xerrades\/xerrada-jocs-i-tallers-amb-i-a\/\">IA pr\u00e0ctica per a lectura, escriptura i creativitat<\/a>\n            <\/div>\n    <\/div>\n  <\/div>    <\/div>\n      <style type=\"text\/css\">\n        .layout-5958 .element_1707215317460 {\n            overflow: hidden;\n                    }\n\n        .layout-5958 .element_1707215317460 img {\n            max-width: 100%;\n            height: auto;\n        }\n\n        @media only screen and (min-width: 1024px) {\n            .layout-5958 .element_1707215317460 {\n                max-height: 400px;\n                            }\n        }\n\n        @media only screen and (min-width: 768px) and (max-width: 1023px) {\n            .layout-5958 .element_1707215317460 {\n                            }\n        }\n\n        @media only screen and (min-width: 0px) and (max-width: 767px) {\n            .layout-5958 .element_1707215317460 {\n                            }\n        }\n    <\/style>\n    <style type=\"text\/css\">\n        .layout-5958 .element_1707215437556 {\n            font-size: 18px;\n            text-align: center;\n                    }\n\n        .layout-5958 .element_1707215437556 a {\n            font-size: 18px;\n            text-align: center;\n                    }\n    <\/style>\n      <script>\n          <\/script>\n    <style type=\"text\/css\">\n    #post-grid-5968 {\n          }\n\n    #post-grid-5968 .item {\n      padding: 0px;\n      background: ;\n          }\n\n    #post-grid-5968 .item .layer-media {\n      height:auto;    }\n\n    @media only screen and (min-width: 0px) and (max-width: 767px) {\n      #post-grid-5968 .grid-items {\n        display: grid;\n        grid-template-columns: 1fr ;\n        column-gap: 10px;\n        row-gap: 10px;\n              }\n\n      #post-grid-5968 .item {\n        height:auto;      }\n    }\n\n    @media only screen and (min-width: 768px) and (max-width: 1023px) {\n      #post-grid-5968 .grid-items {\n        display: grid;\n        grid-template-columns: 1fr 1fr ;\n        column-gap: 10px;\n        row-gap: 10px;\n              }\n\n      #post-grid-5968 .item {\n        max-height:auto;      }\n    }\n\n    @media only screen and (min-width: 1024px) {\n      #post-grid-5968 .grid-items {\n        display: grid;\n        grid-template-columns: 1fr 1fr 1fr 1fr ;\n        column-gap: 10px;\n        row-gap: 10px;\n              }\n\n      #post-grid-5968 .item {\n        height:auto;      }\n    }\n\n      <\/style>\n  <\/div>\n\n<p>[\/et_pb_text][\/et_pb_column][\/et_pb_row][\/et_pb_section][et_pb_section fb_built=\u00bb1&#8243; _builder_version=\u00bb4.24.0&#8243; _module_preset=\u00bbdefault\u00bb global_colors_info=\u00bb{}\u00bb][et_pb_row _builder_version=\u00bb4.24.0&#8243; _module_preset=\u00bbdefault\u00bb global_colors_info=\u00bb{}\u00bb column_structure=\u00bb1_3,1_3,1_3&#8243;][et_pb_column type=\u00bb1_3&#8243; _builder_version=\u00bb4.24.0&#8243; _module_preset=\u00bbdefault\u00bb global_colors_info=\u00bb{}\u00bb][et_pb_text _builder_version=\u00bb4.24.1&#8243; _module_preset=\u00bbdefault\u00bb hover_enabled=\u00bb0&#8243; global_colors_info=\u00bb{}\u00bb sticky_enabled=\u00bb0&#8243;]<\/p>\n<p class=\"vc_custom_heading\"><b>Las charlas <\/b>estan pensadas tanto para personal docente como para particulares. Se pueden ajustar a vuestras necesidades como recurso l\u00fadico y pedag\u00f3gico. Son ideales para todas aquellas personas que directa o indirectamente usen los cuentos como recurso l\u00fadico y pedag\u00f3gico.<\/p>\n<p>[\/et_pb_text][\/et_pb_column][et_pb_column type=\u00bb1_3&#8243; _builder_version=\u00bb4.24.0&#8243; _module_preset=\u00bbdefault\u00bb global_colors_info=\u00bb{}\u00bb][et_pb_text _builder_version=\u00bb4.24.1&#8243; _module_preset=\u00bbdefault\u00bb hover_enabled=\u00bb0&#8243; global_colors_info=\u00bb{}\u00bb sticky_enabled=\u00bb0&#8243;]<\/p>\n<p><strong>Para personal docente:<\/strong><\/p>\n<p><strong><\/strong><\/p>\n<ul>\n<li>Profesorado de Infantil y Primaria<\/li>\n<li>Estudiantes de Educaci\u00f3n Infantil<\/li>\n<li>Estudiantes de Integraci\u00f3n social<\/li>\n<li>Educadores en el mundo del ocio<\/li>\n<\/ul>\n<p>[\/et_pb_text][\/et_pb_column][et_pb_column type=\u00bb1_3&#8243; _builder_version=\u00bb4.24.0&#8243; _module_preset=\u00bbdefault\u00bb global_colors_info=\u00bb{}\u00bb][et_pb_text _builder_version=\u00bb4.24.1&#8243; _module_preset=\u00bbdefault\u00bb hover_enabled=\u00bb0&#8243; global_colors_info=\u00bb{}\u00bb sticky_enabled=\u00bb0&#8243;]<\/p>\n<p class=\"vc_custom_heading\"><strong>Para particulares:<\/strong><\/p>\n<p class=\"vc_custom_heading\"><strong><\/strong><\/p>\n<ul>\n<li class=\"vc_custom_heading\">Madres y Padres<\/li>\n<li class=\"vc_custom_heading\">T\u00edos y T\u00edas<\/li>\n<li class=\"vc_custom_heading\">Amantes de los cuentos en general<\/li>\n<li class=\"vc_custom_heading\">Quien quiera usar los cuentos como recurso l\u00fadico.<\/li>\n<\/ul>\n<p>[\/et_pb_text][\/et_pb_column][\/et_pb_row][\/et_pb_section]<\/p>\n","protected":false},"excerpt":{"rendered":"<p>IA pr\u00e0ctica per a lectura, escriptura i creativitatLa intel\u00b7lig\u00e8ncia artificial ja forma part del nostre dia a dia. Per\u00f2, m\u00e9s enll\u00e0 de la curiositat, com la podem fer servir amb criteri?Pot ajudar-nos a llegir millor, escriure amb m\u00e9s estructura i activar la creativitat?Vine a descobrir-ho amb exemples pr\u00e0ctics. En aquesta xerrada veurem usos quotidians de [&hellip;]<\/p>\n","protected":false},"author":1,"featured_media":5772,"parent":0,"menu_order":3,"comment_status":"closed","ping_status":"closed","template":"","meta":{"_et_pb_use_builder":"on","_et_pb_old_content":"","_et_gb_content_width":"","footnotes":""},"categories":[],"tags":[25],"class_list":["post-6217","page","type-page","status-publish","has-post-thumbnail","hentry","tag-show-inici-es"],"yoast_head":"<!-- This site is optimized with the Yoast SEO plugin v24.8.1 - https:\/\/yoast.com\/wordpress\/plugins\/seo\/ -->\n<title>Charlas - Gra de Sorra<\/title>\n<meta name=\"robots\" content=\"index, follow, max-snippet:-1, max-image-preview:large, max-video-preview:-1\" \/>\n<link rel=\"canonical\" href=\"https:\/\/gradesorra.cat\/es\/xerrades\/\" \/>\n<meta property=\"og:locale\" content=\"es_ES\" \/>\n<meta property=\"og:type\" content=\"article\" \/>\n<meta property=\"og:title\" content=\"Charlas - Gra de Sorra\" \/>\n<meta property=\"og:description\" content=\"IA pr\u00e0ctica per a lectura, escriptura i creativitatLa intel\u00b7lig\u00e8ncia artificial ja forma part del nostre dia a dia. Per\u00f2, m\u00e9s enll\u00e0 de la curiositat, com la podem fer servir amb criteri?Pot ajudar-nos a llegir millor, escriure amb m\u00e9s estructura i activar la creativitat?Vine a descobrir-ho amb exemples pr\u00e0ctics. En aquesta xerrada veurem usos quotidians de [&hellip;]\" \/>\n<meta property=\"og:url\" content=\"https:\/\/gradesorra.cat\/es\/xerrades\/\" \/>\n<meta property=\"og:site_name\" content=\"Gra de Sorra\" \/>\n<meta property=\"article:modified_time\" content=\"2024-02-20T12:27:40+00:00\" \/>\n<meta property=\"og:image\" content=\"https:\/\/gradesorra.cat\/wp-content\/uploads\/2024\/01\/PAGINA-FORMACIONS-scaled-1.jpg\" \/>\n\t<meta property=\"og:image:width\" content=\"2560\" \/>\n\t<meta property=\"og:image:height\" content=\"1707\" \/>\n\t<meta property=\"og:image:type\" content=\"image\/jpeg\" \/>\n<meta name=\"twitter:card\" content=\"summary_large_image\" \/>\n<meta name=\"twitter:label1\" content=\"Tiempo de lectura\" \/>\n\t<meta name=\"twitter:data1\" content=\"3 minutos\" \/>\n<script type=\"application\/ld+json\" class=\"yoast-schema-graph\">{\"@context\":\"https:\/\/schema.org\",\"@graph\":[{\"@type\":\"WebPage\",\"@id\":\"https:\/\/gradesorra.cat\/es\/xerrades\/\",\"url\":\"https:\/\/gradesorra.cat\/es\/xerrades\/\",\"name\":\"Charlas - Gra de Sorra\",\"isPartOf\":{\"@id\":\"https:\/\/gradesorra.cat\/#website\"},\"primaryImageOfPage\":{\"@id\":\"https:\/\/gradesorra.cat\/es\/xerrades\/#primaryimage\"},\"image\":{\"@id\":\"https:\/\/gradesorra.cat\/es\/xerrades\/#primaryimage\"},\"thumbnailUrl\":\"https:\/\/gradesorra.cat\/wp-content\/uploads\/2024\/01\/PAGINA-FORMACIONS-scaled-1.jpg\",\"datePublished\":\"2020-10-06T16:00:30+00:00\",\"dateModified\":\"2024-02-20T12:27:40+00:00\",\"breadcrumb\":{\"@id\":\"https:\/\/gradesorra.cat\/es\/xerrades\/#breadcrumb\"},\"inLanguage\":\"es\",\"potentialAction\":[{\"@type\":\"ReadAction\",\"target\":[\"https:\/\/gradesorra.cat\/es\/xerrades\/\"]}]},{\"@type\":\"ImageObject\",\"inLanguage\":\"es\",\"@id\":\"https:\/\/gradesorra.cat\/es\/xerrades\/#primaryimage\",\"url\":\"https:\/\/gradesorra.cat\/wp-content\/uploads\/2024\/01\/PAGINA-FORMACIONS-scaled-1.jpg\",\"contentUrl\":\"https:\/\/gradesorra.cat\/wp-content\/uploads\/2024\/01\/PAGINA-FORMACIONS-scaled-1.jpg\",\"width\":2560,\"height\":1707},{\"@type\":\"BreadcrumbList\",\"@id\":\"https:\/\/gradesorra.cat\/es\/xerrades\/#breadcrumb\",\"itemListElement\":[{\"@type\":\"ListItem\",\"position\":1,\"name\":\"Inici\",\"item\":\"https:\/\/gradesorra.cat\/\"},{\"@type\":\"ListItem\",\"position\":2,\"name\":\"Charlas\"}]},{\"@type\":\"WebSite\",\"@id\":\"https:\/\/gradesorra.cat\/#website\",\"url\":\"https:\/\/gradesorra.cat\/\",\"name\":\"\\\"Gra de Sorra - Contacontes, narraci\u00f3 oral i tallers creatius (Catalunya)\",\"description\":\"Contes, tallers i projectes creatius per a infants, joves i adults.\",\"publisher\":{\"@id\":\"https:\/\/gradesorra.cat\/#organization\"},\"alternateName\":\"Contes infantils, famioliars i adults en catal\u00e0\",\"potentialAction\":[{\"@type\":\"SearchAction\",\"target\":{\"@type\":\"EntryPoint\",\"urlTemplate\":\"https:\/\/gradesorra.cat\/?s={search_term_string}\"},\"query-input\":{\"@type\":\"PropertyValueSpecification\",\"valueRequired\":true,\"valueName\":\"search_term_string\"}}],\"inLanguage\":\"es\"},{\"@type\":\"Organization\",\"@id\":\"https:\/\/gradesorra.cat\/#organization\",\"name\":\"\\\"Gra de Sorra - Contacontes, narraci\u00f3 orali tallers creatius (Catalunya)\",\"url\":\"https:\/\/gradesorra.cat\/\",\"logo\":{\"@type\":\"ImageObject\",\"inLanguage\":\"es\",\"@id\":\"https:\/\/gradesorra.cat\/#\/schema\/logo\/image\/\",\"url\":\"https:\/\/gradesorra.cat\/wp-content\/uploads\/2024\/02\/logo-gra-de-sorra.png\",\"contentUrl\":\"https:\/\/gradesorra.cat\/wp-content\/uploads\/2024\/02\/logo-gra-de-sorra.png\",\"width\":1685,\"height\":1191,\"caption\":\"\\\"Gra de Sorra - Contacontes, narraci\u00f3 orali tallers creatius (Catalunya)\"},\"image\":{\"@id\":\"https:\/\/gradesorra.cat\/#\/schema\/logo\/image\/\"}}]}<\/script>\n<!-- \/ Yoast SEO plugin. -->","yoast_head_json":{"title":"Charlas - Gra de Sorra","robots":{"index":"index","follow":"follow","max-snippet":"max-snippet:-1","max-image-preview":"max-image-preview:large","max-video-preview":"max-video-preview:-1"},"canonical":"https:\/\/gradesorra.cat\/es\/xerrades\/","og_locale":"es_ES","og_type":"article","og_title":"Charlas - Gra de Sorra","og_description":"IA pr\u00e0ctica per a lectura, escriptura i creativitatLa intel\u00b7lig\u00e8ncia artificial ja forma part del nostre dia a dia. Per\u00f2, m\u00e9s enll\u00e0 de la curiositat, com la podem fer servir amb criteri?Pot ajudar-nos a llegir millor, escriure amb m\u00e9s estructura i activar la creativitat?Vine a descobrir-ho amb exemples pr\u00e0ctics. En aquesta xerrada veurem usos quotidians de [&hellip;]","og_url":"https:\/\/gradesorra.cat\/es\/xerrades\/","og_site_name":"Gra de Sorra","article_modified_time":"2024-02-20T12:27:40+00:00","og_image":[{"width":2560,"height":1707,"url":"https:\/\/gradesorra.cat\/wp-content\/uploads\/2024\/01\/PAGINA-FORMACIONS-scaled-1.jpg","type":"image\/jpeg"}],"twitter_card":"summary_large_image","twitter_misc":{"Tiempo de lectura":"3 minutos"},"schema":{"@context":"https:\/\/schema.org","@graph":[{"@type":"WebPage","@id":"https:\/\/gradesorra.cat\/es\/xerrades\/","url":"https:\/\/gradesorra.cat\/es\/xerrades\/","name":"Charlas - Gra de Sorra","isPartOf":{"@id":"https:\/\/gradesorra.cat\/#website"},"primaryImageOfPage":{"@id":"https:\/\/gradesorra.cat\/es\/xerrades\/#primaryimage"},"image":{"@id":"https:\/\/gradesorra.cat\/es\/xerrades\/#primaryimage"},"thumbnailUrl":"https:\/\/gradesorra.cat\/wp-content\/uploads\/2024\/01\/PAGINA-FORMACIONS-scaled-1.jpg","datePublished":"2020-10-06T16:00:30+00:00","dateModified":"2024-02-20T12:27:40+00:00","breadcrumb":{"@id":"https:\/\/gradesorra.cat\/es\/xerrades\/#breadcrumb"},"inLanguage":"es","potentialAction":[{"@type":"ReadAction","target":["https:\/\/gradesorra.cat\/es\/xerrades\/"]}]},{"@type":"ImageObject","inLanguage":"es","@id":"https:\/\/gradesorra.cat\/es\/xerrades\/#primaryimage","url":"https:\/\/gradesorra.cat\/wp-content\/uploads\/2024\/01\/PAGINA-FORMACIONS-scaled-1.jpg","contentUrl":"https:\/\/gradesorra.cat\/wp-content\/uploads\/2024\/01\/PAGINA-FORMACIONS-scaled-1.jpg","width":2560,"height":1707},{"@type":"BreadcrumbList","@id":"https:\/\/gradesorra.cat\/es\/xerrades\/#breadcrumb","itemListElement":[{"@type":"ListItem","position":1,"name":"Inici","item":"https:\/\/gradesorra.cat\/"},{"@type":"ListItem","position":2,"name":"Charlas"}]},{"@type":"WebSite","@id":"https:\/\/gradesorra.cat\/#website","url":"https:\/\/gradesorra.cat\/","name":"\"Gra de Sorra - Contacontes, narraci\u00f3 oral i tallers creatius (Catalunya)","description":"Contes, tallers i projectes creatius per a infants, joves i adults.","publisher":{"@id":"https:\/\/gradesorra.cat\/#organization"},"alternateName":"Contes infantils, famioliars i adults en catal\u00e0","potentialAction":[{"@type":"SearchAction","target":{"@type":"EntryPoint","urlTemplate":"https:\/\/gradesorra.cat\/?s={search_term_string}"},"query-input":{"@type":"PropertyValueSpecification","valueRequired":true,"valueName":"search_term_string"}}],"inLanguage":"es"},{"@type":"Organization","@id":"https:\/\/gradesorra.cat\/#organization","name":"\"Gra de Sorra - Contacontes, narraci\u00f3 orali tallers creatius (Catalunya)","url":"https:\/\/gradesorra.cat\/","logo":{"@type":"ImageObject","inLanguage":"es","@id":"https:\/\/gradesorra.cat\/#\/schema\/logo\/image\/","url":"https:\/\/gradesorra.cat\/wp-content\/uploads\/2024\/02\/logo-gra-de-sorra.png","contentUrl":"https:\/\/gradesorra.cat\/wp-content\/uploads\/2024\/02\/logo-gra-de-sorra.png","width":1685,"height":1191,"caption":"\"Gra de Sorra - Contacontes, narraci\u00f3 orali tallers creatius (Catalunya)"},"image":{"@id":"https:\/\/gradesorra.cat\/#\/schema\/logo\/image\/"}}]}},"_links":{"self":[{"href":"https:\/\/gradesorra.cat\/es\/wp-json\/wp\/v2\/pages\/6217","targetHints":{"allow":["GET"]}}],"collection":[{"href":"https:\/\/gradesorra.cat\/es\/wp-json\/wp\/v2\/pages"}],"about":[{"href":"https:\/\/gradesorra.cat\/es\/wp-json\/wp\/v2\/types\/page"}],"author":[{"embeddable":true,"href":"https:\/\/gradesorra.cat\/es\/wp-json\/wp\/v2\/users\/1"}],"replies":[{"embeddable":true,"href":"https:\/\/gradesorra.cat\/es\/wp-json\/wp\/v2\/comments?post=6217"}],"version-history":[{"count":3,"href":"https:\/\/gradesorra.cat\/es\/wp-json\/wp\/v2\/pages\/6217\/revisions"}],"predecessor-version":[{"id":6290,"href":"https:\/\/gradesorra.cat\/es\/wp-json\/wp\/v2\/pages\/6217\/revisions\/6290"}],"wp:featuredmedia":[{"embeddable":true,"href":"https:\/\/gradesorra.cat\/es\/wp-json\/wp\/v2\/media\/5772"}],"wp:attachment":[{"href":"https:\/\/gradesorra.cat\/es\/wp-json\/wp\/v2\/media?parent=6217"}],"wp:term":[{"taxonomy":"category","embeddable":true,"href":"https:\/\/gradesorra.cat\/es\/wp-json\/wp\/v2\/categories?post=6217"},{"taxonomy":"post_tag","embeddable":true,"href":"https:\/\/gradesorra.cat\/es\/wp-json\/wp\/v2\/tags?post=6217"}],"curies":[{"name":"wp","href":"https:\/\/api.w.org\/{rel}","templated":true}]}}