

{"id":6226,"date":"2020-09-23T13:30:26","date_gmt":"2020-09-23T12:30:26","guid":{"rendered":"https:\/\/gradesorra.cat\/contes-joves-i-adults\/histories-de-por-i-misteri\/"},"modified":"2026-01-26T20:19:49","modified_gmt":"2026-01-26T19:19:49","slug":"histories-de-por-i-misteri","status":"publish","type":"page","link":"https:\/\/gradesorra.cat\/es\/contes-joves-i-adults\/histories-de-por-i-misteri\/","title":{"rendered":"Misteris!"},"content":{"rendered":"<p>[et_pb_section fb_built=\u00bb1&#8243; admin_label=\u00bbsection\u00bb _builder_version=\u00bb4.16&#8243; global_colors_info=\u00bb{}\u00bb][et_pb_row column_structure=\u00bb2_5,3_5&#8243; admin_label=\u00bbrow\u00bb _builder_version=\u00bb4.25.0&#8243; background_size=\u00bbinitial\u00bb background_position=\u00bbtop_left\u00bb background_repeat=\u00bbrepeat\u00bb global_colors_info=\u00bb{}\u00bb][et_pb_column type=\u00bb2_5&#8243; _builder_version=\u00bb4.16&#8243; custom_padding=\u00bb|||\u00bb global_colors_info=\u00bb{}\u00bb custom_padding__hover=\u00bb|||\u00bb][et_pb_image src=\u00bbhttps:\/\/gradesorra.cat\/wp-content\/uploads\/2025\/10\/CartellColorsGradesorra.png\u00bb title_text=\u00bbCartellColorsGradesorra\u00bb _builder_version=\u00bb4.27.4&#8243; _module_preset=\u00bbdefault\u00bb animation_style=\u00bbslide\u00bb animation_direction=\u00bbleft\u00bb hover_enabled=\u00bb0&#8243; global_colors_info=\u00bb{}\u00bb sticky_enabled=\u00bb0&#8243;][\/et_pb_image][\/et_pb_column][et_pb_column type=\u00bb3_5&#8243; _builder_version=\u00bb4.16&#8243; custom_padding=\u00bb|||\u00bb global_colors_info=\u00bb{}\u00bb custom_padding__hover=\u00bb|||\u00bb][et_pb_text admin_label=\u00bbText\u00bb _builder_version=\u00bb4.25.0&#8243; background_color=\u00bbRGBA(255,255,255,0)\u00bb background_size=\u00bbinitial\u00bb background_position=\u00bbtop_left\u00bb background_repeat=\u00bbrepeat\u00bb global_colors_info=\u00bb{}\u00bb]<\/p>\n<h1><span style=\"font-weight: 400;\">Misteris!<\/span><\/h1>\n<p><span style=\"font-weight: 400;\"><\/span><\/p>\n<p>Prepareu-vos per una sessi\u00f3 plena de misteri i emoci\u00f3!<\/p>\n<p>Endinseu-vos en un m\u00f3n d\u2019hist\u00f2ries de por i llegendes fascinants que us transportaran a indrets m\u00e0gics i esgarrifosos (aptes per a gent sensible). A trav\u00e9s de contes populars i moderns, viureu aventures que us faran tremolar i, alhora, gaudir d\u2019una experi\u00e8ncia inoblidable.<\/p>\n<p>Aquestes hist\u00f2ries captivaran els m\u00e9s valents, amb girs inesperats que us deixaran sense al\u00e8.<\/p>\n<p>T\u2019atreveixes a escoltar-les?<\/p>\n<p>&nbsp;<\/p>\n<p><span style=\"font-weight: 400;\"><\/span><\/p>\n<p>&nbsp;<\/p>\n<p><img loading=\"lazy\" decoding=\"async\" class=\"alignnone size-medium wp-image-3301\" src=\"http:\/\/gradesorra.cat\/wp-content\/uploads\/2018\/02\/gra-taronja.png\" alt=\"\" width=\"22\" height=\"23\" \/><span style=\"font-size: 16px;\">Edat: Opci\u00f3 per: Infants, joves o grans.<\/span><\/p>\n<p><img loading=\"lazy\" decoding=\"async\" class=\"alignnone size-full wp-image-3299\" src=\"http:\/\/gradesorra.cat\/wp-content\/uploads\/2018\/02\/gra-gris-fort.png\" alt=\"\" width=\"24\" height=\"24\" style=\"font-size: 16px;\" \/>Durada: 50 minuts<\/p>\n<p><img loading=\"lazy\" decoding=\"async\" class=\"alignnone size-medium wp-image-3301\" src=\"http:\/\/gradesorra.cat\/wp-content\/uploads\/2018\/02\/gra-taronja.png\" alt=\"\" width=\"22\" height=\"23\" style=\"font-size: 16px; background-color: #ffffff; color: #c9c9c9;\" \/>C<span style=\"font-size: 16px;\">ontes populars &#8211; Llegendes &#8211;\u00a0 llegendes Urbanes<\/span><\/p>\n<p>[\/et_pb_text][\/et_pb_column][\/et_pb_row][\/et_pb_section]<\/p>\n","protected":false},"excerpt":{"rendered":"<p>Misteris! Prepareu-vos per una sessi\u00f3 plena de misteri i emoci\u00f3! Endinseu-vos en un m\u00f3n d\u2019hist\u00f2ries de por i llegendes fascinants que us transportaran a indrets m\u00e0gics i esgarrifosos (aptes per a gent sensible). A trav\u00e9s de contes populars i moderns, viureu aventures que us faran tremolar i, alhora, gaudir d\u2019una experi\u00e8ncia inoblidable. Aquestes hist\u00f2ries captivaran [&hellip;]<\/p>\n","protected":false},"author":2,"featured_media":7687,"parent":6211,"menu_order":0,"comment_status":"closed","ping_status":"closed","template":"","meta":{"_et_pb_use_builder":"on","_et_pb_old_content":"[vc_row][vc_column width=\"2\/3\"][vc_custom_heading source=\"post_title\" use_theme_fonts=\"yes\"][separator width=\"20px\" height=\"3px\" position=\"center\" color=\"#222222\" margin_top=\"20px\" margin_bottom=\"20px\"][vc_column_text]<span style=\"font-weight: 400;\">Contes dedicats a la tem\u00e0tica del misteri i de la por. <\/span>\n\n<span style=\"font-weight: 400;\">Llegendes, contes populars i moderns que ens parlen d'hist\u00f2ries d'aqu\u00ed i d'all\u00e0. Hist\u00f2ries fant\u00e0stiques que deixaran sense al\u00e8 als que s\u2019atreveixin a gaudir d'aquest moment.\u00a0<\/span>\n\n&nbsp;\n\n<img class=\"alignnone size-medium wp-image-3301\" src=\"http:\/\/gradesorra.cat\/wp-content\/uploads\/2018\/02\/gra-taronja.png\" alt=\"\" width=\"22\" height=\"23\" \/> Durada: 50 minuts\n\n<img class=\"alignnone size-full wp-image-3299\" src=\"http:\/\/gradesorra.cat\/wp-content\/uploads\/2018\/02\/gra-gris-fort.png\" alt=\"\" width=\"24\" height=\"24\" \/> Contes populars - Llegendes -\u00a0 llegendes Urbanes[\/vc_column_text][vc_btn title=\"+ Informaci\u00f3\" shape=\"round\" size=\"xs\" link=\"url:%23formulari|||\"][\/vc_column][vc_column width=\"1\/3\" disable_element=\"\" type=\"in_container\" bg_image=\"\" bg_position=\"left top\" bg_repeat=\"no-repeat\" parallax_bg=\"\" bg_color=\"\" overlay=\"\" overlay_color=\"\" video_webm=\"\" video_mp4=\"\" text_color=\"dark\" custom_text_color=\"\" top_padding=\"\" bottom_padding=\"\" transparency=\"\" borders=\"\" arrow_bottom=\"\" arrow_top=\"\" link_bool=\"\" link_value=\"#\" class=\"propostes-similars\"][vc_single_image image=\"4646\" img_size=\"large\"][\/vc_column][\/vc_row]","_et_gb_content_width":"","footnotes":""},"categories":[2],"tags":[24],"class_list":["post-6226","page","type-page","status-publish","has-post-thumbnail","hentry","category-sin-categorizar","tag-show-adults-es"],"yoast_head":"<!-- This site is optimized with the Yoast SEO plugin v24.8.1 - https:\/\/yoast.com\/wordpress\/plugins\/seo\/ -->\n<title>Misteris! - Gra de Sorra<\/title>\n<meta name=\"robots\" content=\"index, follow, max-snippet:-1, max-image-preview:large, max-video-preview:-1\" \/>\n<link rel=\"canonical\" href=\"https:\/\/gradesorra.cat\/es\/contes-joves-i-adults\/histories-de-por-i-misteri\/\" \/>\n<meta property=\"og:locale\" content=\"es_ES\" \/>\n<meta property=\"og:type\" content=\"article\" \/>\n<meta property=\"og:title\" content=\"Misteris! - Gra de Sorra\" \/>\n<meta property=\"og:description\" content=\"Misteris! Prepareu-vos per una sessi\u00f3 plena de misteri i emoci\u00f3! Endinseu-vos en un m\u00f3n d\u2019hist\u00f2ries de por i llegendes fascinants que us transportaran a indrets m\u00e0gics i esgarrifosos (aptes per a gent sensible). A trav\u00e9s de contes populars i moderns, viureu aventures que us faran tremolar i, alhora, gaudir d\u2019una experi\u00e8ncia inoblidable. Aquestes hist\u00f2ries captivaran [&hellip;]\" \/>\n<meta property=\"og:url\" content=\"https:\/\/gradesorra.cat\/es\/contes-joves-i-adults\/histories-de-por-i-misteri\/\" \/>\n<meta property=\"og:site_name\" content=\"Gra de Sorra\" \/>\n<meta property=\"article:modified_time\" content=\"2026-01-26T19:19:49+00:00\" \/>\n<meta property=\"og:image\" content=\"https:\/\/gradesorra.cat\/wp-content\/uploads\/2025\/10\/CartellColorsGradesorra-e1761067653813.png\" \/>\n\t<meta property=\"og:image:width\" content=\"640\" \/>\n\t<meta property=\"og:image:height\" content=\"427\" \/>\n\t<meta property=\"og:image:type\" content=\"image\/png\" \/>\n<meta name=\"twitter:card\" content=\"summary_large_image\" \/>\n<meta name=\"twitter:label1\" content=\"Tiempo de lectura\" \/>\n\t<meta name=\"twitter:data1\" content=\"2 minutos\" \/>\n<script type=\"application\/ld+json\" class=\"yoast-schema-graph\">{\"@context\":\"https:\/\/schema.org\",\"@graph\":[{\"@type\":\"WebPage\",\"@id\":\"https:\/\/gradesorra.cat\/es\/contes-joves-i-adults\/histories-de-por-i-misteri\/\",\"url\":\"https:\/\/gradesorra.cat\/es\/contes-joves-i-adults\/histories-de-por-i-misteri\/\",\"name\":\"Misteris! - Gra de Sorra\",\"isPartOf\":{\"@id\":\"https:\/\/gradesorra.cat\/#website\"},\"primaryImageOfPage\":{\"@id\":\"https:\/\/gradesorra.cat\/es\/contes-joves-i-adults\/histories-de-por-i-misteri\/#primaryimage\"},\"image\":{\"@id\":\"https:\/\/gradesorra.cat\/es\/contes-joves-i-adults\/histories-de-por-i-misteri\/#primaryimage\"},\"thumbnailUrl\":\"https:\/\/gradesorra.cat\/wp-content\/uploads\/2025\/10\/CartellColorsGradesorra-e1761067653813.png\",\"datePublished\":\"2020-09-23T12:30:26+00:00\",\"dateModified\":\"2026-01-26T19:19:49+00:00\",\"breadcrumb\":{\"@id\":\"https:\/\/gradesorra.cat\/es\/contes-joves-i-adults\/histories-de-por-i-misteri\/#breadcrumb\"},\"inLanguage\":\"es\",\"potentialAction\":[{\"@type\":\"ReadAction\",\"target\":[\"https:\/\/gradesorra.cat\/es\/contes-joves-i-adults\/histories-de-por-i-misteri\/\"]}]},{\"@type\":\"ImageObject\",\"inLanguage\":\"es\",\"@id\":\"https:\/\/gradesorra.cat\/es\/contes-joves-i-adults\/histories-de-por-i-misteri\/#primaryimage\",\"url\":\"https:\/\/gradesorra.cat\/wp-content\/uploads\/2025\/10\/CartellColorsGradesorra-e1761067653813.png\",\"contentUrl\":\"https:\/\/gradesorra.cat\/wp-content\/uploads\/2025\/10\/CartellColorsGradesorra-e1761067653813.png\",\"width\":640,\"height\":427},{\"@type\":\"BreadcrumbList\",\"@id\":\"https:\/\/gradesorra.cat\/es\/contes-joves-i-adults\/histories-de-por-i-misteri\/#breadcrumb\",\"itemListElement\":[{\"@type\":\"ListItem\",\"position\":1,\"name\":\"Inici\",\"item\":\"https:\/\/gradesorra.cat\/\"},{\"@type\":\"ListItem\",\"position\":2,\"name\":\"Adults\",\"item\":\"https:\/\/gradesorra.cat\/es\/contes-joves-i-adults\/\"},{\"@type\":\"ListItem\",\"position\":3,\"name\":\"Misteris!\"}]},{\"@type\":\"WebSite\",\"@id\":\"https:\/\/gradesorra.cat\/#website\",\"url\":\"https:\/\/gradesorra.cat\/\",\"name\":\"\\\"Gra de Sorra - Contacontes, narraci\u00f3 oral i tallers creatius (Catalunya)\",\"description\":\"Contes, tallers i projectes creatius per a infants, joves i adults.\",\"publisher\":{\"@id\":\"https:\/\/gradesorra.cat\/#organization\"},\"alternateName\":\"Contes infantils, famioliars i adults en catal\u00e0\",\"potentialAction\":[{\"@type\":\"SearchAction\",\"target\":{\"@type\":\"EntryPoint\",\"urlTemplate\":\"https:\/\/gradesorra.cat\/?s={search_term_string}\"},\"query-input\":{\"@type\":\"PropertyValueSpecification\",\"valueRequired\":true,\"valueName\":\"search_term_string\"}}],\"inLanguage\":\"es\"},{\"@type\":\"Organization\",\"@id\":\"https:\/\/gradesorra.cat\/#organization\",\"name\":\"\\\"Gra de Sorra - Contacontes, narraci\u00f3 orali tallers creatius (Catalunya)\",\"url\":\"https:\/\/gradesorra.cat\/\",\"logo\":{\"@type\":\"ImageObject\",\"inLanguage\":\"es\",\"@id\":\"https:\/\/gradesorra.cat\/#\/schema\/logo\/image\/\",\"url\":\"https:\/\/gradesorra.cat\/wp-content\/uploads\/2024\/02\/logo-gra-de-sorra.png\",\"contentUrl\":\"https:\/\/gradesorra.cat\/wp-content\/uploads\/2024\/02\/logo-gra-de-sorra.png\",\"width\":1685,\"height\":1191,\"caption\":\"\\\"Gra de Sorra - Contacontes, narraci\u00f3 orali tallers creatius (Catalunya)\"},\"image\":{\"@id\":\"https:\/\/gradesorra.cat\/#\/schema\/logo\/image\/\"}}]}<\/script>\n<!-- \/ Yoast SEO plugin. -->","yoast_head_json":{"title":"Misteris! - Gra de Sorra","robots":{"index":"index","follow":"follow","max-snippet":"max-snippet:-1","max-image-preview":"max-image-preview:large","max-video-preview":"max-video-preview:-1"},"canonical":"https:\/\/gradesorra.cat\/es\/contes-joves-i-adults\/histories-de-por-i-misteri\/","og_locale":"es_ES","og_type":"article","og_title":"Misteris! - Gra de Sorra","og_description":"Misteris! Prepareu-vos per una sessi\u00f3 plena de misteri i emoci\u00f3! Endinseu-vos en un m\u00f3n d\u2019hist\u00f2ries de por i llegendes fascinants que us transportaran a indrets m\u00e0gics i esgarrifosos (aptes per a gent sensible). A trav\u00e9s de contes populars i moderns, viureu aventures que us faran tremolar i, alhora, gaudir d\u2019una experi\u00e8ncia inoblidable. Aquestes hist\u00f2ries captivaran [&hellip;]","og_url":"https:\/\/gradesorra.cat\/es\/contes-joves-i-adults\/histories-de-por-i-misteri\/","og_site_name":"Gra de Sorra","article_modified_time":"2026-01-26T19:19:49+00:00","og_image":[{"width":640,"height":427,"url":"https:\/\/gradesorra.cat\/wp-content\/uploads\/2025\/10\/CartellColorsGradesorra-e1761067653813.png","type":"image\/png"}],"twitter_card":"summary_large_image","twitter_misc":{"Tiempo de lectura":"2 minutos"},"schema":{"@context":"https:\/\/schema.org","@graph":[{"@type":"WebPage","@id":"https:\/\/gradesorra.cat\/es\/contes-joves-i-adults\/histories-de-por-i-misteri\/","url":"https:\/\/gradesorra.cat\/es\/contes-joves-i-adults\/histories-de-por-i-misteri\/","name":"Misteris! - Gra de Sorra","isPartOf":{"@id":"https:\/\/gradesorra.cat\/#website"},"primaryImageOfPage":{"@id":"https:\/\/gradesorra.cat\/es\/contes-joves-i-adults\/histories-de-por-i-misteri\/#primaryimage"},"image":{"@id":"https:\/\/gradesorra.cat\/es\/contes-joves-i-adults\/histories-de-por-i-misteri\/#primaryimage"},"thumbnailUrl":"https:\/\/gradesorra.cat\/wp-content\/uploads\/2025\/10\/CartellColorsGradesorra-e1761067653813.png","datePublished":"2020-09-23T12:30:26+00:00","dateModified":"2026-01-26T19:19:49+00:00","breadcrumb":{"@id":"https:\/\/gradesorra.cat\/es\/contes-joves-i-adults\/histories-de-por-i-misteri\/#breadcrumb"},"inLanguage":"es","potentialAction":[{"@type":"ReadAction","target":["https:\/\/gradesorra.cat\/es\/contes-joves-i-adults\/histories-de-por-i-misteri\/"]}]},{"@type":"ImageObject","inLanguage":"es","@id":"https:\/\/gradesorra.cat\/es\/contes-joves-i-adults\/histories-de-por-i-misteri\/#primaryimage","url":"https:\/\/gradesorra.cat\/wp-content\/uploads\/2025\/10\/CartellColorsGradesorra-e1761067653813.png","contentUrl":"https:\/\/gradesorra.cat\/wp-content\/uploads\/2025\/10\/CartellColorsGradesorra-e1761067653813.png","width":640,"height":427},{"@type":"BreadcrumbList","@id":"https:\/\/gradesorra.cat\/es\/contes-joves-i-adults\/histories-de-por-i-misteri\/#breadcrumb","itemListElement":[{"@type":"ListItem","position":1,"name":"Inici","item":"https:\/\/gradesorra.cat\/"},{"@type":"ListItem","position":2,"name":"Adults","item":"https:\/\/gradesorra.cat\/es\/contes-joves-i-adults\/"},{"@type":"ListItem","position":3,"name":"Misteris!"}]},{"@type":"WebSite","@id":"https:\/\/gradesorra.cat\/#website","url":"https:\/\/gradesorra.cat\/","name":"\"Gra de Sorra - Contacontes, narraci\u00f3 oral i tallers creatius (Catalunya)","description":"Contes, tallers i projectes creatius per a infants, joves i adults.","publisher":{"@id":"https:\/\/gradesorra.cat\/#organization"},"alternateName":"Contes infantils, famioliars i adults en catal\u00e0","potentialAction":[{"@type":"SearchAction","target":{"@type":"EntryPoint","urlTemplate":"https:\/\/gradesorra.cat\/?s={search_term_string}"},"query-input":{"@type":"PropertyValueSpecification","valueRequired":true,"valueName":"search_term_string"}}],"inLanguage":"es"},{"@type":"Organization","@id":"https:\/\/gradesorra.cat\/#organization","name":"\"Gra de Sorra - Contacontes, narraci\u00f3 orali tallers creatius (Catalunya)","url":"https:\/\/gradesorra.cat\/","logo":{"@type":"ImageObject","inLanguage":"es","@id":"https:\/\/gradesorra.cat\/#\/schema\/logo\/image\/","url":"https:\/\/gradesorra.cat\/wp-content\/uploads\/2024\/02\/logo-gra-de-sorra.png","contentUrl":"https:\/\/gradesorra.cat\/wp-content\/uploads\/2024\/02\/logo-gra-de-sorra.png","width":1685,"height":1191,"caption":"\"Gra de Sorra - Contacontes, narraci\u00f3 orali tallers creatius (Catalunya)"},"image":{"@id":"https:\/\/gradesorra.cat\/#\/schema\/logo\/image\/"}}]}},"_links":{"self":[{"href":"https:\/\/gradesorra.cat\/es\/wp-json\/wp\/v2\/pages\/6226","targetHints":{"allow":["GET"]}}],"collection":[{"href":"https:\/\/gradesorra.cat\/es\/wp-json\/wp\/v2\/pages"}],"about":[{"href":"https:\/\/gradesorra.cat\/es\/wp-json\/wp\/v2\/types\/page"}],"author":[{"embeddable":true,"href":"https:\/\/gradesorra.cat\/es\/wp-json\/wp\/v2\/users\/2"}],"replies":[{"embeddable":true,"href":"https:\/\/gradesorra.cat\/es\/wp-json\/wp\/v2\/comments?post=6226"}],"version-history":[{"count":6,"href":"https:\/\/gradesorra.cat\/es\/wp-json\/wp\/v2\/pages\/6226\/revisions"}],"predecessor-version":[{"id":7690,"href":"https:\/\/gradesorra.cat\/es\/wp-json\/wp\/v2\/pages\/6226\/revisions\/7690"}],"up":[{"embeddable":true,"href":"https:\/\/gradesorra.cat\/es\/wp-json\/wp\/v2\/pages\/6211"}],"wp:featuredmedia":[{"embeddable":true,"href":"https:\/\/gradesorra.cat\/es\/wp-json\/wp\/v2\/media\/7687"}],"wp:attachment":[{"href":"https:\/\/gradesorra.cat\/es\/wp-json\/wp\/v2\/media?parent=6226"}],"wp:term":[{"taxonomy":"category","embeddable":true,"href":"https:\/\/gradesorra.cat\/es\/wp-json\/wp\/v2\/categories?post=6226"},{"taxonomy":"post_tag","embeddable":true,"href":"https:\/\/gradesorra.cat\/es\/wp-json\/wp\/v2\/tags?post=6226"}],"curies":[{"name":"wp","href":"https:\/\/api.w.org\/{rel}","templated":true}]}}