

{"id":6227,"date":"2020-09-23T13:29:25","date_gmt":"2020-09-23T12:29:25","guid":{"rendered":"https:\/\/gradesorra.cat\/contes-joves-i-adults\/histories_curioses_de_la_mar\/"},"modified":"2025-10-21T18:23:10","modified_gmt":"2025-10-21T17:23:10","slug":"histories_curioses_de_la_mar","status":"publish","type":"page","link":"https:\/\/gradesorra.cat\/es\/contes-joves-i-adults\/histories_curioses_de_la_mar\/","title":{"rendered":"Hist\u00f2ries de la mar"},"content":{"rendered":"<p>[et_pb_section fb_built=\u00bb1&#8243; admin_label=\u00bbsection\u00bb _builder_version=\u00bb4.16&#8243; global_colors_info=\u00bb{}\u00bb][et_pb_row column_structure=\u00bb2_5,3_5&#8243; admin_label=\u00bbrow\u00bb _builder_version=\u00bb4.16&#8243; background_size=\u00bbinitial\u00bb background_position=\u00bbtop_left\u00bb background_repeat=\u00bbrepeat\u00bb global_colors_info=\u00bb{}\u00bb][et_pb_column type=\u00bb2_5&#8243; _builder_version=\u00bb4.16&#8243; custom_padding=\u00bb|||\u00bb global_colors_info=\u00bb{}\u00bb custom_padding__hover=\u00bb|||\u00bb][et_pb_image src=\u00bbhttps:\/\/gradesorra.cat\/wp-content\/uploads\/2025\/10\/Histories-curioses-de-la-mar-havaneres.png\u00bb title_text=\u00bbHist\u00f2ries curioses de la mar + havaneres\u00bb _builder_version=\u00bb4.27.4&#8243; _module_preset=\u00bbdefault\u00bb animation_style=\u00bbslide\u00bb animation_direction=\u00bbleft\u00bb hover_enabled=\u00bb0&#8243; global_colors_info=\u00bb{}\u00bb sticky_enabled=\u00bb0&#8243;][\/et_pb_image][\/et_pb_column][et_pb_column type=\u00bb3_5&#8243; _builder_version=\u00bb4.16&#8243; custom_padding=\u00bb|||\u00bb global_colors_info=\u00bb{}\u00bb custom_padding__hover=\u00bb|||\u00bb][et_pb_text admin_label=\u00bbText\u00bb _builder_version=\u00bb4.24.0&#8243; background_size=\u00bbinitial\u00bb background_position=\u00bbtop_left\u00bb background_repeat=\u00bbrepeat\u00bb global_colors_info=\u00bb{}\u00bb]<\/p>\n<h1><span style=\"font-weight: 400;\">Hist\u00f2ries curioses de la mar<\/span><\/h1>\n<p><span style=\"font-weight: 400;\">Llegendes i contes populars de la mar.<\/span><\/p>\n<p>\u00c9s un recull d\u2019hist\u00f2ries de pescadors i de la gent de mar. Contes que ens parlen de la vida dif\u00edcil i dura dels pescadors i de les seves fam\u00edlies, sobretot als hiverns, llargs i freds.<\/p>\n<p>De ben segur, a la vora del foc o a les tavernes s&#8217;explicaven moltes d&#8217;aquestes hist\u00f2ries que, algunes d&#8217;elles,\u00a0 han quedat amagades i silenciades amb el pas del temps.<\/p>\n<p>A \u00abHist\u00f2ries curioses de pescadors\u00bb hem viatjat al passat per recuperar-ne algunes d&#8217;elles. Esperem que siguin del vostre gust! I, tal com diu la dita: <em>Si no \u00e9s veritat, ser\u00e0 ben trobat.<\/em><\/p>\n<p>&nbsp;<\/p>\n<p><img loading=\"lazy\" decoding=\"async\" class=\"alignnone size-medium wp-image-3301\" src=\"http:\/\/gradesorra.cat\/wp-content\/uploads\/2018\/02\/gra-taronja.png\" alt=\"\" width=\"22\" height=\"23\" \/> Durada: 45 minuts<\/p>\n<p><img loading=\"lazy\" decoding=\"async\" class=\"alignnone size-full wp-image-3299\" src=\"http:\/\/gradesorra.cat\/wp-content\/uploads\/2018\/02\/gra-gris-fort.png\" alt=\"\" width=\"24\" height=\"24\" \/> Tema: Mar &#8211; Ofici &#8211; Hist\u00f2ria &#8211; Fantasia<\/p>\n<p>[\/et_pb_text][\/et_pb_column][\/et_pb_row][\/et_pb_section]<\/p>\n","protected":false},"excerpt":{"rendered":"<p>Hist\u00f2ries curioses de la mar Llegendes i contes populars de la mar. \u00c9s un recull d\u2019hist\u00f2ries de pescadors i de la gent de mar. Contes que ens parlen de la vida dif\u00edcil i dura dels pescadors i de les seves fam\u00edlies, sobretot als hiverns, llargs i freds. De ben segur, a la vora del foc [&hellip;]<\/p>\n","protected":false},"author":2,"featured_media":7738,"parent":6211,"menu_order":0,"comment_status":"closed","ping_status":"closed","template":"","meta":{"_et_pb_use_builder":"on","_et_pb_old_content":"[vc_row][vc_column width=\"2\/3\"][vc_custom_heading text=\"\" use_theme_fonts=\"yes\"][separator width=\"20px\" height=\"3px\" position=\"center\" color=\"#222222\" margin_top=\"20px\" margin_bottom=\"20px\"][vc_column_text]<span style=\"font-weight: 400;\">Llegendes i contes populars de la mar.<\/span>\n\n\u00c9s un recull d\u2019hist\u00f2ries de pescadors i de la gent de mar. Contes que ens parlen de la vida dif\u00edcil i dura dels pescadors i de les seves fam\u00edlies, sobretot als hiverns, llargs i freds.\n\nDe ben segur, a la vora del foc o a les tavernes s'explicaven moltes d'aquestes hist\u00f2ries que, algunes d'elles,\u00a0 han quedat amagades i silenciades amb el pas del temps.\n\nA \"Hist\u00f2ries curioses de pescadors\" hem viatjat al passat per recuperar-ne algunes d'elles. Esperem que siguin del vostre gust! I, tal com diu la dita: <em>Si no \u00e9s veritat, ser\u00e0 ben trobat.<\/em>\n\n&nbsp;\n\n<img class=\"alignnone size-medium wp-image-3301\" src=\"http:\/\/gradesorra.cat\/wp-content\/uploads\/2018\/02\/gra-taronja.png\" alt=\"\" width=\"22\" height=\"23\" \/> Durada: 45 minuts\n\n<img class=\"alignnone size-full wp-image-3299\" src=\"http:\/\/gradesorra.cat\/wp-content\/uploads\/2018\/02\/gra-gris-fort.png\" alt=\"\" width=\"24\" height=\"24\" \/> Tema: Mar - Ofici - Hist\u00f2ria - Fantasia[\/vc_column_text][vc_btn title=\"+ Informaci\u00f3\" shape=\"round\" size=\"xs\" link=\"url:%23formulari|||\"][\/vc_column][vc_column width=\"1\/3\" disable_element=\"\" type=\"in_container\" bg_image=\"\" bg_position=\"left top\" bg_repeat=\"no-repeat\" parallax_bg=\"\" bg_color=\"\" overlay=\"\" overlay_color=\"\" video_webm=\"\" video_mp4=\"\" text_color=\"dark\" custom_text_color=\"\" top_padding=\"\" bottom_padding=\"\" transparency=\"\" borders=\"\" arrow_bottom=\"\" arrow_top=\"\" link_bool=\"\" link_value=\"#\" class=\"propostes-similars\"][vc_single_image image=\"4644\" img_size=\"large\"][\/vc_column][\/vc_row]","_et_gb_content_width":"","footnotes":""},"categories":[2],"tags":[24],"class_list":["post-6227","page","type-page","status-publish","has-post-thumbnail","hentry","category-sin-categorizar","tag-show-adults-es"],"yoast_head":"<!-- This site is optimized with the Yoast SEO plugin v24.8.1 - https:\/\/yoast.com\/wordpress\/plugins\/seo\/ -->\n<title>Hist\u00f2ries de la mar - Gra de Sorra<\/title>\n<meta name=\"robots\" content=\"index, follow, max-snippet:-1, max-image-preview:large, max-video-preview:-1\" \/>\n<link rel=\"canonical\" href=\"https:\/\/gradesorra.cat\/es\/contes-joves-i-adults\/histories_curioses_de_la_mar\/\" \/>\n<meta property=\"og:locale\" content=\"es_ES\" \/>\n<meta property=\"og:type\" content=\"article\" \/>\n<meta property=\"og:title\" content=\"Hist\u00f2ries de la mar - Gra de Sorra\" \/>\n<meta property=\"og:description\" content=\"Hist\u00f2ries curioses de la mar Llegendes i contes populars de la mar. \u00c9s un recull d\u2019hist\u00f2ries de pescadors i de la gent de mar. Contes que ens parlen de la vida dif\u00edcil i dura dels pescadors i de les seves fam\u00edlies, sobretot als hiverns, llargs i freds. De ben segur, a la vora del foc [&hellip;]\" \/>\n<meta property=\"og:url\" content=\"https:\/\/gradesorra.cat\/es\/contes-joves-i-adults\/histories_curioses_de_la_mar\/\" \/>\n<meta property=\"og:site_name\" content=\"Gra de Sorra\" \/>\n<meta property=\"article:modified_time\" content=\"2025-10-21T17:23:10+00:00\" \/>\n<meta property=\"og:image\" content=\"https:\/\/gradesorra.cat\/wp-content\/uploads\/2025\/10\/Histories-curioses-de-la-mar-havaneres.png\" \/>\n\t<meta property=\"og:image:width\" content=\"864\" \/>\n\t<meta property=\"og:image:height\" content=\"1184\" \/>\n\t<meta property=\"og:image:type\" content=\"image\/png\" \/>\n<meta name=\"twitter:card\" content=\"summary_large_image\" \/>\n<meta name=\"twitter:label1\" content=\"Tiempo de lectura\" \/>\n\t<meta name=\"twitter:data1\" content=\"2 minutos\" \/>\n<script type=\"application\/ld+json\" class=\"yoast-schema-graph\">{\"@context\":\"https:\/\/schema.org\",\"@graph\":[{\"@type\":\"WebPage\",\"@id\":\"https:\/\/gradesorra.cat\/es\/contes-joves-i-adults\/histories_curioses_de_la_mar\/\",\"url\":\"https:\/\/gradesorra.cat\/es\/contes-joves-i-adults\/histories_curioses_de_la_mar\/\",\"name\":\"Hist\u00f2ries de la mar - Gra de Sorra\",\"isPartOf\":{\"@id\":\"https:\/\/gradesorra.cat\/#website\"},\"primaryImageOfPage\":{\"@id\":\"https:\/\/gradesorra.cat\/es\/contes-joves-i-adults\/histories_curioses_de_la_mar\/#primaryimage\"},\"image\":{\"@id\":\"https:\/\/gradesorra.cat\/es\/contes-joves-i-adults\/histories_curioses_de_la_mar\/#primaryimage\"},\"thumbnailUrl\":\"https:\/\/gradesorra.cat\/wp-content\/uploads\/2025\/10\/Histories-curioses-de-la-mar-havaneres.png\",\"datePublished\":\"2020-09-23T12:29:25+00:00\",\"dateModified\":\"2025-10-21T17:23:10+00:00\",\"breadcrumb\":{\"@id\":\"https:\/\/gradesorra.cat\/es\/contes-joves-i-adults\/histories_curioses_de_la_mar\/#breadcrumb\"},\"inLanguage\":\"es\",\"potentialAction\":[{\"@type\":\"ReadAction\",\"target\":[\"https:\/\/gradesorra.cat\/es\/contes-joves-i-adults\/histories_curioses_de_la_mar\/\"]}]},{\"@type\":\"ImageObject\",\"inLanguage\":\"es\",\"@id\":\"https:\/\/gradesorra.cat\/es\/contes-joves-i-adults\/histories_curioses_de_la_mar\/#primaryimage\",\"url\":\"https:\/\/gradesorra.cat\/wp-content\/uploads\/2025\/10\/Histories-curioses-de-la-mar-havaneres.png\",\"contentUrl\":\"https:\/\/gradesorra.cat\/wp-content\/uploads\/2025\/10\/Histories-curioses-de-la-mar-havaneres.png\",\"width\":864,\"height\":1184},{\"@type\":\"BreadcrumbList\",\"@id\":\"https:\/\/gradesorra.cat\/es\/contes-joves-i-adults\/histories_curioses_de_la_mar\/#breadcrumb\",\"itemListElement\":[{\"@type\":\"ListItem\",\"position\":1,\"name\":\"Inici\",\"item\":\"https:\/\/gradesorra.cat\/\"},{\"@type\":\"ListItem\",\"position\":2,\"name\":\"Adults\",\"item\":\"https:\/\/gradesorra.cat\/es\/contes-joves-i-adults\/\"},{\"@type\":\"ListItem\",\"position\":3,\"name\":\"Hist\u00f2ries de la mar\"}]},{\"@type\":\"WebSite\",\"@id\":\"https:\/\/gradesorra.cat\/#website\",\"url\":\"https:\/\/gradesorra.cat\/\",\"name\":\"\\\"Gra de Sorra - Contacontes, narraci\u00f3 oral i tallers creatius (Catalunya)\",\"description\":\"Contes, tallers i projectes creatius per a infants, joves i adults.\",\"publisher\":{\"@id\":\"https:\/\/gradesorra.cat\/#organization\"},\"alternateName\":\"Contes infantils, famioliars i adults en catal\u00e0\",\"potentialAction\":[{\"@type\":\"SearchAction\",\"target\":{\"@type\":\"EntryPoint\",\"urlTemplate\":\"https:\/\/gradesorra.cat\/?s={search_term_string}\"},\"query-input\":{\"@type\":\"PropertyValueSpecification\",\"valueRequired\":true,\"valueName\":\"search_term_string\"}}],\"inLanguage\":\"es\"},{\"@type\":\"Organization\",\"@id\":\"https:\/\/gradesorra.cat\/#organization\",\"name\":\"\\\"Gra de Sorra - Contacontes, narraci\u00f3 orali tallers creatius (Catalunya)\",\"url\":\"https:\/\/gradesorra.cat\/\",\"logo\":{\"@type\":\"ImageObject\",\"inLanguage\":\"es\",\"@id\":\"https:\/\/gradesorra.cat\/#\/schema\/logo\/image\/\",\"url\":\"https:\/\/gradesorra.cat\/wp-content\/uploads\/2024\/02\/logo-gra-de-sorra.png\",\"contentUrl\":\"https:\/\/gradesorra.cat\/wp-content\/uploads\/2024\/02\/logo-gra-de-sorra.png\",\"width\":1685,\"height\":1191,\"caption\":\"\\\"Gra de Sorra - Contacontes, narraci\u00f3 orali tallers creatius (Catalunya)\"},\"image\":{\"@id\":\"https:\/\/gradesorra.cat\/#\/schema\/logo\/image\/\"}}]}<\/script>\n<!-- \/ Yoast SEO plugin. -->","yoast_head_json":{"title":"Hist\u00f2ries de la mar - Gra de Sorra","robots":{"index":"index","follow":"follow","max-snippet":"max-snippet:-1","max-image-preview":"max-image-preview:large","max-video-preview":"max-video-preview:-1"},"canonical":"https:\/\/gradesorra.cat\/es\/contes-joves-i-adults\/histories_curioses_de_la_mar\/","og_locale":"es_ES","og_type":"article","og_title":"Hist\u00f2ries de la mar - Gra de Sorra","og_description":"Hist\u00f2ries curioses de la mar Llegendes i contes populars de la mar. \u00c9s un recull d\u2019hist\u00f2ries de pescadors i de la gent de mar. Contes que ens parlen de la vida dif\u00edcil i dura dels pescadors i de les seves fam\u00edlies, sobretot als hiverns, llargs i freds. De ben segur, a la vora del foc [&hellip;]","og_url":"https:\/\/gradesorra.cat\/es\/contes-joves-i-adults\/histories_curioses_de_la_mar\/","og_site_name":"Gra de Sorra","article_modified_time":"2025-10-21T17:23:10+00:00","og_image":[{"width":864,"height":1184,"url":"https:\/\/gradesorra.cat\/wp-content\/uploads\/2025\/10\/Histories-curioses-de-la-mar-havaneres.png","type":"image\/png"}],"twitter_card":"summary_large_image","twitter_misc":{"Tiempo de lectura":"2 minutos"},"schema":{"@context":"https:\/\/schema.org","@graph":[{"@type":"WebPage","@id":"https:\/\/gradesorra.cat\/es\/contes-joves-i-adults\/histories_curioses_de_la_mar\/","url":"https:\/\/gradesorra.cat\/es\/contes-joves-i-adults\/histories_curioses_de_la_mar\/","name":"Hist\u00f2ries de la mar - Gra de Sorra","isPartOf":{"@id":"https:\/\/gradesorra.cat\/#website"},"primaryImageOfPage":{"@id":"https:\/\/gradesorra.cat\/es\/contes-joves-i-adults\/histories_curioses_de_la_mar\/#primaryimage"},"image":{"@id":"https:\/\/gradesorra.cat\/es\/contes-joves-i-adults\/histories_curioses_de_la_mar\/#primaryimage"},"thumbnailUrl":"https:\/\/gradesorra.cat\/wp-content\/uploads\/2025\/10\/Histories-curioses-de-la-mar-havaneres.png","datePublished":"2020-09-23T12:29:25+00:00","dateModified":"2025-10-21T17:23:10+00:00","breadcrumb":{"@id":"https:\/\/gradesorra.cat\/es\/contes-joves-i-adults\/histories_curioses_de_la_mar\/#breadcrumb"},"inLanguage":"es","potentialAction":[{"@type":"ReadAction","target":["https:\/\/gradesorra.cat\/es\/contes-joves-i-adults\/histories_curioses_de_la_mar\/"]}]},{"@type":"ImageObject","inLanguage":"es","@id":"https:\/\/gradesorra.cat\/es\/contes-joves-i-adults\/histories_curioses_de_la_mar\/#primaryimage","url":"https:\/\/gradesorra.cat\/wp-content\/uploads\/2025\/10\/Histories-curioses-de-la-mar-havaneres.png","contentUrl":"https:\/\/gradesorra.cat\/wp-content\/uploads\/2025\/10\/Histories-curioses-de-la-mar-havaneres.png","width":864,"height":1184},{"@type":"BreadcrumbList","@id":"https:\/\/gradesorra.cat\/es\/contes-joves-i-adults\/histories_curioses_de_la_mar\/#breadcrumb","itemListElement":[{"@type":"ListItem","position":1,"name":"Inici","item":"https:\/\/gradesorra.cat\/"},{"@type":"ListItem","position":2,"name":"Adults","item":"https:\/\/gradesorra.cat\/es\/contes-joves-i-adults\/"},{"@type":"ListItem","position":3,"name":"Hist\u00f2ries de la mar"}]},{"@type":"WebSite","@id":"https:\/\/gradesorra.cat\/#website","url":"https:\/\/gradesorra.cat\/","name":"\"Gra de Sorra - Contacontes, narraci\u00f3 oral i tallers creatius (Catalunya)","description":"Contes, tallers i projectes creatius per a infants, joves i adults.","publisher":{"@id":"https:\/\/gradesorra.cat\/#organization"},"alternateName":"Contes infantils, famioliars i adults en catal\u00e0","potentialAction":[{"@type":"SearchAction","target":{"@type":"EntryPoint","urlTemplate":"https:\/\/gradesorra.cat\/?s={search_term_string}"},"query-input":{"@type":"PropertyValueSpecification","valueRequired":true,"valueName":"search_term_string"}}],"inLanguage":"es"},{"@type":"Organization","@id":"https:\/\/gradesorra.cat\/#organization","name":"\"Gra de Sorra - Contacontes, narraci\u00f3 orali tallers creatius (Catalunya)","url":"https:\/\/gradesorra.cat\/","logo":{"@type":"ImageObject","inLanguage":"es","@id":"https:\/\/gradesorra.cat\/#\/schema\/logo\/image\/","url":"https:\/\/gradesorra.cat\/wp-content\/uploads\/2024\/02\/logo-gra-de-sorra.png","contentUrl":"https:\/\/gradesorra.cat\/wp-content\/uploads\/2024\/02\/logo-gra-de-sorra.png","width":1685,"height":1191,"caption":"\"Gra de Sorra - Contacontes, narraci\u00f3 orali tallers creatius (Catalunya)"},"image":{"@id":"https:\/\/gradesorra.cat\/#\/schema\/logo\/image\/"}}]}},"_links":{"self":[{"href":"https:\/\/gradesorra.cat\/es\/wp-json\/wp\/v2\/pages\/6227","targetHints":{"allow":["GET"]}}],"collection":[{"href":"https:\/\/gradesorra.cat\/es\/wp-json\/wp\/v2\/pages"}],"about":[{"href":"https:\/\/gradesorra.cat\/es\/wp-json\/wp\/v2\/types\/page"}],"author":[{"embeddable":true,"href":"https:\/\/gradesorra.cat\/es\/wp-json\/wp\/v2\/users\/2"}],"replies":[{"embeddable":true,"href":"https:\/\/gradesorra.cat\/es\/wp-json\/wp\/v2\/comments?post=6227"}],"version-history":[{"count":4,"href":"https:\/\/gradesorra.cat\/es\/wp-json\/wp\/v2\/pages\/6227\/revisions"}],"predecessor-version":[{"id":7741,"href":"https:\/\/gradesorra.cat\/es\/wp-json\/wp\/v2\/pages\/6227\/revisions\/7741"}],"up":[{"embeddable":true,"href":"https:\/\/gradesorra.cat\/es\/wp-json\/wp\/v2\/pages\/6211"}],"wp:featuredmedia":[{"embeddable":true,"href":"https:\/\/gradesorra.cat\/es\/wp-json\/wp\/v2\/media\/7738"}],"wp:attachment":[{"href":"https:\/\/gradesorra.cat\/es\/wp-json\/wp\/v2\/media?parent=6227"}],"wp:term":[{"taxonomy":"category","embeddable":true,"href":"https:\/\/gradesorra.cat\/es\/wp-json\/wp\/v2\/categories?post=6227"},{"taxonomy":"post_tag","embeddable":true,"href":"https:\/\/gradesorra.cat\/es\/wp-json\/wp\/v2\/tags?post=6227"}],"curies":[{"name":"wp","href":"https:\/\/api.w.org\/{rel}","templated":true}]}}