

{"id":6228,"date":"2020-09-23T13:27:41","date_gmt":"2020-09-23T12:27:41","guid":{"rendered":"https:\/\/gradesorra.cat\/contes-joves-i-adults\/elsecret_deles_estrelles\/"},"modified":"2026-03-09T21:19:37","modified_gmt":"2026-03-09T20:19:37","slug":"elsecret_deles_estrelles","status":"publish","type":"page","link":"https:\/\/gradesorra.cat\/es\/contes-joves-i-adults\/elsecret_deles_estrelles\/","title":{"rendered":"El secret de les estrelles"},"content":{"rendered":"<p>[et_pb_section fb_built=\u00bb1&#8243; _builder_version=\u00bb4.16&#8243; global_colors_info=\u00bb{}\u00bb][et_pb_row column_structure=\u00bb1_2,1_2&#8243; _builder_version=\u00bb4.16&#8243; background_size=\u00bbinitial\u00bb background_position=\u00bbtop_left\u00bb background_repeat=\u00bbrepeat\u00bb global_colors_info=\u00bb{}\u00bb][et_pb_column type=\u00bb1_2&#8243; _builder_version=\u00bb4.16&#8243; custom_padding=\u00bb|||\u00bb global_colors_info=\u00bb{}\u00bb custom_padding__hover=\u00bb|||\u00bb][et_pb_text _builder_version=\u00bb4.27.4&#8243; background_size=\u00bbinitial\u00bb background_position=\u00bbtop_left\u00bb background_repeat=\u00bbrepeat\u00bb global_colors_info=\u00bb{}\u00bb]<\/p>\n<h2>Contes sota les estrelles<\/h2>\n<p><em>Un viatge de contes i llegendes pel cel de diferents cultures del m\u00f3n.<\/em><em><\/em><\/p>\n<p><em><\/em><\/p>\n<p>Des de fa milers d\u2019anys, els humans han mirat el cel per orientar-se, somiar i explicar-se el m\u00f3n. Entre els punts de llum del firmament van imaginar animals, herois i criatures fant\u00e0stiques. Aix\u00ed van n\u00e9ixer les constel\u00b7lacions\u2026 i tamb\u00e9 les seves hist\u00f2ries.<\/p>\n<p>Algunes de les constel\u00b7lacions que encara reconeixem avui ja eren observades per les antigues cultures de Mesopot\u00e0mia fa m\u00e9s de quatre o cinc mil anys. Per\u00f2 no nom\u00e9s all\u00e0: pobles d\u2019\u00c0sia, d\u2019\u00c0frica, d\u2019Europa i d\u2019Am\u00e8rica tamb\u00e9 han mirat el mateix cel i hi han imaginat relats diferents per explicar els misteris de l\u2019univers.<\/p>\n<p>En aquesta sessi\u00f3 de narraci\u00f3 oral viatjarem pel firmament a trav\u00e9s de contes i llegendes de diferents cultures. Hist\u00f2ries que connecten astronomia, imaginaci\u00f3 i tradici\u00f3 oral, i que ens conviden a descobrir que, entre estrella i estrella, sempre hi ha un conte esperant ser explicat.<\/p>\n<p>&nbsp;<\/p>\n<p><strong>Durada:<\/strong> 50 minuts<br \/><strong>Tem\u00e0tica:<\/strong> Mitologia \u00b7 Univers \u00b7 Astronomia \u00b7 Tradici\u00f3 oral<\/p>\n<p><em><\/em><\/p>\n<p>&nbsp;<\/p>\n<p>[\/et_pb_text][\/et_pb_column][et_pb_column _builder_version=\u00bb4.27.4&#8243; _module_preset=\u00bbdefault\u00bb type=\u00bb1_2&#8243;][et_pb_text _builder_version=\u00bb4.27.4&#8243; background_size=\u00bbinitial\u00bb background_position=\u00bbtop_left\u00bb background_repeat=\u00bbrepeat\u00bb global_colors_info=\u00bb{}\u00bb][\/et_pb_text][et_pb_image src=\u00bbhttps:\/\/gradesorra.cat\/wp-content\/uploads\/2025\/10\/nit_i_Estrelles_resized.png\u00bb title_text=\u00bbnit_i_Estrelles_resized\u00bb align=\u00bbcenter\u00bb _builder_version=\u00bb4.27.4&#8243; _module_preset=\u00bbdefault\u00bb width=\u00bb100%\u00bb max_width=\u00bb100%\u00bb min_height=\u00bb423px\u00bb height=\u00bb1000px\u00bb max_height=\u00bb485px\u00bb global_colors_info=\u00bb{}\u00bb][\/et_pb_image][\/et_pb_column][\/et_pb_row][\/et_pb_section]<\/p>\n","protected":false},"excerpt":{"rendered":"<p>Contes sota les estrelles Un viatge de contes i llegendes pel cel de diferents cultures del m\u00f3n. Des de fa milers d\u2019anys, els humans han mirat el cel per orientar-se, somiar i explicar-se el m\u00f3n. Entre els punts de llum del firmament van imaginar animals, herois i criatures fant\u00e0stiques. Aix\u00ed van n\u00e9ixer les constel\u00b7lacions\u2026 i [&hellip;]<\/p>\n","protected":false},"author":2,"featured_media":7746,"parent":6211,"menu_order":0,"comment_status":"closed","ping_status":"closed","template":"","meta":{"_et_pb_use_builder":"on","_et_pb_old_content":"[vc_row][vc_column width=\"2\/3\"][vc_custom_heading text=\"\" use_theme_fonts=\"yes\"][separator width=\"20px\" height=\"3px\" position=\"center\" color=\"#222222\" margin_top=\"20px\" margin_bottom=\"20px\"][vc_column_text]Contes i llegendes relacionades amb les estrelles i l'univers.\n\nEls homes de l\u2019antiguitat \u00e9s guiaven mirant les estrelles, i d\u2019aquesta manera els era m\u00e9s f\u00e0cil orientar-se en els seus viatges. Per recordar-les totes, les van anar agrupant imaginant-ne figures de persones i animals. N'anomenaren constel\u00b7lacions.\n\nI, quina relaci\u00f3 guarden les estrelles amb els contes? Doncs, molta! Sab\u00edeu que cada una d\u2019aquestes constel\u00b7lacions t\u00e9 un nom. I cada nom, un secret, una hist\u00f2ria amagada.\n\nSovint, coneixem les hist\u00f2ries de la mitologia Greco-Romana, per\u00f2 n'hi ha d'arreu del m\u00f3n: tantes com estrelles, a punt de ser narrades.\n\n&nbsp;\n\n<img class=\"alignnone size-medium wp-image-3301\" src=\"http:\/\/gradesorra.cat\/wp-content\/uploads\/2018\/02\/gra-taronja.png\" alt=\"\" width=\"22\" height=\"23\" \/> Durada: 50 minuts\n\n<img class=\"alignnone size-full wp-image-3299\" src=\"http:\/\/gradesorra.cat\/wp-content\/uploads\/2018\/02\/gra-gris-fort.png\" alt=\"\" width=\"24\" height=\"24\" \/> Tema: Mitologia - Univers - Astres[\/vc_column_text][vc_btn title=\"+ Informaci\u00f3\" shape=\"round\" size=\"xs\" link=\"url:%23formulari|||\"][\/vc_column][vc_column width=\"1\/3\" disable_element=\"\" type=\"in_container\" bg_image=\"\" bg_position=\"left top\" bg_repeat=\"no-repeat\" parallax_bg=\"\" bg_color=\"\" overlay=\"\" overlay_color=\"\" video_webm=\"\" video_mp4=\"\" text_color=\"dark\" custom_text_color=\"\" top_padding=\"\" bottom_padding=\"\" transparency=\"\" borders=\"\" arrow_bottom=\"\" arrow_top=\"\" link_bool=\"\" link_value=\"#\" class=\"propostes-similars\"][vc_single_image image=\"4643\" img_size=\"large\"][\/vc_column][\/vc_row]","_et_gb_content_width":"","footnotes":""},"categories":[2],"tags":[24],"class_list":["post-6228","page","type-page","status-publish","has-post-thumbnail","hentry","category-sin-categorizar","tag-show-adults-es"],"yoast_head":"<!-- This site is optimized with the Yoast SEO plugin v24.8.1 - https:\/\/yoast.com\/wordpress\/plugins\/seo\/ -->\n<title>El secret de les estrelles - Gra de Sorra<\/title>\n<meta name=\"robots\" content=\"index, follow, max-snippet:-1, max-image-preview:large, max-video-preview:-1\" \/>\n<link rel=\"canonical\" href=\"https:\/\/gradesorra.cat\/es\/contes-joves-i-adults\/elsecret_deles_estrelles\/\" \/>\n<meta property=\"og:locale\" content=\"es_ES\" \/>\n<meta property=\"og:type\" content=\"article\" \/>\n<meta property=\"og:title\" content=\"El secret de les estrelles - Gra de Sorra\" \/>\n<meta property=\"og:description\" content=\"Contes sota les estrelles Un viatge de contes i llegendes pel cel de diferents cultures del m\u00f3n. Des de fa milers d\u2019anys, els humans han mirat el cel per orientar-se, somiar i explicar-se el m\u00f3n. Entre els punts de llum del firmament van imaginar animals, herois i criatures fant\u00e0stiques. Aix\u00ed van n\u00e9ixer les constel\u00b7lacions\u2026 i [&hellip;]\" \/>\n<meta property=\"og:url\" content=\"https:\/\/gradesorra.cat\/es\/contes-joves-i-adults\/elsecret_deles_estrelles\/\" \/>\n<meta property=\"og:site_name\" content=\"Gra de Sorra\" \/>\n<meta property=\"article:modified_time\" content=\"2026-03-09T20:19:37+00:00\" \/>\n<meta property=\"og:image\" content=\"https:\/\/gradesorra.cat\/wp-content\/uploads\/2025\/10\/nit_i_Estrelles_resized.png\" \/>\n\t<meta property=\"og:image:width\" content=\"567\" \/>\n\t<meta property=\"og:image:height\" content=\"851\" \/>\n\t<meta property=\"og:image:type\" content=\"image\/png\" \/>\n<meta name=\"twitter:card\" content=\"summary_large_image\" \/>\n<meta name=\"twitter:label1\" content=\"Tiempo de lectura\" \/>\n\t<meta name=\"twitter:data1\" content=\"2 minutos\" \/>\n<script type=\"application\/ld+json\" class=\"yoast-schema-graph\">{\"@context\":\"https:\/\/schema.org\",\"@graph\":[{\"@type\":\"WebPage\",\"@id\":\"https:\/\/gradesorra.cat\/es\/contes-joves-i-adults\/elsecret_deles_estrelles\/\",\"url\":\"https:\/\/gradesorra.cat\/es\/contes-joves-i-adults\/elsecret_deles_estrelles\/\",\"name\":\"El secret de les estrelles - Gra de Sorra\",\"isPartOf\":{\"@id\":\"https:\/\/gradesorra.cat\/#website\"},\"primaryImageOfPage\":{\"@id\":\"https:\/\/gradesorra.cat\/es\/contes-joves-i-adults\/elsecret_deles_estrelles\/#primaryimage\"},\"image\":{\"@id\":\"https:\/\/gradesorra.cat\/es\/contes-joves-i-adults\/elsecret_deles_estrelles\/#primaryimage\"},\"thumbnailUrl\":\"https:\/\/gradesorra.cat\/wp-content\/uploads\/2025\/10\/nit_i_Estrelles_resized.png\",\"datePublished\":\"2020-09-23T12:27:41+00:00\",\"dateModified\":\"2026-03-09T20:19:37+00:00\",\"breadcrumb\":{\"@id\":\"https:\/\/gradesorra.cat\/es\/contes-joves-i-adults\/elsecret_deles_estrelles\/#breadcrumb\"},\"inLanguage\":\"es\",\"potentialAction\":[{\"@type\":\"ReadAction\",\"target\":[\"https:\/\/gradesorra.cat\/es\/contes-joves-i-adults\/elsecret_deles_estrelles\/\"]}]},{\"@type\":\"ImageObject\",\"inLanguage\":\"es\",\"@id\":\"https:\/\/gradesorra.cat\/es\/contes-joves-i-adults\/elsecret_deles_estrelles\/#primaryimage\",\"url\":\"https:\/\/gradesorra.cat\/wp-content\/uploads\/2025\/10\/nit_i_Estrelles_resized.png\",\"contentUrl\":\"https:\/\/gradesorra.cat\/wp-content\/uploads\/2025\/10\/nit_i_Estrelles_resized.png\",\"width\":567,\"height\":851},{\"@type\":\"BreadcrumbList\",\"@id\":\"https:\/\/gradesorra.cat\/es\/contes-joves-i-adults\/elsecret_deles_estrelles\/#breadcrumb\",\"itemListElement\":[{\"@type\":\"ListItem\",\"position\":1,\"name\":\"Inici\",\"item\":\"https:\/\/gradesorra.cat\/\"},{\"@type\":\"ListItem\",\"position\":2,\"name\":\"Adults\",\"item\":\"https:\/\/gradesorra.cat\/es\/contes-joves-i-adults\/\"},{\"@type\":\"ListItem\",\"position\":3,\"name\":\"El secret de les estrelles\"}]},{\"@type\":\"WebSite\",\"@id\":\"https:\/\/gradesorra.cat\/#website\",\"url\":\"https:\/\/gradesorra.cat\/\",\"name\":\"\\\"Gra de Sorra - Contacontes, narraci\u00f3 oral i tallers creatius (Catalunya)\",\"description\":\"Contes, tallers i projectes creatius per a infants, joves i adults.\",\"publisher\":{\"@id\":\"https:\/\/gradesorra.cat\/#organization\"},\"alternateName\":\"Contes infantils, famioliars i adults en catal\u00e0\",\"potentialAction\":[{\"@type\":\"SearchAction\",\"target\":{\"@type\":\"EntryPoint\",\"urlTemplate\":\"https:\/\/gradesorra.cat\/?s={search_term_string}\"},\"query-input\":{\"@type\":\"PropertyValueSpecification\",\"valueRequired\":true,\"valueName\":\"search_term_string\"}}],\"inLanguage\":\"es\"},{\"@type\":\"Organization\",\"@id\":\"https:\/\/gradesorra.cat\/#organization\",\"name\":\"\\\"Gra de Sorra - Contacontes, narraci\u00f3 orali tallers creatius (Catalunya)\",\"url\":\"https:\/\/gradesorra.cat\/\",\"logo\":{\"@type\":\"ImageObject\",\"inLanguage\":\"es\",\"@id\":\"https:\/\/gradesorra.cat\/#\/schema\/logo\/image\/\",\"url\":\"https:\/\/gradesorra.cat\/wp-content\/uploads\/2024\/02\/logo-gra-de-sorra.png\",\"contentUrl\":\"https:\/\/gradesorra.cat\/wp-content\/uploads\/2024\/02\/logo-gra-de-sorra.png\",\"width\":1685,\"height\":1191,\"caption\":\"\\\"Gra de Sorra - Contacontes, narraci\u00f3 orali tallers creatius (Catalunya)\"},\"image\":{\"@id\":\"https:\/\/gradesorra.cat\/#\/schema\/logo\/image\/\"}}]}<\/script>\n<!-- \/ Yoast SEO plugin. -->","yoast_head_json":{"title":"El secret de les estrelles - Gra de Sorra","robots":{"index":"index","follow":"follow","max-snippet":"max-snippet:-1","max-image-preview":"max-image-preview:large","max-video-preview":"max-video-preview:-1"},"canonical":"https:\/\/gradesorra.cat\/es\/contes-joves-i-adults\/elsecret_deles_estrelles\/","og_locale":"es_ES","og_type":"article","og_title":"El secret de les estrelles - Gra de Sorra","og_description":"Contes sota les estrelles Un viatge de contes i llegendes pel cel de diferents cultures del m\u00f3n. Des de fa milers d\u2019anys, els humans han mirat el cel per orientar-se, somiar i explicar-se el m\u00f3n. Entre els punts de llum del firmament van imaginar animals, herois i criatures fant\u00e0stiques. Aix\u00ed van n\u00e9ixer les constel\u00b7lacions\u2026 i [&hellip;]","og_url":"https:\/\/gradesorra.cat\/es\/contes-joves-i-adults\/elsecret_deles_estrelles\/","og_site_name":"Gra de Sorra","article_modified_time":"2026-03-09T20:19:37+00:00","og_image":[{"width":567,"height":851,"url":"https:\/\/gradesorra.cat\/wp-content\/uploads\/2025\/10\/nit_i_Estrelles_resized.png","type":"image\/png"}],"twitter_card":"summary_large_image","twitter_misc":{"Tiempo de lectura":"2 minutos"},"schema":{"@context":"https:\/\/schema.org","@graph":[{"@type":"WebPage","@id":"https:\/\/gradesorra.cat\/es\/contes-joves-i-adults\/elsecret_deles_estrelles\/","url":"https:\/\/gradesorra.cat\/es\/contes-joves-i-adults\/elsecret_deles_estrelles\/","name":"El secret de les estrelles - Gra de Sorra","isPartOf":{"@id":"https:\/\/gradesorra.cat\/#website"},"primaryImageOfPage":{"@id":"https:\/\/gradesorra.cat\/es\/contes-joves-i-adults\/elsecret_deles_estrelles\/#primaryimage"},"image":{"@id":"https:\/\/gradesorra.cat\/es\/contes-joves-i-adults\/elsecret_deles_estrelles\/#primaryimage"},"thumbnailUrl":"https:\/\/gradesorra.cat\/wp-content\/uploads\/2025\/10\/nit_i_Estrelles_resized.png","datePublished":"2020-09-23T12:27:41+00:00","dateModified":"2026-03-09T20:19:37+00:00","breadcrumb":{"@id":"https:\/\/gradesorra.cat\/es\/contes-joves-i-adults\/elsecret_deles_estrelles\/#breadcrumb"},"inLanguage":"es","potentialAction":[{"@type":"ReadAction","target":["https:\/\/gradesorra.cat\/es\/contes-joves-i-adults\/elsecret_deles_estrelles\/"]}]},{"@type":"ImageObject","inLanguage":"es","@id":"https:\/\/gradesorra.cat\/es\/contes-joves-i-adults\/elsecret_deles_estrelles\/#primaryimage","url":"https:\/\/gradesorra.cat\/wp-content\/uploads\/2025\/10\/nit_i_Estrelles_resized.png","contentUrl":"https:\/\/gradesorra.cat\/wp-content\/uploads\/2025\/10\/nit_i_Estrelles_resized.png","width":567,"height":851},{"@type":"BreadcrumbList","@id":"https:\/\/gradesorra.cat\/es\/contes-joves-i-adults\/elsecret_deles_estrelles\/#breadcrumb","itemListElement":[{"@type":"ListItem","position":1,"name":"Inici","item":"https:\/\/gradesorra.cat\/"},{"@type":"ListItem","position":2,"name":"Adults","item":"https:\/\/gradesorra.cat\/es\/contes-joves-i-adults\/"},{"@type":"ListItem","position":3,"name":"El secret de les estrelles"}]},{"@type":"WebSite","@id":"https:\/\/gradesorra.cat\/#website","url":"https:\/\/gradesorra.cat\/","name":"\"Gra de Sorra - Contacontes, narraci\u00f3 oral i tallers creatius (Catalunya)","description":"Contes, tallers i projectes creatius per a infants, joves i adults.","publisher":{"@id":"https:\/\/gradesorra.cat\/#organization"},"alternateName":"Contes infantils, famioliars i adults en catal\u00e0","potentialAction":[{"@type":"SearchAction","target":{"@type":"EntryPoint","urlTemplate":"https:\/\/gradesorra.cat\/?s={search_term_string}"},"query-input":{"@type":"PropertyValueSpecification","valueRequired":true,"valueName":"search_term_string"}}],"inLanguage":"es"},{"@type":"Organization","@id":"https:\/\/gradesorra.cat\/#organization","name":"\"Gra de Sorra - Contacontes, narraci\u00f3 orali tallers creatius (Catalunya)","url":"https:\/\/gradesorra.cat\/","logo":{"@type":"ImageObject","inLanguage":"es","@id":"https:\/\/gradesorra.cat\/#\/schema\/logo\/image\/","url":"https:\/\/gradesorra.cat\/wp-content\/uploads\/2024\/02\/logo-gra-de-sorra.png","contentUrl":"https:\/\/gradesorra.cat\/wp-content\/uploads\/2024\/02\/logo-gra-de-sorra.png","width":1685,"height":1191,"caption":"\"Gra de Sorra - Contacontes, narraci\u00f3 orali tallers creatius (Catalunya)"},"image":{"@id":"https:\/\/gradesorra.cat\/#\/schema\/logo\/image\/"}}]}},"_links":{"self":[{"href":"https:\/\/gradesorra.cat\/es\/wp-json\/wp\/v2\/pages\/6228","targetHints":{"allow":["GET"]}}],"collection":[{"href":"https:\/\/gradesorra.cat\/es\/wp-json\/wp\/v2\/pages"}],"about":[{"href":"https:\/\/gradesorra.cat\/es\/wp-json\/wp\/v2\/types\/page"}],"author":[{"embeddable":true,"href":"https:\/\/gradesorra.cat\/es\/wp-json\/wp\/v2\/users\/2"}],"replies":[{"embeddable":true,"href":"https:\/\/gradesorra.cat\/es\/wp-json\/wp\/v2\/comments?post=6228"}],"version-history":[{"count":9,"href":"https:\/\/gradesorra.cat\/es\/wp-json\/wp\/v2\/pages\/6228\/revisions"}],"predecessor-version":[{"id":8493,"href":"https:\/\/gradesorra.cat\/es\/wp-json\/wp\/v2\/pages\/6228\/revisions\/8493"}],"up":[{"embeddable":true,"href":"https:\/\/gradesorra.cat\/es\/wp-json\/wp\/v2\/pages\/6211"}],"wp:featuredmedia":[{"embeddable":true,"href":"https:\/\/gradesorra.cat\/es\/wp-json\/wp\/v2\/media\/7746"}],"wp:attachment":[{"href":"https:\/\/gradesorra.cat\/es\/wp-json\/wp\/v2\/media?parent=6228"}],"wp:term":[{"taxonomy":"category","embeddable":true,"href":"https:\/\/gradesorra.cat\/es\/wp-json\/wp\/v2\/categories?post=6228"},{"taxonomy":"post_tag","embeddable":true,"href":"https:\/\/gradesorra.cat\/es\/wp-json\/wp\/v2\/tags?post=6228"}],"curies":[{"name":"wp","href":"https:\/\/api.w.org\/{rel}","templated":true}]}}