

{"id":6229,"date":"2020-09-23T12:38:54","date_gmt":"2020-09-23T10:38:54","guid":{"rendered":"https:\/\/gradesorra.cat\/tallers\/emocionar-te\/"},"modified":"2020-09-23T12:38:54","modified_gmt":"2020-09-23T10:38:54","slug":"emocionar-te","status":"publish","type":"page","link":"https:\/\/gradesorra.cat\/es\/tallers\/emocionar-te\/","title":{"rendered":"Emocionar-te (Gesti\u00f3 d&#8217;emocions)"},"content":{"rendered":"<p>[et_pb_section fb_built=\u00bb1&#8243; admin_label=\u00bbsection\u00bb _builder_version=\u00bb4.16&#8243; global_colors_info=\u00bb{}\u00bb][et_pb_row admin_label=\u00bbrow\u00bb _builder_version=\u00bb4.16&#8243; background_size=\u00bbinitial\u00bb background_position=\u00bbtop_left\u00bb background_repeat=\u00bbrepeat\u00bb global_colors_info=\u00bb{}\u00bb column_structure=\u00bb2_5,3_5&#8243;][et_pb_column type=\u00bb2_5&#8243; _builder_version=\u00bb4.16&#8243; custom_padding=\u00bb|||\u00bb global_colors_info=\u00bb{}\u00bb custom_padding__hover=\u00bb|||\u00bb][et_pb_image src=\u00bbhttps:\/\/gradesorra.cat\/wp-content\/uploads\/2024\/01\/TALLER-EMOCIONAR-TE-scaled-1.jpg\u00bb _builder_version=\u00bb4.24.0&#8243; _module_preset=\u00bbdefault\u00bb title_text=\u00bbTALLER-EMOCIONAR-TE-scaled\u00bb hover_enabled=\u00bb0&#8243; sticky_enabled=\u00bb0&#8243; animation_style=\u00bbslide\u00bb animation_direction=\u00bbleft\u00bb][\/et_pb_image][\/et_pb_column][et_pb_column type=\u00bb3_5&#8243; _builder_version=\u00bb4.16&#8243; custom_padding=\u00bb|||\u00bb global_colors_info=\u00bb{}\u00bb custom_padding__hover=\u00bb|||\u00bb][et_pb_text admin_label=\u00bbText\u00bb _builder_version=\u00bb4.24.0&#8243; background_size=\u00bbinitial\u00bb background_position=\u00bbtop_left\u00bb background_repeat=\u00bbrepeat\u00bb hover_enabled=\u00bb0&#8243; global_colors_info=\u00bb{}\u00bb sticky_enabled=\u00bb0&#8243;]<\/p>\n<h1 class=\"entry-title main_title\">Emocionar-te (Gesti\u00f3 d\u2019emocions)<\/h1>\n<p>Contes amb taller dedicats a recon\u00e8ixer i gestionar les pr\u00f2pies emocions.<\/p>\n<p>Est\u00e0 demostrat que els infants amb una bona intel\u00b7lig\u00e8ncia emocional s\u00f3n m\u00e9s feli\u00e7os, tenen m\u00e9s benestar personal, menys ansietat i m\u00e9s recursos per afrontar situacions dif\u00edcils.<\/p>\n<p>\u00a0<strong>Estructura de la sessi\u00f3:<\/strong><\/p>\n<ul>\n<li>Sessi\u00f3 breu de contes<\/li>\n<li>Taller pr\u00e0ctic (Important, anar acompanyat d&#8217;un referent adult)<\/li>\n<\/ul>\n<p>&nbsp;<\/p>\n<p><img loading=\"lazy\" decoding=\"async\" class=\"alignnone size-medium wp-image-3301\" src=\"http:\/\/gradesorra.cat\/wp-content\/uploads\/2018\/02\/gra-taronja.png\" alt=\"\" width=\"22\" height=\"23\" \/> Durada: 1 h<\/p>\n<p><img loading=\"lazy\" decoding=\"async\" class=\"alignnone size-full wp-image-3299\" src=\"http:\/\/gradesorra.cat\/wp-content\/uploads\/2018\/02\/gra-gris-fort.png\" alt=\"\" width=\"24\" height=\"24\" \/> Tema: Emocions &#8211; Joc<\/p>\n<p><img loading=\"lazy\" decoding=\"async\" class=\"alignnone size-full wp-image-3300\" src=\"http:\/\/gradesorra.cat\/wp-content\/uploads\/2018\/02\/gra-gris.png\" alt=\"\" width=\"23\" height=\"23\" \/> A partir de 6 anys<\/p>\n<p>[\/et_pb_text][\/et_pb_column][\/et_pb_row][\/et_pb_section]<\/p>\n","protected":false},"excerpt":{"rendered":"<p>Emocionar-te (Gesti\u00f3 d\u2019emocions) Contes amb taller dedicats a recon\u00e8ixer i gestionar les pr\u00f2pies emocions. Est\u00e0 demostrat que els infants amb una bona intel\u00b7lig\u00e8ncia emocional s\u00f3n m\u00e9s feli\u00e7os, tenen m\u00e9s benestar personal, menys ansietat i m\u00e9s recursos per afrontar situacions dif\u00edcils. \u00a0Estructura de la sessi\u00f3: Sessi\u00f3 breu de contes Taller pr\u00e0ctic (Important, anar acompanyat d&#8217;un referent [&hellip;]<\/p>\n","protected":false},"author":2,"featured_media":5833,"parent":6216,"menu_order":0,"comment_status":"closed","ping_status":"closed","template":"","meta":{"_et_pb_use_builder":"on","_et_pb_old_content":"[vc_row][vc_column width=\"2\/3\"][vc_custom_heading source=\"post_title\" use_theme_fonts=\"yes\"][separator width=\"20px\" height=\"3px\" position=\"center\" color=\"#222222\" margin_top=\"20px\" margin_bottom=\"20px\"][vc_column_text]Contes amb taller dedicats a recon\u00e8ixer i gestionar les pr\u00f2pies emocions.\n\nEst\u00e0 demostrat que els infants amb una bona intel\u00b7lig\u00e8ncia emocional s\u00f3n m\u00e9s feli\u00e7os, tenen m\u00e9s benestar personal, menys ansietat i m\u00e9s recursos per afrontar situacions dif\u00edcils.\n\n&nbsp;\n\n<strong>Estructura de la sessi\u00f3:<\/strong>\n<ul>\n \t<li>Sessi\u00f3 breu de contes<\/li>\n \t<li>Taller pr\u00e0ctic (Important, anar acompanyat d'un referent adult)<\/li>\n<\/ul>\n&nbsp;\n\n&nbsp;\n\n<img class=\"alignnone size-medium wp-image-3301\" src=\"http:\/\/gradesorra.cat\/wp-content\/uploads\/2018\/02\/gra-taronja.png\" alt=\"\" width=\"22\" height=\"23\" \/> Durada: 1 h\n\n<img class=\"alignnone size-full wp-image-3299\" src=\"http:\/\/gradesorra.cat\/wp-content\/uploads\/2018\/02\/gra-gris-fort.png\" alt=\"\" width=\"24\" height=\"24\" \/> Tema: Emocions - Joc\n\n<img class=\"alignnone size-full wp-image-3300\" src=\"http:\/\/gradesorra.cat\/wp-content\/uploads\/2018\/02\/gra-gris.png\" alt=\"\" width=\"23\" height=\"23\" \/> A partir de 6 anys[\/vc_column_text][vc_btn title=\"+ Informaci\u00f3\" shape=\"round\" size=\"xs\" link=\"url:%23formulari|||\"][vc_empty_space height=\"60px\"][\/vc_column][vc_column width=\"1\/3\"][vc_single_image image=\"3810\" img_size=\"large\"][\/vc_column][\/vc_row]","_et_gb_content_width":"","footnotes":""},"categories":[],"tags":[20],"class_list":["post-6229","page","type-page","status-publish","has-post-thumbnail","hentry","tag-show-tallers-es"],"yoast_head":"<!-- This site is optimized with the Yoast SEO plugin v24.8.1 - https:\/\/yoast.com\/wordpress\/plugins\/seo\/ -->\n<title>Emocionar-te (Gesti\u00f3 d&#039;emocions) - Gra de Sorra<\/title>\n<meta name=\"robots\" content=\"index, follow, max-snippet:-1, max-image-preview:large, max-video-preview:-1\" \/>\n<link rel=\"canonical\" href=\"https:\/\/gradesorra.cat\/es\/tallers\/emocionar-te\/\" \/>\n<meta property=\"og:locale\" content=\"es_ES\" \/>\n<meta property=\"og:type\" content=\"article\" \/>\n<meta property=\"og:title\" content=\"Emocionar-te (Gesti\u00f3 d&#039;emocions) - Gra de Sorra\" \/>\n<meta property=\"og:description\" content=\"Emocionar-te (Gesti\u00f3 d\u2019emocions) Contes amb taller dedicats a recon\u00e8ixer i gestionar les pr\u00f2pies emocions. Est\u00e0 demostrat que els infants amb una bona intel\u00b7lig\u00e8ncia emocional s\u00f3n m\u00e9s feli\u00e7os, tenen m\u00e9s benestar personal, menys ansietat i m\u00e9s recursos per afrontar situacions dif\u00edcils. \u00a0Estructura de la sessi\u00f3: Sessi\u00f3 breu de contes Taller pr\u00e0ctic (Important, anar acompanyat d&#039;un referent [&hellip;]\" \/>\n<meta property=\"og:url\" content=\"https:\/\/gradesorra.cat\/es\/tallers\/emocionar-te\/\" \/>\n<meta property=\"og:site_name\" content=\"Gra de Sorra\" \/>\n<meta property=\"og:image\" content=\"https:\/\/gradesorra.cat\/wp-content\/uploads\/2024\/01\/TALLER-EMOCIONAR-TE-scaled-1.jpg\" \/>\n\t<meta property=\"og:image:width\" content=\"2560\" \/>\n\t<meta property=\"og:image:height\" content=\"1707\" \/>\n\t<meta property=\"og:image:type\" content=\"image\/jpeg\" \/>\n<meta name=\"twitter:card\" content=\"summary_large_image\" \/>\n<meta name=\"twitter:label1\" content=\"Tiempo de lectura\" \/>\n\t<meta name=\"twitter:data1\" content=\"1 minuto\" \/>\n<script type=\"application\/ld+json\" class=\"yoast-schema-graph\">{\"@context\":\"https:\/\/schema.org\",\"@graph\":[{\"@type\":\"WebPage\",\"@id\":\"https:\/\/gradesorra.cat\/es\/tallers\/emocionar-te\/\",\"url\":\"https:\/\/gradesorra.cat\/es\/tallers\/emocionar-te\/\",\"name\":\"Emocionar-te (Gesti\u00f3 d'emocions) - Gra de Sorra\",\"isPartOf\":{\"@id\":\"https:\/\/gradesorra.cat\/#website\"},\"primaryImageOfPage\":{\"@id\":\"https:\/\/gradesorra.cat\/es\/tallers\/emocionar-te\/#primaryimage\"},\"image\":{\"@id\":\"https:\/\/gradesorra.cat\/es\/tallers\/emocionar-te\/#primaryimage\"},\"thumbnailUrl\":\"https:\/\/gradesorra.cat\/wp-content\/uploads\/2024\/01\/TALLER-EMOCIONAR-TE-scaled-1.jpg\",\"datePublished\":\"2020-09-23T10:38:54+00:00\",\"breadcrumb\":{\"@id\":\"https:\/\/gradesorra.cat\/es\/tallers\/emocionar-te\/#breadcrumb\"},\"inLanguage\":\"es\",\"potentialAction\":[{\"@type\":\"ReadAction\",\"target\":[\"https:\/\/gradesorra.cat\/es\/tallers\/emocionar-te\/\"]}]},{\"@type\":\"ImageObject\",\"inLanguage\":\"es\",\"@id\":\"https:\/\/gradesorra.cat\/es\/tallers\/emocionar-te\/#primaryimage\",\"url\":\"https:\/\/gradesorra.cat\/wp-content\/uploads\/2024\/01\/TALLER-EMOCIONAR-TE-scaled-1.jpg\",\"contentUrl\":\"https:\/\/gradesorra.cat\/wp-content\/uploads\/2024\/01\/TALLER-EMOCIONAR-TE-scaled-1.jpg\",\"width\":2560,\"height\":1707},{\"@type\":\"BreadcrumbList\",\"@id\":\"https:\/\/gradesorra.cat\/es\/tallers\/emocionar-te\/#breadcrumb\",\"itemListElement\":[{\"@type\":\"ListItem\",\"position\":1,\"name\":\"Inici\",\"item\":\"https:\/\/gradesorra.cat\/\"},{\"@type\":\"ListItem\",\"position\":2,\"name\":\"Talleres\",\"item\":\"https:\/\/gradesorra.cat\/es\/tallers\/\"},{\"@type\":\"ListItem\",\"position\":3,\"name\":\"Emocionar-te (Gesti\u00f3 d&#8217;emocions)\"}]},{\"@type\":\"WebSite\",\"@id\":\"https:\/\/gradesorra.cat\/#website\",\"url\":\"https:\/\/gradesorra.cat\/\",\"name\":\"\\\"Gra de Sorra - Contacontes, narraci\u00f3 oral i tallers creatius (Catalunya)\",\"description\":\"Contes, tallers i projectes creatius per a infants, joves i adults.\",\"publisher\":{\"@id\":\"https:\/\/gradesorra.cat\/#organization\"},\"alternateName\":\"Contes infantils, famioliars i adults en catal\u00e0\",\"potentialAction\":[{\"@type\":\"SearchAction\",\"target\":{\"@type\":\"EntryPoint\",\"urlTemplate\":\"https:\/\/gradesorra.cat\/?s={search_term_string}\"},\"query-input\":{\"@type\":\"PropertyValueSpecification\",\"valueRequired\":true,\"valueName\":\"search_term_string\"}}],\"inLanguage\":\"es\"},{\"@type\":\"Organization\",\"@id\":\"https:\/\/gradesorra.cat\/#organization\",\"name\":\"\\\"Gra de Sorra - Contacontes, narraci\u00f3 orali tallers creatius (Catalunya)\",\"url\":\"https:\/\/gradesorra.cat\/\",\"logo\":{\"@type\":\"ImageObject\",\"inLanguage\":\"es\",\"@id\":\"https:\/\/gradesorra.cat\/#\/schema\/logo\/image\/\",\"url\":\"https:\/\/gradesorra.cat\/wp-content\/uploads\/2024\/02\/logo-gra-de-sorra.png\",\"contentUrl\":\"https:\/\/gradesorra.cat\/wp-content\/uploads\/2024\/02\/logo-gra-de-sorra.png\",\"width\":1685,\"height\":1191,\"caption\":\"\\\"Gra de Sorra - Contacontes, narraci\u00f3 orali tallers creatius (Catalunya)\"},\"image\":{\"@id\":\"https:\/\/gradesorra.cat\/#\/schema\/logo\/image\/\"}}]}<\/script>\n<!-- \/ Yoast SEO plugin. -->","yoast_head_json":{"title":"Emocionar-te (Gesti\u00f3 d'emocions) - Gra de Sorra","robots":{"index":"index","follow":"follow","max-snippet":"max-snippet:-1","max-image-preview":"max-image-preview:large","max-video-preview":"max-video-preview:-1"},"canonical":"https:\/\/gradesorra.cat\/es\/tallers\/emocionar-te\/","og_locale":"es_ES","og_type":"article","og_title":"Emocionar-te (Gesti\u00f3 d'emocions) - Gra de Sorra","og_description":"Emocionar-te (Gesti\u00f3 d\u2019emocions) Contes amb taller dedicats a recon\u00e8ixer i gestionar les pr\u00f2pies emocions. Est\u00e0 demostrat que els infants amb una bona intel\u00b7lig\u00e8ncia emocional s\u00f3n m\u00e9s feli\u00e7os, tenen m\u00e9s benestar personal, menys ansietat i m\u00e9s recursos per afrontar situacions dif\u00edcils. \u00a0Estructura de la sessi\u00f3: Sessi\u00f3 breu de contes Taller pr\u00e0ctic (Important, anar acompanyat d'un referent [&hellip;]","og_url":"https:\/\/gradesorra.cat\/es\/tallers\/emocionar-te\/","og_site_name":"Gra de Sorra","og_image":[{"width":2560,"height":1707,"url":"https:\/\/gradesorra.cat\/wp-content\/uploads\/2024\/01\/TALLER-EMOCIONAR-TE-scaled-1.jpg","type":"image\/jpeg"}],"twitter_card":"summary_large_image","twitter_misc":{"Tiempo de lectura":"1 minuto"},"schema":{"@context":"https:\/\/schema.org","@graph":[{"@type":"WebPage","@id":"https:\/\/gradesorra.cat\/es\/tallers\/emocionar-te\/","url":"https:\/\/gradesorra.cat\/es\/tallers\/emocionar-te\/","name":"Emocionar-te (Gesti\u00f3 d'emocions) - Gra de Sorra","isPartOf":{"@id":"https:\/\/gradesorra.cat\/#website"},"primaryImageOfPage":{"@id":"https:\/\/gradesorra.cat\/es\/tallers\/emocionar-te\/#primaryimage"},"image":{"@id":"https:\/\/gradesorra.cat\/es\/tallers\/emocionar-te\/#primaryimage"},"thumbnailUrl":"https:\/\/gradesorra.cat\/wp-content\/uploads\/2024\/01\/TALLER-EMOCIONAR-TE-scaled-1.jpg","datePublished":"2020-09-23T10:38:54+00:00","breadcrumb":{"@id":"https:\/\/gradesorra.cat\/es\/tallers\/emocionar-te\/#breadcrumb"},"inLanguage":"es","potentialAction":[{"@type":"ReadAction","target":["https:\/\/gradesorra.cat\/es\/tallers\/emocionar-te\/"]}]},{"@type":"ImageObject","inLanguage":"es","@id":"https:\/\/gradesorra.cat\/es\/tallers\/emocionar-te\/#primaryimage","url":"https:\/\/gradesorra.cat\/wp-content\/uploads\/2024\/01\/TALLER-EMOCIONAR-TE-scaled-1.jpg","contentUrl":"https:\/\/gradesorra.cat\/wp-content\/uploads\/2024\/01\/TALLER-EMOCIONAR-TE-scaled-1.jpg","width":2560,"height":1707},{"@type":"BreadcrumbList","@id":"https:\/\/gradesorra.cat\/es\/tallers\/emocionar-te\/#breadcrumb","itemListElement":[{"@type":"ListItem","position":1,"name":"Inici","item":"https:\/\/gradesorra.cat\/"},{"@type":"ListItem","position":2,"name":"Talleres","item":"https:\/\/gradesorra.cat\/es\/tallers\/"},{"@type":"ListItem","position":3,"name":"Emocionar-te (Gesti\u00f3 d&#8217;emocions)"}]},{"@type":"WebSite","@id":"https:\/\/gradesorra.cat\/#website","url":"https:\/\/gradesorra.cat\/","name":"\"Gra de Sorra - Contacontes, narraci\u00f3 oral i tallers creatius (Catalunya)","description":"Contes, tallers i projectes creatius per a infants, joves i adults.","publisher":{"@id":"https:\/\/gradesorra.cat\/#organization"},"alternateName":"Contes infantils, famioliars i adults en catal\u00e0","potentialAction":[{"@type":"SearchAction","target":{"@type":"EntryPoint","urlTemplate":"https:\/\/gradesorra.cat\/?s={search_term_string}"},"query-input":{"@type":"PropertyValueSpecification","valueRequired":true,"valueName":"search_term_string"}}],"inLanguage":"es"},{"@type":"Organization","@id":"https:\/\/gradesorra.cat\/#organization","name":"\"Gra de Sorra - Contacontes, narraci\u00f3 orali tallers creatius (Catalunya)","url":"https:\/\/gradesorra.cat\/","logo":{"@type":"ImageObject","inLanguage":"es","@id":"https:\/\/gradesorra.cat\/#\/schema\/logo\/image\/","url":"https:\/\/gradesorra.cat\/wp-content\/uploads\/2024\/02\/logo-gra-de-sorra.png","contentUrl":"https:\/\/gradesorra.cat\/wp-content\/uploads\/2024\/02\/logo-gra-de-sorra.png","width":1685,"height":1191,"caption":"\"Gra de Sorra - Contacontes, narraci\u00f3 orali tallers creatius (Catalunya)"},"image":{"@id":"https:\/\/gradesorra.cat\/#\/schema\/logo\/image\/"}}]}},"_links":{"self":[{"href":"https:\/\/gradesorra.cat\/es\/wp-json\/wp\/v2\/pages\/6229","targetHints":{"allow":["GET"]}}],"collection":[{"href":"https:\/\/gradesorra.cat\/es\/wp-json\/wp\/v2\/pages"}],"about":[{"href":"https:\/\/gradesorra.cat\/es\/wp-json\/wp\/v2\/types\/page"}],"author":[{"embeddable":true,"href":"https:\/\/gradesorra.cat\/es\/wp-json\/wp\/v2\/users\/2"}],"replies":[{"embeddable":true,"href":"https:\/\/gradesorra.cat\/es\/wp-json\/wp\/v2\/comments?post=6229"}],"version-history":[{"count":0,"href":"https:\/\/gradesorra.cat\/es\/wp-json\/wp\/v2\/pages\/6229\/revisions"}],"up":[{"embeddable":true,"href":"https:\/\/gradesorra.cat\/es\/wp-json\/wp\/v2\/pages\/6216"}],"wp:featuredmedia":[{"embeddable":true,"href":"https:\/\/gradesorra.cat\/es\/wp-json\/wp\/v2\/media\/5833"}],"wp:attachment":[{"href":"https:\/\/gradesorra.cat\/es\/wp-json\/wp\/v2\/media?parent=6229"}],"wp:term":[{"taxonomy":"category","embeddable":true,"href":"https:\/\/gradesorra.cat\/es\/wp-json\/wp\/v2\/categories?post=6229"},{"taxonomy":"post_tag","embeddable":true,"href":"https:\/\/gradesorra.cat\/es\/wp-json\/wp\/v2\/tags?post=6229"}],"curies":[{"name":"wp","href":"https:\/\/api.w.org\/{rel}","templated":true}]}}