

{"id":6230,"date":"2020-09-23T12:34:21","date_gmt":"2020-09-23T11:34:21","guid":{"rendered":"https:\/\/gradesorra.cat\/tallers\/ubuntu-material\/"},"modified":"2025-03-17T13:34:16","modified_gmt":"2025-03-17T12:34:16","slug":"ubuntu-material","status":"publish","type":"page","link":"https:\/\/gradesorra.cat\/es\/tallers\/ubuntu-material\/","title":{"rendered":"Ubuntu"},"content":{"rendered":"","protected":true},"excerpt":{"rendered":"","protected":true},"author":2,"featured_media":5752,"parent":6216,"menu_order":0,"comment_status":"closed","ping_status":"closed","template":"","meta":{"_et_pb_use_builder":"on","_et_pb_old_content":"[vc_row][vc_column width=\"2\/3\"][vc_custom_heading source=\"post_title\" use_theme_fonts=\"yes\"][separator width=\"20px\" height=\"3px\" position=\"center\" color=\"#222222\" margin_top=\"20px\" margin_bottom=\"20px\"][vc_column_text]El projecte d\u2019<strong>UBUNTU: Viatges i contes d\u2019arreu <\/strong>viatja a les escoles\/esplais o al vostre poble per apropar-nos els contes i la cultura d'arreu del m\u00f3n.\n\n\"L\u2019Educaci\u00f3 intercultural \u00e9s una resposta pedag\u00f2gica a l'exig\u00e8ncia de preparar a la ciutadania perqu\u00e8 pugui desenvolupar-se en una societat plural i democr\u00e0tica. T\u00e9 com a finalitat \u00faltima la igualtat en drets, deures i oportunitats de totes les persones i el dret a la difer\u00e8ncia en un marc de valors convivencials compartits, tot promovent espais de relaci\u00f3 i inclusi\u00f3. Aix\u00ed mateix, promou l\u2019\u00fas de la llegua catalana en un marc pluriling\u00fce com un element de cohesi\u00f3 i igualtat d\u2019oportunitats.\" Xtec\n\n&nbsp;\n\n<img class=\"alignnone size-medium wp-image-3301\" src=\"http:\/\/gradesorra.cat\/wp-content\/uploads\/2018\/02\/gra-taronja.png\" alt=\"\" width=\"22\" height=\"23\" \/>\u00a0 Tria l'opci\u00f3 que + t'agradi\n<ul>\n \t<li><strong>Com viatgem les persones i els contes pel m\u00f3n?<\/strong><\/li>\n \t<li><strong>Quin gust tenen els contes del m\u00f3n?\u00a0<\/strong><\/li>\n \t<li><strong>El taller Ubuntu\u00a0<\/strong><\/li>\n \t<li><strong>+ Enll\u00e0 d'Ubuntu\u00a0<\/strong><\/li>\n<\/ul>\n&nbsp;\n\n<img class=\"alignnone size-full wp-image-3299\" src=\"http:\/\/gradesorra.cat\/wp-content\/uploads\/2018\/02\/gra-gris-fort.png\" alt=\"\" width=\"24\" height=\"24\" \/>\u00a0 <strong>Durada:\u00a0<\/strong>1 hora\/Sessi\u00f3\n\n&nbsp;\n\n<img class=\"alignnone size-full wp-image-3300\" src=\"http:\/\/gradesorra.cat\/wp-content\/uploads\/2018\/02\/gra-gris.png\" alt=\"\" width=\"23\" height=\"23\" \/> A partir de 6 anys (Adaptable a infantil, amb previ av\u00eds)[\/vc_column_text][vc_btn title=\"+ Informaci\u00f3\" shape=\"round\" size=\"xs\" link=\"url:%23formulari|||\"][vc_empty_space height=\"60px\"][\/vc_column][vc_column width=\"1\/3\"][vc_single_image image=\"3811\" img_size=\"large\"][\/vc_column][\/vc_row]","_et_gb_content_width":"","footnotes":""},"categories":[2],"tags":[],"class_list":["post-6230","page","type-page","status-publish","post-password-required","hentry","category-sin-categorizar"],"yoast_head":"<!-- This site is optimized with the Yoast SEO plugin v24.8.1 - https:\/\/yoast.com\/wordpress\/plugins\/seo\/ -->\n<title>Ubuntu - Gra de Sorra<\/title>\n<meta name=\"robots\" content=\"index, follow, max-snippet:-1, max-image-preview:large, max-video-preview:-1\" \/>\n<link rel=\"canonical\" href=\"https:\/\/gradesorra.cat\/es\/tallers\/ubuntu-material\/\" \/>\n<meta property=\"og:locale\" content=\"es_ES\" \/>\n<meta property=\"og:type\" content=\"article\" \/>\n<meta property=\"og:title\" content=\"Ubuntu - Gra de Sorra\" \/>\n<meta property=\"og:description\" content=\"No hay extracto porque es una entrada protegida.\" \/>\n<meta property=\"og:url\" content=\"https:\/\/gradesorra.cat\/es\/tallers\/ubuntu-material\/\" \/>\n<meta property=\"og:site_name\" content=\"Gra de Sorra\" \/>\n<meta property=\"article:modified_time\" content=\"2025-03-17T12:34:16+00:00\" \/>\n<meta name=\"twitter:card\" content=\"summary_large_image\" \/>\n<meta name=\"twitter:label1\" content=\"Tiempo de lectura\" \/>\n\t<meta name=\"twitter:data1\" content=\"2 minutos\" \/>\n<script type=\"application\/ld+json\" class=\"yoast-schema-graph\">{\"@context\":\"https:\/\/schema.org\",\"@graph\":[{\"@type\":\"WebPage\",\"@id\":\"https:\/\/gradesorra.cat\/es\/tallers\/ubuntu-material\/\",\"url\":\"https:\/\/gradesorra.cat\/es\/tallers\/ubuntu-material\/\",\"name\":\"Ubuntu - Gra de Sorra\",\"isPartOf\":{\"@id\":\"https:\/\/gradesorra.cat\/#website\"},\"datePublished\":\"2020-09-23T11:34:21+00:00\",\"dateModified\":\"2025-03-17T12:34:16+00:00\",\"breadcrumb\":{\"@id\":\"https:\/\/gradesorra.cat\/es\/tallers\/ubuntu-material\/#breadcrumb\"},\"inLanguage\":\"es\"},{\"@type\":\"WebSite\",\"@id\":\"https:\/\/gradesorra.cat\/#website\",\"url\":\"https:\/\/gradesorra.cat\/\",\"name\":\"\\\"Gra de Sorra - Contacontes, narraci\u00f3 oral i tallers creatius (Catalunya)\",\"description\":\"Contes, tallers i projectes creatius per a infants, joves i adults.\",\"publisher\":{\"@id\":\"https:\/\/gradesorra.cat\/#organization\"},\"alternateName\":\"Contes infantils, famioliars i adults en catal\u00e0\",\"potentialAction\":[{\"@type\":\"SearchAction\",\"target\":{\"@type\":\"EntryPoint\",\"urlTemplate\":\"https:\/\/gradesorra.cat\/?s={search_term_string}\"},\"query-input\":{\"@type\":\"PropertyValueSpecification\",\"valueRequired\":true,\"valueName\":\"search_term_string\"}}],\"inLanguage\":\"es\"},{\"@type\":\"Organization\",\"@id\":\"https:\/\/gradesorra.cat\/#organization\",\"name\":\"\\\"Gra de Sorra - Contacontes, narraci\u00f3 orali tallers creatius (Catalunya)\",\"url\":\"https:\/\/gradesorra.cat\/\",\"logo\":{\"@type\":\"ImageObject\",\"inLanguage\":\"es\",\"@id\":\"https:\/\/gradesorra.cat\/#\/schema\/logo\/image\/\",\"url\":\"https:\/\/gradesorra.cat\/wp-content\/uploads\/2024\/02\/logo-gra-de-sorra.png\",\"contentUrl\":\"https:\/\/gradesorra.cat\/wp-content\/uploads\/2024\/02\/logo-gra-de-sorra.png\",\"width\":1685,\"height\":1191,\"caption\":\"\\\"Gra de Sorra - Contacontes, narraci\u00f3 orali tallers creatius (Catalunya)\"},\"image\":{\"@id\":\"https:\/\/gradesorra.cat\/#\/schema\/logo\/image\/\"}}]}<\/script>\n<!-- \/ Yoast SEO plugin. -->","yoast_head_json":{"title":"Ubuntu - Gra de Sorra","robots":{"index":"index","follow":"follow","max-snippet":"max-snippet:-1","max-image-preview":"max-image-preview:large","max-video-preview":"max-video-preview:-1"},"canonical":"https:\/\/gradesorra.cat\/es\/tallers\/ubuntu-material\/","og_locale":"es_ES","og_type":"article","og_title":"Ubuntu - Gra de Sorra","og_description":"No hay extracto porque es una entrada protegida.","og_url":"https:\/\/gradesorra.cat\/es\/tallers\/ubuntu-material\/","og_site_name":"Gra de Sorra","article_modified_time":"2025-03-17T12:34:16+00:00","twitter_card":"summary_large_image","twitter_misc":{"Tiempo de lectura":"2 minutos"},"schema":{"@context":"https:\/\/schema.org","@graph":[{"@type":"WebPage","@id":"https:\/\/gradesorra.cat\/es\/tallers\/ubuntu-material\/","url":"https:\/\/gradesorra.cat\/es\/tallers\/ubuntu-material\/","name":"Ubuntu - Gra de Sorra","isPartOf":{"@id":"https:\/\/gradesorra.cat\/#website"},"datePublished":"2020-09-23T11:34:21+00:00","dateModified":"2025-03-17T12:34:16+00:00","breadcrumb":{"@id":"https:\/\/gradesorra.cat\/es\/tallers\/ubuntu-material\/#breadcrumb"},"inLanguage":"es"},{"@type":"WebSite","@id":"https:\/\/gradesorra.cat\/#website","url":"https:\/\/gradesorra.cat\/","name":"\"Gra de Sorra - Contacontes, narraci\u00f3 oral i tallers creatius (Catalunya)","description":"Contes, tallers i projectes creatius per a infants, joves i adults.","publisher":{"@id":"https:\/\/gradesorra.cat\/#organization"},"alternateName":"Contes infantils, famioliars i adults en catal\u00e0","potentialAction":[{"@type":"SearchAction","target":{"@type":"EntryPoint","urlTemplate":"https:\/\/gradesorra.cat\/?s={search_term_string}"},"query-input":{"@type":"PropertyValueSpecification","valueRequired":true,"valueName":"search_term_string"}}],"inLanguage":"es"},{"@type":"Organization","@id":"https:\/\/gradesorra.cat\/#organization","name":"\"Gra de Sorra - Contacontes, narraci\u00f3 orali tallers creatius (Catalunya)","url":"https:\/\/gradesorra.cat\/","logo":{"@type":"ImageObject","inLanguage":"es","@id":"https:\/\/gradesorra.cat\/#\/schema\/logo\/image\/","url":"https:\/\/gradesorra.cat\/wp-content\/uploads\/2024\/02\/logo-gra-de-sorra.png","contentUrl":"https:\/\/gradesorra.cat\/wp-content\/uploads\/2024\/02\/logo-gra-de-sorra.png","width":1685,"height":1191,"caption":"\"Gra de Sorra - Contacontes, narraci\u00f3 orali tallers creatius (Catalunya)"},"image":{"@id":"https:\/\/gradesorra.cat\/#\/schema\/logo\/image\/"}}]}},"_links":{"self":[{"href":"https:\/\/gradesorra.cat\/es\/wp-json\/wp\/v2\/pages\/6230","targetHints":{"allow":["GET"]}}],"collection":[{"href":"https:\/\/gradesorra.cat\/es\/wp-json\/wp\/v2\/pages"}],"about":[{"href":"https:\/\/gradesorra.cat\/es\/wp-json\/wp\/v2\/types\/page"}],"author":[{"embeddable":true,"href":"https:\/\/gradesorra.cat\/es\/wp-json\/wp\/v2\/users\/2"}],"replies":[{"embeddable":true,"href":"https:\/\/gradesorra.cat\/es\/wp-json\/wp\/v2\/comments?post=6230"}],"version-history":[{"count":2,"href":"https:\/\/gradesorra.cat\/es\/wp-json\/wp\/v2\/pages\/6230\/revisions"}],"predecessor-version":[{"id":7353,"href":"https:\/\/gradesorra.cat\/es\/wp-json\/wp\/v2\/pages\/6230\/revisions\/7353"}],"up":[{"embeddable":true,"href":"https:\/\/gradesorra.cat\/es\/wp-json\/wp\/v2\/pages\/6216"}],"wp:featuredmedia":[{"embeddable":true,"href":"https:\/\/gradesorra.cat\/es\/wp-json\/wp\/v2\/media\/5752"}],"wp:attachment":[{"href":"https:\/\/gradesorra.cat\/es\/wp-json\/wp\/v2\/media?parent=6230"}],"wp:term":[{"taxonomy":"category","embeddable":true,"href":"https:\/\/gradesorra.cat\/es\/wp-json\/wp\/v2\/categories?post=6230"},{"taxonomy":"post_tag","embeddable":true,"href":"https:\/\/gradesorra.cat\/es\/wp-json\/wp\/v2\/tags?post=6230"}],"curies":[{"name":"wp","href":"https:\/\/api.w.org\/{rel}","templated":true}]}}