

{"id":6231,"date":"2020-09-23T12:33:02","date_gmt":"2020-09-23T11:33:02","guid":{"rendered":"https:\/\/gradesorra.cat\/tallers\/juguem_a_inventar-nos_contes\/"},"modified":"2025-03-15T23:28:57","modified_gmt":"2025-03-15T22:28:57","slug":"juguem_a_inventar-nos_contes","status":"publish","type":"page","link":"https:\/\/gradesorra.cat\/es\/tallers\/juguem_a_inventar-nos_contes\/","title":{"rendered":"Juguem a inventar-nos contes"},"content":{"rendered":"<p>[et_pb_section fb_built=\u00bb1&#8243; admin_label=\u00bbsection\u00bb _builder_version=\u00bb4.25.0&#8243; global_colors_info=\u00bb{}\u00bb][et_pb_row column_structure=\u00bb2_5,3_5&#8243; admin_label=\u00bbrow\u00bb _builder_version=\u00bb4.25.0&#8243; background_size=\u00bbinitial\u00bb background_position=\u00bbtop_left\u00bb background_repeat=\u00bbrepeat\u00bb global_colors_info=\u00bb{}\u00bb][et_pb_column type=\u00bb2_5&#8243; _builder_version=\u00bb4.16&#8243; custom_padding=\u00bb|||\u00bb global_colors_info=\u00bb{}\u00bb custom_padding__hover=\u00bb|||\u00bb][et_pb_text admin_label=\u00bbText\u00bb _builder_version=\u00bb4.25.0&#8243; background_size=\u00bbinitial\u00bb background_position=\u00bbtop_left\u00bb background_repeat=\u00bbrepeat\u00bb custom_padding=\u00bb||0px|||\u00bb global_colors_info=\u00bb{}\u00bb]<\/p>\n<h1 class=\"entry-title main_title\">Juguem i creem contes<\/h1>\n<p>Tria el teu taller o tallers\u00a0 amb jocs i reptes per inventar, crear i experimentar amb els contes.<\/p>\n<p>Gianni Rodari era un gran creador d\u2019hist\u00f2ries inventades, sempre deia que a partir dels errors i jugant molt apareixia la m\u00e0gia de la creativitat.<\/p>\n<p>Si ets dels que t\u2019agrada inventar les teves pr\u00f2pies hist\u00f2ries, per\u00f2 t\u2019agradaria con\u00e8ixer nous trucs o ets dels que et fa por posar-te davant un full en blanc, t&#8217;hem preparat un taller a mida.<\/p>\n<p>&nbsp;<\/p>\n<p><strong><\/strong><\/p>\n<p><strong><img loading=\"lazy\" decoding=\"async\" class=\"alignnone size-full wp-image-3300\" src=\"http:\/\/gradesorra.cat\/wp-content\/uploads\/2018\/02\/gra-gris.png\" alt=\"\" width=\"23\" height=\"23\" \/>Durada: <\/strong>1 h &#8211; 1.30 h<\/p>\n<p><img loading=\"lazy\" decoding=\"async\" class=\"alignnone size-full wp-image-3300\" src=\"http:\/\/gradesorra.cat\/wp-content\/uploads\/2018\/02\/gra-gris.png\" alt=\"\" width=\"23\" height=\"23\" \/> <strong>Destinataris: <\/strong><\/p>\n<p>Alumnes de Prim\u00e0ria, Estudiants de Cicles Formatius, Professorat i amants dels contes en general.<\/p>\n<ul><\/ul>\n<p>[\/et_pb_text][\/et_pb_column][et_pb_column type=\u00bb3_5&#8243; _builder_version=\u00bb4.16&#8243; custom_padding=\u00bb|||\u00bb global_colors_info=\u00bb{}\u00bb custom_padding__hover=\u00bb|||\u00bb][et_pb_image src=\u00bbhttps:\/\/gradesorra.cat\/wp-content\/uploads\/2024\/01\/JUGUEM-A-INVENTAR-NOS-scaled-1.jpg\u00bb title_text=\u00bbJUGUEM-A-INVENTAR-NOS-scaled\u00bb _builder_version=\u00bb4.24.0&#8243; _module_preset=\u00bbdefault\u00bb animation_style=\u00bbslide\u00bb animation_direction=\u00bbleft\u00bb global_colors_info=\u00bb{}\u00bb][\/et_pb_image][et_pb_text admin_label=\u00bbText\u00bb _builder_version=\u00bb4.25.0&#8243; background_size=\u00bbinitial\u00bb background_position=\u00bbtop_left\u00bb background_repeat=\u00bbrepeat\u00bb custom_padding=\u00bb||0px|||\u00bb global_colors_info=\u00bb{}\u00bb]<\/p>\n<p>&nbsp;<\/p>\n<p><img loading=\"lazy\" decoding=\"async\" class=\"alignnone size-medium wp-image-3301\" src=\"http:\/\/gradesorra.cat\/wp-content\/uploads\/2018\/02\/gra-taronja.png\" alt=\"\" width=\"22\" height=\"23\" \/> <span style=\"text-decoration: underline;\">Jocs i tallers<\/span><\/p>\n<p><strong><\/strong><\/p>\n<p><strong>Juguem a explicar-nos contes <\/strong><\/p>\n<ul>\n<li>Opci\u00f3 1. <strong style=\"font-size: 16px;\">Tunegem els contes<\/strong><\/li>\n<li>Opci\u00f3 2. <strong>Un taller de Monstres\u00a0<\/strong><\/li>\n<li>Opci\u00f3 3. <strong>Creem personatges de conte<\/strong><strong><\/strong><\/li>\n<\/ul>\n<p><strong><\/strong><\/p>\n<p><strong style=\"font-size: 16px;\">Jocs i t\u00e8cniques per inventar-nos contes\u00a0<\/strong><\/p>\n<p><strong style=\"font-size: 16px;\"><\/strong><\/p>\n<ul>\n<li>Opci\u00f3 1. <strong>Jocs i t\u00e8cniques per inventar-nos contes II<\/strong><\/li>\n<li>Opci\u00f3 2. <strong>Adaptem els contes<\/strong><\/li>\n<li>Opci\u00f3 3. <strong>Els contes, la r\u00e0dio i el teatre<\/strong><\/li>\n<\/ul>\n<p>[\/et_pb_text][\/et_pb_column][\/et_pb_row][\/et_pb_section]<\/p>\n","protected":false},"excerpt":{"rendered":"<p>Juguem i creem contes Tria el teu taller o tallers\u00a0 amb jocs i reptes per inventar, crear i experimentar amb els contes. Gianni Rodari era un gran creador d\u2019hist\u00f2ries inventades, sempre deia que a partir dels errors i jugant molt apareixia la m\u00e0gia de la creativitat. Si ets dels que t\u2019agrada inventar les teves pr\u00f2pies [&hellip;]<\/p>\n","protected":false},"author":2,"featured_media":5718,"parent":6216,"menu_order":0,"comment_status":"closed","ping_status":"closed","template":"","meta":{"_et_pb_use_builder":"on","_et_pb_old_content":"[vc_row][vc_column width=\"2\/3\"][vc_custom_heading source=\"post_title\" use_theme_fonts=\"yes\"][separator width=\"20px\" height=\"3px\" position=\"center\" color=\"#222222\" margin_top=\"20px\" margin_bottom=\"20px\"][vc_column_text]Taller d\u2019inventar hist\u00f2ries: jocs i reptes per inventar els teus contes.\n\nGianni Rodari era un gran creador d\u2019hist\u00f2ries inventades. I sempre deia que a partir dels errors i ,jugant molt, apareixia la m\u00e0gia de la creativitat.\n\nSi ets dels que t\u2019agrada inventar les teves pr\u00f2pies hist\u00f2ries per\u00f2 t\u2019agradaria con\u00e8ixer nous trucs o ets dels que et fa por posar-te davant un full en blanc, t'hem preparat una taller a mida.\n\n&nbsp;\n\n<img class=\"alignnone size-medium wp-image-3301\" src=\"http:\/\/gradesorra.cat\/wp-content\/uploads\/2018\/02\/gra-taronja.png\" alt=\"\" width=\"22\" height=\"23\" \/> <strong>Sessions<\/strong>\n<ul>\n \t<li>Opci\u00f3 1. <strong>Juguem a explicar-nos contes <\/strong>(B\u00e0sic)<\/li>\n \t<li>Opci\u00f3 2. <strong>Juguem a explicar-nos contes <\/strong>(Familiar)<\/li>\n \t<li>Opci\u00f3 3. <strong>Jocs i t\u00e8cniques per inventar-nos contes <\/strong>(B\u00e0sic)<\/li>\n \t<li>Opci\u00f3 4. <strong>Jocs i t\u00e8cniques per inventar-nos contes <\/strong>(Plus)<\/li>\n \t<li>Opci\u00f3 5. <strong>Vols escriure el teu conte? <\/strong> (B\u00e0sic)<\/li>\n \t<li>Opci\u00f3 6. <strong>Vols escriure el teu conte? <\/strong> (Plus)<\/li>\n \t<li>Opci\u00f3 7. <strong>Els contes, la r\u00e0dio i el teatre <\/strong><\/li>\n<\/ul>\n&nbsp;\n\n<img class=\"alignnone wp-image-3299\" src=\"http:\/\/gradesorra.cat\/wp-content\/uploads\/2018\/02\/gra-gris-fort.png\" alt=\"\" width=\"24\" height=\"24\" \/>\u00a0<strong>Durada: <\/strong>1 hora per Sessi\u00f3\n\n&nbsp;\n\n<img class=\"alignnone size-full wp-image-3300\" src=\"http:\/\/gradesorra.cat\/wp-content\/uploads\/2018\/02\/gra-gris.png\" alt=\"\" width=\"23\" height=\"23\" \/> A partir de 6 anys[\/vc_column_text][vc_btn title=\"+ Informaci\u00f3\" shape=\"round\" size=\"xs\" link=\"url:%23formulari|||\"][vc_empty_space height=\"60px\"][\/vc_column][vc_column width=\"1\/3\"][vc_single_image image=\"3805\" img_size=\"large\"][\/vc_column][\/vc_row]","_et_gb_content_width":"","footnotes":""},"categories":[],"tags":[20],"class_list":["post-6231","page","type-page","status-publish","has-post-thumbnail","hentry","tag-show-tallers-es"],"yoast_head":"<!-- This site is optimized with the Yoast SEO plugin v24.8.1 - https:\/\/yoast.com\/wordpress\/plugins\/seo\/ -->\n<title>Juguem a inventar-nos contes - Gra de Sorra<\/title>\n<meta name=\"robots\" content=\"index, follow, max-snippet:-1, max-image-preview:large, max-video-preview:-1\" \/>\n<link rel=\"canonical\" href=\"https:\/\/gradesorra.cat\/es\/tallers\/juguem_a_inventar-nos_contes\/\" \/>\n<meta property=\"og:locale\" content=\"es_ES\" \/>\n<meta property=\"og:type\" content=\"article\" \/>\n<meta property=\"og:title\" content=\"Juguem a inventar-nos contes - Gra de Sorra\" \/>\n<meta property=\"og:description\" content=\"Juguem i creem contes Tria el teu taller o tallers\u00a0 amb jocs i reptes per inventar, crear i experimentar amb els contes. Gianni Rodari era un gran creador d\u2019hist\u00f2ries inventades, sempre deia que a partir dels errors i jugant molt apareixia la m\u00e0gia de la creativitat. Si ets dels que t\u2019agrada inventar les teves pr\u00f2pies [&hellip;]\" \/>\n<meta property=\"og:url\" content=\"https:\/\/gradesorra.cat\/es\/tallers\/juguem_a_inventar-nos_contes\/\" \/>\n<meta property=\"og:site_name\" content=\"Gra de Sorra\" \/>\n<meta property=\"article:modified_time\" content=\"2025-03-15T22:28:57+00:00\" \/>\n<meta property=\"og:image\" content=\"https:\/\/gradesorra.cat\/wp-content\/uploads\/2024\/01\/JUGUEM-A-INVENTAR-NOS-scaled-1.jpg\" \/>\n\t<meta property=\"og:image:width\" content=\"2560\" \/>\n\t<meta property=\"og:image:height\" content=\"1707\" \/>\n\t<meta property=\"og:image:type\" content=\"image\/jpeg\" \/>\n<meta name=\"twitter:card\" content=\"summary_large_image\" \/>\n<meta name=\"twitter:label1\" content=\"Tiempo de lectura\" \/>\n\t<meta name=\"twitter:data1\" content=\"2 minutos\" \/>\n<script type=\"application\/ld+json\" class=\"yoast-schema-graph\">{\"@context\":\"https:\/\/schema.org\",\"@graph\":[{\"@type\":\"WebPage\",\"@id\":\"https:\/\/gradesorra.cat\/es\/tallers\/juguem_a_inventar-nos_contes\/\",\"url\":\"https:\/\/gradesorra.cat\/es\/tallers\/juguem_a_inventar-nos_contes\/\",\"name\":\"Juguem a inventar-nos contes - Gra de Sorra\",\"isPartOf\":{\"@id\":\"https:\/\/gradesorra.cat\/#website\"},\"primaryImageOfPage\":{\"@id\":\"https:\/\/gradesorra.cat\/es\/tallers\/juguem_a_inventar-nos_contes\/#primaryimage\"},\"image\":{\"@id\":\"https:\/\/gradesorra.cat\/es\/tallers\/juguem_a_inventar-nos_contes\/#primaryimage\"},\"thumbnailUrl\":\"https:\/\/gradesorra.cat\/wp-content\/uploads\/2024\/01\/JUGUEM-A-INVENTAR-NOS-scaled-1.jpg\",\"datePublished\":\"2020-09-23T11:33:02+00:00\",\"dateModified\":\"2025-03-15T22:28:57+00:00\",\"breadcrumb\":{\"@id\":\"https:\/\/gradesorra.cat\/es\/tallers\/juguem_a_inventar-nos_contes\/#breadcrumb\"},\"inLanguage\":\"es\",\"potentialAction\":[{\"@type\":\"ReadAction\",\"target\":[\"https:\/\/gradesorra.cat\/es\/tallers\/juguem_a_inventar-nos_contes\/\"]}]},{\"@type\":\"ImageObject\",\"inLanguage\":\"es\",\"@id\":\"https:\/\/gradesorra.cat\/es\/tallers\/juguem_a_inventar-nos_contes\/#primaryimage\",\"url\":\"https:\/\/gradesorra.cat\/wp-content\/uploads\/2024\/01\/JUGUEM-A-INVENTAR-NOS-scaled-1.jpg\",\"contentUrl\":\"https:\/\/gradesorra.cat\/wp-content\/uploads\/2024\/01\/JUGUEM-A-INVENTAR-NOS-scaled-1.jpg\",\"width\":2560,\"height\":1707},{\"@type\":\"BreadcrumbList\",\"@id\":\"https:\/\/gradesorra.cat\/es\/tallers\/juguem_a_inventar-nos_contes\/#breadcrumb\",\"itemListElement\":[{\"@type\":\"ListItem\",\"position\":1,\"name\":\"Inici\",\"item\":\"https:\/\/gradesorra.cat\/\"},{\"@type\":\"ListItem\",\"position\":2,\"name\":\"Talleres\",\"item\":\"https:\/\/gradesorra.cat\/es\/tallers\/\"},{\"@type\":\"ListItem\",\"position\":3,\"name\":\"Juguem a inventar-nos contes\"}]},{\"@type\":\"WebSite\",\"@id\":\"https:\/\/gradesorra.cat\/#website\",\"url\":\"https:\/\/gradesorra.cat\/\",\"name\":\"\\\"Gra de Sorra - Contacontes, narraci\u00f3 oral i tallers creatius (Catalunya)\",\"description\":\"Contes, tallers i projectes creatius per a infants, joves i adults.\",\"publisher\":{\"@id\":\"https:\/\/gradesorra.cat\/#organization\"},\"alternateName\":\"Contes infantils, famioliars i adults en catal\u00e0\",\"potentialAction\":[{\"@type\":\"SearchAction\",\"target\":{\"@type\":\"EntryPoint\",\"urlTemplate\":\"https:\/\/gradesorra.cat\/?s={search_term_string}\"},\"query-input\":{\"@type\":\"PropertyValueSpecification\",\"valueRequired\":true,\"valueName\":\"search_term_string\"}}],\"inLanguage\":\"es\"},{\"@type\":\"Organization\",\"@id\":\"https:\/\/gradesorra.cat\/#organization\",\"name\":\"\\\"Gra de Sorra - Contacontes, narraci\u00f3 orali tallers creatius (Catalunya)\",\"url\":\"https:\/\/gradesorra.cat\/\",\"logo\":{\"@type\":\"ImageObject\",\"inLanguage\":\"es\",\"@id\":\"https:\/\/gradesorra.cat\/#\/schema\/logo\/image\/\",\"url\":\"https:\/\/gradesorra.cat\/wp-content\/uploads\/2024\/02\/logo-gra-de-sorra.png\",\"contentUrl\":\"https:\/\/gradesorra.cat\/wp-content\/uploads\/2024\/02\/logo-gra-de-sorra.png\",\"width\":1685,\"height\":1191,\"caption\":\"\\\"Gra de Sorra - Contacontes, narraci\u00f3 orali tallers creatius (Catalunya)\"},\"image\":{\"@id\":\"https:\/\/gradesorra.cat\/#\/schema\/logo\/image\/\"}}]}<\/script>\n<!-- \/ Yoast SEO plugin. -->","yoast_head_json":{"title":"Juguem a inventar-nos contes - Gra de Sorra","robots":{"index":"index","follow":"follow","max-snippet":"max-snippet:-1","max-image-preview":"max-image-preview:large","max-video-preview":"max-video-preview:-1"},"canonical":"https:\/\/gradesorra.cat\/es\/tallers\/juguem_a_inventar-nos_contes\/","og_locale":"es_ES","og_type":"article","og_title":"Juguem a inventar-nos contes - Gra de Sorra","og_description":"Juguem i creem contes Tria el teu taller o tallers\u00a0 amb jocs i reptes per inventar, crear i experimentar amb els contes. Gianni Rodari era un gran creador d\u2019hist\u00f2ries inventades, sempre deia que a partir dels errors i jugant molt apareixia la m\u00e0gia de la creativitat. Si ets dels que t\u2019agrada inventar les teves pr\u00f2pies [&hellip;]","og_url":"https:\/\/gradesorra.cat\/es\/tallers\/juguem_a_inventar-nos_contes\/","og_site_name":"Gra de Sorra","article_modified_time":"2025-03-15T22:28:57+00:00","og_image":[{"width":2560,"height":1707,"url":"https:\/\/gradesorra.cat\/wp-content\/uploads\/2024\/01\/JUGUEM-A-INVENTAR-NOS-scaled-1.jpg","type":"image\/jpeg"}],"twitter_card":"summary_large_image","twitter_misc":{"Tiempo de lectura":"2 minutos"},"schema":{"@context":"https:\/\/schema.org","@graph":[{"@type":"WebPage","@id":"https:\/\/gradesorra.cat\/es\/tallers\/juguem_a_inventar-nos_contes\/","url":"https:\/\/gradesorra.cat\/es\/tallers\/juguem_a_inventar-nos_contes\/","name":"Juguem a inventar-nos contes - Gra de Sorra","isPartOf":{"@id":"https:\/\/gradesorra.cat\/#website"},"primaryImageOfPage":{"@id":"https:\/\/gradesorra.cat\/es\/tallers\/juguem_a_inventar-nos_contes\/#primaryimage"},"image":{"@id":"https:\/\/gradesorra.cat\/es\/tallers\/juguem_a_inventar-nos_contes\/#primaryimage"},"thumbnailUrl":"https:\/\/gradesorra.cat\/wp-content\/uploads\/2024\/01\/JUGUEM-A-INVENTAR-NOS-scaled-1.jpg","datePublished":"2020-09-23T11:33:02+00:00","dateModified":"2025-03-15T22:28:57+00:00","breadcrumb":{"@id":"https:\/\/gradesorra.cat\/es\/tallers\/juguem_a_inventar-nos_contes\/#breadcrumb"},"inLanguage":"es","potentialAction":[{"@type":"ReadAction","target":["https:\/\/gradesorra.cat\/es\/tallers\/juguem_a_inventar-nos_contes\/"]}]},{"@type":"ImageObject","inLanguage":"es","@id":"https:\/\/gradesorra.cat\/es\/tallers\/juguem_a_inventar-nos_contes\/#primaryimage","url":"https:\/\/gradesorra.cat\/wp-content\/uploads\/2024\/01\/JUGUEM-A-INVENTAR-NOS-scaled-1.jpg","contentUrl":"https:\/\/gradesorra.cat\/wp-content\/uploads\/2024\/01\/JUGUEM-A-INVENTAR-NOS-scaled-1.jpg","width":2560,"height":1707},{"@type":"BreadcrumbList","@id":"https:\/\/gradesorra.cat\/es\/tallers\/juguem_a_inventar-nos_contes\/#breadcrumb","itemListElement":[{"@type":"ListItem","position":1,"name":"Inici","item":"https:\/\/gradesorra.cat\/"},{"@type":"ListItem","position":2,"name":"Talleres","item":"https:\/\/gradesorra.cat\/es\/tallers\/"},{"@type":"ListItem","position":3,"name":"Juguem a inventar-nos contes"}]},{"@type":"WebSite","@id":"https:\/\/gradesorra.cat\/#website","url":"https:\/\/gradesorra.cat\/","name":"\"Gra de Sorra - Contacontes, narraci\u00f3 oral i tallers creatius (Catalunya)","description":"Contes, tallers i projectes creatius per a infants, joves i adults.","publisher":{"@id":"https:\/\/gradesorra.cat\/#organization"},"alternateName":"Contes infantils, famioliars i adults en catal\u00e0","potentialAction":[{"@type":"SearchAction","target":{"@type":"EntryPoint","urlTemplate":"https:\/\/gradesorra.cat\/?s={search_term_string}"},"query-input":{"@type":"PropertyValueSpecification","valueRequired":true,"valueName":"search_term_string"}}],"inLanguage":"es"},{"@type":"Organization","@id":"https:\/\/gradesorra.cat\/#organization","name":"\"Gra de Sorra - Contacontes, narraci\u00f3 orali tallers creatius (Catalunya)","url":"https:\/\/gradesorra.cat\/","logo":{"@type":"ImageObject","inLanguage":"es","@id":"https:\/\/gradesorra.cat\/#\/schema\/logo\/image\/","url":"https:\/\/gradesorra.cat\/wp-content\/uploads\/2024\/02\/logo-gra-de-sorra.png","contentUrl":"https:\/\/gradesorra.cat\/wp-content\/uploads\/2024\/02\/logo-gra-de-sorra.png","width":1685,"height":1191,"caption":"\"Gra de Sorra - Contacontes, narraci\u00f3 orali tallers creatius (Catalunya)"},"image":{"@id":"https:\/\/gradesorra.cat\/#\/schema\/logo\/image\/"}}]}},"_links":{"self":[{"href":"https:\/\/gradesorra.cat\/es\/wp-json\/wp\/v2\/pages\/6231","targetHints":{"allow":["GET"]}}],"collection":[{"href":"https:\/\/gradesorra.cat\/es\/wp-json\/wp\/v2\/pages"}],"about":[{"href":"https:\/\/gradesorra.cat\/es\/wp-json\/wp\/v2\/types\/page"}],"author":[{"embeddable":true,"href":"https:\/\/gradesorra.cat\/es\/wp-json\/wp\/v2\/users\/2"}],"replies":[{"embeddable":true,"href":"https:\/\/gradesorra.cat\/es\/wp-json\/wp\/v2\/comments?post=6231"}],"version-history":[{"count":10,"href":"https:\/\/gradesorra.cat\/es\/wp-json\/wp\/v2\/pages\/6231\/revisions"}],"predecessor-version":[{"id":6717,"href":"https:\/\/gradesorra.cat\/es\/wp-json\/wp\/v2\/pages\/6231\/revisions\/6717"}],"up":[{"embeddable":true,"href":"https:\/\/gradesorra.cat\/es\/wp-json\/wp\/v2\/pages\/6216"}],"wp:featuredmedia":[{"embeddable":true,"href":"https:\/\/gradesorra.cat\/es\/wp-json\/wp\/v2\/media\/5718"}],"wp:attachment":[{"href":"https:\/\/gradesorra.cat\/es\/wp-json\/wp\/v2\/media?parent=6231"}],"wp:term":[{"taxonomy":"category","embeddable":true,"href":"https:\/\/gradesorra.cat\/es\/wp-json\/wp\/v2\/categories?post=6231"},{"taxonomy":"post_tag","embeddable":true,"href":"https:\/\/gradesorra.cat\/es\/wp-json\/wp\/v2\/tags?post=6231"}],"curies":[{"name":"wp","href":"https:\/\/api.w.org\/{rel}","templated":true}]}}