

{"id":6233,"date":"2018-02-26T17:52:37","date_gmt":"2018-02-26T16:52:37","guid":{"rendered":"https:\/\/gradesorra.cat\/histories-quotidianes-i-incorrectes\/"},"modified":"2026-02-02T20:38:15","modified_gmt":"2026-02-02T19:38:15","slug":"xerrada-jocs-i-tallers-amb-i-a","status":"publish","type":"page","link":"https:\/\/gradesorra.cat\/es\/xerrades\/xerrada-jocs-i-tallers-amb-i-a\/","title":{"rendered":"IA pr\u00e0ctica per a lectura, escriptura i creativitat"},"content":{"rendered":"<p>[et_pb_section fb_built=\u00bb1&#8243; _builder_version=\u00bb4.27.3&#8243; global_colors_info=\u00bb{}\u00bb][et_pb_row column_structure=\u00bb1_2,1_2&#8243; _builder_version=\u00bb4.27.3&#8243; background_size=\u00bbinitial\u00bb background_position=\u00bbtop_left\u00bb background_repeat=\u00bbrepeat\u00bb custom_margin=\u00bb||||false|false\u00bb custom_padding=\u00bb26px||25px|6px||\u00bb global_colors_info=\u00bb{}\u00bb][et_pb_column type=\u00bb1_2&#8243; _builder_version=\u00bb4.16&#8243; custom_padding=\u00bb|||\u00bb global_colors_info=\u00bb{}\u00bb custom_padding__hover=\u00bb|||\u00bb][et_pb_text _builder_version=\u00bb4.27.4&#8243; background_size=\u00bbinitial\u00bb background_position=\u00bbtop_left\u00bb background_repeat=\u00bbrepeat\u00bb inline_fonts=\u00bbAbel,Advent Pro\u00bb global_colors_info=\u00bb{}\u00bb]<\/p>\n<h1 style=\"text-align: center;\"><strong>IA pr\u00e0ctica per a lectura, escriptura i creativitat<\/strong><strong><\/strong><\/h1>\n<p>[\/et_pb_text][et_pb_text _builder_version=\u00bb4.27.4&#8243; background_size=\u00bbinitial\u00bb background_position=\u00bbtop_left\u00bb background_repeat=\u00bbrepeat\u00bb inline_fonts=\u00bbAbel,Advent Pro\u00bb global_colors_info=\u00bb{}\u00bb]<\/p>\n<p>La intel\u00b7lig\u00e8ncia artificial ja forma part del nostre dia a dia. Per\u00f2, m\u00e9s enll\u00e0 de la curiositat, com la podem fer servir amb criteri?<br \/>Pot ajudar-nos a llegir millor, escriure amb m\u00e9s estructura i activar la creativitat?<br \/><strong>Vine a descobrir-ho amb exemples pr\u00e0ctics.<\/strong><\/p>\n<p>[\/et_pb_text][et_pb_image src=\u00bbhttps:\/\/gradesorra.cat\/wp-content\/uploads\/2025\/03\/portadaaa.jpg\u00bb title_text=\u00bbportadaaa\u00bb _builder_version=\u00bb4.27.4&#8243; _module_preset=\u00bbdefault\u00bb hover_enabled=\u00bb0&#8243; global_colors_info=\u00bb{}\u00bb animation_style=\u00bbzoom\u00bb sticky_enabled=\u00bb0&#8243;][\/et_pb_image][et_pb_text _builder_version=\u00bb4.27.4&#8243; background_size=\u00bbinitial\u00bb background_position=\u00bbtop_left\u00bb background_repeat=\u00bbrepeat\u00bb inline_fonts=\u00bbAbel,Advent Pro\u00bb global_colors_info=\u00bb{}\u00bb]<\/p>\n<h1><strong><\/strong><\/h1>\n<p>En aquesta xerrada veurem usos quotidians de la IA i, sobretot, com aplicar-la en activitats culturals i educatives:<br \/>lectura, comprensi\u00f3, creaci\u00f3 de relats i escriptura creativa. Una sessi\u00f3 pensada per entendre qu\u00e8 pot aportar la IA,<br \/>quins l\u00edmits t\u00e9 i com fer-ne un \u00fas responsable, amb demostracions i din\u00e0miques adaptables al p\u00fablic.<\/p>\n<p>[\/et_pb_text][\/et_pb_column][et_pb_column type=\u00bb1_2&#8243; _builder_version=\u00bb4.16&#8243; custom_padding=\u00bb|||\u00bb global_colors_info=\u00bb{}\u00bb custom_padding__hover=\u00bb|||\u00bb][et_pb_divider show_divider=\u00bboff\u00bb _builder_version=\u00bb4.27.4&#8243; _module_preset=\u00bbdefault\u00bb global_colors_info=\u00bb{}\u00bb][\/et_pb_divider][et_pb_divider show_divider=\u00bboff\u00bb _builder_version=\u00bb4.27.4&#8243; _module_preset=\u00bbdefault\u00bb global_colors_info=\u00bb{}\u00bb][\/et_pb_divider][et_pb_divider show_divider=\u00bboff\u00bb _builder_version=\u00bb4.27.4&#8243; _module_preset=\u00bbdefault\u00bb global_colors_info=\u00bb{}\u00bb][\/et_pb_divider][et_pb_text _builder_version=\u00bb4.27.4&#8243; background_size=\u00bbinitial\u00bb background_position=\u00bbtop_left\u00bb background_repeat=\u00bbrepeat\u00bb custom_padding=\u00bb||0px|1px||\u00bb global_colors_info=\u00bb{}\u00bb]<\/p>\n<p><span style=\"color: #000000;\"><strong>Qu\u00e8 hi trobar\u00e0s?<\/strong><\/span><\/p>\n<p><strong>COM FUNCIONA LA IA, EXPLICADA PLANERAMENT:<\/strong><br \/>Sense tecnicismes. Entendr\u00e0s qu\u00e8 fa (i qu\u00e8 no fa) la IA i com usar-la amb criteri.<\/p>\n<p><strong>LECTURA I COMPRENSI\u00d3 AMB IA:<\/strong><br \/>Idees i exemples per treballar comprensi\u00f3 lectora: resumir, inferir, fer preguntes bones i entendre millor un text.<\/p>\n<p><strong>ESCRIPTURA AMB ESTRUCTURA:<\/strong><br \/>Eines pr\u00e0ctiques per escriure millor: estructura de relat, coher\u00e8ncia, personatges, reescriptura i millora del text.<\/p>\n<p><strong>COMUNICAR-TE MILLOR AMB LA IA (PROMPTS):<\/strong><br \/>Aprendr\u00e0s a formular enc\u00e0rrecs clars per obtenir respostes m\u00e9s \u00fatils, creatives i ajustades al teu objectiu.<\/p>\n<p><strong>\u00daS RESPONSABLE I PENSAMENT CR\u00cdTIC:<\/strong><br \/>L\u00edmits, biaixos i bones pr\u00e0ctiques: com verificar, com evitar depend\u00e8ncia i com integrar-la en activitats educatives i culturals.<\/p>\n<p><span style=\"color: #000000;\"><strong>A qui va dirigit?<\/strong><\/span><\/p>\n<ul>\n<li>\n<p><strong data-start=\"0\" data-end=\"45\">Per a escoles, biblioteques i ajuntaments<\/strong><span> (docents i t\u00e8cnics de cultura\/educaci\u00f3) i tamb\u00e9 per a <\/span><strong data-start=\"100\" data-end=\"146\" data-is-only-node=\"\">professionals creatius i persones curioses<\/strong><span>, que volen refor\u00e7ar lectura i escriptura i con\u00e8ixer usos pr\u00e0ctics de la IA amb exemples reals.<\/span><\/p>\n<\/li>\n<\/ul>\n<p>&nbsp;<\/p>\n<p>[\/et_pb_text][et_pb_divider show_divider=\u00bboff\u00bb _builder_version=\u00bb4.27.4&#8243; _module_preset=\u00bbdefault\u00bb global_colors_info=\u00bb{}\u00bb][\/et_pb_divider][et_pb_divider show_divider=\u00bboff\u00bb _builder_version=\u00bb4.27.4&#8243; _module_preset=\u00bbdefault\u00bb global_colors_info=\u00bb{}\u00bb][\/et_pb_divider][et_pb_divider show_divider=\u00bboff\u00bb _builder_version=\u00bb4.27.4&#8243; _module_preset=\u00bbdefault\u00bb global_colors_info=\u00bb{}\u00bb][\/et_pb_divider][et_pb_text _builder_version=\u00bb4.27.4&#8243; background_size=\u00bbinitial\u00bb background_position=\u00bbtop_left\u00bb background_repeat=\u00bbrepeat\u00bb custom_padding=\u00bb2px||0px|1px||\u00bb global_colors_info=\u00bb{}\u00bb]<\/p>\n<p><strong><span style=\"color: #9c907a;\">\ud83d\udccc Vine, experimenta i decideix per tu mateix si la IA pot ser una aliada per llegir millor, escriure amb m\u00e9s estructura i activar la creativitat.<\/span><\/strong><\/p>\n<p>[\/et_pb_text][\/et_pb_column][\/et_pb_row][\/et_pb_section][et_pb_section fb_built=\u00bb1&#8243; _builder_version=\u00bb4.16&#8243; global_colors_info=\u00bb{}\u00bb][\/et_pb_section]<\/p>\n","protected":false},"excerpt":{"rendered":"<p>IA pr\u00e0ctica per a lectura, escriptura i creativitatLa intel\u00b7lig\u00e8ncia artificial ja forma part del nostre dia a dia. Per\u00f2, m\u00e9s enll\u00e0 de la curiositat, com la podem fer servir amb criteri?Pot ajudar-nos a llegir millor, escriure amb m\u00e9s estructura i activar la creativitat?Vine a descobrir-ho amb exemples pr\u00e0ctics. En aquesta xerrada veurem usos quotidians de [&hellip;]<\/p>\n","protected":false},"author":2,"featured_media":7099,"parent":6217,"menu_order":0,"comment_status":"closed","ping_status":"closed","template":"","meta":{"_et_pb_use_builder":"on","_et_pb_old_content":"[vc_row][vc_column width=\"2\/3\"][vc_custom_heading source=\"post_title\" use_theme_fonts=\"yes\"][separator width=\"20px\" height=\"3px\" position=\"center\" color=\"#222222\" margin_top=\"20px\" margin_bottom=\"20px\"][vc_column_text]\n<p style=\"font-weight: 400;\">Humor, amor, absurditat, cinisme\u2026 \u00e9s la base d'hist\u00f2ries quotidianes i incorrectes: un espectacle que plasma les petites\/grans aventures del nostre dia a dia.<\/p>\nUna fusi\u00f3 de contes, poesia i m\u00fasica en viu.\n\n<a href=\"https:\/\/www.facebook.com\/CiaLaFlorRoja\/\">Cia. La Flor Roja<\/a>\n\n&nbsp;\n<p style=\"font-weight: 400;\"><img class=\"alignnone size-medium wp-image-3301\" src=\"http:\/\/gradesorra.cat\/wp-content\/uploads\/2018\/02\/gra-taronja.png\" alt=\"\" width=\"22\" height=\"23\" \/>\u00a0Durada: Una hora<\/p>\n<img class=\"alignnone size-full wp-image-3299\" src=\"http:\/\/gradesorra.cat\/wp-content\/uploads\/2018\/02\/gra-gris-fort.png\" alt=\"\" width=\"24\" height=\"24\" \/> P\u00fablic Adult[\/vc_column_text][vc_btn title=\"Demanar pressupost\" shape=\"round\" size=\"xs\" link=\"url:%23formulari|||\"][\/vc_column][vc_column width=\"1\/3\" video_bg_parallax=\"\" parallax_speed_video=\"1.5\" parallax_speed_bg=\"1.5\" disable_element=\"\" type=\"in_container\" bg_image=\"\" bg_position=\"left top\" bg_repeat=\"no-repeat\" parallax_bg=\"\" bg_color=\"\" overlay=\"\" overlay_color=\"\" video_bg=\"\" video_webm=\"\" video_mp4=\"\" text_color=\"dark\" custom_text_color=\"\" top_padding=\"\" bottom_padding=\"\" transparency=\"\" borders=\"\" arrow_bottom=\"\" arrow_top=\"\" link_bool=\"\" link_value=\"#\" class=\"propostes-similars\"][vc_single_image image=\"3735\" img_size=\"large\"][\/vc_column][\/vc_row][vc_row class=\"propostes-similars\"][vc_column][vc_custom_heading text=\"Propostes similars\" use_theme_fonts=\"yes\"][separator width=\"20px\" height=\"3px\" position=\"center\" color=\"#222222\" margin_top=\"20px\" margin_bottom=\"20px\"][\/vc_column][\/vc_row][vc_row][vc_column width=\"1\/4\"][vc_single_image image=\"3291\" img_size=\"large\" onclick=\"custom_link\" css=\".vc_custom_1519223151709{border-top-width: 1px !important;border-right-width: 1px !important;border-bottom-width: 1px !important;border-left-width: 1px !important;border-left-color: #cccccc !important;border-left-style: solid !important;border-right-color: #cccccc !important;border-right-style: solid !important;border-top-color: #cccccc !important;border-top-style: solid !important;border-bottom-color: #cccccc !important;border-bottom-style: solid !important;}\" link=\"\/infantil\/amb-la-a-destimar\/\"][\/vc_column][vc_column width=\"1\/4\"][vc_single_image image=\"3290\" img_size=\"large\" onclick=\"custom_link\" css=\".vc_custom_1519223169280{border-top-width: 1px !important;border-right-width: 1px !important;border-bottom-width: 1px !important;border-left-width: 1px !important;border-left-color: #cccccc !important;border-left-style: solid !important;border-right-color: #cccccc !important;border-right-style: solid !important;border-top-color: #cccccc !important;border-top-style: solid !important;border-bottom-color: #cccccc !important;border-bottom-style: solid !important;}\" link=\"\/infantil\/rondant-pel-mon-contes-darreu\/\"][\/vc_column][vc_column width=\"1\/4\"][vc_single_image image=\"3285\" img_size=\"large\" onclick=\"custom_link\" css=\".vc_custom_1519223227563{border-top-width: 1px !important;border-right-width: 1px !important;border-bottom-width: 1px !important;border-left-width: 1px !important;border-left-color: #cccccc !important;border-left-style: solid !important;border-right-color: #cccccc !important;border-right-style: solid !important;border-top-color: #cccccc !important;border-top-style: solid !important;border-bottom-color: #cccccc !important;border-bottom-style: solid !important;}\" link=\"\/infantil\/3x3-escull-la-teva-aventura\/\"][\/vc_column][vc_column width=\"1\/4\"][vc_single_image image=\"3283\" img_size=\"large\" onclick=\"custom_link\" css=\".vc_custom_1519223249167{border-top-width: 1px !important;border-right-width: 1px !important;border-bottom-width: 1px !important;border-left-width: 1px !important;border-left-color: #cccccc !important;border-left-style: solid !important;border-right-color: #cccccc !important;border-right-style: solid !important;border-top-color: #cccccc !important;border-top-style: solid !important;border-bottom-color: #cccccc !important;border-bottom-style: solid !important;}\" link=\"\/infantil\/aventures-daigua-dolca-i-salada\/\"][\/vc_column][\/vc_row]","_et_gb_content_width":"","footnotes":""},"categories":[2],"tags":[23],"class_list":["post-6233","page","type-page","status-publish","has-post-thumbnail","hentry","category-sin-categorizar","tag-show-formacions-es"],"yoast_head":"<!-- This site is optimized with the Yoast SEO plugin v24.8.1 - https:\/\/yoast.com\/wordpress\/plugins\/seo\/ -->\n<title>IA pr\u00e0ctica per a lectura, escriptura i creativitat - Gra de Sorra<\/title>\n<meta name=\"robots\" content=\"index, follow, max-snippet:-1, max-image-preview:large, max-video-preview:-1\" \/>\n<link rel=\"canonical\" href=\"https:\/\/gradesorra.cat\/es\/xerrades\/xerrada-jocs-i-tallers-amb-i-a\/\" \/>\n<meta property=\"og:locale\" content=\"es_ES\" \/>\n<meta property=\"og:type\" content=\"article\" \/>\n<meta property=\"og:title\" content=\"IA pr\u00e0ctica per a lectura, escriptura i creativitat - Gra de Sorra\" \/>\n<meta property=\"og:description\" content=\"IA pr\u00e0ctica per a lectura, escriptura i creativitatLa intel\u00b7lig\u00e8ncia artificial ja forma part del nostre dia a dia. Per\u00f2, m\u00e9s enll\u00e0 de la curiositat, com la podem fer servir amb criteri?Pot ajudar-nos a llegir millor, escriure amb m\u00e9s estructura i activar la creativitat?Vine a descobrir-ho amb exemples pr\u00e0ctics. En aquesta xerrada veurem usos quotidians de [&hellip;]\" \/>\n<meta property=\"og:url\" content=\"https:\/\/gradesorra.cat\/es\/xerrades\/xerrada-jocs-i-tallers-amb-i-a\/\" \/>\n<meta property=\"og:site_name\" content=\"Gra de Sorra\" \/>\n<meta property=\"article:modified_time\" content=\"2026-02-02T19:38:15+00:00\" \/>\n<meta property=\"og:image\" content=\"https:\/\/gradesorra.cat\/wp-content\/uploads\/2025\/03\/portadaaa.jpg\" \/>\n\t<meta property=\"og:image:width\" content=\"1024\" \/>\n\t<meta property=\"og:image:height\" content=\"1024\" \/>\n\t<meta property=\"og:image:type\" content=\"image\/jpeg\" \/>\n<meta name=\"twitter:card\" content=\"summary_large_image\" \/>\n<meta name=\"twitter:label1\" content=\"Tiempo de lectura\" \/>\n\t<meta name=\"twitter:data1\" content=\"2 minutos\" \/>\n<script type=\"application\/ld+json\" class=\"yoast-schema-graph\">{\"@context\":\"https:\/\/schema.org\",\"@graph\":[{\"@type\":\"WebPage\",\"@id\":\"https:\/\/gradesorra.cat\/es\/xerrades\/xerrada-jocs-i-tallers-amb-i-a\/\",\"url\":\"https:\/\/gradesorra.cat\/es\/xerrades\/xerrada-jocs-i-tallers-amb-i-a\/\",\"name\":\"IA pr\u00e0ctica per a lectura, escriptura i creativitat - Gra de Sorra\",\"isPartOf\":{\"@id\":\"https:\/\/gradesorra.cat\/#website\"},\"primaryImageOfPage\":{\"@id\":\"https:\/\/gradesorra.cat\/es\/xerrades\/xerrada-jocs-i-tallers-amb-i-a\/#primaryimage\"},\"image\":{\"@id\":\"https:\/\/gradesorra.cat\/es\/xerrades\/xerrada-jocs-i-tallers-amb-i-a\/#primaryimage\"},\"thumbnailUrl\":\"https:\/\/gradesorra.cat\/wp-content\/uploads\/2025\/03\/portadaaa.jpg\",\"datePublished\":\"2018-02-26T16:52:37+00:00\",\"dateModified\":\"2026-02-02T19:38:15+00:00\",\"breadcrumb\":{\"@id\":\"https:\/\/gradesorra.cat\/es\/xerrades\/xerrada-jocs-i-tallers-amb-i-a\/#breadcrumb\"},\"inLanguage\":\"es\",\"potentialAction\":[{\"@type\":\"ReadAction\",\"target\":[\"https:\/\/gradesorra.cat\/es\/xerrades\/xerrada-jocs-i-tallers-amb-i-a\/\"]}]},{\"@type\":\"ImageObject\",\"inLanguage\":\"es\",\"@id\":\"https:\/\/gradesorra.cat\/es\/xerrades\/xerrada-jocs-i-tallers-amb-i-a\/#primaryimage\",\"url\":\"https:\/\/gradesorra.cat\/wp-content\/uploads\/2025\/03\/portadaaa.jpg\",\"contentUrl\":\"https:\/\/gradesorra.cat\/wp-content\/uploads\/2025\/03\/portadaaa.jpg\",\"width\":1024,\"height\":1024},{\"@type\":\"BreadcrumbList\",\"@id\":\"https:\/\/gradesorra.cat\/es\/xerrades\/xerrada-jocs-i-tallers-amb-i-a\/#breadcrumb\",\"itemListElement\":[{\"@type\":\"ListItem\",\"position\":1,\"name\":\"Inici\",\"item\":\"https:\/\/gradesorra.cat\/\"},{\"@type\":\"ListItem\",\"position\":2,\"name\":\"Charlas\",\"item\":\"https:\/\/gradesorra.cat\/es\/xerrades\/\"},{\"@type\":\"ListItem\",\"position\":3,\"name\":\"IA pr\u00e0ctica per a lectura, escriptura i creativitat\"}]},{\"@type\":\"WebSite\",\"@id\":\"https:\/\/gradesorra.cat\/#website\",\"url\":\"https:\/\/gradesorra.cat\/\",\"name\":\"\\\"Gra de Sorra - Contacontes, narraci\u00f3 oral i tallers creatius (Catalunya)\",\"description\":\"Contes, tallers i projectes creatius per a infants, joves i adults.\",\"publisher\":{\"@id\":\"https:\/\/gradesorra.cat\/#organization\"},\"alternateName\":\"Contes infantils, famioliars i adults en catal\u00e0\",\"potentialAction\":[{\"@type\":\"SearchAction\",\"target\":{\"@type\":\"EntryPoint\",\"urlTemplate\":\"https:\/\/gradesorra.cat\/?s={search_term_string}\"},\"query-input\":{\"@type\":\"PropertyValueSpecification\",\"valueRequired\":true,\"valueName\":\"search_term_string\"}}],\"inLanguage\":\"es\"},{\"@type\":\"Organization\",\"@id\":\"https:\/\/gradesorra.cat\/#organization\",\"name\":\"\\\"Gra de Sorra - Contacontes, narraci\u00f3 orali tallers creatius (Catalunya)\",\"url\":\"https:\/\/gradesorra.cat\/\",\"logo\":{\"@type\":\"ImageObject\",\"inLanguage\":\"es\",\"@id\":\"https:\/\/gradesorra.cat\/#\/schema\/logo\/image\/\",\"url\":\"https:\/\/gradesorra.cat\/wp-content\/uploads\/2024\/02\/logo-gra-de-sorra.png\",\"contentUrl\":\"https:\/\/gradesorra.cat\/wp-content\/uploads\/2024\/02\/logo-gra-de-sorra.png\",\"width\":1685,\"height\":1191,\"caption\":\"\\\"Gra de Sorra - Contacontes, narraci\u00f3 orali tallers creatius (Catalunya)\"},\"image\":{\"@id\":\"https:\/\/gradesorra.cat\/#\/schema\/logo\/image\/\"}}]}<\/script>\n<!-- \/ Yoast SEO plugin. -->","yoast_head_json":{"title":"IA pr\u00e0ctica per a lectura, escriptura i creativitat - Gra de Sorra","robots":{"index":"index","follow":"follow","max-snippet":"max-snippet:-1","max-image-preview":"max-image-preview:large","max-video-preview":"max-video-preview:-1"},"canonical":"https:\/\/gradesorra.cat\/es\/xerrades\/xerrada-jocs-i-tallers-amb-i-a\/","og_locale":"es_ES","og_type":"article","og_title":"IA pr\u00e0ctica per a lectura, escriptura i creativitat - Gra de Sorra","og_description":"IA pr\u00e0ctica per a lectura, escriptura i creativitatLa intel\u00b7lig\u00e8ncia artificial ja forma part del nostre dia a dia. Per\u00f2, m\u00e9s enll\u00e0 de la curiositat, com la podem fer servir amb criteri?Pot ajudar-nos a llegir millor, escriure amb m\u00e9s estructura i activar la creativitat?Vine a descobrir-ho amb exemples pr\u00e0ctics. En aquesta xerrada veurem usos quotidians de [&hellip;]","og_url":"https:\/\/gradesorra.cat\/es\/xerrades\/xerrada-jocs-i-tallers-amb-i-a\/","og_site_name":"Gra de Sorra","article_modified_time":"2026-02-02T19:38:15+00:00","og_image":[{"width":1024,"height":1024,"url":"https:\/\/gradesorra.cat\/wp-content\/uploads\/2025\/03\/portadaaa.jpg","type":"image\/jpeg"}],"twitter_card":"summary_large_image","twitter_misc":{"Tiempo de lectura":"2 minutos"},"schema":{"@context":"https:\/\/schema.org","@graph":[{"@type":"WebPage","@id":"https:\/\/gradesorra.cat\/es\/xerrades\/xerrada-jocs-i-tallers-amb-i-a\/","url":"https:\/\/gradesorra.cat\/es\/xerrades\/xerrada-jocs-i-tallers-amb-i-a\/","name":"IA pr\u00e0ctica per a lectura, escriptura i creativitat - Gra de Sorra","isPartOf":{"@id":"https:\/\/gradesorra.cat\/#website"},"primaryImageOfPage":{"@id":"https:\/\/gradesorra.cat\/es\/xerrades\/xerrada-jocs-i-tallers-amb-i-a\/#primaryimage"},"image":{"@id":"https:\/\/gradesorra.cat\/es\/xerrades\/xerrada-jocs-i-tallers-amb-i-a\/#primaryimage"},"thumbnailUrl":"https:\/\/gradesorra.cat\/wp-content\/uploads\/2025\/03\/portadaaa.jpg","datePublished":"2018-02-26T16:52:37+00:00","dateModified":"2026-02-02T19:38:15+00:00","breadcrumb":{"@id":"https:\/\/gradesorra.cat\/es\/xerrades\/xerrada-jocs-i-tallers-amb-i-a\/#breadcrumb"},"inLanguage":"es","potentialAction":[{"@type":"ReadAction","target":["https:\/\/gradesorra.cat\/es\/xerrades\/xerrada-jocs-i-tallers-amb-i-a\/"]}]},{"@type":"ImageObject","inLanguage":"es","@id":"https:\/\/gradesorra.cat\/es\/xerrades\/xerrada-jocs-i-tallers-amb-i-a\/#primaryimage","url":"https:\/\/gradesorra.cat\/wp-content\/uploads\/2025\/03\/portadaaa.jpg","contentUrl":"https:\/\/gradesorra.cat\/wp-content\/uploads\/2025\/03\/portadaaa.jpg","width":1024,"height":1024},{"@type":"BreadcrumbList","@id":"https:\/\/gradesorra.cat\/es\/xerrades\/xerrada-jocs-i-tallers-amb-i-a\/#breadcrumb","itemListElement":[{"@type":"ListItem","position":1,"name":"Inici","item":"https:\/\/gradesorra.cat\/"},{"@type":"ListItem","position":2,"name":"Charlas","item":"https:\/\/gradesorra.cat\/es\/xerrades\/"},{"@type":"ListItem","position":3,"name":"IA pr\u00e0ctica per a lectura, escriptura i creativitat"}]},{"@type":"WebSite","@id":"https:\/\/gradesorra.cat\/#website","url":"https:\/\/gradesorra.cat\/","name":"\"Gra de Sorra - Contacontes, narraci\u00f3 oral i tallers creatius (Catalunya)","description":"Contes, tallers i projectes creatius per a infants, joves i adults.","publisher":{"@id":"https:\/\/gradesorra.cat\/#organization"},"alternateName":"Contes infantils, famioliars i adults en catal\u00e0","potentialAction":[{"@type":"SearchAction","target":{"@type":"EntryPoint","urlTemplate":"https:\/\/gradesorra.cat\/?s={search_term_string}"},"query-input":{"@type":"PropertyValueSpecification","valueRequired":true,"valueName":"search_term_string"}}],"inLanguage":"es"},{"@type":"Organization","@id":"https:\/\/gradesorra.cat\/#organization","name":"\"Gra de Sorra - Contacontes, narraci\u00f3 orali tallers creatius (Catalunya)","url":"https:\/\/gradesorra.cat\/","logo":{"@type":"ImageObject","inLanguage":"es","@id":"https:\/\/gradesorra.cat\/#\/schema\/logo\/image\/","url":"https:\/\/gradesorra.cat\/wp-content\/uploads\/2024\/02\/logo-gra-de-sorra.png","contentUrl":"https:\/\/gradesorra.cat\/wp-content\/uploads\/2024\/02\/logo-gra-de-sorra.png","width":1685,"height":1191,"caption":"\"Gra de Sorra - Contacontes, narraci\u00f3 orali tallers creatius (Catalunya)"},"image":{"@id":"https:\/\/gradesorra.cat\/#\/schema\/logo\/image\/"}}]}},"_links":{"self":[{"href":"https:\/\/gradesorra.cat\/es\/wp-json\/wp\/v2\/pages\/6233","targetHints":{"allow":["GET"]}}],"collection":[{"href":"https:\/\/gradesorra.cat\/es\/wp-json\/wp\/v2\/pages"}],"about":[{"href":"https:\/\/gradesorra.cat\/es\/wp-json\/wp\/v2\/types\/page"}],"author":[{"embeddable":true,"href":"https:\/\/gradesorra.cat\/es\/wp-json\/wp\/v2\/users\/2"}],"replies":[{"embeddable":true,"href":"https:\/\/gradesorra.cat\/es\/wp-json\/wp\/v2\/comments?post=6233"}],"version-history":[{"count":57,"href":"https:\/\/gradesorra.cat\/es\/wp-json\/wp\/v2\/pages\/6233\/revisions"}],"predecessor-version":[{"id":8148,"href":"https:\/\/gradesorra.cat\/es\/wp-json\/wp\/v2\/pages\/6233\/revisions\/8148"}],"up":[{"embeddable":true,"href":"https:\/\/gradesorra.cat\/es\/wp-json\/wp\/v2\/pages\/6217"}],"wp:featuredmedia":[{"embeddable":true,"href":"https:\/\/gradesorra.cat\/es\/wp-json\/wp\/v2\/media\/7099"}],"wp:attachment":[{"href":"https:\/\/gradesorra.cat\/es\/wp-json\/wp\/v2\/media?parent=6233"}],"wp:term":[{"taxonomy":"category","embeddable":true,"href":"https:\/\/gradesorra.cat\/es\/wp-json\/wp\/v2\/categories?post=6233"},{"taxonomy":"post_tag","embeddable":true,"href":"https:\/\/gradesorra.cat\/es\/wp-json\/wp\/v2\/tags?post=6233"}],"curies":[{"name":"wp","href":"https:\/\/api.w.org\/{rel}","templated":true}]}}