

{"id":6239,"date":"2018-02-21T14:06:57","date_gmt":"2018-02-21T13:06:57","guid":{"rendered":"https:\/\/gradesorra.cat\/contes-infantils-familiars\/rondant-pel-mon-contes-darreu\/"},"modified":"2024-08-27T16:42:44","modified_gmt":"2024-08-27T15:42:44","slug":"rondant-pel-mon-contes-darreu","status":"publish","type":"page","link":"https:\/\/gradesorra.cat\/es\/contes-infantils-familiars\/rondant-pel-mon-contes-darreu\/","title":{"rendered":"Rondant pel m\u00f3n: contes d&#8217;arreu"},"content":{"rendered":"<p>[et_pb_section fb_built=\u00bb1&#8243; admin_label=\u00bbsection\u00bb _builder_version=\u00bb4.16&#8243; global_colors_info=\u00bb{}\u00bb][et_pb_row admin_label=\u00bbrow\u00bb _builder_version=\u00bb4.16&#8243; background_size=\u00bbinitial\u00bb background_position=\u00bbtop_left\u00bb background_repeat=\u00bbrepeat\u00bb global_colors_info=\u00bb{}\u00bb column_structure=\u00bb2_5,3_5&#8243;][et_pb_column type=\u00bb2_5&#8243; _builder_version=\u00bb4.16&#8243; custom_padding=\u00bb|||\u00bb global_colors_info=\u00bb{}\u00bb custom_padding__hover=\u00bb|||\u00bb][et_pb_image src=\u00bbhttps:\/\/gradesorra.cat\/wp-content\/uploads\/2024\/01\/arreudin72.jpg\u00bb _builder_version=\u00bb4.24.0&#8243; _module_preset=\u00bbdefault\u00bb title_text=\u00bbarreudin72&#8243; animation_style=\u00bbslide\u00bb animation_direction=\u00bbleft\u00bb hover_enabled=\u00bb0&#8243; sticky_enabled=\u00bb0&#8243;][\/et_pb_image][\/et_pb_column][et_pb_column type=\u00bb3_5&#8243; _builder_version=\u00bb4.16&#8243; custom_padding=\u00bb|||\u00bb global_colors_info=\u00bb{}\u00bb custom_padding__hover=\u00bb|||\u00bb][et_pb_text admin_label=\u00bbText\u00bb _builder_version=\u00bb4.24.0&#8243; background_size=\u00bbinitial\u00bb background_position=\u00bbtop_left\u00bb background_repeat=\u00bbrepeat\u00bb hover_enabled=\u00bb0&#8243; global_colors_info=\u00bb{}\u00bb sticky_enabled=\u00bb0&#8243;]<\/p>\n<h1 class=\"vc_custom_heading\">Rondant pel m\u00f3n: contes d\u2019arreu<\/h1>\n<p>Contes i hist\u00f2ries\u00a0 d&#8217;arreu.<\/p>\n<p>Quin gust pot tenir un conte del m\u00f3n? Doncs seria una bona pregunta per comen\u00e7ar! Jo crec que tenen un gust i so especial perqu\u00e8 alguns d&#8217;aquest contes v\u00e9nen de molt lluny. Us imagineu poder voltar pel m\u00f3n buscant contes? Seria una aventura genial per\u00f2 ens portaria molts anys. Podem mirar de buscar una soluci\u00f3. Puc venir jo i explicar-vos aquests contes! Qu\u00e8 us semblaria? Us avan\u00e7o un tastet d&#8217;aquesta sessi\u00f3: aquests contes s\u00f3n uns contes savis i molt vells, fa molts anys que existeixen! I han arribat fins aqu\u00ed viatjant de boca a orella, d&#8217;avis a pares i de pares a fills&#8230;<\/p>\n<p>Teniu ganes d&#8217;escoltar algun d&#8217;aquest contes? Doncs aneu-vos preparant que aviat comen\u00e7arem!<\/p>\n<p>&nbsp;<\/p>\n<p><img loading=\"lazy\" decoding=\"async\" class=\"alignnone size-medium wp-image-3301\" src=\"http:\/\/gradesorra.cat\/wp-content\/uploads\/2018\/02\/gra-taronja.png\" alt=\"\" width=\"22\" height=\"23\" \/>\u00a0Durada: 45 minuts<\/p>\n<p><img loading=\"lazy\" decoding=\"async\" class=\"alignnone size-full wp-image-3299\" src=\"http:\/\/gradesorra.cat\/wp-content\/uploads\/2018\/02\/gra-gris-fort.png\" alt=\"\" width=\"24\" height=\"24\" \/> Tema: Viatges -Cultura d&#8217;arreu &#8211; Diversitat<\/p>\n<p><img loading=\"lazy\" decoding=\"async\" class=\"alignnone size-full wp-image-3300\" src=\"http:\/\/gradesorra.cat\/wp-content\/uploads\/2018\/02\/gra-gris.png\" alt=\"\" width=\"23\" height=\"23\" \/> A partir de 4 anys (Adaptable a infants m\u00e9s petits &#8211; previ av\u00eds)<\/p>\n<p>[\/et_pb_text][\/et_pb_column][\/et_pb_row][\/et_pb_section]<\/p>\n","protected":false},"excerpt":{"rendered":"<p>Rondant pel m\u00f3n: contes d\u2019arreu Contes i hist\u00f2ries\u00a0 d&#8217;arreu. Quin gust pot tenir un conte del m\u00f3n? Doncs seria una bona pregunta per comen\u00e7ar! Jo crec que tenen un gust i so especial perqu\u00e8 alguns d&#8217;aquest contes v\u00e9nen de molt lluny. Us imagineu poder voltar pel m\u00f3n buscant contes? Seria una aventura genial per\u00f2 ens [&hellip;]<\/p>\n","protected":false},"author":1,"featured_media":6541,"parent":6210,"menu_order":0,"comment_status":"closed","ping_status":"closed","template":"","meta":{"_et_pb_use_builder":"on","_et_pb_old_content":"[vc_row][vc_column width=\"2\/3\"][vc_custom_heading source=\"post_title\" use_theme_fonts=\"yes\"][separator width=\"20px\" height=\"3px\" position=\"center\" color=\"#222222\" margin_top=\"20px\" margin_bottom=\"20px\"][vc_column_text]Contes i hist\u00f2ries\u00a0 d'arreu.\n\nQuin gust pot tenir un conte del m\u00f3n? Doncs seria una bona pregunta per comen\u00e7ar! Jo crec que tenen un gust i so especial perqu\u00e8 alguns d'aquest contes v\u00e9nen de molt lluny. Us imagineu poder voltar pel m\u00f3n buscant contes? Seria una aventura genial per\u00f2 ens portaria molts anys. Podem mirar de buscar una soluci\u00f3. Puc venir jo i explicar-vos aquests contes! Qu\u00e8 us semblaria? Us avan\u00e7o un tastet d'aquesta sessi\u00f3: aquests contes s\u00f3n uns contes savis i molt vells, fa molts anys que existeixen! I han arribat fins aqu\u00ed viatjant de boca a orella, d'avis a pares i de pares a fills...\n\nTeniu ganes d'escoltar algun d'aquest contes? Doncs aneu-vos preparant que aviat comen\u00e7arem!!.\n\n&nbsp;\n\n<img class=\"alignnone size-medium wp-image-3301\" src=\"http:\/\/gradesorra.cat\/wp-content\/uploads\/2018\/02\/gra-taronja.png\" alt=\"\" width=\"22\" height=\"23\" \/>\u00a0Durada: 45 minuts\n\n<img class=\"alignnone size-full wp-image-3299\" src=\"http:\/\/gradesorra.cat\/wp-content\/uploads\/2018\/02\/gra-gris-fort.png\" alt=\"\" width=\"24\" height=\"24\" \/> Tema: Viatges -Cultura d'arreu - Diversitat\n\n<img class=\"alignnone size-full wp-image-3300\" src=\"http:\/\/gradesorra.cat\/wp-content\/uploads\/2018\/02\/gra-gris.png\" alt=\"\" width=\"23\" height=\"23\" \/> A partir de 4 anys (Adaptable a infants m\u00e9s petits - previ av\u00eds)[\/vc_column_text][vc_btn title=\"+ Informaci\u00f3\" shape=\"round\" size=\"xs\" link=\"url:%23formulari|||\"][\/vc_column][vc_column width=\"1\/3\" disable_element=\"\" type=\"in_container\" bg_image=\"\" bg_position=\"left top\" bg_repeat=\"no-repeat\" parallax_bg=\"\" bg_color=\"\" overlay=\"\" overlay_color=\"\" video_webm=\"\" video_mp4=\"\" text_color=\"dark\" custom_text_color=\"\" top_padding=\"\" bottom_padding=\"\" transparency=\"\" borders=\"\" arrow_bottom=\"\" arrow_top=\"\" link_bool=\"\" link_value=\"#\" class=\"propostes-similars\"][vc_single_image image=\"3721\" img_size=\"large\" css=\".vc_custom_1600856183116{border-top-width: 1px !important;border-right-width: 1px !important;border-bottom-width: 1px !important;border-left-width: 1px !important;border-left-color: #cccccc !important;border-left-style: solid !important;border-right-color: #cccccc !important;border-right-style: solid !important;border-top-color: #cccccc !important;border-top-style: solid !important;border-bottom-color: #cccccc !important;border-bottom-style: solid !important;}\"][\/vc_column][\/vc_row][vc_row class=\"propostes-similars\"][vc_column][vc_custom_heading text=\"Propostes similars\" use_theme_fonts=\"yes\"][separator width=\"20px\" height=\"3px\" position=\"center\" color=\"#222222\" margin_top=\"20px\" margin_bottom=\"20px\"][\/vc_column][\/vc_row][vc_row][vc_column width=\"1\/4\"][vc_single_image image=\"3291\" img_size=\"large\" onclick=\"custom_link\" css=\".vc_custom_1519223151709{border-top-width: 1px !important;border-right-width: 1px !important;border-bottom-width: 1px !important;border-left-width: 1px !important;border-left-color: #cccccc !important;border-left-style: solid !important;border-right-color: #cccccc !important;border-right-style: solid !important;border-top-color: #cccccc !important;border-top-style: solid !important;border-bottom-color: #cccccc !important;border-bottom-style: solid !important;}\" link=\"\/infantil\/amb-la-a-destimar\/\"][\/vc_column][vc_column width=\"1\/4\"][vc_single_image image=\"3290\" img_size=\"large\" onclick=\"custom_link\" css=\".vc_custom_1519223169280{border-top-width: 1px !important;border-right-width: 1px !important;border-bottom-width: 1px !important;border-left-width: 1px !important;border-left-color: #cccccc !important;border-left-style: solid !important;border-right-color: #cccccc !important;border-right-style: solid !important;border-top-color: #cccccc !important;border-top-style: solid !important;border-bottom-color: #cccccc !important;border-bottom-style: solid !important;}\" link=\"\/infantil\/rondant-pel-mon-contes-darreu\/\"][\/vc_column][vc_column width=\"1\/4\"][vc_single_image image=\"3285\" img_size=\"large\" onclick=\"custom_link\" css=\".vc_custom_1519223227563{border-top-width: 1px !important;border-right-width: 1px !important;border-bottom-width: 1px !important;border-left-width: 1px !important;border-left-color: #cccccc !important;border-left-style: solid !important;border-right-color: #cccccc !important;border-right-style: solid !important;border-top-color: #cccccc !important;border-top-style: solid !important;border-bottom-color: #cccccc !important;border-bottom-style: solid !important;}\" link=\"\/infantil\/3x3-escull-la-teva-aventura\/\"][\/vc_column][vc_column width=\"1\/4\"][vc_single_image image=\"3283\" img_size=\"large\" onclick=\"custom_link\" css=\".vc_custom_1519223249167{border-top-width: 1px !important;border-right-width: 1px !important;border-bottom-width: 1px !important;border-left-width: 1px !important;border-left-color: #cccccc !important;border-left-style: solid !important;border-right-color: #cccccc !important;border-right-style: solid !important;border-top-color: #cccccc !important;border-top-style: solid !important;border-bottom-color: #cccccc !important;border-bottom-style: solid !important;}\" link=\"\/infantil\/aventures-daigua-dolca-i-salada\/\"][\/vc_column][\/vc_row]","_et_gb_content_width":"","footnotes":""},"categories":[],"tags":[22],"class_list":["post-6239","page","type-page","status-publish","has-post-thumbnail","hentry","tag-show-infantils-es"],"yoast_head":"<!-- This site is optimized with the Yoast SEO plugin v24.8.1 - https:\/\/yoast.com\/wordpress\/plugins\/seo\/ -->\n<title>Rondant pel m\u00f3n: contes d&#039;arreu - Gra de Sorra<\/title>\n<meta name=\"robots\" content=\"index, follow, max-snippet:-1, max-image-preview:large, max-video-preview:-1\" \/>\n<link rel=\"canonical\" href=\"https:\/\/gradesorra.cat\/es\/contes-infantils-familiars\/rondant-pel-mon-contes-darreu\/\" \/>\n<meta property=\"og:locale\" content=\"es_ES\" \/>\n<meta property=\"og:type\" content=\"article\" \/>\n<meta property=\"og:title\" content=\"Rondant pel m\u00f3n: contes d&#039;arreu - Gra de Sorra\" \/>\n<meta property=\"og:description\" content=\"Rondant pel m\u00f3n: contes d\u2019arreu Contes i hist\u00f2ries\u00a0 d&#039;arreu. Quin gust pot tenir un conte del m\u00f3n? Doncs seria una bona pregunta per comen\u00e7ar! Jo crec que tenen un gust i so especial perqu\u00e8 alguns d&#039;aquest contes v\u00e9nen de molt lluny. Us imagineu poder voltar pel m\u00f3n buscant contes? Seria una aventura genial per\u00f2 ens [&hellip;]\" \/>\n<meta property=\"og:url\" content=\"https:\/\/gradesorra.cat\/es\/contes-infantils-familiars\/rondant-pel-mon-contes-darreu\/\" \/>\n<meta property=\"og:site_name\" content=\"Gra de Sorra\" \/>\n<meta property=\"article:modified_time\" content=\"2024-08-27T15:42:44+00:00\" \/>\n<meta property=\"og:image\" content=\"https:\/\/gradesorra.cat\/wp-content\/uploads\/2024\/08\/DALL\u00b7E-2024-08-27-17.40.10-A-detailed-and-realistic-image-of-a-globe-being-held-up-by-multiple-people-from-various-cultural-backgrounds.-The-people-are-standing-together-each-c-e1724773574473.webp\" \/>\n\t<meta property=\"og:image:width\" content=\"1024\" \/>\n\t<meta property=\"og:image:height\" content=\"1024\" \/>\n\t<meta property=\"og:image:type\" content=\"image\/webp\" \/>\n<meta name=\"twitter:card\" content=\"summary_large_image\" \/>\n<meta name=\"twitter:label1\" content=\"Tiempo de lectura\" \/>\n\t<meta name=\"twitter:data1\" content=\"1 minuto\" \/>\n<script type=\"application\/ld+json\" class=\"yoast-schema-graph\">{\"@context\":\"https:\/\/schema.org\",\"@graph\":[{\"@type\":\"WebPage\",\"@id\":\"https:\/\/gradesorra.cat\/es\/contes-infantils-familiars\/rondant-pel-mon-contes-darreu\/\",\"url\":\"https:\/\/gradesorra.cat\/es\/contes-infantils-familiars\/rondant-pel-mon-contes-darreu\/\",\"name\":\"Rondant pel m\u00f3n: contes d'arreu - Gra de Sorra\",\"isPartOf\":{\"@id\":\"https:\/\/gradesorra.cat\/#website\"},\"primaryImageOfPage\":{\"@id\":\"https:\/\/gradesorra.cat\/es\/contes-infantils-familiars\/rondant-pel-mon-contes-darreu\/#primaryimage\"},\"image\":{\"@id\":\"https:\/\/gradesorra.cat\/es\/contes-infantils-familiars\/rondant-pel-mon-contes-darreu\/#primaryimage\"},\"thumbnailUrl\":\"https:\/\/gradesorra.cat\/wp-content\/uploads\/2024\/08\/DALL\u00b7E-2024-08-27-17.40.10-A-detailed-and-realistic-image-of-a-globe-being-held-up-by-multiple-people-from-various-cultural-backgrounds.-The-people-are-standing-together-each-c-e1724773574473.webp\",\"datePublished\":\"2018-02-21T13:06:57+00:00\",\"dateModified\":\"2024-08-27T15:42:44+00:00\",\"breadcrumb\":{\"@id\":\"https:\/\/gradesorra.cat\/es\/contes-infantils-familiars\/rondant-pel-mon-contes-darreu\/#breadcrumb\"},\"inLanguage\":\"es\",\"potentialAction\":[{\"@type\":\"ReadAction\",\"target\":[\"https:\/\/gradesorra.cat\/es\/contes-infantils-familiars\/rondant-pel-mon-contes-darreu\/\"]}]},{\"@type\":\"ImageObject\",\"inLanguage\":\"es\",\"@id\":\"https:\/\/gradesorra.cat\/es\/contes-infantils-familiars\/rondant-pel-mon-contes-darreu\/#primaryimage\",\"url\":\"https:\/\/gradesorra.cat\/wp-content\/uploads\/2024\/08\/DALL\u00b7E-2024-08-27-17.40.10-A-detailed-and-realistic-image-of-a-globe-being-held-up-by-multiple-people-from-various-cultural-backgrounds.-The-people-are-standing-together-each-c-e1724773574473.webp\",\"contentUrl\":\"https:\/\/gradesorra.cat\/wp-content\/uploads\/2024\/08\/DALL\u00b7E-2024-08-27-17.40.10-A-detailed-and-realistic-image-of-a-globe-being-held-up-by-multiple-people-from-various-cultural-backgrounds.-The-people-are-standing-together-each-c-e1724773574473.webp\",\"width\":1024,\"height\":1024},{\"@type\":\"BreadcrumbList\",\"@id\":\"https:\/\/gradesorra.cat\/es\/contes-infantils-familiars\/rondant-pel-mon-contes-darreu\/#breadcrumb\",\"itemListElement\":[{\"@type\":\"ListItem\",\"position\":1,\"name\":\"Inici\",\"item\":\"https:\/\/gradesorra.cat\/\"},{\"@type\":\"ListItem\",\"position\":2,\"name\":\"Infants i fam\u00edlies\",\"item\":\"https:\/\/gradesorra.cat\/es\/contes-infantils-familiars\/\"},{\"@type\":\"ListItem\",\"position\":3,\"name\":\"Rondant pel m\u00f3n: contes d&#8217;arreu\"}]},{\"@type\":\"WebSite\",\"@id\":\"https:\/\/gradesorra.cat\/#website\",\"url\":\"https:\/\/gradesorra.cat\/\",\"name\":\"\\\"Gra de Sorra - Contacontes, narraci\u00f3 oral i tallers creatius (Catalunya)\",\"description\":\"Contes, tallers i projectes creatius per a infants, joves i adults.\",\"publisher\":{\"@id\":\"https:\/\/gradesorra.cat\/#organization\"},\"alternateName\":\"Contes infantils, famioliars i adults en catal\u00e0\",\"potentialAction\":[{\"@type\":\"SearchAction\",\"target\":{\"@type\":\"EntryPoint\",\"urlTemplate\":\"https:\/\/gradesorra.cat\/?s={search_term_string}\"},\"query-input\":{\"@type\":\"PropertyValueSpecification\",\"valueRequired\":true,\"valueName\":\"search_term_string\"}}],\"inLanguage\":\"es\"},{\"@type\":\"Organization\",\"@id\":\"https:\/\/gradesorra.cat\/#organization\",\"name\":\"\\\"Gra de Sorra - Contacontes, narraci\u00f3 orali tallers creatius (Catalunya)\",\"url\":\"https:\/\/gradesorra.cat\/\",\"logo\":{\"@type\":\"ImageObject\",\"inLanguage\":\"es\",\"@id\":\"https:\/\/gradesorra.cat\/#\/schema\/logo\/image\/\",\"url\":\"https:\/\/gradesorra.cat\/wp-content\/uploads\/2024\/02\/logo-gra-de-sorra.png\",\"contentUrl\":\"https:\/\/gradesorra.cat\/wp-content\/uploads\/2024\/02\/logo-gra-de-sorra.png\",\"width\":1685,\"height\":1191,\"caption\":\"\\\"Gra de Sorra - Contacontes, narraci\u00f3 orali tallers creatius (Catalunya)\"},\"image\":{\"@id\":\"https:\/\/gradesorra.cat\/#\/schema\/logo\/image\/\"}}]}<\/script>\n<!-- \/ Yoast SEO plugin. -->","yoast_head_json":{"title":"Rondant pel m\u00f3n: contes d'arreu - Gra de Sorra","robots":{"index":"index","follow":"follow","max-snippet":"max-snippet:-1","max-image-preview":"max-image-preview:large","max-video-preview":"max-video-preview:-1"},"canonical":"https:\/\/gradesorra.cat\/es\/contes-infantils-familiars\/rondant-pel-mon-contes-darreu\/","og_locale":"es_ES","og_type":"article","og_title":"Rondant pel m\u00f3n: contes d'arreu - Gra de Sorra","og_description":"Rondant pel m\u00f3n: contes d\u2019arreu Contes i hist\u00f2ries\u00a0 d'arreu. Quin gust pot tenir un conte del m\u00f3n? Doncs seria una bona pregunta per comen\u00e7ar! Jo crec que tenen un gust i so especial perqu\u00e8 alguns d'aquest contes v\u00e9nen de molt lluny. Us imagineu poder voltar pel m\u00f3n buscant contes? Seria una aventura genial per\u00f2 ens [&hellip;]","og_url":"https:\/\/gradesorra.cat\/es\/contes-infantils-familiars\/rondant-pel-mon-contes-darreu\/","og_site_name":"Gra de Sorra","article_modified_time":"2024-08-27T15:42:44+00:00","og_image":[{"width":1024,"height":1024,"url":"https:\/\/gradesorra.cat\/wp-content\/uploads\/2024\/08\/DALL\u00b7E-2024-08-27-17.40.10-A-detailed-and-realistic-image-of-a-globe-being-held-up-by-multiple-people-from-various-cultural-backgrounds.-The-people-are-standing-together-each-c-e1724773574473.webp","type":"image\/webp"}],"twitter_card":"summary_large_image","twitter_misc":{"Tiempo de lectura":"1 minuto"},"schema":{"@context":"https:\/\/schema.org","@graph":[{"@type":"WebPage","@id":"https:\/\/gradesorra.cat\/es\/contes-infantils-familiars\/rondant-pel-mon-contes-darreu\/","url":"https:\/\/gradesorra.cat\/es\/contes-infantils-familiars\/rondant-pel-mon-contes-darreu\/","name":"Rondant pel m\u00f3n: contes d'arreu - Gra de Sorra","isPartOf":{"@id":"https:\/\/gradesorra.cat\/#website"},"primaryImageOfPage":{"@id":"https:\/\/gradesorra.cat\/es\/contes-infantils-familiars\/rondant-pel-mon-contes-darreu\/#primaryimage"},"image":{"@id":"https:\/\/gradesorra.cat\/es\/contes-infantils-familiars\/rondant-pel-mon-contes-darreu\/#primaryimage"},"thumbnailUrl":"https:\/\/gradesorra.cat\/wp-content\/uploads\/2024\/08\/DALL\u00b7E-2024-08-27-17.40.10-A-detailed-and-realistic-image-of-a-globe-being-held-up-by-multiple-people-from-various-cultural-backgrounds.-The-people-are-standing-together-each-c-e1724773574473.webp","datePublished":"2018-02-21T13:06:57+00:00","dateModified":"2024-08-27T15:42:44+00:00","breadcrumb":{"@id":"https:\/\/gradesorra.cat\/es\/contes-infantils-familiars\/rondant-pel-mon-contes-darreu\/#breadcrumb"},"inLanguage":"es","potentialAction":[{"@type":"ReadAction","target":["https:\/\/gradesorra.cat\/es\/contes-infantils-familiars\/rondant-pel-mon-contes-darreu\/"]}]},{"@type":"ImageObject","inLanguage":"es","@id":"https:\/\/gradesorra.cat\/es\/contes-infantils-familiars\/rondant-pel-mon-contes-darreu\/#primaryimage","url":"https:\/\/gradesorra.cat\/wp-content\/uploads\/2024\/08\/DALL\u00b7E-2024-08-27-17.40.10-A-detailed-and-realistic-image-of-a-globe-being-held-up-by-multiple-people-from-various-cultural-backgrounds.-The-people-are-standing-together-each-c-e1724773574473.webp","contentUrl":"https:\/\/gradesorra.cat\/wp-content\/uploads\/2024\/08\/DALL\u00b7E-2024-08-27-17.40.10-A-detailed-and-realistic-image-of-a-globe-being-held-up-by-multiple-people-from-various-cultural-backgrounds.-The-people-are-standing-together-each-c-e1724773574473.webp","width":1024,"height":1024},{"@type":"BreadcrumbList","@id":"https:\/\/gradesorra.cat\/es\/contes-infantils-familiars\/rondant-pel-mon-contes-darreu\/#breadcrumb","itemListElement":[{"@type":"ListItem","position":1,"name":"Inici","item":"https:\/\/gradesorra.cat\/"},{"@type":"ListItem","position":2,"name":"Infants i fam\u00edlies","item":"https:\/\/gradesorra.cat\/es\/contes-infantils-familiars\/"},{"@type":"ListItem","position":3,"name":"Rondant pel m\u00f3n: contes d&#8217;arreu"}]},{"@type":"WebSite","@id":"https:\/\/gradesorra.cat\/#website","url":"https:\/\/gradesorra.cat\/","name":"\"Gra de Sorra - Contacontes, narraci\u00f3 oral i tallers creatius (Catalunya)","description":"Contes, tallers i projectes creatius per a infants, joves i adults.","publisher":{"@id":"https:\/\/gradesorra.cat\/#organization"},"alternateName":"Contes infantils, famioliars i adults en catal\u00e0","potentialAction":[{"@type":"SearchAction","target":{"@type":"EntryPoint","urlTemplate":"https:\/\/gradesorra.cat\/?s={search_term_string}"},"query-input":{"@type":"PropertyValueSpecification","valueRequired":true,"valueName":"search_term_string"}}],"inLanguage":"es"},{"@type":"Organization","@id":"https:\/\/gradesorra.cat\/#organization","name":"\"Gra de Sorra - Contacontes, narraci\u00f3 orali tallers creatius (Catalunya)","url":"https:\/\/gradesorra.cat\/","logo":{"@type":"ImageObject","inLanguage":"es","@id":"https:\/\/gradesorra.cat\/#\/schema\/logo\/image\/","url":"https:\/\/gradesorra.cat\/wp-content\/uploads\/2024\/02\/logo-gra-de-sorra.png","contentUrl":"https:\/\/gradesorra.cat\/wp-content\/uploads\/2024\/02\/logo-gra-de-sorra.png","width":1685,"height":1191,"caption":"\"Gra de Sorra - Contacontes, narraci\u00f3 orali tallers creatius (Catalunya)"},"image":{"@id":"https:\/\/gradesorra.cat\/#\/schema\/logo\/image\/"}}]}},"_links":{"self":[{"href":"https:\/\/gradesorra.cat\/es\/wp-json\/wp\/v2\/pages\/6239","targetHints":{"allow":["GET"]}}],"collection":[{"href":"https:\/\/gradesorra.cat\/es\/wp-json\/wp\/v2\/pages"}],"about":[{"href":"https:\/\/gradesorra.cat\/es\/wp-json\/wp\/v2\/types\/page"}],"author":[{"embeddable":true,"href":"https:\/\/gradesorra.cat\/es\/wp-json\/wp\/v2\/users\/1"}],"replies":[{"embeddable":true,"href":"https:\/\/gradesorra.cat\/es\/wp-json\/wp\/v2\/comments?post=6239"}],"version-history":[{"count":1,"href":"https:\/\/gradesorra.cat\/es\/wp-json\/wp\/v2\/pages\/6239\/revisions"}],"predecessor-version":[{"id":6543,"href":"https:\/\/gradesorra.cat\/es\/wp-json\/wp\/v2\/pages\/6239\/revisions\/6543"}],"up":[{"embeddable":true,"href":"https:\/\/gradesorra.cat\/es\/wp-json\/wp\/v2\/pages\/6210"}],"wp:featuredmedia":[{"embeddable":true,"href":"https:\/\/gradesorra.cat\/es\/wp-json\/wp\/v2\/media\/6541"}],"wp:attachment":[{"href":"https:\/\/gradesorra.cat\/es\/wp-json\/wp\/v2\/media?parent=6239"}],"wp:term":[{"taxonomy":"category","embeddable":true,"href":"https:\/\/gradesorra.cat\/es\/wp-json\/wp\/v2\/categories?post=6239"},{"taxonomy":"post_tag","embeddable":true,"href":"https:\/\/gradesorra.cat\/es\/wp-json\/wp\/v2\/tags?post=6239"}],"curies":[{"name":"wp","href":"https:\/\/api.w.org\/{rel}","templated":true}]}}