

{"id":6242,"date":"2018-02-21T14:05:20","date_gmt":"2018-02-21T13:05:20","guid":{"rendered":"https:\/\/gradesorra.cat\/tallers\/un-taller-de-monstres\/"},"modified":"2024-09-02T17:31:35","modified_gmt":"2024-09-02T16:31:35","slug":"un-taller-de-monstres","status":"publish","type":"page","link":"https:\/\/gradesorra.cat\/es\/tallers\/un-taller-de-monstres\/","title":{"rendered":"Un taller de monstres"},"content":{"rendered":"<p>[et_pb_section fb_built=\u00bb1&#8243; admin_label=\u00bbsection\u00bb _builder_version=\u00bb4.16&#8243; global_colors_info=\u00bb{}\u00bb][et_pb_row column_structure=\u00bb1_2,1_2&#8243; admin_label=\u00bbrow\u00bb _builder_version=\u00bb4.25.0&#8243; background_size=\u00bbinitial\u00bb background_position=\u00bbtop_left\u00bb background_repeat=\u00bbrepeat\u00bb global_colors_info=\u00bb{}\u00bb][et_pb_column type=\u00bb1_2&#8243; _builder_version=\u00bb4.16&#8243; custom_padding=\u00bb|||\u00bb global_colors_info=\u00bb{}\u00bb custom_padding__hover=\u00bb|||\u00bb][et_pb_image src=\u00bbhttps:\/\/gradesorra.cat\/wp-content\/uploads\/2024\/08\/DALL\u00b7E-2024-08-27-17.53.34-A-friendly-group-of-three-monsters-designed-for-slightly-older-children-each-with-different-sizes-and-shapes.-The-first-monster-on-the-left-is-square.webp\u00bb title_text=\u00bbDALL\u00b7E 2024-08-27 17.53.34 &#8211; A friendly group of three monsters designed for slightly older children, each with different sizes and shapes. The first monster on the left is square\u00bb _builder_version=\u00bb4.25.0&#8243; _module_preset=\u00bbdefault\u00bb animation_style=\u00bbslide\u00bb animation_direction=\u00bbleft\u00bb global_colors_info=\u00bb{}\u00bb][\/et_pb_image][et_pb_text admin_label=\u00bbText\u00bb _builder_version=\u00bb4.25.0&#8243; _module_preset=\u00bbdefault\u00bb global_colors_info=\u00bb{}\u00bb]<\/p>\n<p style=\"font-weight: 400;\">\n<p>&nbsp;<\/p>\n<p><img loading=\"lazy\" decoding=\"async\" class=\"alignnone size-medium wp-image-3301\" src=\"http:\/\/gradesorra.cat\/wp-content\/uploads\/2018\/02\/gra-taronja.png\" alt=\"\" width=\"22\" height=\"23\" \/> Durada: 1 h<\/p>\n<p><img loading=\"lazy\" decoding=\"async\" class=\"alignnone size-full wp-image-3299\" src=\"http:\/\/gradesorra.cat\/wp-content\/uploads\/2018\/02\/gra-gris-fort.png\" alt=\"\" width=\"24\" height=\"24\" \/> Tema: Emocions &#8211; Joc &#8211; Por<\/p>\n<p><img loading=\"lazy\" decoding=\"async\" class=\"alignnone size-full wp-image-3300\" src=\"http:\/\/gradesorra.cat\/wp-content\/uploads\/2018\/02\/gra-gris.png\" alt=\"\" width=\"23\" height=\"23\" \/> A partir de 4 anys<\/p>\n<p>&nbsp;<\/p>\n<p>[\/et_pb_text][\/et_pb_column][et_pb_column type=\u00bb1_2&#8243; _builder_version=\u00bb4.16&#8243; custom_padding=\u00bb|||\u00bb global_colors_info=\u00bb{}\u00bb custom_padding__hover=\u00bb|||\u00bb][et_pb_text admin_label=\u00bbText\u00bb _builder_version=\u00bb4.25.0&#8243; background_size=\u00bbinitial\u00bb background_position=\u00bbtop_left\u00bb background_repeat=\u00bbrepeat\u00bb global_colors_info=\u00bb{}\u00bb]<\/p>\n<h1 class=\"entry-title main_title\">Un taller de monstres<\/h1>\n<p style=\"font-weight: 400;\">Contes amb taller dedicat als monstres.<\/p>\n<p style=\"font-weight: 400;\">A la nostra societat, sovint escoltem frases com \u00abno t&#8217;amo\u00efnis, no passa res!, no tinguis por, els monstres no existeixen\u00bb. Per\u00f2 darrere d&#8217;aquestes frases que la majoria de vegades s\u00f3n benintencionades, lluny d&#8217;allunyar aquests monstres, el que fan \u00e9s negar les emocions dels infants.<\/p>\n<p style=\"font-weight: 400;\">Recon\u00e8ixer les nostres emocions i expressar les nostres pors de manera creativa \u00e9s una manera d&#8217;ajudar-nos a fer front d&#8217;aquestes experi\u00e8ncies desagradables.<\/p>\n<p style=\"font-weight: 400;\">Els monstres no existeixen per\u00f2, per si aix\u00f2 no fos del tot cert, haurem de fer alguna cosa fer-los m\u00e9s propers i amigables.<\/p>\n<p style=\"font-weight: 400;\">\n<p style=\"font-weight: 400;\">\n<p style=\"font-weight: 400;\">\n<p style=\"font-weight: 400;\">\n<p style=\"font-weight: 400;\">\n<p style=\"font-weight: 400;\"><strong>Estructura de la sessi\u00f3<\/strong><\/p>\n<ul>\n<li style=\"font-weight: 400;\">Sessi\u00f3 breu de contes<\/li>\n<li style=\"font-weight: 400;\">Taller-joc<\/li>\n<\/ul>\n<p>&nbsp;<\/p>\n<p>[\/et_pb_text][\/et_pb_column][\/et_pb_row][\/et_pb_section]<\/p>\n","protected":false},"excerpt":{"rendered":"<p>&nbsp; Durada: 1 h Tema: Emocions &#8211; Joc &#8211; Por A partir de 4 anys &nbsp;Un taller de monstres Contes amb taller dedicat als monstres. A la nostra societat, sovint escoltem frases com \u00abno t&#8217;amo\u00efnis, no passa res!, no tinguis por, els monstres no existeixen\u00bb. Per\u00f2 darrere d&#8217;aquestes frases que la majoria de vegades s\u00f3n [&hellip;]<\/p>\n","protected":false},"author":1,"featured_media":6554,"parent":6216,"menu_order":0,"comment_status":"closed","ping_status":"closed","template":"","meta":{"_et_pb_use_builder":"on","_et_pb_old_content":"[vc_row][vc_column width=\"2\/3\"][vc_custom_heading source=\"post_title\" use_theme_fonts=\"yes\"][separator width=\"20px\" height=\"3px\" position=\"center\" color=\"#222222\" margin_top=\"20px\" margin_bottom=\"20px\"][vc_column_text]\n<p style=\"font-weight: 400;\">Contes amb taller dedicat als monstres.<\/p>\n<p style=\"font-weight: 400;\">A la nostra societat, sovint escoltem frases com \"no t'amo\u00efnis, no passa res!, no tinguis por, els monstres no existeixen\". Per\u00f2 darrere d'aquestes frases que la majoria de vegades s\u00f3n benintencionades, lluny d'allunyar aquests monstres, el que fan \u00e9s negar les emocions dels infants.<\/p>\n<p style=\"font-weight: 400;\">Recon\u00e8ixer les nostres emocions i expressar les nostres pors de manera creativa \u00e9s una manera d'ajudar-nos a fer front d'aquestes experi\u00e8ncies desagradables.<\/p>\n<p style=\"font-weight: 400;\">Els monstres no existeixen per\u00f2, per si aix\u00f2 no fos del tot cert, haurem de fer alguna cosa fer-los m\u00e9s propers i amigables.<\/p>\n&nbsp;\n<p style=\"font-weight: 400;\"><strong>Estructura de la sessi\u00f3<\/strong><\/p>\n\n<ul>\n \t<li style=\"font-weight: 400;\">Sessi\u00f3 breu de contes<\/li>\n \t<li style=\"font-weight: 400;\">Taller-joc<\/li>\n<\/ul>\n&nbsp;\n\n<img class=\"alignnone size-medium wp-image-3301\" src=\"http:\/\/gradesorra.cat\/wp-content\/uploads\/2018\/02\/gra-taronja.png\" alt=\"\" width=\"22\" height=\"23\" \/> Durada: 1 h\n\n<img class=\"alignnone size-full wp-image-3299\" src=\"http:\/\/gradesorra.cat\/wp-content\/uploads\/2018\/02\/gra-gris-fort.png\" alt=\"\" width=\"24\" height=\"24\" \/> Tema: Emocions - Joc - Por\n\n<img class=\"alignnone size-full wp-image-3300\" src=\"http:\/\/gradesorra.cat\/wp-content\/uploads\/2018\/02\/gra-gris.png\" alt=\"\" width=\"23\" height=\"23\" \/> A partir de 4 anys[\/vc_column_text][vc_btn title=\"+ Informaci\u00f3\" shape=\"round\" size=\"xs\" link=\"url:%23formulari|||\"][vc_empty_space height=\"60px\"][\/vc_column][vc_column width=\"1\/3\"][vc_single_image image=\"3809\" img_size=\"large\"][\/vc_column][\/vc_row]","_et_gb_content_width":"","footnotes":""},"categories":[],"tags":[20],"class_list":["post-6242","page","type-page","status-publish","has-post-thumbnail","hentry","tag-show-tallers-es"],"yoast_head":"<!-- This site is optimized with the Yoast SEO plugin v24.8.1 - https:\/\/yoast.com\/wordpress\/plugins\/seo\/ -->\n<title>Un taller de monstres - Gra de Sorra<\/title>\n<meta name=\"robots\" content=\"index, follow, max-snippet:-1, max-image-preview:large, max-video-preview:-1\" \/>\n<link rel=\"canonical\" href=\"https:\/\/gradesorra.cat\/es\/tallers\/un-taller-de-monstres\/\" \/>\n<meta property=\"og:locale\" content=\"es_ES\" \/>\n<meta property=\"og:type\" content=\"article\" \/>\n<meta property=\"og:title\" content=\"Un taller de monstres - Gra de Sorra\" \/>\n<meta property=\"og:description\" content=\"&nbsp; Durada: 1 h Tema: Emocions - Joc - Por A partir de 4 anys &nbsp;Un taller de monstres Contes amb taller dedicat als monstres. A la nostra societat, sovint escoltem frases com &quot;no t&#039;amo\u00efnis, no passa res!, no tinguis por, els monstres no existeixen&quot;. Per\u00f2 darrere d&#039;aquestes frases que la majoria de vegades s\u00f3n [&hellip;]\" \/>\n<meta property=\"og:url\" content=\"https:\/\/gradesorra.cat\/es\/tallers\/un-taller-de-monstres\/\" \/>\n<meta property=\"og:site_name\" content=\"Gra de Sorra\" \/>\n<meta property=\"article:modified_time\" content=\"2024-09-02T16:31:35+00:00\" \/>\n<meta property=\"og:image\" content=\"https:\/\/gradesorra.cat\/wp-content\/uploads\/2024\/08\/DALL\u00b7E-2024-08-27-17.53.34-A-friendly-group-of-three-monsters-designed-for-slightly-older-children-each-with-different-sizes-and-shapes.-The-first-monster-on-the-left-is-square.webp\" \/>\n\t<meta property=\"og:image:width\" content=\"1024\" \/>\n\t<meta property=\"og:image:height\" content=\"1024\" \/>\n\t<meta property=\"og:image:type\" content=\"image\/webp\" \/>\n<meta name=\"twitter:card\" content=\"summary_large_image\" \/>\n<meta name=\"twitter:label1\" content=\"Tiempo de lectura\" \/>\n\t<meta name=\"twitter:data1\" content=\"2 minutos\" \/>\n<script type=\"application\/ld+json\" class=\"yoast-schema-graph\">{\"@context\":\"https:\/\/schema.org\",\"@graph\":[{\"@type\":\"WebPage\",\"@id\":\"https:\/\/gradesorra.cat\/es\/tallers\/un-taller-de-monstres\/\",\"url\":\"https:\/\/gradesorra.cat\/es\/tallers\/un-taller-de-monstres\/\",\"name\":\"Un taller de monstres - Gra de Sorra\",\"isPartOf\":{\"@id\":\"https:\/\/gradesorra.cat\/#website\"},\"primaryImageOfPage\":{\"@id\":\"https:\/\/gradesorra.cat\/es\/tallers\/un-taller-de-monstres\/#primaryimage\"},\"image\":{\"@id\":\"https:\/\/gradesorra.cat\/es\/tallers\/un-taller-de-monstres\/#primaryimage\"},\"thumbnailUrl\":\"https:\/\/gradesorra.cat\/wp-content\/uploads\/2024\/08\/DALL\u00b7E-2024-08-27-17.53.34-A-friendly-group-of-three-monsters-designed-for-slightly-older-children-each-with-different-sizes-and-shapes.-The-first-monster-on-the-left-is-square.webp\",\"datePublished\":\"2018-02-21T13:05:20+00:00\",\"dateModified\":\"2024-09-02T16:31:35+00:00\",\"breadcrumb\":{\"@id\":\"https:\/\/gradesorra.cat\/es\/tallers\/un-taller-de-monstres\/#breadcrumb\"},\"inLanguage\":\"es\",\"potentialAction\":[{\"@type\":\"ReadAction\",\"target\":[\"https:\/\/gradesorra.cat\/es\/tallers\/un-taller-de-monstres\/\"]}]},{\"@type\":\"ImageObject\",\"inLanguage\":\"es\",\"@id\":\"https:\/\/gradesorra.cat\/es\/tallers\/un-taller-de-monstres\/#primaryimage\",\"url\":\"https:\/\/gradesorra.cat\/wp-content\/uploads\/2024\/08\/DALL\u00b7E-2024-08-27-17.53.34-A-friendly-group-of-three-monsters-designed-for-slightly-older-children-each-with-different-sizes-and-shapes.-The-first-monster-on-the-left-is-square.webp\",\"contentUrl\":\"https:\/\/gradesorra.cat\/wp-content\/uploads\/2024\/08\/DALL\u00b7E-2024-08-27-17.53.34-A-friendly-group-of-three-monsters-designed-for-slightly-older-children-each-with-different-sizes-and-shapes.-The-first-monster-on-the-left-is-square.webp\",\"width\":1024,\"height\":1024},{\"@type\":\"BreadcrumbList\",\"@id\":\"https:\/\/gradesorra.cat\/es\/tallers\/un-taller-de-monstres\/#breadcrumb\",\"itemListElement\":[{\"@type\":\"ListItem\",\"position\":1,\"name\":\"Inici\",\"item\":\"https:\/\/gradesorra.cat\/\"},{\"@type\":\"ListItem\",\"position\":2,\"name\":\"Talleres\",\"item\":\"https:\/\/gradesorra.cat\/es\/tallers\/\"},{\"@type\":\"ListItem\",\"position\":3,\"name\":\"Un taller de monstres\"}]},{\"@type\":\"WebSite\",\"@id\":\"https:\/\/gradesorra.cat\/#website\",\"url\":\"https:\/\/gradesorra.cat\/\",\"name\":\"\\\"Gra de Sorra - Contacontes, narraci\u00f3 oral i tallers creatius (Catalunya)\",\"description\":\"Contes, tallers i projectes creatius per a infants, joves i adults.\",\"publisher\":{\"@id\":\"https:\/\/gradesorra.cat\/#organization\"},\"alternateName\":\"Contes infantils, famioliars i adults en catal\u00e0\",\"potentialAction\":[{\"@type\":\"SearchAction\",\"target\":{\"@type\":\"EntryPoint\",\"urlTemplate\":\"https:\/\/gradesorra.cat\/?s={search_term_string}\"},\"query-input\":{\"@type\":\"PropertyValueSpecification\",\"valueRequired\":true,\"valueName\":\"search_term_string\"}}],\"inLanguage\":\"es\"},{\"@type\":\"Organization\",\"@id\":\"https:\/\/gradesorra.cat\/#organization\",\"name\":\"\\\"Gra de Sorra - Contacontes, narraci\u00f3 orali tallers creatius (Catalunya)\",\"url\":\"https:\/\/gradesorra.cat\/\",\"logo\":{\"@type\":\"ImageObject\",\"inLanguage\":\"es\",\"@id\":\"https:\/\/gradesorra.cat\/#\/schema\/logo\/image\/\",\"url\":\"https:\/\/gradesorra.cat\/wp-content\/uploads\/2024\/02\/logo-gra-de-sorra.png\",\"contentUrl\":\"https:\/\/gradesorra.cat\/wp-content\/uploads\/2024\/02\/logo-gra-de-sorra.png\",\"width\":1685,\"height\":1191,\"caption\":\"\\\"Gra de Sorra - Contacontes, narraci\u00f3 orali tallers creatius (Catalunya)\"},\"image\":{\"@id\":\"https:\/\/gradesorra.cat\/#\/schema\/logo\/image\/\"}}]}<\/script>\n<!-- \/ Yoast SEO plugin. -->","yoast_head_json":{"title":"Un taller de monstres - Gra de Sorra","robots":{"index":"index","follow":"follow","max-snippet":"max-snippet:-1","max-image-preview":"max-image-preview:large","max-video-preview":"max-video-preview:-1"},"canonical":"https:\/\/gradesorra.cat\/es\/tallers\/un-taller-de-monstres\/","og_locale":"es_ES","og_type":"article","og_title":"Un taller de monstres - Gra de Sorra","og_description":"&nbsp; Durada: 1 h Tema: Emocions - Joc - Por A partir de 4 anys &nbsp;Un taller de monstres Contes amb taller dedicat als monstres. A la nostra societat, sovint escoltem frases com \"no t'amo\u00efnis, no passa res!, no tinguis por, els monstres no existeixen\". Per\u00f2 darrere d'aquestes frases que la majoria de vegades s\u00f3n [&hellip;]","og_url":"https:\/\/gradesorra.cat\/es\/tallers\/un-taller-de-monstres\/","og_site_name":"Gra de Sorra","article_modified_time":"2024-09-02T16:31:35+00:00","og_image":[{"width":1024,"height":1024,"url":"https:\/\/gradesorra.cat\/wp-content\/uploads\/2024\/08\/DALL\u00b7E-2024-08-27-17.53.34-A-friendly-group-of-three-monsters-designed-for-slightly-older-children-each-with-different-sizes-and-shapes.-The-first-monster-on-the-left-is-square.webp","type":"image\/webp"}],"twitter_card":"summary_large_image","twitter_misc":{"Tiempo de lectura":"2 minutos"},"schema":{"@context":"https:\/\/schema.org","@graph":[{"@type":"WebPage","@id":"https:\/\/gradesorra.cat\/es\/tallers\/un-taller-de-monstres\/","url":"https:\/\/gradesorra.cat\/es\/tallers\/un-taller-de-monstres\/","name":"Un taller de monstres - Gra de Sorra","isPartOf":{"@id":"https:\/\/gradesorra.cat\/#website"},"primaryImageOfPage":{"@id":"https:\/\/gradesorra.cat\/es\/tallers\/un-taller-de-monstres\/#primaryimage"},"image":{"@id":"https:\/\/gradesorra.cat\/es\/tallers\/un-taller-de-monstres\/#primaryimage"},"thumbnailUrl":"https:\/\/gradesorra.cat\/wp-content\/uploads\/2024\/08\/DALL\u00b7E-2024-08-27-17.53.34-A-friendly-group-of-three-monsters-designed-for-slightly-older-children-each-with-different-sizes-and-shapes.-The-first-monster-on-the-left-is-square.webp","datePublished":"2018-02-21T13:05:20+00:00","dateModified":"2024-09-02T16:31:35+00:00","breadcrumb":{"@id":"https:\/\/gradesorra.cat\/es\/tallers\/un-taller-de-monstres\/#breadcrumb"},"inLanguage":"es","potentialAction":[{"@type":"ReadAction","target":["https:\/\/gradesorra.cat\/es\/tallers\/un-taller-de-monstres\/"]}]},{"@type":"ImageObject","inLanguage":"es","@id":"https:\/\/gradesorra.cat\/es\/tallers\/un-taller-de-monstres\/#primaryimage","url":"https:\/\/gradesorra.cat\/wp-content\/uploads\/2024\/08\/DALL\u00b7E-2024-08-27-17.53.34-A-friendly-group-of-three-monsters-designed-for-slightly-older-children-each-with-different-sizes-and-shapes.-The-first-monster-on-the-left-is-square.webp","contentUrl":"https:\/\/gradesorra.cat\/wp-content\/uploads\/2024\/08\/DALL\u00b7E-2024-08-27-17.53.34-A-friendly-group-of-three-monsters-designed-for-slightly-older-children-each-with-different-sizes-and-shapes.-The-first-monster-on-the-left-is-square.webp","width":1024,"height":1024},{"@type":"BreadcrumbList","@id":"https:\/\/gradesorra.cat\/es\/tallers\/un-taller-de-monstres\/#breadcrumb","itemListElement":[{"@type":"ListItem","position":1,"name":"Inici","item":"https:\/\/gradesorra.cat\/"},{"@type":"ListItem","position":2,"name":"Talleres","item":"https:\/\/gradesorra.cat\/es\/tallers\/"},{"@type":"ListItem","position":3,"name":"Un taller de monstres"}]},{"@type":"WebSite","@id":"https:\/\/gradesorra.cat\/#website","url":"https:\/\/gradesorra.cat\/","name":"\"Gra de Sorra - Contacontes, narraci\u00f3 oral i tallers creatius (Catalunya)","description":"Contes, tallers i projectes creatius per a infants, joves i adults.","publisher":{"@id":"https:\/\/gradesorra.cat\/#organization"},"alternateName":"Contes infantils, famioliars i adults en catal\u00e0","potentialAction":[{"@type":"SearchAction","target":{"@type":"EntryPoint","urlTemplate":"https:\/\/gradesorra.cat\/?s={search_term_string}"},"query-input":{"@type":"PropertyValueSpecification","valueRequired":true,"valueName":"search_term_string"}}],"inLanguage":"es"},{"@type":"Organization","@id":"https:\/\/gradesorra.cat\/#organization","name":"\"Gra de Sorra - Contacontes, narraci\u00f3 orali tallers creatius (Catalunya)","url":"https:\/\/gradesorra.cat\/","logo":{"@type":"ImageObject","inLanguage":"es","@id":"https:\/\/gradesorra.cat\/#\/schema\/logo\/image\/","url":"https:\/\/gradesorra.cat\/wp-content\/uploads\/2024\/02\/logo-gra-de-sorra.png","contentUrl":"https:\/\/gradesorra.cat\/wp-content\/uploads\/2024\/02\/logo-gra-de-sorra.png","width":1685,"height":1191,"caption":"\"Gra de Sorra - Contacontes, narraci\u00f3 orali tallers creatius (Catalunya)"},"image":{"@id":"https:\/\/gradesorra.cat\/#\/schema\/logo\/image\/"}}]}},"_links":{"self":[{"href":"https:\/\/gradesorra.cat\/es\/wp-json\/wp\/v2\/pages\/6242","targetHints":{"allow":["GET"]}}],"collection":[{"href":"https:\/\/gradesorra.cat\/es\/wp-json\/wp\/v2\/pages"}],"about":[{"href":"https:\/\/gradesorra.cat\/es\/wp-json\/wp\/v2\/types\/page"}],"author":[{"embeddable":true,"href":"https:\/\/gradesorra.cat\/es\/wp-json\/wp\/v2\/users\/1"}],"replies":[{"embeddable":true,"href":"https:\/\/gradesorra.cat\/es\/wp-json\/wp\/v2\/comments?post=6242"}],"version-history":[{"count":6,"href":"https:\/\/gradesorra.cat\/es\/wp-json\/wp\/v2\/pages\/6242\/revisions"}],"predecessor-version":[{"id":6831,"href":"https:\/\/gradesorra.cat\/es\/wp-json\/wp\/v2\/pages\/6242\/revisions\/6831"}],"up":[{"embeddable":true,"href":"https:\/\/gradesorra.cat\/es\/wp-json\/wp\/v2\/pages\/6216"}],"wp:featuredmedia":[{"embeddable":true,"href":"https:\/\/gradesorra.cat\/es\/wp-json\/wp\/v2\/media\/6554"}],"wp:attachment":[{"href":"https:\/\/gradesorra.cat\/es\/wp-json\/wp\/v2\/media?parent=6242"}],"wp:term":[{"taxonomy":"category","embeddable":true,"href":"https:\/\/gradesorra.cat\/es\/wp-json\/wp\/v2\/categories?post=6242"},{"taxonomy":"post_tag","embeddable":true,"href":"https:\/\/gradesorra.cat\/es\/wp-json\/wp\/v2\/tags?post=6242"}],"curies":[{"name":"wp","href":"https:\/\/api.w.org\/{rel}","templated":true}]}}