

{"id":6246,"date":"2018-02-19T16:55:43","date_gmt":"2018-02-19T15:55:43","guid":{"rendered":"https:\/\/gradesorra.cat\/gra-de-sorra\/"},"modified":"2024-02-20T14:46:08","modified_gmt":"2024-02-20T13:46:08","slug":"gra-de-sorra","status":"publish","type":"page","link":"https:\/\/gradesorra.cat\/es\/gra-de-sorra\/","title":{"rendered":"Qui\u00e9nes somos"},"content":{"rendered":"<p>[et_pb_section fb_built=\u00bb1&#8243; admin_label=\u00bbsection\u00bb _builder_version=\u00bb4.16&#8243; global_colors_info=\u00bb{}\u00bb][et_pb_row column_structure=\u00bb1_2,1_2&#8243; admin_label=\u00bbrow\u00bb _builder_version=\u00bb4.16&#8243; background_size=\u00bbinitial\u00bb background_position=\u00bbtop_left\u00bb background_repeat=\u00bbrepeat\u00bb global_colors_info=\u00bb{}\u00bb][et_pb_column type=\u00bb1_2&#8243; _builder_version=\u00bb4.16&#8243; custom_padding=\u00bb|||\u00bb global_colors_info=\u00bb{}\u00bb custom_padding__hover=\u00bb|||\u00bb][et_pb_text admin_label=\u00bbText\u00bb _builder_version=\u00bb4.24.0&#8243; background_size=\u00bbinitial\u00bb background_position=\u00bbtop_left\u00bb background_repeat=\u00bbrepeat\u00bb global_colors_info=\u00bb{}\u00bb]<\/p>\n<p>En <strong>Gra de Sorra<\/strong>, te abrimos las puertas a un mundo fascinante que fusiona los cuentos y talleres de cuentos y charlas a trav\u00e9s de historias, teatro y pedagogia.<\/p>\n<p>Nuestra historia empieza con una decisi\u00f3 inesperada: la decisi\u00f3n de <strong>Albert Quintana<\/strong> de estudiar teatro en Barcelona. \u00c9ste camino me ha llevado al universo de la narraci\u00f3n de cuentos y, finalmente, a la pedagogia.<\/p>\n<p>La pedagogia ha dado sentido a todo lo que hago, desde dar clases y dirigir teatro hasta ofrecer asesoramiento a escuelas. Incluso hemos realitzado una producci\u00f3n inolvidable de Els Pastorets con la colaboraci\u00f3n de m\u00e1s de 80 personas.<\/p>\n<p>En <strong>Gra de Sorra<\/strong>, acumulamos una rica experiencia y conocimiento en estos \u00e1mbitos. Estamos aqu\u00ed para compartir nuestra perspectiva y ofrecer los recursos y el soporte que necesitas para vivir tu propia aventura en el mundo de los cuentos de la manera m\u00e1s gratificante posible.<\/p>\n<p>[\/et_pb_text][\/et_pb_column][et_pb_column type=\u00bb1_2&#8243; _builder_version=\u00bb4.16&#8243; custom_padding=\u00bb|||\u00bb global_colors_info=\u00bb{}\u00bb custom_padding__hover=\u00bb|||\u00bb][et_pb_text _builder_version=\u00bb4.24.0&#8243; _module_preset=\u00bbdefault\u00bb global_colors_info=\u00bb{}\u00bb]<\/p>\n<h2>Albert Quintana<\/h2>\n<p>[\/et_pb_text][et_pb_image src=\u00bbhttps:\/\/gradesorra.cat\/wp-content\/uploads\/2024\/01\/FOTO-ALBERT.jpg\u00bb title_text=\u00bbFOTO-ALBERT\u00bb _builder_version=\u00bb4.24.0&#8243; _module_preset=\u00bbdefault\u00bb animation_style=\u00bbslide\u00bb animation_direction=\u00bbright\u00bb global_colors_info=\u00bb{}\u00bb][\/et_pb_image][\/et_pb_column][\/et_pb_row][et_pb_row _builder_version=\u00bb4.24.0&#8243; _module_preset=\u00bbdefault\u00bb custom_padding=\u00bb0px|||||\u00bb global_colors_info=\u00bb{}\u00bb][et_pb_column type=\u00bb4_4&#8243; _builder_version=\u00bb4.24.0&#8243; _module_preset=\u00bbdefault\u00bb global_colors_info=\u00bb{}\u00bb][et_pb_text _builder_version=\u00bb4.24.1&#8243; _module_preset=\u00bbdefault\u00bb text_font_size=\u00bb34px\u00bb text_line_height=\u00bb1.3em\u00bb animation_style=\u00bbfade\u00bb hover_enabled=\u00bb0&#8243; global_colors_info=\u00bb{}\u00bb sticky_enabled=\u00bb0&#8243;]<\/p>\n<blockquote>\n<p>Com m\u00e1s de <strong>20 anys d&#8217;experi\u00e8ncia<\/strong>, me he especializado en la narraci\u00f3n de cuentos para ni\u00f1os y familias, actuando en varios escenarios, desde bibliotecas hasta calles y teatros de toda Catalunya.<\/p>\n<\/blockquote>\n<p>[\/et_pb_text][\/et_pb_column][\/et_pb_row][et_pb_row column_structure=\u00bb1_2,1_2&#8243; admin_label=\u00bbrow\u00bb _builder_version=\u00bb4.16&#8243; background_size=\u00bbinitial\u00bb background_position=\u00bbtop_left\u00bb background_repeat=\u00bbrepeat\u00bb global_colors_info=\u00bb{}\u00bb][et_pb_column type=\u00bb1_2&#8243; _builder_version=\u00bb4.16&#8243; custom_padding=\u00bb|||\u00bb global_colors_info=\u00bb{}\u00bb custom_padding__hover=\u00bb|||\u00bb][et_pb_text admin_label=\u00bbText\u00bb _builder_version=\u00bb4.24.0&#8243; background_size=\u00bbinitial\u00bb background_position=\u00bbtop_left\u00bb background_repeat=\u00bbrepeat\u00bb custom_margin=\u00bb||0px||false|false\u00bb global_colors_info=\u00bb{}\u00bb]<\/p>\n<h3>Albert actor<\/h3>\n<p>[\/et_pb_text][et_pb_image src=\u00bbhttps:\/\/gradesorra.cat\/wp-content\/uploads\/2024\/01\/HISTORIES-DE-PESCADORS-scaled-1.jpg\u00bb title_text=\u00bbHISTORIES-DE-PESCADORS-scaled\u00bb _builder_version=\u00bb4.24.0&#8243; _module_preset=\u00bbdefault\u00bb animation_style=\u00bbslide\u00bb animation_direction=\u00bbleft\u00bb global_colors_info=\u00bb{}\u00bb][\/et_pb_image][et_pb_text admin_label=\u00bbText\u00bb _builder_version=\u00bb4.24.0&#8243; background_size=\u00bbinitial\u00bb background_position=\u00bbtop_left\u00bb background_repeat=\u00bbrepeat\u00bb global_colors_info=\u00bb{}\u00bb]<\/p>\n<h4>Formaci\u00f3n<\/h4>\n<p>Estudios de interpretaci\u00f3n en el Galliner, en el Col\u00b7legi del Teatre y en los estudios de Txiki Berraondo, con ampliaci\u00f3n de la formaci\u00f3n en otras disciplinas y cursos de reciclaje teatral.<\/p>\n<p>[\/et_pb_text][et_pb_text admin_label=\u00bbText\u00bb _builder_version=\u00bb4.24.0&#8243; background_size=\u00bbinitial\u00bb background_position=\u00bbtop_left\u00bb background_repeat=\u00bbrepeat\u00bb global_colors_info=\u00bb{}\u00bb]<\/p>\n<h4>Compa\u00f1\u00edas teatrales<\/h4>\n<p>Inquiet Teatre, Cia Frogg, Cia La Flor Roja, Teatre Blau.<\/p>\n<p>[\/et_pb_text][et_pb_text admin_label=\u00bbText\u00bb _builder_version=\u00bb4.24.0&#8243; background_size=\u00bbinitial\u00bb background_position=\u00bbtop_left\u00bb background_repeat=\u00bbrepeat\u00bb global_colors_info=\u00bb{}\u00bb]<\/p>\n<h4>Televisi\u00f3n y cine<\/h4>\n<p>Trabajo en TV3 en la s\u00e9rie \u201cEl Cor de la Ciutat\u201d, con apariciones en \u201cPlats bruts\u201d y cortometrajes, como \u201cTiempo de mente\u201d. Cameos en pel\u00edculas, como \u201cEl perfum\u201d con Fura dels Baus&#8230;<\/p>\n<p>[\/et_pb_text][\/et_pb_column][et_pb_column type=\u00bb1_2&#8243; _builder_version=\u00bb4.16&#8243; custom_padding=\u00bb|||\u00bb global_colors_info=\u00bb{}\u00bb custom_padding__hover=\u00bb|||\u00bb][et_pb_text admin_label=\u00bbText\u00bb _builder_version=\u00bb4.24.0&#8243; background_size=\u00bbinitial\u00bb background_position=\u00bbtop_left\u00bb background_repeat=\u00bbrepeat\u00bb custom_margin=\u00bb||0px||false|false\u00bb global_colors_info=\u00bb{}\u00bb]<\/p>\n<h3>Albert educador y director<\/h3>\n<p>[\/et_pb_text][et_pb_image src=\u00bbhttps:\/\/gradesorra.cat\/wp-content\/uploads\/2024\/01\/PAGINA-CONTES-scaled-1.jpg\u00bb title_text=\u00bbPAGINA-CONTES-scaled\u00bb _builder_version=\u00bb4.24.0&#8243; _module_preset=\u00bbdefault\u00bb custom_margin=\u00bb||||false|false\u00bb animation_style=\u00bbslide\u00bb animation_direction=\u00bbright\u00bb global_colors_info=\u00bb{}\u00bb][\/et_pb_image][et_pb_text admin_label=\u00bbText\u00bb _builder_version=\u00bb4.24.0&#8243; background_size=\u00bbinitial\u00bb background_position=\u00bbtop_left\u00bb background_repeat=\u00bbrepeat\u00bb global_colors_info=\u00bb{}\u00bb]<\/p>\n<h4>Educaci\u00f3n<\/h4>\n<p>Formaci\u00f3n en Educaci\u00f3n Infantil y Postgrado en Educaci\u00f3n Emocional, que proporciona una base s\u00f3lida para entender las necesidades de los m\u00e1s j\u00f3venes.<\/p>\n<p>[\/et_pb_text][et_pb_text admin_label=\u00bbText\u00bb _builder_version=\u00bb4.24.0&#8243; background_size=\u00bbinitial\u00bb background_position=\u00bbtop_left\u00bb background_repeat=\u00bbrepeat\u00bb global_colors_info=\u00bb{}\u00bb]<\/p>\n<h4>Pedagog\u00eda teatral<\/h4>\n<p>Especializaci\u00f3n en Pedagogia Teatral para ofrecer talleres de teatro y cuentos en ayuntamientos y escuelas.<\/p>\n<p>[\/et_pb_text][et_pb_text admin_label=\u00bbText\u00bb _builder_version=\u00bb4.24.0&#8243; background_size=\u00bbinitial\u00bb background_position=\u00bbtop_left\u00bb background_repeat=\u00bbrepeat\u00bb global_colors_info=\u00bb{}\u00bb]<\/p>\n<h4>Experiencia docente<\/h4>\n<p>Profesores en la escuela de ocio Galligants y asesor\u00eda y formaci\u00f3n teatral en diferentes instituciones educativas.<\/p>\n<p>[\/et_pb_text][et_pb_text admin_label=\u00bbText\u00bb _builder_version=\u00bb4.24.0&#8243; background_size=\u00bbinitial\u00bb background_position=\u00bbtop_left\u00bb background_repeat=\u00bbrepeat\u00bb global_colors_info=\u00bb{}\u00bb]<\/p>\n<h4>Direcci\u00f3n teatral<strong><br \/><\/strong><\/h4>\n<p>Experiencia como director, incluyendo la direcci\u00f3n del grupo de Teatro Social de Ma\u00e7anet de la Selva, con proyectos de creaci\u00f3n propia y puesta en escena de obras de autores cl\u00e1sicos.<\/p>\n<p>[\/et_pb_text][\/et_pb_column][\/et_pb_row][\/et_pb_section]<\/p>\n","protected":false},"excerpt":{"rendered":"<p>En Gra de Sorra, te abrimos las puertas a un mundo fascinante que fusiona los cuentos y talleres de cuentos y charlas a trav\u00e9s de historias, teatro y pedagogia. Nuestra historia empieza con una decisi\u00f3 inesperada: la decisi\u00f3n de Albert Quintana de estudiar teatro en Barcelona. \u00c9ste camino me ha llevado al universo de la [&hellip;]<\/p>\n","protected":false},"author":1,"featured_media":0,"parent":0,"menu_order":0,"comment_status":"closed","ping_status":"closed","template":"","meta":{"_et_pb_use_builder":"on","_et_pb_old_content":"","_et_gb_content_width":"","footnotes":""},"categories":[],"tags":[],"class_list":["post-6246","page","type-page","status-publish","hentry"],"yoast_head":"<!-- This site is optimized with the Yoast SEO plugin v24.8.1 - https:\/\/yoast.com\/wordpress\/plugins\/seo\/ -->\n<title>Qui\u00e9nes somos - Gra de Sorra<\/title>\n<meta name=\"robots\" content=\"index, follow, max-snippet:-1, max-image-preview:large, max-video-preview:-1\" \/>\n<link rel=\"canonical\" href=\"https:\/\/gradesorra.cat\/es\/gra-de-sorra\/\" \/>\n<meta property=\"og:locale\" content=\"es_ES\" \/>\n<meta property=\"og:type\" content=\"article\" \/>\n<meta property=\"og:title\" content=\"Qui\u00e9nes somos - Gra de Sorra\" \/>\n<meta property=\"og:description\" content=\"En Gra de Sorra, te abrimos las puertas a un mundo fascinante que fusiona los cuentos y talleres de cuentos y charlas a trav\u00e9s de historias, teatro y pedagogia. Nuestra historia empieza con una decisi\u00f3 inesperada: la decisi\u00f3n de Albert Quintana de estudiar teatro en Barcelona. \u00c9ste camino me ha llevado al universo de la [&hellip;]\" \/>\n<meta property=\"og:url\" content=\"https:\/\/gradesorra.cat\/es\/gra-de-sorra\/\" \/>\n<meta property=\"og:site_name\" content=\"Gra de Sorra\" \/>\n<meta property=\"article:modified_time\" content=\"2024-02-20T13:46:08+00:00\" \/>\n<meta property=\"og:image\" content=\"https:\/\/gradesorra.cat\/wp-content\/uploads\/2024\/02\/logo-gra-de-sorra.png\" \/>\n\t<meta property=\"og:image:width\" content=\"1685\" \/>\n\t<meta property=\"og:image:height\" content=\"1191\" \/>\n\t<meta property=\"og:image:type\" content=\"image\/png\" \/>\n<meta name=\"twitter:card\" content=\"summary_large_image\" \/>\n<meta name=\"twitter:label1\" content=\"Tiempo de lectura\" \/>\n\t<meta name=\"twitter:data1\" content=\"5 minutos\" \/>\n<script type=\"application\/ld+json\" class=\"yoast-schema-graph\">{\"@context\":\"https:\/\/schema.org\",\"@graph\":[{\"@type\":\"WebPage\",\"@id\":\"https:\/\/gradesorra.cat\/es\/gra-de-sorra\/\",\"url\":\"https:\/\/gradesorra.cat\/es\/gra-de-sorra\/\",\"name\":\"Qui\u00e9nes somos - Gra de Sorra\",\"isPartOf\":{\"@id\":\"https:\/\/gradesorra.cat\/#website\"},\"datePublished\":\"2018-02-19T15:55:43+00:00\",\"dateModified\":\"2024-02-20T13:46:08+00:00\",\"breadcrumb\":{\"@id\":\"https:\/\/gradesorra.cat\/es\/gra-de-sorra\/#breadcrumb\"},\"inLanguage\":\"es\",\"potentialAction\":[{\"@type\":\"ReadAction\",\"target\":[\"https:\/\/gradesorra.cat\/es\/gra-de-sorra\/\"]}]},{\"@type\":\"BreadcrumbList\",\"@id\":\"https:\/\/gradesorra.cat\/es\/gra-de-sorra\/#breadcrumb\",\"itemListElement\":[{\"@type\":\"ListItem\",\"position\":1,\"name\":\"Inici\",\"item\":\"https:\/\/gradesorra.cat\/\"},{\"@type\":\"ListItem\",\"position\":2,\"name\":\"Qui\u00e9nes somos\"}]},{\"@type\":\"WebSite\",\"@id\":\"https:\/\/gradesorra.cat\/#website\",\"url\":\"https:\/\/gradesorra.cat\/\",\"name\":\"\\\"Gra de Sorra - Contacontes, narraci\u00f3 oral i tallers creatius (Catalunya)\",\"description\":\"Contes, tallers i projectes creatius per a infants, joves i adults.\",\"publisher\":{\"@id\":\"https:\/\/gradesorra.cat\/#organization\"},\"alternateName\":\"Contes infantils, famioliars i adults en catal\u00e0\",\"potentialAction\":[{\"@type\":\"SearchAction\",\"target\":{\"@type\":\"EntryPoint\",\"urlTemplate\":\"https:\/\/gradesorra.cat\/?s={search_term_string}\"},\"query-input\":{\"@type\":\"PropertyValueSpecification\",\"valueRequired\":true,\"valueName\":\"search_term_string\"}}],\"inLanguage\":\"es\"},{\"@type\":\"Organization\",\"@id\":\"https:\/\/gradesorra.cat\/#organization\",\"name\":\"\\\"Gra de Sorra - Contacontes, narraci\u00f3 orali tallers creatius (Catalunya)\",\"url\":\"https:\/\/gradesorra.cat\/\",\"logo\":{\"@type\":\"ImageObject\",\"inLanguage\":\"es\",\"@id\":\"https:\/\/gradesorra.cat\/#\/schema\/logo\/image\/\",\"url\":\"https:\/\/gradesorra.cat\/wp-content\/uploads\/2024\/02\/logo-gra-de-sorra.png\",\"contentUrl\":\"https:\/\/gradesorra.cat\/wp-content\/uploads\/2024\/02\/logo-gra-de-sorra.png\",\"width\":1685,\"height\":1191,\"caption\":\"\\\"Gra de Sorra - Contacontes, narraci\u00f3 orali tallers creatius (Catalunya)\"},\"image\":{\"@id\":\"https:\/\/gradesorra.cat\/#\/schema\/logo\/image\/\"}}]}<\/script>\n<!-- \/ Yoast SEO plugin. -->","yoast_head_json":{"title":"Qui\u00e9nes somos - Gra de Sorra","robots":{"index":"index","follow":"follow","max-snippet":"max-snippet:-1","max-image-preview":"max-image-preview:large","max-video-preview":"max-video-preview:-1"},"canonical":"https:\/\/gradesorra.cat\/es\/gra-de-sorra\/","og_locale":"es_ES","og_type":"article","og_title":"Qui\u00e9nes somos - Gra de Sorra","og_description":"En Gra de Sorra, te abrimos las puertas a un mundo fascinante que fusiona los cuentos y talleres de cuentos y charlas a trav\u00e9s de historias, teatro y pedagogia. Nuestra historia empieza con una decisi\u00f3 inesperada: la decisi\u00f3n de Albert Quintana de estudiar teatro en Barcelona. \u00c9ste camino me ha llevado al universo de la [&hellip;]","og_url":"https:\/\/gradesorra.cat\/es\/gra-de-sorra\/","og_site_name":"Gra de Sorra","article_modified_time":"2024-02-20T13:46:08+00:00","og_image":[{"width":1685,"height":1191,"url":"https:\/\/gradesorra.cat\/wp-content\/uploads\/2024\/02\/logo-gra-de-sorra.png","type":"image\/png"}],"twitter_card":"summary_large_image","twitter_misc":{"Tiempo de lectura":"5 minutos"},"schema":{"@context":"https:\/\/schema.org","@graph":[{"@type":"WebPage","@id":"https:\/\/gradesorra.cat\/es\/gra-de-sorra\/","url":"https:\/\/gradesorra.cat\/es\/gra-de-sorra\/","name":"Qui\u00e9nes somos - Gra de Sorra","isPartOf":{"@id":"https:\/\/gradesorra.cat\/#website"},"datePublished":"2018-02-19T15:55:43+00:00","dateModified":"2024-02-20T13:46:08+00:00","breadcrumb":{"@id":"https:\/\/gradesorra.cat\/es\/gra-de-sorra\/#breadcrumb"},"inLanguage":"es","potentialAction":[{"@type":"ReadAction","target":["https:\/\/gradesorra.cat\/es\/gra-de-sorra\/"]}]},{"@type":"BreadcrumbList","@id":"https:\/\/gradesorra.cat\/es\/gra-de-sorra\/#breadcrumb","itemListElement":[{"@type":"ListItem","position":1,"name":"Inici","item":"https:\/\/gradesorra.cat\/"},{"@type":"ListItem","position":2,"name":"Qui\u00e9nes somos"}]},{"@type":"WebSite","@id":"https:\/\/gradesorra.cat\/#website","url":"https:\/\/gradesorra.cat\/","name":"\"Gra de Sorra - Contacontes, narraci\u00f3 oral i tallers creatius (Catalunya)","description":"Contes, tallers i projectes creatius per a infants, joves i adults.","publisher":{"@id":"https:\/\/gradesorra.cat\/#organization"},"alternateName":"Contes infantils, famioliars i adults en catal\u00e0","potentialAction":[{"@type":"SearchAction","target":{"@type":"EntryPoint","urlTemplate":"https:\/\/gradesorra.cat\/?s={search_term_string}"},"query-input":{"@type":"PropertyValueSpecification","valueRequired":true,"valueName":"search_term_string"}}],"inLanguage":"es"},{"@type":"Organization","@id":"https:\/\/gradesorra.cat\/#organization","name":"\"Gra de Sorra - Contacontes, narraci\u00f3 orali tallers creatius (Catalunya)","url":"https:\/\/gradesorra.cat\/","logo":{"@type":"ImageObject","inLanguage":"es","@id":"https:\/\/gradesorra.cat\/#\/schema\/logo\/image\/","url":"https:\/\/gradesorra.cat\/wp-content\/uploads\/2024\/02\/logo-gra-de-sorra.png","contentUrl":"https:\/\/gradesorra.cat\/wp-content\/uploads\/2024\/02\/logo-gra-de-sorra.png","width":1685,"height":1191,"caption":"\"Gra de Sorra - Contacontes, narraci\u00f3 orali tallers creatius (Catalunya)"},"image":{"@id":"https:\/\/gradesorra.cat\/#\/schema\/logo\/image\/"}}]}},"_links":{"self":[{"href":"https:\/\/gradesorra.cat\/es\/wp-json\/wp\/v2\/pages\/6246","targetHints":{"allow":["GET"]}}],"collection":[{"href":"https:\/\/gradesorra.cat\/es\/wp-json\/wp\/v2\/pages"}],"about":[{"href":"https:\/\/gradesorra.cat\/es\/wp-json\/wp\/v2\/types\/page"}],"author":[{"embeddable":true,"href":"https:\/\/gradesorra.cat\/es\/wp-json\/wp\/v2\/users\/1"}],"replies":[{"embeddable":true,"href":"https:\/\/gradesorra.cat\/es\/wp-json\/wp\/v2\/comments?post=6246"}],"version-history":[{"count":3,"href":"https:\/\/gradesorra.cat\/es\/wp-json\/wp\/v2\/pages\/6246\/revisions"}],"predecessor-version":[{"id":6293,"href":"https:\/\/gradesorra.cat\/es\/wp-json\/wp\/v2\/pages\/6246\/revisions\/6293"}],"wp:attachment":[{"href":"https:\/\/gradesorra.cat\/es\/wp-json\/wp\/v2\/media?parent=6246"}],"wp:term":[{"taxonomy":"category","embeddable":true,"href":"https:\/\/gradesorra.cat\/es\/wp-json\/wp\/v2\/categories?post=6246"},{"taxonomy":"post_tag","embeddable":true,"href":"https:\/\/gradesorra.cat\/es\/wp-json\/wp\/v2\/tags?post=6246"}],"curies":[{"name":"wp","href":"https:\/\/api.w.org\/{rel}","templated":true}]}}