

{"id":6419,"date":"2024-04-30T20:58:25","date_gmt":"2024-04-30T19:58:25","guid":{"rendered":"https:\/\/gradesorra.cat\/?page_id=6419"},"modified":"2024-04-30T21:01:01","modified_gmt":"2024-04-30T20:01:01","slug":"diables-dimonis-i-altres-besties","status":"publish","type":"page","link":"https:\/\/gradesorra.cat\/es\/contes-infantils-familiars\/diables-dimonis-i-altres-besties\/","title":{"rendered":"Diables, dimonis i altres b\u00e8sties\u00bb"},"content":{"rendered":"<p>[et_pb_section fb_built=\u00bb1&#8243; admin_label=\u00bbsection\u00bb _builder_version=\u00bb4.16&#8243; global_colors_info=\u00bb{}\u00bb][et_pb_row column_structure=\u00bb2_5,3_5&#8243; admin_label=\u00bbrow\u00bb _builder_version=\u00bb4.16&#8243; background_size=\u00bbinitial\u00bb background_position=\u00bbtop_left\u00bb background_repeat=\u00bbrepeat\u00bb global_colors_info=\u00bb{}\u00bb][et_pb_column type=\u00bb2_5&#8243; _builder_version=\u00bb4.16&#8243; custom_padding=\u00bb|||\u00bb global_colors_info=\u00bb{}\u00bb custom_padding__hover=\u00bb|||\u00bb][et_pb_image src=\u00bbhttps:\/\/gradesorra.cat\/wp-content\/uploads\/2024\/04\/baixa.jpeg\u00bb title_text=\u00bbbaixa\u00bb _builder_version=\u00bb4.24.3&#8243; _module_preset=\u00bbdefault\u00bb animation_style=\u00bbslide\u00bb animation_direction=\u00bbleft\u00bb hover_enabled=\u00bb0&#8243; global_colors_info=\u00bb{}\u00bb sticky_enabled=\u00bb0&#8243;][\/et_pb_image][\/et_pb_column][et_pb_column type=\u00bb3_5&#8243; _builder_version=\u00bb4.16&#8243; custom_padding=\u00bb|||\u00bb global_colors_info=\u00bb{}\u00bb custom_padding__hover=\u00bb|||\u00bb][et_pb_text admin_label=\u00bbText\u00bb _builder_version=\u00bb4.24.0&#8243; background_size=\u00bbinitial\u00bb background_position=\u00bbtop_left\u00bb background_repeat=\u00bbrepeat\u00bb global_colors_info=\u00bb{}\u00bb]<\/p>\n<h1><\/h1>\n<h1>Diables, dimonis i altres b\u00e8sties\u00a0<\/h1>\n<p>Aquesta sessi\u00f3 de contes \u00e9s un homentage als dimonis, dimoniets i diablots que podem trobar\u00a0 a prop de casa i arreu del m\u00f3n.<\/p>\n<p>Per explicar-vos aquests contes farem un viatje, de llarg recorregut, per diferents hist\u00f2ries i llegendes d&#8217;aqu\u00ed i d&#8217;all\u00e0: Ni ha tantes que no els les podrem acabar!<\/p>\n<p>Tamb\u00e9, us he de confessar que amb aquestes hist\u00f2ries us haureu de tapar una mica el nas. Ja ho diuen, que quan el dimoni est\u00e0 a prop tot fa pudor de sofre.<\/p>\n<p>\u00abMal llamp us enganxi! I va desapar\u00e8ixer, deixant darrere d&#8217;ell una forta pudor a sofre.\u00bb<\/p>\n<p>&nbsp;<\/p>\n<p><img loading=\"lazy\" decoding=\"async\" class=\"alignnone size-medium wp-image-3301\" src=\"http:\/\/gradesorra.cat\/wp-content\/uploads\/2018\/02\/gra-taronja.png\" alt=\"\" width=\"22\" height=\"23\" \/>\u00a0Durada: 45 minuts<\/p>\n<p><img loading=\"lazy\" decoding=\"async\" class=\"alignnone size-full wp-image-3299\" src=\"http:\/\/gradesorra.cat\/wp-content\/uploads\/2018\/02\/gra-gris-fort.png\" alt=\"\" width=\"24\" height=\"24\" \/> Tema: Dimonis &#8211; Cultura popular<\/p>\n<p><img loading=\"lazy\" decoding=\"async\" class=\"alignnone size-full wp-image-3300\" src=\"http:\/\/gradesorra.cat\/wp-content\/uploads\/2018\/02\/gra-gris.png\" alt=\"\" width=\"23\" height=\"23\" \/> A partir de 6 anys<\/p>\n<p>[\/et_pb_text][\/et_pb_column][\/et_pb_row][\/et_pb_section]<\/p>\n","protected":false},"excerpt":{"rendered":"<p>Diables, dimonis i altres b\u00e8sties\u00a0 Aquesta sessi\u00f3 de contes \u00e9s un homentage als dimonis, dimoniets i diablots que podem trobar\u00a0 a prop de casa i arreu del m\u00f3n. Per explicar-vos aquests contes farem un viatje, de llarg recorregut, per diferents hist\u00f2ries i llegendes d&#8217;aqu\u00ed i d&#8217;all\u00e0: Ni ha tantes que no els les podrem acabar! [&hellip;]<\/p>\n","protected":false},"author":2,"featured_media":6420,"parent":4108,"menu_order":0,"comment_status":"closed","ping_status":"closed","template":"","meta":{"_et_pb_use_builder":"on","_et_pb_old_content":"[vc_row][vc_column width=\"2\/3\"][vc_custom_heading text=\"\" use_theme_fonts=\"yes\"][separator width=\"20px\" height=\"3px\" position=\"center\" color=\"#222222\" margin_top=\"20px\" margin_bottom=\"20px\"][vc_column_text]<strong>Contes i castanyes a la vora del foc, i te'n riur\u00e0s de la por!<\/strong>\n\nContes dedicats a la festa de la Castanyada.\n\nUs explicarem contes tradicionals barrejats amb contes contemporanis de carbasses, de castanyes i de cargols que amb una cullerada de m\u00e0gia aconseguirem que les bruixes, els zombis i els fantasmes se'ls quedi la cara amb forma de pastanaga!\n\n&nbsp;\n\n<img class=\"alignnone size-medium wp-image-3301\" src=\"http:\/\/gradesorra.cat\/wp-content\/uploads\/2018\/02\/gra-taronja.png\" alt=\"\" width=\"22\" height=\"23\" \/>\u00a0Durada: 45 minuts\n\n<img class=\"alignnone size-full wp-image-3299\" src=\"http:\/\/gradesorra.cat\/wp-content\/uploads\/2018\/02\/gra-gris-fort.png\" alt=\"\" width=\"24\" height=\"24\" \/> Tema: Tardor - Castanyada\n\n<img class=\"alignnone size-full wp-image-3300\" src=\"http:\/\/gradesorra.cat\/wp-content\/uploads\/2018\/02\/gra-gris.png\" alt=\"\" width=\"23\" height=\"23\" \/> A partir de 4 anys[\/vc_column_text][vc_btn title=\"+ Informaci\u00f3\" shape=\"round\" size=\"xs\" link=\"url:%23formulari|||\"][\/vc_column][vc_column width=\"1\/3\" disable_element=\"\" type=\"in_container\" bg_image=\"\" bg_position=\"left top\" bg_repeat=\"no-repeat\" parallax_bg=\"\" bg_color=\"\" overlay=\"\" overlay_color=\"\" video_webm=\"\" video_mp4=\"\" text_color=\"dark\" custom_text_color=\"\" top_padding=\"\" bottom_padding=\"\" transparency=\"\" borders=\"\" arrow_bottom=\"\" arrow_top=\"\" link_bool=\"\" link_value=\"#\" class=\"propostes-similars\"][vc_single_image image=\"4380\" img_size=\"large\" css=\".vc_custom_1602697897134{border-top-width: 1px !important;border-right-width: 1px !important;border-bottom-width: 1px !important;border-left-width: 1px !important;border-left-color: #cccccc !important;border-left-style: solid !important;border-right-color: #cccccc !important;border-right-style: solid !important;border-top-color: #cccccc !important;border-top-style: solid !important;border-bottom-color: #cccccc !important;border-bottom-style: solid !important;}\"][\/vc_column][\/vc_row][vc_row class=\"propostes-similars\"][vc_column][vc_custom_heading text=\"Propostes similars\" use_theme_fonts=\"yes\"][separator width=\"20px\" height=\"3px\" position=\"center\" color=\"#222222\" margin_top=\"20px\" margin_bottom=\"20px\"][\/vc_column][\/vc_row][vc_row][vc_column width=\"1\/4\"][vc_single_image image=\"3291\" img_size=\"large\" onclick=\"custom_link\" css=\".vc_custom_1519223151709{border-top-width: 1px !important;border-right-width: 1px !important;border-bottom-width: 1px !important;border-left-width: 1px !important;border-left-color: #cccccc !important;border-left-style: solid !important;border-right-color: #cccccc !important;border-right-style: solid !important;border-top-color: #cccccc !important;border-top-style: solid !important;border-bottom-color: #cccccc !important;border-bottom-style: solid !important;}\" link=\"\/infantil\/amb-la-a-destimar\/\"][\/vc_column][vc_column width=\"1\/4\"][vc_single_image image=\"3290\" img_size=\"large\" onclick=\"custom_link\" css=\".vc_custom_1519223169280{border-top-width: 1px !important;border-right-width: 1px !important;border-bottom-width: 1px !important;border-left-width: 1px !important;border-left-color: #cccccc !important;border-left-style: solid !important;border-right-color: #cccccc !important;border-right-style: solid !important;border-top-color: #cccccc !important;border-top-style: solid !important;border-bottom-color: #cccccc !important;border-bottom-style: solid !important;}\" link=\"\/infantil\/rondant-pel-mon-contes-darreu\/\"][\/vc_column][vc_column width=\"1\/4\"][vc_single_image image=\"3285\" img_size=\"large\" onclick=\"custom_link\" css=\".vc_custom_1519223227563{border-top-width: 1px !important;border-right-width: 1px !important;border-bottom-width: 1px !important;border-left-width: 1px !important;border-left-color: #cccccc !important;border-left-style: solid !important;border-right-color: #cccccc !important;border-right-style: solid !important;border-top-color: #cccccc !important;border-top-style: solid !important;border-bottom-color: #cccccc !important;border-bottom-style: solid !important;}\" link=\"\/infantil\/3x3-escull-la-teva-aventura\/\"][\/vc_column][vc_column width=\"1\/4\"][vc_single_image image=\"3283\" img_size=\"large\" onclick=\"custom_link\" css=\".vc_custom_1519223249167{border-top-width: 1px !important;border-right-width: 1px !important;border-bottom-width: 1px !important;border-left-width: 1px !important;border-left-color: #cccccc !important;border-left-style: solid !important;border-right-color: #cccccc !important;border-right-style: solid !important;border-top-color: #cccccc !important;border-top-style: solid !important;border-bottom-color: #cccccc !important;border-bottom-style: solid !important;}\" link=\"\/infantil\/aventures-daigua-dolca-i-salada\/\"][\/vc_column][\/vc_row]","_et_gb_content_width":"","footnotes":""},"categories":[17],"tags":[9],"class_list":["post-6419","page","type-page","status-publish","has-post-thumbnail","hentry","category-infantil-familiar","tag-show-infantils"],"yoast_head":"<!-- This site is optimized with the Yoast SEO plugin v24.8.1 - https:\/\/yoast.com\/wordpress\/plugins\/seo\/ -->\n<title>Diables, dimonis i altres b\u00e8sties&quot; - Gra de Sorra<\/title>\n<meta name=\"robots\" content=\"index, follow, max-snippet:-1, max-image-preview:large, max-video-preview:-1\" \/>\n<link rel=\"canonical\" href=\"https:\/\/gradesorra.cat\/contes-infantils-familiars\/diables-dimonis-i-altres-besties\/\" \/>\n<meta property=\"og:locale\" content=\"es_ES\" \/>\n<meta property=\"og:type\" content=\"article\" \/>\n<meta property=\"og:title\" content=\"Diables, dimonis i altres b\u00e8sties&quot; - Gra de Sorra\" \/>\n<meta property=\"og:description\" content=\"Diables, dimonis i altres b\u00e8sties\u00a0 Aquesta sessi\u00f3 de contes \u00e9s un homentage als dimonis, dimoniets i diablots que podem trobar\u00a0 a prop de casa i arreu del m\u00f3n. Per explicar-vos aquests contes farem un viatje, de llarg recorregut, per diferents hist\u00f2ries i llegendes d&#039;aqu\u00ed i d&#039;all\u00e0: Ni ha tantes que no els les podrem acabar! [&hellip;]\" \/>\n<meta property=\"og:url\" content=\"https:\/\/gradesorra.cat\/contes-infantils-familiars\/diables-dimonis-i-altres-besties\/\" \/>\n<meta property=\"og:site_name\" content=\"Gra de Sorra\" \/>\n<meta property=\"article:modified_time\" content=\"2024-04-30T20:01:01+00:00\" \/>\n<meta property=\"og:image\" content=\"https:\/\/gradesorra.cat\/wp-content\/uploads\/2024\/04\/baixa.jpeg\" \/>\n\t<meta property=\"og:image:width\" content=\"300\" \/>\n\t<meta property=\"og:image:height\" content=\"168\" \/>\n\t<meta property=\"og:image:type\" content=\"image\/jpeg\" \/>\n<meta name=\"twitter:card\" content=\"summary_large_image\" \/>\n<meta name=\"twitter:label1\" content=\"Tiempo de lectura\" \/>\n\t<meta name=\"twitter:data1\" content=\"1 minuto\" \/>\n<script type=\"application\/ld+json\" class=\"yoast-schema-graph\">{\"@context\":\"https:\/\/schema.org\",\"@graph\":[{\"@type\":\"WebPage\",\"@id\":\"https:\/\/gradesorra.cat\/contes-infantils-familiars\/diables-dimonis-i-altres-besties\/\",\"url\":\"https:\/\/gradesorra.cat\/contes-infantils-familiars\/diables-dimonis-i-altres-besties\/\",\"name\":\"Diables, dimonis i altres b\u00e8sties\\\" - Gra de Sorra\",\"isPartOf\":{\"@id\":\"https:\/\/gradesorra.cat\/#website\"},\"primaryImageOfPage\":{\"@id\":\"https:\/\/gradesorra.cat\/contes-infantils-familiars\/diables-dimonis-i-altres-besties\/#primaryimage\"},\"image\":{\"@id\":\"https:\/\/gradesorra.cat\/contes-infantils-familiars\/diables-dimonis-i-altres-besties\/#primaryimage\"},\"thumbnailUrl\":\"https:\/\/gradesorra.cat\/wp-content\/uploads\/2024\/04\/baixa.jpeg\",\"datePublished\":\"2024-04-30T19:58:25+00:00\",\"dateModified\":\"2024-04-30T20:01:01+00:00\",\"breadcrumb\":{\"@id\":\"https:\/\/gradesorra.cat\/contes-infantils-familiars\/diables-dimonis-i-altres-besties\/#breadcrumb\"},\"inLanguage\":\"es\",\"potentialAction\":[{\"@type\":\"ReadAction\",\"target\":[\"https:\/\/gradesorra.cat\/contes-infantils-familiars\/diables-dimonis-i-altres-besties\/\"]}]},{\"@type\":\"ImageObject\",\"inLanguage\":\"es\",\"@id\":\"https:\/\/gradesorra.cat\/contes-infantils-familiars\/diables-dimonis-i-altres-besties\/#primaryimage\",\"url\":\"https:\/\/gradesorra.cat\/wp-content\/uploads\/2024\/04\/baixa.jpeg\",\"contentUrl\":\"https:\/\/gradesorra.cat\/wp-content\/uploads\/2024\/04\/baixa.jpeg\",\"width\":300,\"height\":168},{\"@type\":\"BreadcrumbList\",\"@id\":\"https:\/\/gradesorra.cat\/contes-infantils-familiars\/diables-dimonis-i-altres-besties\/#breadcrumb\",\"itemListElement\":[{\"@type\":\"ListItem\",\"position\":1,\"name\":\"Inici\",\"item\":\"https:\/\/gradesorra.cat\/\"},{\"@type\":\"ListItem\",\"position\":2,\"name\":\"Infants i fam\u00edlies\",\"item\":\"https:\/\/gradesorra.cat\/contes-infantils-familiars\/\"},{\"@type\":\"ListItem\",\"position\":3,\"name\":\"Diables, dimonis i altres b\u00e8sties&#8221;\"}]},{\"@type\":\"WebSite\",\"@id\":\"https:\/\/gradesorra.cat\/#website\",\"url\":\"https:\/\/gradesorra.cat\/\",\"name\":\"\\\"Gra de Sorra - Contacontes, narraci\u00f3 oral i tallers creatius (Catalunya)\",\"description\":\"Contes, tallers i projectes creatius per a infants, joves i adults.\",\"publisher\":{\"@id\":\"https:\/\/gradesorra.cat\/#organization\"},\"alternateName\":\"Contes infantils, famioliars i adults en catal\u00e0\",\"potentialAction\":[{\"@type\":\"SearchAction\",\"target\":{\"@type\":\"EntryPoint\",\"urlTemplate\":\"https:\/\/gradesorra.cat\/?s={search_term_string}\"},\"query-input\":{\"@type\":\"PropertyValueSpecification\",\"valueRequired\":true,\"valueName\":\"search_term_string\"}}],\"inLanguage\":\"es\"},{\"@type\":\"Organization\",\"@id\":\"https:\/\/gradesorra.cat\/#organization\",\"name\":\"\\\"Gra de Sorra - Contacontes, narraci\u00f3 orali tallers creatius (Catalunya)\",\"url\":\"https:\/\/gradesorra.cat\/\",\"logo\":{\"@type\":\"ImageObject\",\"inLanguage\":\"es\",\"@id\":\"https:\/\/gradesorra.cat\/#\/schema\/logo\/image\/\",\"url\":\"https:\/\/gradesorra.cat\/wp-content\/uploads\/2024\/02\/logo-gra-de-sorra.png\",\"contentUrl\":\"https:\/\/gradesorra.cat\/wp-content\/uploads\/2024\/02\/logo-gra-de-sorra.png\",\"width\":1685,\"height\":1191,\"caption\":\"\\\"Gra de Sorra - Contacontes, narraci\u00f3 orali tallers creatius (Catalunya)\"},\"image\":{\"@id\":\"https:\/\/gradesorra.cat\/#\/schema\/logo\/image\/\"}}]}<\/script>\n<!-- \/ Yoast SEO plugin. -->","yoast_head_json":{"title":"Diables, dimonis i altres b\u00e8sties\" - Gra de Sorra","robots":{"index":"index","follow":"follow","max-snippet":"max-snippet:-1","max-image-preview":"max-image-preview:large","max-video-preview":"max-video-preview:-1"},"canonical":"https:\/\/gradesorra.cat\/contes-infantils-familiars\/diables-dimonis-i-altres-besties\/","og_locale":"es_ES","og_type":"article","og_title":"Diables, dimonis i altres b\u00e8sties\" - Gra de Sorra","og_description":"Diables, dimonis i altres b\u00e8sties\u00a0 Aquesta sessi\u00f3 de contes \u00e9s un homentage als dimonis, dimoniets i diablots que podem trobar\u00a0 a prop de casa i arreu del m\u00f3n. Per explicar-vos aquests contes farem un viatje, de llarg recorregut, per diferents hist\u00f2ries i llegendes d'aqu\u00ed i d'all\u00e0: Ni ha tantes que no els les podrem acabar! [&hellip;]","og_url":"https:\/\/gradesorra.cat\/contes-infantils-familiars\/diables-dimonis-i-altres-besties\/","og_site_name":"Gra de Sorra","article_modified_time":"2024-04-30T20:01:01+00:00","og_image":[{"width":300,"height":168,"url":"https:\/\/gradesorra.cat\/wp-content\/uploads\/2024\/04\/baixa.jpeg","type":"image\/jpeg"}],"twitter_card":"summary_large_image","twitter_misc":{"Tiempo de lectura":"1 minuto"},"schema":{"@context":"https:\/\/schema.org","@graph":[{"@type":"WebPage","@id":"https:\/\/gradesorra.cat\/contes-infantils-familiars\/diables-dimonis-i-altres-besties\/","url":"https:\/\/gradesorra.cat\/contes-infantils-familiars\/diables-dimonis-i-altres-besties\/","name":"Diables, dimonis i altres b\u00e8sties\" - Gra de Sorra","isPartOf":{"@id":"https:\/\/gradesorra.cat\/#website"},"primaryImageOfPage":{"@id":"https:\/\/gradesorra.cat\/contes-infantils-familiars\/diables-dimonis-i-altres-besties\/#primaryimage"},"image":{"@id":"https:\/\/gradesorra.cat\/contes-infantils-familiars\/diables-dimonis-i-altres-besties\/#primaryimage"},"thumbnailUrl":"https:\/\/gradesorra.cat\/wp-content\/uploads\/2024\/04\/baixa.jpeg","datePublished":"2024-04-30T19:58:25+00:00","dateModified":"2024-04-30T20:01:01+00:00","breadcrumb":{"@id":"https:\/\/gradesorra.cat\/contes-infantils-familiars\/diables-dimonis-i-altres-besties\/#breadcrumb"},"inLanguage":"es","potentialAction":[{"@type":"ReadAction","target":["https:\/\/gradesorra.cat\/contes-infantils-familiars\/diables-dimonis-i-altres-besties\/"]}]},{"@type":"ImageObject","inLanguage":"es","@id":"https:\/\/gradesorra.cat\/contes-infantils-familiars\/diables-dimonis-i-altres-besties\/#primaryimage","url":"https:\/\/gradesorra.cat\/wp-content\/uploads\/2024\/04\/baixa.jpeg","contentUrl":"https:\/\/gradesorra.cat\/wp-content\/uploads\/2024\/04\/baixa.jpeg","width":300,"height":168},{"@type":"BreadcrumbList","@id":"https:\/\/gradesorra.cat\/contes-infantils-familiars\/diables-dimonis-i-altres-besties\/#breadcrumb","itemListElement":[{"@type":"ListItem","position":1,"name":"Inici","item":"https:\/\/gradesorra.cat\/"},{"@type":"ListItem","position":2,"name":"Infants i fam\u00edlies","item":"https:\/\/gradesorra.cat\/contes-infantils-familiars\/"},{"@type":"ListItem","position":3,"name":"Diables, dimonis i altres b\u00e8sties&#8221;"}]},{"@type":"WebSite","@id":"https:\/\/gradesorra.cat\/#website","url":"https:\/\/gradesorra.cat\/","name":"\"Gra de Sorra - Contacontes, narraci\u00f3 oral i tallers creatius (Catalunya)","description":"Contes, tallers i projectes creatius per a infants, joves i adults.","publisher":{"@id":"https:\/\/gradesorra.cat\/#organization"},"alternateName":"Contes infantils, famioliars i adults en catal\u00e0","potentialAction":[{"@type":"SearchAction","target":{"@type":"EntryPoint","urlTemplate":"https:\/\/gradesorra.cat\/?s={search_term_string}"},"query-input":{"@type":"PropertyValueSpecification","valueRequired":true,"valueName":"search_term_string"}}],"inLanguage":"es"},{"@type":"Organization","@id":"https:\/\/gradesorra.cat\/#organization","name":"\"Gra de Sorra - Contacontes, narraci\u00f3 orali tallers creatius (Catalunya)","url":"https:\/\/gradesorra.cat\/","logo":{"@type":"ImageObject","inLanguage":"es","@id":"https:\/\/gradesorra.cat\/#\/schema\/logo\/image\/","url":"https:\/\/gradesorra.cat\/wp-content\/uploads\/2024\/02\/logo-gra-de-sorra.png","contentUrl":"https:\/\/gradesorra.cat\/wp-content\/uploads\/2024\/02\/logo-gra-de-sorra.png","width":1685,"height":1191,"caption":"\"Gra de Sorra - Contacontes, narraci\u00f3 orali tallers creatius (Catalunya)"},"image":{"@id":"https:\/\/gradesorra.cat\/#\/schema\/logo\/image\/"}}]}},"_links":{"self":[{"href":"https:\/\/gradesorra.cat\/es\/wp-json\/wp\/v2\/pages\/6419","targetHints":{"allow":["GET"]}}],"collection":[{"href":"https:\/\/gradesorra.cat\/es\/wp-json\/wp\/v2\/pages"}],"about":[{"href":"https:\/\/gradesorra.cat\/es\/wp-json\/wp\/v2\/types\/page"}],"author":[{"embeddable":true,"href":"https:\/\/gradesorra.cat\/es\/wp-json\/wp\/v2\/users\/2"}],"replies":[{"embeddable":true,"href":"https:\/\/gradesorra.cat\/es\/wp-json\/wp\/v2\/comments?post=6419"}],"version-history":[{"count":3,"href":"https:\/\/gradesorra.cat\/es\/wp-json\/wp\/v2\/pages\/6419\/revisions"}],"predecessor-version":[{"id":6425,"href":"https:\/\/gradesorra.cat\/es\/wp-json\/wp\/v2\/pages\/6419\/revisions\/6425"}],"up":[{"embeddable":true,"href":"https:\/\/gradesorra.cat\/es\/wp-json\/wp\/v2\/pages\/4108"}],"wp:featuredmedia":[{"embeddable":true,"href":"https:\/\/gradesorra.cat\/es\/wp-json\/wp\/v2\/media\/6420"}],"wp:attachment":[{"href":"https:\/\/gradesorra.cat\/es\/wp-json\/wp\/v2\/media?parent=6419"}],"wp:term":[{"taxonomy":"category","embeddable":true,"href":"https:\/\/gradesorra.cat\/es\/wp-json\/wp\/v2\/categories?post=6419"},{"taxonomy":"post_tag","embeddable":true,"href":"https:\/\/gradesorra.cat\/es\/wp-json\/wp\/v2\/tags?post=6419"}],"curies":[{"name":"wp","href":"https:\/\/api.w.org\/{rel}","templated":true}]}}