

{"id":7272,"date":"2025-03-15T18:07:21","date_gmt":"2025-03-15T17:07:21","guid":{"rendered":"https:\/\/gradesorra.cat\/?page_id=7272"},"modified":"2025-03-17T14:56:06","modified_gmt":"2025-03-17T13:56:06","slug":"tallers-i-contes-per-nadal-carnestoltes-st-joestiu-i-castanyada","status":"publish","type":"page","link":"https:\/\/gradesorra.cat\/es\/tallers\/tallers-i-contes-per-nadal-carnestoltes-st-joestiu-i-castanyada\/","title":{"rendered":"Tallers de temporada"},"content":{"rendered":"<p>[et_pb_section fb_built=\u00bb1&#8243; _builder_version=\u00bb4.16&#8243; global_colors_info=\u00bb{}\u00bb][et_pb_row column_structure=\u00bb1_2,1_2&#8243; _builder_version=\u00bb4.16&#8243; background_size=\u00bbinitial\u00bb background_position=\u00bbtop_left\u00bb background_repeat=\u00bbrepeat\u00bb global_colors_info=\u00bb{}\u00bb][et_pb_column type=\u00bb1_2&#8243; _builder_version=\u00bb4.16&#8243; custom_padding=\u00bb|||\u00bb global_colors_info=\u00bb{}\u00bb custom_padding__hover=\u00bb|||\u00bb][et_pb_gallery gallery_ids=\u00bb7274&#8243; fullwidth=\u00bbon\u00bb _builder_version=\u00bb4.27.4&#8243; _module_preset=\u00bbdefault\u00bb custom_padding=\u00bb||1px|||\u00bb global_colors_info=\u00bb{}\u00bb][\/et_pb_gallery][\/et_pb_column][et_pb_column type=\u00bb1_2&#8243; _builder_version=\u00bb4.16&#8243; custom_padding=\u00bb|||\u00bb global_colors_info=\u00bb{}\u00bb custom_padding__hover=\u00bb|||\u00bb][et_pb_text _builder_version=\u00bb4.27.4&#8243; _module_preset=\u00bbdefault\u00bb custom_padding=\u00bb||0px|||\u00bb global_colors_info=\u00bb{}\u00bb]<\/p>\n<p data-start=\"564\" data-end=\"801\">Durant l\u2019any, adaptem els tallers a diferents festes i celebracions populars com <span style=\"color: #f8b133;\"><span style=\"font-size: large;\"><strong data-start=\"645\" data-end=\"696\">Nadal, Sant Jordi, la Castanyada o Carnestoltes<\/strong><\/span>,<\/span> incorporant <strong data-start=\"710\" data-end=\"745\">activitats l\u00fadiques i creatives<\/strong> que transformen cada sessi\u00f3 en una experi\u00e8ncia \u00fanica.<\/p>\n<p data-start=\"803\" data-end=\"886\">Tamb\u00e9 oferim propostes especials que permeten aprofundir en diferents tem\u00e0tiques:<\/p>\n<ul data-start=\"888\" data-end=\"1273\">\n<li data-start=\"888\" data-end=\"1028\"><strong data-start=\"890\" data-end=\"947\">Un viatge pel m\u00f3n a trav\u00e9s de mites i contes populars<\/strong> \u00b7 Descobrim hist\u00f2ries fascinants de diferents cultures i les seves tradicions.<\/li>\n<li data-start=\"1029\" data-end=\"1154\"><strong data-start=\"1031\" data-end=\"1060\">Jocs amb monstres i mites<\/strong> \u00b7 Donem vida a relats plens de misteri i aventura, explorant la simbologia de cada cultura.<\/li>\n<li data-start=\"1155\" data-end=\"1273\"><strong data-start=\"1157\" data-end=\"1185\">Creaci\u00f3 de contes propis<\/strong> \u00b7 Inventem personatges i hist\u00f2ries originals a partir de la creativitat dels infants.<\/li>\n<\/ul>\n<p data-start=\"1275\" data-end=\"1450\">\ud83d\udd39 <strong data-start=\"1278\" data-end=\"1375\">Aquests tallers poden realitzar-se de manera independent o combinats amb una sessi\u00f3 de contes<\/strong>, on primer escoltem hist\u00f2ries i despr\u00e9s juguem i creem a partir d\u2019elles.<\/p>\n<p><strong data-start=\"1521\" data-end=\"1636\" style=\"font-size: 16px;\">Demaneu informaci\u00f3 sobre les ofertes especials i porteu aquests tallers al vostre centre, biblioteca o entitat!<\/strong><\/p>\n<ul><\/ul>\n<p><img loading=\"lazy\" decoding=\"async\" class=\"alignnone size-medium wp-image-3301\" src=\"http:\/\/gradesorra.cat\/wp-content\/uploads\/2018\/02\/gra-taronja.png\" alt=\"\" width=\"22\" height=\"23\" \/> Durada: 1 h<\/p>\n<p><img loading=\"lazy\" decoding=\"async\" class=\"alignnone size-full wp-image-3299\" src=\"http:\/\/gradesorra.cat\/wp-content\/uploads\/2018\/02\/gra-gris-fort.png\" alt=\"\" width=\"24\" height=\"24\" \/> Tema: Carnestoltes, Sant Jordi, Castanyada i Nadal<\/p>\n<p><img loading=\"lazy\" decoding=\"async\" class=\"alignnone size-full wp-image-3300\" src=\"http:\/\/gradesorra.cat\/wp-content\/uploads\/2018\/02\/gra-gris.png\" alt=\"\" width=\"23\" height=\"23\" \/> A partir de 4 anys<\/p>\n<p>[\/et_pb_text][\/et_pb_column][\/et_pb_row][\/et_pb_section]<\/p>\n","protected":false},"excerpt":{"rendered":"<p>Durant l\u2019any, adaptem els tallers a diferents festes i celebracions populars com Nadal, Sant Jordi, la Castanyada o Carnestoltes, incorporant activitats l\u00fadiques i creatives que transformen cada sessi\u00f3 en una experi\u00e8ncia \u00fanica. Tamb\u00e9 oferim propostes especials que permeten aprofundir en diferents tem\u00e0tiques: Un viatge pel m\u00f3n a trav\u00e9s de mites i contes populars \u00b7 Descobrim [&hellip;]<\/p>\n","protected":false},"author":2,"featured_media":7274,"parent":3772,"menu_order":0,"comment_status":"closed","ping_status":"closed","template":"","meta":{"_et_pb_use_builder":"on","_et_pb_old_content":"[vc_row][vc_column width=\"2\/3\"][vc_custom_heading source=\"post_title\" use_theme_fonts=\"yes\"][separator width=\"20px\" height=\"3px\" position=\"center\" color=\"#222222\" margin_top=\"20px\" margin_bottom=\"20px\"][vc_column_text]\n<p style=\"font-weight: 400;\">Contes amb taller dedicat als monstres.<\/p>\n<p style=\"font-weight: 400;\">A la nostra societat, sovint escoltem frases com \"no t'amo\u00efnis, no passa res!, no tinguis por, els monstres no existeixen\". Per\u00f2 darrere d'aquestes frases que la majoria de vegades s\u00f3n benintencionades, lluny d'allunyar aquests monstres, el que fan \u00e9s negar les emocions dels infants.<\/p>\n<p style=\"font-weight: 400;\">Recon\u00e8ixer les nostres emocions i expressar les nostres pors de manera creativa \u00e9s una manera d'ajudar-nos a fer front d'aquestes experi\u00e8ncies desagradables.<\/p>\n<p style=\"font-weight: 400;\">Els monstres no existeixen per\u00f2, per si aix\u00f2 no fos del tot cert, haurem de fer alguna cosa fer-los m\u00e9s propers i amigables.<\/p>\n<p style=\"font-weight: 400;\"><strong>Estructura de la sessi\u00f3<\/strong><\/p>\n\n<ul>\n \t<li style=\"font-weight: 400;\">Sessi\u00f3 breu de contes<\/li>\n \t<li style=\"font-weight: 400;\">Taller-joc<\/li>\n<\/ul>\n<img class=\"alignnone size-medium wp-image-3301\" src=\"http:\/\/gradesorra.cat\/wp-content\/uploads\/2018\/02\/gra-taronja.png\" alt=\"\" width=\"22\" height=\"23\" \/> Durada: 1 h\n\n<img class=\"alignnone size-full wp-image-3299\" src=\"http:\/\/gradesorra.cat\/wp-content\/uploads\/2018\/02\/gra-gris-fort.png\" alt=\"\" width=\"24\" height=\"24\" \/> Tema: Emocions - Joc - Por\n\n<img class=\"alignnone size-full wp-image-3300\" src=\"http:\/\/gradesorra.cat\/wp-content\/uploads\/2018\/02\/gra-gris.png\" alt=\"\" width=\"23\" height=\"23\" \/> A partir de 4 anys[\/vc_column_text][vc_btn title=\"+ Informaci\u00f3\" shape=\"round\" size=\"xs\" link=\"url:%23formulari|||\"][vc_empty_space height=\"60px\"][\/vc_column][vc_column width=\"1\/3\"][vc_single_image image=\"3809\" img_size=\"large\"][\/vc_column][\/vc_row]","_et_gb_content_width":"","footnotes":""},"categories":[1],"tags":[10],"class_list":["post-7272","page","type-page","status-publish","has-post-thumbnail","hentry","category-joves-adults","tag-show-tallers"],"yoast_head":"<!-- This site is optimized with the Yoast SEO plugin v24.8.1 - https:\/\/yoast.com\/wordpress\/plugins\/seo\/ -->\n<title>Tallers de temporada - Gra de Sorra<\/title>\n<meta name=\"robots\" content=\"index, follow, max-snippet:-1, max-image-preview:large, max-video-preview:-1\" \/>\n<link rel=\"canonical\" href=\"https:\/\/gradesorra.cat\/tallers\/tallers-i-contes-per-nadal-carnestoltes-st-joestiu-i-castanyada\/\" \/>\n<meta property=\"og:locale\" content=\"es_ES\" \/>\n<meta property=\"og:type\" content=\"article\" \/>\n<meta property=\"og:title\" content=\"Tallers de temporada - Gra de Sorra\" \/>\n<meta property=\"og:description\" content=\"Durant l\u2019any, adaptem els tallers a diferents festes i celebracions populars com Nadal, Sant Jordi, la Castanyada o Carnestoltes, incorporant activitats l\u00fadiques i creatives que transformen cada sessi\u00f3 en una experi\u00e8ncia \u00fanica. Tamb\u00e9 oferim propostes especials que permeten aprofundir en diferents tem\u00e0tiques: Un viatge pel m\u00f3n a trav\u00e9s de mites i contes populars \u00b7 Descobrim [&hellip;]\" \/>\n<meta property=\"og:url\" content=\"https:\/\/gradesorra.cat\/tallers\/tallers-i-contes-per-nadal-carnestoltes-st-joestiu-i-castanyada\/\" \/>\n<meta property=\"og:site_name\" content=\"Gra de Sorra\" \/>\n<meta property=\"article:modified_time\" content=\"2025-03-17T13:56:06+00:00\" \/>\n<meta property=\"og:image\" content=\"https:\/\/gradesorra.cat\/wp-content\/uploads\/2025\/03\/Festes.jpeg\" \/>\n\t<meta property=\"og:image:width\" content=\"1024\" \/>\n\t<meta property=\"og:image:height\" content=\"1024\" \/>\n\t<meta property=\"og:image:type\" content=\"image\/jpeg\" \/>\n<meta name=\"twitter:card\" content=\"summary_large_image\" \/>\n<meta name=\"twitter:label1\" content=\"Tiempo de lectura\" \/>\n\t<meta name=\"twitter:data1\" content=\"2 minutos\" \/>\n<script type=\"application\/ld+json\" class=\"yoast-schema-graph\">{\"@context\":\"https:\/\/schema.org\",\"@graph\":[{\"@type\":\"WebPage\",\"@id\":\"https:\/\/gradesorra.cat\/tallers\/tallers-i-contes-per-nadal-carnestoltes-st-joestiu-i-castanyada\/\",\"url\":\"https:\/\/gradesorra.cat\/tallers\/tallers-i-contes-per-nadal-carnestoltes-st-joestiu-i-castanyada\/\",\"name\":\"Tallers de temporada - Gra de Sorra\",\"isPartOf\":{\"@id\":\"https:\/\/gradesorra.cat\/#website\"},\"primaryImageOfPage\":{\"@id\":\"https:\/\/gradesorra.cat\/tallers\/tallers-i-contes-per-nadal-carnestoltes-st-joestiu-i-castanyada\/#primaryimage\"},\"image\":{\"@id\":\"https:\/\/gradesorra.cat\/tallers\/tallers-i-contes-per-nadal-carnestoltes-st-joestiu-i-castanyada\/#primaryimage\"},\"thumbnailUrl\":\"https:\/\/gradesorra.cat\/wp-content\/uploads\/2025\/03\/Festes.jpeg\",\"datePublished\":\"2025-03-15T17:07:21+00:00\",\"dateModified\":\"2025-03-17T13:56:06+00:00\",\"breadcrumb\":{\"@id\":\"https:\/\/gradesorra.cat\/tallers\/tallers-i-contes-per-nadal-carnestoltes-st-joestiu-i-castanyada\/#breadcrumb\"},\"inLanguage\":\"es\",\"potentialAction\":[{\"@type\":\"ReadAction\",\"target\":[\"https:\/\/gradesorra.cat\/tallers\/tallers-i-contes-per-nadal-carnestoltes-st-joestiu-i-castanyada\/\"]}]},{\"@type\":\"ImageObject\",\"inLanguage\":\"es\",\"@id\":\"https:\/\/gradesorra.cat\/tallers\/tallers-i-contes-per-nadal-carnestoltes-st-joestiu-i-castanyada\/#primaryimage\",\"url\":\"https:\/\/gradesorra.cat\/wp-content\/uploads\/2025\/03\/Festes.jpeg\",\"contentUrl\":\"https:\/\/gradesorra.cat\/wp-content\/uploads\/2025\/03\/Festes.jpeg\",\"width\":1024,\"height\":1024},{\"@type\":\"BreadcrumbList\",\"@id\":\"https:\/\/gradesorra.cat\/tallers\/tallers-i-contes-per-nadal-carnestoltes-st-joestiu-i-castanyada\/#breadcrumb\",\"itemListElement\":[{\"@type\":\"ListItem\",\"position\":1,\"name\":\"Inici\",\"item\":\"https:\/\/gradesorra.cat\/\"},{\"@type\":\"ListItem\",\"position\":2,\"name\":\"Tallers\",\"item\":\"https:\/\/gradesorra.cat\/tallers\/\"},{\"@type\":\"ListItem\",\"position\":3,\"name\":\"Tallers de temporada\"}]},{\"@type\":\"WebSite\",\"@id\":\"https:\/\/gradesorra.cat\/#website\",\"url\":\"https:\/\/gradesorra.cat\/\",\"name\":\"\\\"Gra de Sorra - Contacontes, narraci\u00f3 oral i tallers creatius (Catalunya)\",\"description\":\"Contes, tallers i projectes creatius per a infants, joves i adults.\",\"publisher\":{\"@id\":\"https:\/\/gradesorra.cat\/#organization\"},\"alternateName\":\"Contes infantils, famioliars i adults en catal\u00e0\",\"potentialAction\":[{\"@type\":\"SearchAction\",\"target\":{\"@type\":\"EntryPoint\",\"urlTemplate\":\"https:\/\/gradesorra.cat\/?s={search_term_string}\"},\"query-input\":{\"@type\":\"PropertyValueSpecification\",\"valueRequired\":true,\"valueName\":\"search_term_string\"}}],\"inLanguage\":\"es\"},{\"@type\":\"Organization\",\"@id\":\"https:\/\/gradesorra.cat\/#organization\",\"name\":\"\\\"Gra de Sorra - Contacontes, narraci\u00f3 orali tallers creatius (Catalunya)\",\"url\":\"https:\/\/gradesorra.cat\/\",\"logo\":{\"@type\":\"ImageObject\",\"inLanguage\":\"es\",\"@id\":\"https:\/\/gradesorra.cat\/#\/schema\/logo\/image\/\",\"url\":\"https:\/\/gradesorra.cat\/wp-content\/uploads\/2024\/02\/logo-gra-de-sorra.png\",\"contentUrl\":\"https:\/\/gradesorra.cat\/wp-content\/uploads\/2024\/02\/logo-gra-de-sorra.png\",\"width\":1685,\"height\":1191,\"caption\":\"\\\"Gra de Sorra - Contacontes, narraci\u00f3 orali tallers creatius (Catalunya)\"},\"image\":{\"@id\":\"https:\/\/gradesorra.cat\/#\/schema\/logo\/image\/\"}}]}<\/script>\n<!-- \/ Yoast SEO plugin. -->","yoast_head_json":{"title":"Tallers de temporada - Gra de Sorra","robots":{"index":"index","follow":"follow","max-snippet":"max-snippet:-1","max-image-preview":"max-image-preview:large","max-video-preview":"max-video-preview:-1"},"canonical":"https:\/\/gradesorra.cat\/tallers\/tallers-i-contes-per-nadal-carnestoltes-st-joestiu-i-castanyada\/","og_locale":"es_ES","og_type":"article","og_title":"Tallers de temporada - Gra de Sorra","og_description":"Durant l\u2019any, adaptem els tallers a diferents festes i celebracions populars com Nadal, Sant Jordi, la Castanyada o Carnestoltes, incorporant activitats l\u00fadiques i creatives que transformen cada sessi\u00f3 en una experi\u00e8ncia \u00fanica. Tamb\u00e9 oferim propostes especials que permeten aprofundir en diferents tem\u00e0tiques: Un viatge pel m\u00f3n a trav\u00e9s de mites i contes populars \u00b7 Descobrim [&hellip;]","og_url":"https:\/\/gradesorra.cat\/tallers\/tallers-i-contes-per-nadal-carnestoltes-st-joestiu-i-castanyada\/","og_site_name":"Gra de Sorra","article_modified_time":"2025-03-17T13:56:06+00:00","og_image":[{"width":1024,"height":1024,"url":"https:\/\/gradesorra.cat\/wp-content\/uploads\/2025\/03\/Festes.jpeg","type":"image\/jpeg"}],"twitter_card":"summary_large_image","twitter_misc":{"Tiempo de lectura":"2 minutos"},"schema":{"@context":"https:\/\/schema.org","@graph":[{"@type":"WebPage","@id":"https:\/\/gradesorra.cat\/tallers\/tallers-i-contes-per-nadal-carnestoltes-st-joestiu-i-castanyada\/","url":"https:\/\/gradesorra.cat\/tallers\/tallers-i-contes-per-nadal-carnestoltes-st-joestiu-i-castanyada\/","name":"Tallers de temporada - Gra de Sorra","isPartOf":{"@id":"https:\/\/gradesorra.cat\/#website"},"primaryImageOfPage":{"@id":"https:\/\/gradesorra.cat\/tallers\/tallers-i-contes-per-nadal-carnestoltes-st-joestiu-i-castanyada\/#primaryimage"},"image":{"@id":"https:\/\/gradesorra.cat\/tallers\/tallers-i-contes-per-nadal-carnestoltes-st-joestiu-i-castanyada\/#primaryimage"},"thumbnailUrl":"https:\/\/gradesorra.cat\/wp-content\/uploads\/2025\/03\/Festes.jpeg","datePublished":"2025-03-15T17:07:21+00:00","dateModified":"2025-03-17T13:56:06+00:00","breadcrumb":{"@id":"https:\/\/gradesorra.cat\/tallers\/tallers-i-contes-per-nadal-carnestoltes-st-joestiu-i-castanyada\/#breadcrumb"},"inLanguage":"es","potentialAction":[{"@type":"ReadAction","target":["https:\/\/gradesorra.cat\/tallers\/tallers-i-contes-per-nadal-carnestoltes-st-joestiu-i-castanyada\/"]}]},{"@type":"ImageObject","inLanguage":"es","@id":"https:\/\/gradesorra.cat\/tallers\/tallers-i-contes-per-nadal-carnestoltes-st-joestiu-i-castanyada\/#primaryimage","url":"https:\/\/gradesorra.cat\/wp-content\/uploads\/2025\/03\/Festes.jpeg","contentUrl":"https:\/\/gradesorra.cat\/wp-content\/uploads\/2025\/03\/Festes.jpeg","width":1024,"height":1024},{"@type":"BreadcrumbList","@id":"https:\/\/gradesorra.cat\/tallers\/tallers-i-contes-per-nadal-carnestoltes-st-joestiu-i-castanyada\/#breadcrumb","itemListElement":[{"@type":"ListItem","position":1,"name":"Inici","item":"https:\/\/gradesorra.cat\/"},{"@type":"ListItem","position":2,"name":"Tallers","item":"https:\/\/gradesorra.cat\/tallers\/"},{"@type":"ListItem","position":3,"name":"Tallers de temporada"}]},{"@type":"WebSite","@id":"https:\/\/gradesorra.cat\/#website","url":"https:\/\/gradesorra.cat\/","name":"\"Gra de Sorra - Contacontes, narraci\u00f3 oral i tallers creatius (Catalunya)","description":"Contes, tallers i projectes creatius per a infants, joves i adults.","publisher":{"@id":"https:\/\/gradesorra.cat\/#organization"},"alternateName":"Contes infantils, famioliars i adults en catal\u00e0","potentialAction":[{"@type":"SearchAction","target":{"@type":"EntryPoint","urlTemplate":"https:\/\/gradesorra.cat\/?s={search_term_string}"},"query-input":{"@type":"PropertyValueSpecification","valueRequired":true,"valueName":"search_term_string"}}],"inLanguage":"es"},{"@type":"Organization","@id":"https:\/\/gradesorra.cat\/#organization","name":"\"Gra de Sorra - Contacontes, narraci\u00f3 orali tallers creatius (Catalunya)","url":"https:\/\/gradesorra.cat\/","logo":{"@type":"ImageObject","inLanguage":"es","@id":"https:\/\/gradesorra.cat\/#\/schema\/logo\/image\/","url":"https:\/\/gradesorra.cat\/wp-content\/uploads\/2024\/02\/logo-gra-de-sorra.png","contentUrl":"https:\/\/gradesorra.cat\/wp-content\/uploads\/2024\/02\/logo-gra-de-sorra.png","width":1685,"height":1191,"caption":"\"Gra de Sorra - Contacontes, narraci\u00f3 orali tallers creatius (Catalunya)"},"image":{"@id":"https:\/\/gradesorra.cat\/#\/schema\/logo\/image\/"}}]}},"_links":{"self":[{"href":"https:\/\/gradesorra.cat\/es\/wp-json\/wp\/v2\/pages\/7272","targetHints":{"allow":["GET"]}}],"collection":[{"href":"https:\/\/gradesorra.cat\/es\/wp-json\/wp\/v2\/pages"}],"about":[{"href":"https:\/\/gradesorra.cat\/es\/wp-json\/wp\/v2\/types\/page"}],"author":[{"embeddable":true,"href":"https:\/\/gradesorra.cat\/es\/wp-json\/wp\/v2\/users\/2"}],"replies":[{"embeddable":true,"href":"https:\/\/gradesorra.cat\/es\/wp-json\/wp\/v2\/comments?post=7272"}],"version-history":[{"count":30,"href":"https:\/\/gradesorra.cat\/es\/wp-json\/wp\/v2\/pages\/7272\/revisions"}],"predecessor-version":[{"id":7498,"href":"https:\/\/gradesorra.cat\/es\/wp-json\/wp\/v2\/pages\/7272\/revisions\/7498"}],"up":[{"embeddable":true,"href":"https:\/\/gradesorra.cat\/es\/wp-json\/wp\/v2\/pages\/3772"}],"wp:featuredmedia":[{"embeddable":true,"href":"https:\/\/gradesorra.cat\/es\/wp-json\/wp\/v2\/media\/7274"}],"wp:attachment":[{"href":"https:\/\/gradesorra.cat\/es\/wp-json\/wp\/v2\/media?parent=7272"}],"wp:term":[{"taxonomy":"category","embeddable":true,"href":"https:\/\/gradesorra.cat\/es\/wp-json\/wp\/v2\/categories?post=7272"},{"taxonomy":"post_tag","embeddable":true,"href":"https:\/\/gradesorra.cat\/es\/wp-json\/wp\/v2\/tags?post=7272"}],"curies":[{"name":"wp","href":"https:\/\/api.w.org\/{rel}","templated":true}]}}