

{"id":7319,"date":"2025-03-16T00:04:27","date_gmt":"2025-03-15T23:04:27","guid":{"rendered":"https:\/\/gradesorra.cat\/?page_id=7319"},"modified":"2026-02-04T20:39:15","modified_gmt":"2026-02-04T19:39:15","slug":"tallers-creatius-amb-i-a","status":"publish","type":"page","link":"https:\/\/gradesorra.cat\/es\/tallers-creatius-amb-i-a\/","title":{"rendered":"Laboratori de contes: lectura i escriptura creatives amb IA"},"content":{"rendered":"<p>[et_pb_section fb_built=\u00bb1&#8243; fullwidth=\u00bbon\u00bb admin_label=\u00bbSection\u00bb _builder_version=\u00bb4.27.4&#8243; _module_preset=\u00bbdefault\u00bb background_image=\u00bbhttps:\/\/gradesorra.cat\/wp-content\/uploads\/2024\/01\/PAGINA-TALLERS-scaled-1.jpg\u00bb height=\u00bb500px\u00bb global_colors_info=\u00bb{}\u00bb][\/et_pb_section][et_pb_section fb_built=\u00bb1&#8243; admin_label=\u00bbsection\u00bb _builder_version=\u00bb4.16&#8243; global_colors_info=\u00bb{}\u00bb][et_pb_row column_structure=\u00bb1_2,1_2&#8243; admin_label=\u00bbrow\u00bb _builder_version=\u00bb4.16&#8243; background_size=\u00bbinitial\u00bb background_position=\u00bbtop_left\u00bb background_repeat=\u00bbrepeat\u00bb global_colors_info=\u00bb{}\u00bb][et_pb_column type=\u00bb1_2&#8243; _builder_version=\u00bb4.16&#8243; custom_padding=\u00bb|||\u00bb global_colors_info=\u00bb{}\u00bb custom_padding__hover=\u00bb|||\u00bb][et_pb_text admin_label=\u00bbText\u00bb _builder_version=\u00bb4.27.4&#8243; background_size=\u00bbinitial\u00bb background_position=\u00bbtop_left\u00bb background_repeat=\u00bbrepeat\u00bb custom_padding=\u00bb||6px|||\u00bb global_colors_info=\u00bb{}\u00bb]<\/p>\n<h1><span style=\"color: #f8b133;\"><strong>Laboratori de contes: lectura i escriptura creatives amb IA<\/strong><\/span><\/h1>\n<div class=\"gs-intro\">\n<p class=\"gs-meta\">\n<\/div>\n<p>[\/et_pb_text][et_pb_text admin_label=\u00bbText\u00bb _builder_version=\u00bb4.27.4&#8243; background_size=\u00bbinitial\u00bb background_position=\u00bbtop_left\u00bb background_repeat=\u00bbrepeat\u00bb custom_padding=\u00bb||6px|||\u00bb global_colors_info=\u00bb{}\u00bb]<\/p>\n<p>Una proposta de <strong>Gra de Sorra<\/strong> per activar la <strong>lectura i l\u2019escriptura<\/strong> a trav\u00e9s d\u2019hist\u00f2ries i eines creatives. La <strong>IA no \u00e9s el centre<\/strong>: \u00e9s un <strong>suport<\/strong> que utilitzem per obrir preguntes, provar alternatives, comparar versions i <strong>reescriure amb criteri<\/strong> (qu\u00e8 canviem i per qu\u00e8). El resultat \u00e9s una experi\u00e8ncia <strong>participativa<\/strong> que combina <strong>llengua<\/strong>, <strong>creativitat<\/strong> i <strong>pensament cr\u00edtic<\/strong>, amb una metodologia viva i adaptable.<\/p>\n<p>Els tallers parteixen de recursos <strong>pedag\u00f2gics i narratius<\/strong> (lectura, \u00e0lbums il\u00b7lustrats, t\u00e8cniques de conte, tradici\u00f3 oral, mites i imaginari local) i incorporen eines digitals nom\u00e9s quan aporten valor. Primer constru\u00efm <strong>base, imaginari i criteri<\/strong>; despr\u00e9s la tecnologia ajuda a <strong>desbloquejar idees<\/strong>, generar opcions i millorar all\u00f2 que el grup ja ha creat. Tot plegat es concreta en <strong>sessions a mida<\/strong> segons l\u2019espai, el grup i els objectius del centre.<\/p>\n<p>[\/et_pb_text][\/et_pb_column][et_pb_column type=\u00bb1_2&#8243; _builder_version=\u00bb4.27.4&#8243; _module_preset=\u00bbdefault\u00bb global_colors_info=\u00bb{}\u00bb][et_pb_divider show_divider=\u00bboff\u00bb _builder_version=\u00bb4.27.4&#8243; _module_preset=\u00bbdefault\u00bb global_colors_info=\u00bb{}\u00bb][\/et_pb_divider][et_pb_button button_url=\u00bbhttps:\/\/wa.me\/34675731363?text=Hola%20Albert%2C%20t%27escric%20per%20demanar%20informaci%C3%B3%20sobre%20una%20sessio%20de%20contes.\u00bb url_new_window=\u00bbon\u00bb button_text=\u00bbEscriu-me un whatsapp\u00bb button_alignment=\u00bbright\u00bb _builder_version=\u00bb4.27.4&#8243; _module_preset=\u00bbdefault\u00bb custom_button=\u00bbon\u00bb button_text_size=\u00bb19px\u00bb button_text_color=\u00bb#FFFFFF\u00bb button_bg_color=\u00bb#0ab501&#8243; button_icon=\u00bb&#xf232;||fa||400&#8243; box_shadow_style=\u00bbpreset3&#8243; global_colors_info=\u00bb{}\u00bb][\/et_pb_button][et_pb_divider show_divider=\u00bboff\u00bb _builder_version=\u00bb4.27.4&#8243; _module_preset=\u00bbdefault\u00bb global_colors_info=\u00bb{}\u00bb][\/et_pb_divider][et_pb_text admin_label=\u00bbText\u00bb _builder_version=\u00bb4.27.4&#8243; background_size=\u00bbinitial\u00bb background_position=\u00bbtop_left\u00bb background_repeat=\u00bbrepeat\u00bb custom_padding=\u00bb||6px|||\u00bb global_colors_info=\u00bb{}\u00bb]<\/p>\n<h3><span style=\"color: #9c907a;\"><strong>Qu\u00e8 treballem als tallers?<\/strong><\/span><span style=\"color: #9c907a;\"><strong><\/strong><\/span><\/h3>\n<p>Hem identificat <strong>tres \u00e0rees<\/strong> on aquestes eines poden enriquir l\u2019educaci\u00f3 i la cultura:<\/p>\n<ul>\n<li><strong>Fer la lectura m\u00e9s motivadora<\/strong>: reptes i propostes que faciliten comprensi\u00f3 i inter\u00e8s.<\/li>\n<li><strong>Crear contes i din\u00e0miques narratives<\/strong>: estructura, personatges i escenaris amb participaci\u00f3 i creativitat.<\/li>\n<li><strong>Potenciar creativitat i criteri<\/strong>: revisar, triar i millorar textos amb decisions pr\u00f2pies.<\/li>\n<\/ul>\n<p>[\/et_pb_text][et_pb_text admin_label=\u00bbText\u00bb _builder_version=\u00bb4.27.4&#8243; background_size=\u00bbinitial\u00bb background_position=\u00bbtop_left\u00bb background_repeat=\u00bbrepeat\u00bb custom_padding=\u00bb||6px|||\u00bb global_colors_info=\u00bb{}\u00bb]<\/p>\n<p>\u00c9s una proposta especialment adequada per a <strong>setmana cultural<\/strong>, <strong>Sant Jordi<\/strong>, <strong>biblioteques<\/strong>, <strong>clubs de lectura<\/strong> i <strong>projectes d\u2019aula<\/strong>.<\/p>\n<p>[\/et_pb_text][\/et_pb_column][\/et_pb_row][\/et_pb_section][et_pb_section fb_built=\u00bb1&#8243; admin_label=\u00bbSection\u00bb _builder_version=\u00bb4.24.0&#8243; _module_preset=\u00bbdefault\u00bb background_color=\u00bb#C3B196&#8243; custom_padding=\u00bb0px||0px|||\u00bb global_colors_info=\u00bb{}\u00bb][et_pb_row _builder_version=\u00bb4.27.4&#8243; _module_preset=\u00bbdefault\u00bb global_colors_info=\u00bb{}\u00bb][et_pb_column type=\u00bb4_4&#8243; _builder_version=\u00bb4.24.0&#8243; _module_preset=\u00bbdefault\u00bb global_colors_info=\u00bb{}\u00bb][et_pb_text _builder_version=\u00bb4.27.4&#8243; _module_preset=\u00bbdefault\u00bb global_colors_info=\u00bb{}\u00bb]<\/p>\n      <div id=\"post-grid-lazy-6303\" class=\"post-grid-lazy\"><img decoding=\"async\" alt=\"\" src=\"\" \/><\/div>\n    <script>\n      jQuery('#post-grid-lazy-6303').ready(function($) {\n        $('#post-grid-lazy-6303').fadeOut();\n        $('#post-grid-6303   ').fadeIn();\n      })\n    <\/script>\n    <style type=\"text\/css\">\n      #post-grid-6303 {\n        display: none;\n      }\n\n      .post-grid-lazy {\n        text-align: center;\n      }\n    <\/style>\n    <div data-options='{&quot;id&quot;:&quot;6303&quot;,&quot;lazy_load&quot;:&quot;yes&quot;,&quot;masonry_enable&quot;:&quot;no&quot;,&quot;view_type&quot;:&quot;grid&quot;}' id=\"post-grid-6303\" class=\"post-grid grid\">\n        <div class=\"no-post-found\">\n        <div class=\"no-post-found\">\n    No post found  <\/div>\n    <\/div>\n        <script>\n          <\/script>\n    <style type=\"text\/css\">\n    #post-grid-6303 .element_0 {\n      display: block;font-size: 21px;line-height: normal;padding: 5px 10px;text-align: left; text-decoration: none;    }\n\n    #post-grid-6303 .element_1 {\n      display: block;font-size: 21px;line-height: normal;padding: 5px 10px;text-align: left; text-decoration: none;    }\n\n    #post-grid-6303 .element_2 {\n      display: block;font-size: 14px;padding: 5px 10px;text-align: left;    }\n\n    #post-grid-6303 .element_3 {\n      display: block;font-size: 12px;font-weight: bold;padding: 0 10px;text-align: left;text-decoration: none;    }\n\n    #post-grid-6303 .element_0:hover{}#post-grid-6303 .element_1:hover{}#post-grid-6303 .element_2:hover{}#post-grid-6303 .element_3:hover{}  <\/style>\n  <style type=\"text\/css\">\n    #post-grid-6303 {\n          }\n\n    #post-grid-6303 .item {\n      padding: 0px;\n      background: #fff;\n          }\n\n    #post-grid-6303 .item .layer-media {\n      height:auto;    }\n\n    @media only screen and (min-width: 0px) and (max-width: 767px) {\n      #post-grid-6303 .grid-items {\n        display: grid;\n        grid-template-columns: 1fr ;\n        column-gap: 10px;\n        row-gap: 10px;\n              }\n\n      #post-grid-6303 .item {\n        height:auto;      }\n    }\n\n    @media only screen and (min-width: 768px) and (max-width: 1023px) {\n      #post-grid-6303 .grid-items {\n        display: grid;\n        grid-template-columns: 1fr 1fr ;\n        column-gap: 10px;\n        row-gap: 10px;\n              }\n\n      #post-grid-6303 .item {\n        max-height:auto;      }\n    }\n\n    @media only screen and (min-width: 1024px) {\n      #post-grid-6303 .grid-items {\n        display: grid;\n        grid-template-columns: 1fr 1fr 1fr ;\n        column-gap: 10px;\n        row-gap: 10px;\n              }\n\n      #post-grid-6303 .item {\n        height:auto;      }\n    }\n\n      <\/style>\n  <\/div>\n\n<p>[\/et_pb_text][et_pb_text _builder_version=\u00bb4.27.4&#8243; _module_preset=\u00bbdefault\u00bb global_colors_info=\u00bb{}\u00bb]<\/p>\n<p><strong data-start=\"0\" data-end=\"41\">\u00das de la IA: responsable i supervisat<\/strong><br data-start=\"41\" data-end=\"44\" \/><span>La IA la fa servir sempre el tallerista i de manera col\u00b7lectiva, guiada i acompanyada. No es treballa amb dades personals (ni noms, ni centre, ni adreces, ni fotos) i no hi ha \u00fas individual amb m\u00f2bils ni comptes d\u2019alumnat. L\u2019autoria i el criteri s\u00f3n de l\u2019alumnat: decideixen, revisen i creen; la IA nom\u00e9s ofereix alternatives. En grups m\u00e9s petits (cap als 9 anys o si el centre ho prefereix), la IA es limita a suport del tallerista per garantir seguretat i posar el focus en la imaginaci\u00f3.<\/span><\/p>\n<p>[\/et_pb_text][\/et_pb_column][\/et_pb_row][\/et_pb_section]<\/p>\n","protected":false},"excerpt":{"rendered":"<p>Laboratori de contes: lectura i escriptura creatives amb IA Una proposta de Gra de Sorra per activar la lectura i l\u2019escriptura a trav\u00e9s d\u2019hist\u00f2ries i eines creatives. La IA no \u00e9s el centre: \u00e9s un suport que utilitzem per obrir preguntes, provar alternatives, comparar versions i reescriure amb criteri (qu\u00e8 canviem i per qu\u00e8). El [&hellip;]<\/p>\n","protected":false},"author":2,"featured_media":7625,"parent":0,"menu_order":0,"comment_status":"closed","ping_status":"closed","template":"","meta":{"_et_pb_use_builder":"on","_et_pb_old_content":"[vc_row type=\"full_width_background\" bg_image=\"3808\" bg_position=\"center center\" class=\"imatges-sobreposades-a-la-capcalera\"][vc_column][\/vc_column][\/vc_row][vc_row][vc_column][vc_custom_heading text=\"<strong> Tallers <\/strong>\" use_theme_fonts=\"yes\"][separator color=\"#222222\" margin_top=\"20px\" margin_bottom=\"20px\"][vc_column_text]Us hem preparat uns quants tallers pr\u00e0ctics per a principiants i experts que us ajudaran a treballar la <strong>diversitat<\/strong>, el g\u00e8nere, les <strong>emocions<\/strong> i la creativitat utilitzant contes i recursos teatrals.\n\nUna de les caracter\u00edstiques dels contes \u00e9s que els podem utilitzar com a pretext per introduir temes\/conceptes nous o fer-ne algun treball creatiu\/pedag\u00f2gic perqu\u00e8 sabem que engresca als infants. I dic pretext, perqu\u00e8 la finalitat d'un conte \u00e9s la d'escoltar una bona hist\u00f2ria i gaudir de l'experi\u00e8ncia.[\/vc_column_text][\/vc_column][\/vc_row][vc_row][vc_column][vc_custom_heading text=\"\" font_container=\"tag:h2|font_size:28px|text_align:left|line_height:40px\" use_theme_fonts=\"yes\"][\/vc_column][\/vc_row][vc_row][vc_column][vc_column_text][display-posts post_type=\"page\" tag=\"show-tallers\" image_size=\"medium\" orderby=\"date\"][\/vc_column_text][\/vc_column][\/vc_row][vc_row][vc_column][vc_custom_heading text=\"*Els tallers intenten oferir una proposta d'activitat el m\u00e0xim d'oberta i adaptable per tothom.\" font_container=\"tag:h2|font_size:16|text_align:left\" use_theme_fonts=\"yes\"][\/vc_column][\/vc_row]","_et_gb_content_width":"","footnotes":""},"categories":[],"tags":[10],"class_list":["post-7319","page","type-page","status-publish","has-post-thumbnail","hentry","tag-show-tallers"],"yoast_head":"<!-- This site is optimized with the Yoast SEO plugin v24.8.1 - https:\/\/yoast.com\/wordpress\/plugins\/seo\/ -->\n<title>Laboratori de contes: lectura i escriptura creatives amb IA - Gra de Sorra<\/title>\n<meta name=\"robots\" content=\"index, follow, max-snippet:-1, max-image-preview:large, max-video-preview:-1\" \/>\n<link rel=\"canonical\" href=\"https:\/\/gradesorra.cat\/tallers-creatius-amb-i-a\/\" \/>\n<meta property=\"og:locale\" content=\"es_ES\" \/>\n<meta property=\"og:type\" content=\"article\" \/>\n<meta property=\"og:title\" content=\"Laboratori de contes: lectura i escriptura creatives amb IA - Gra de Sorra\" \/>\n<meta property=\"og:description\" content=\"Laboratori de contes: lectura i escriptura creatives amb IA Una proposta de Gra de Sorra per activar la lectura i l\u2019escriptura a trav\u00e9s d\u2019hist\u00f2ries i eines creatives. La IA no \u00e9s el centre: \u00e9s un suport que utilitzem per obrir preguntes, provar alternatives, comparar versions i reescriure amb criteri (qu\u00e8 canviem i per qu\u00e8). El [&hellip;]\" \/>\n<meta property=\"og:url\" content=\"https:\/\/gradesorra.cat\/tallers-creatius-amb-i-a\/\" \/>\n<meta property=\"og:site_name\" content=\"Gra de Sorra\" \/>\n<meta property=\"article:modified_time\" content=\"2026-02-04T19:39:15+00:00\" \/>\n<meta property=\"og:image\" content=\"https:\/\/gradesorra.cat\/wp-content\/uploads\/2025\/07\/Tallers_Creatius2_i.a-683x1024.png\" \/>\n\t<meta property=\"og:image:width\" content=\"683\" \/>\n\t<meta property=\"og:image:height\" content=\"1024\" \/>\n\t<meta property=\"og:image:type\" content=\"image\/png\" \/>\n<meta name=\"twitter:card\" content=\"summary_large_image\" \/>\n<meta name=\"twitter:label1\" content=\"Tiempo de lectura\" \/>\n\t<meta name=\"twitter:data1\" content=\"3 minutos\" \/>\n<script type=\"application\/ld+json\" class=\"yoast-schema-graph\">{\"@context\":\"https:\/\/schema.org\",\"@graph\":[{\"@type\":\"WebPage\",\"@id\":\"https:\/\/gradesorra.cat\/tallers-creatius-amb-i-a\/\",\"url\":\"https:\/\/gradesorra.cat\/tallers-creatius-amb-i-a\/\",\"name\":\"Laboratori de contes: lectura i escriptura creatives amb IA - Gra de Sorra\",\"isPartOf\":{\"@id\":\"https:\/\/gradesorra.cat\/#website\"},\"primaryImageOfPage\":{\"@id\":\"https:\/\/gradesorra.cat\/tallers-creatius-amb-i-a\/#primaryimage\"},\"image\":{\"@id\":\"https:\/\/gradesorra.cat\/tallers-creatius-amb-i-a\/#primaryimage\"},\"thumbnailUrl\":\"https:\/\/gradesorra.cat\/wp-content\/uploads\/2025\/07\/Tallers_Creatius2_i.a.png\",\"datePublished\":\"2025-03-15T23:04:27+00:00\",\"dateModified\":\"2026-02-04T19:39:15+00:00\",\"breadcrumb\":{\"@id\":\"https:\/\/gradesorra.cat\/tallers-creatius-amb-i-a\/#breadcrumb\"},\"inLanguage\":\"es\",\"potentialAction\":[{\"@type\":\"ReadAction\",\"target\":[\"https:\/\/gradesorra.cat\/tallers-creatius-amb-i-a\/\"]}]},{\"@type\":\"ImageObject\",\"inLanguage\":\"es\",\"@id\":\"https:\/\/gradesorra.cat\/tallers-creatius-amb-i-a\/#primaryimage\",\"url\":\"https:\/\/gradesorra.cat\/wp-content\/uploads\/2025\/07\/Tallers_Creatius2_i.a.png\",\"contentUrl\":\"https:\/\/gradesorra.cat\/wp-content\/uploads\/2025\/07\/Tallers_Creatius2_i.a.png\",\"width\":1024,\"height\":1536},{\"@type\":\"BreadcrumbList\",\"@id\":\"https:\/\/gradesorra.cat\/tallers-creatius-amb-i-a\/#breadcrumb\",\"itemListElement\":[{\"@type\":\"ListItem\",\"position\":1,\"name\":\"Inici\",\"item\":\"https:\/\/gradesorra.cat\/\"},{\"@type\":\"ListItem\",\"position\":2,\"name\":\"Laboratori de contes: lectura i escriptura creatives amb IA\"}]},{\"@type\":\"WebSite\",\"@id\":\"https:\/\/gradesorra.cat\/#website\",\"url\":\"https:\/\/gradesorra.cat\/\",\"name\":\"\\\"Gra de Sorra - Contacontes, narraci\u00f3 oral i tallers creatius (Catalunya)\",\"description\":\"Contes, tallers i projectes creatius per a infants, joves i adults.\",\"publisher\":{\"@id\":\"https:\/\/gradesorra.cat\/#organization\"},\"alternateName\":\"Contes infantils, famioliars i adults en catal\u00e0\",\"potentialAction\":[{\"@type\":\"SearchAction\",\"target\":{\"@type\":\"EntryPoint\",\"urlTemplate\":\"https:\/\/gradesorra.cat\/?s={search_term_string}\"},\"query-input\":{\"@type\":\"PropertyValueSpecification\",\"valueRequired\":true,\"valueName\":\"search_term_string\"}}],\"inLanguage\":\"es\"},{\"@type\":\"Organization\",\"@id\":\"https:\/\/gradesorra.cat\/#organization\",\"name\":\"\\\"Gra de Sorra - Contacontes, narraci\u00f3 orali tallers creatius (Catalunya)\",\"url\":\"https:\/\/gradesorra.cat\/\",\"logo\":{\"@type\":\"ImageObject\",\"inLanguage\":\"es\",\"@id\":\"https:\/\/gradesorra.cat\/#\/schema\/logo\/image\/\",\"url\":\"https:\/\/gradesorra.cat\/wp-content\/uploads\/2024\/02\/logo-gra-de-sorra.png\",\"contentUrl\":\"https:\/\/gradesorra.cat\/wp-content\/uploads\/2024\/02\/logo-gra-de-sorra.png\",\"width\":1685,\"height\":1191,\"caption\":\"\\\"Gra de Sorra - Contacontes, narraci\u00f3 orali tallers creatius (Catalunya)\"},\"image\":{\"@id\":\"https:\/\/gradesorra.cat\/#\/schema\/logo\/image\/\"}}]}<\/script>\n<!-- \/ Yoast SEO plugin. -->","yoast_head_json":{"title":"Laboratori de contes: lectura i escriptura creatives amb IA - Gra de Sorra","robots":{"index":"index","follow":"follow","max-snippet":"max-snippet:-1","max-image-preview":"max-image-preview:large","max-video-preview":"max-video-preview:-1"},"canonical":"https:\/\/gradesorra.cat\/tallers-creatius-amb-i-a\/","og_locale":"es_ES","og_type":"article","og_title":"Laboratori de contes: lectura i escriptura creatives amb IA - Gra de Sorra","og_description":"Laboratori de contes: lectura i escriptura creatives amb IA Una proposta de Gra de Sorra per activar la lectura i l\u2019escriptura a trav\u00e9s d\u2019hist\u00f2ries i eines creatives. La IA no \u00e9s el centre: \u00e9s un suport que utilitzem per obrir preguntes, provar alternatives, comparar versions i reescriure amb criteri (qu\u00e8 canviem i per qu\u00e8). El [&hellip;]","og_url":"https:\/\/gradesorra.cat\/tallers-creatius-amb-i-a\/","og_site_name":"Gra de Sorra","article_modified_time":"2026-02-04T19:39:15+00:00","og_image":[{"width":683,"height":1024,"url":"https:\/\/gradesorra.cat\/wp-content\/uploads\/2025\/07\/Tallers_Creatius2_i.a-683x1024.png","type":"image\/png"}],"twitter_card":"summary_large_image","twitter_misc":{"Tiempo de lectura":"3 minutos"},"schema":{"@context":"https:\/\/schema.org","@graph":[{"@type":"WebPage","@id":"https:\/\/gradesorra.cat\/tallers-creatius-amb-i-a\/","url":"https:\/\/gradesorra.cat\/tallers-creatius-amb-i-a\/","name":"Laboratori de contes: lectura i escriptura creatives amb IA - Gra de Sorra","isPartOf":{"@id":"https:\/\/gradesorra.cat\/#website"},"primaryImageOfPage":{"@id":"https:\/\/gradesorra.cat\/tallers-creatius-amb-i-a\/#primaryimage"},"image":{"@id":"https:\/\/gradesorra.cat\/tallers-creatius-amb-i-a\/#primaryimage"},"thumbnailUrl":"https:\/\/gradesorra.cat\/wp-content\/uploads\/2025\/07\/Tallers_Creatius2_i.a.png","datePublished":"2025-03-15T23:04:27+00:00","dateModified":"2026-02-04T19:39:15+00:00","breadcrumb":{"@id":"https:\/\/gradesorra.cat\/tallers-creatius-amb-i-a\/#breadcrumb"},"inLanguage":"es","potentialAction":[{"@type":"ReadAction","target":["https:\/\/gradesorra.cat\/tallers-creatius-amb-i-a\/"]}]},{"@type":"ImageObject","inLanguage":"es","@id":"https:\/\/gradesorra.cat\/tallers-creatius-amb-i-a\/#primaryimage","url":"https:\/\/gradesorra.cat\/wp-content\/uploads\/2025\/07\/Tallers_Creatius2_i.a.png","contentUrl":"https:\/\/gradesorra.cat\/wp-content\/uploads\/2025\/07\/Tallers_Creatius2_i.a.png","width":1024,"height":1536},{"@type":"BreadcrumbList","@id":"https:\/\/gradesorra.cat\/tallers-creatius-amb-i-a\/#breadcrumb","itemListElement":[{"@type":"ListItem","position":1,"name":"Inici","item":"https:\/\/gradesorra.cat\/"},{"@type":"ListItem","position":2,"name":"Laboratori de contes: lectura i escriptura creatives amb IA"}]},{"@type":"WebSite","@id":"https:\/\/gradesorra.cat\/#website","url":"https:\/\/gradesorra.cat\/","name":"\"Gra de Sorra - Contacontes, narraci\u00f3 oral i tallers creatius (Catalunya)","description":"Contes, tallers i projectes creatius per a infants, joves i adults.","publisher":{"@id":"https:\/\/gradesorra.cat\/#organization"},"alternateName":"Contes infantils, famioliars i adults en catal\u00e0","potentialAction":[{"@type":"SearchAction","target":{"@type":"EntryPoint","urlTemplate":"https:\/\/gradesorra.cat\/?s={search_term_string}"},"query-input":{"@type":"PropertyValueSpecification","valueRequired":true,"valueName":"search_term_string"}}],"inLanguage":"es"},{"@type":"Organization","@id":"https:\/\/gradesorra.cat\/#organization","name":"\"Gra de Sorra - Contacontes, narraci\u00f3 orali tallers creatius (Catalunya)","url":"https:\/\/gradesorra.cat\/","logo":{"@type":"ImageObject","inLanguage":"es","@id":"https:\/\/gradesorra.cat\/#\/schema\/logo\/image\/","url":"https:\/\/gradesorra.cat\/wp-content\/uploads\/2024\/02\/logo-gra-de-sorra.png","contentUrl":"https:\/\/gradesorra.cat\/wp-content\/uploads\/2024\/02\/logo-gra-de-sorra.png","width":1685,"height":1191,"caption":"\"Gra de Sorra - Contacontes, narraci\u00f3 orali tallers creatius (Catalunya)"},"image":{"@id":"https:\/\/gradesorra.cat\/#\/schema\/logo\/image\/"}}]}},"_links":{"self":[{"href":"https:\/\/gradesorra.cat\/es\/wp-json\/wp\/v2\/pages\/7319","targetHints":{"allow":["GET"]}}],"collection":[{"href":"https:\/\/gradesorra.cat\/es\/wp-json\/wp\/v2\/pages"}],"about":[{"href":"https:\/\/gradesorra.cat\/es\/wp-json\/wp\/v2\/types\/page"}],"author":[{"embeddable":true,"href":"https:\/\/gradesorra.cat\/es\/wp-json\/wp\/v2\/users\/2"}],"replies":[{"embeddable":true,"href":"https:\/\/gradesorra.cat\/es\/wp-json\/wp\/v2\/comments?post=7319"}],"version-history":[{"count":62,"href":"https:\/\/gradesorra.cat\/es\/wp-json\/wp\/v2\/pages\/7319\/revisions"}],"predecessor-version":[{"id":8306,"href":"https:\/\/gradesorra.cat\/es\/wp-json\/wp\/v2\/pages\/7319\/revisions\/8306"}],"wp:featuredmedia":[{"embeddable":true,"href":"https:\/\/gradesorra.cat\/es\/wp-json\/wp\/v2\/media\/7625"}],"wp:attachment":[{"href":"https:\/\/gradesorra.cat\/es\/wp-json\/wp\/v2\/media?parent=7319"}],"wp:term":[{"taxonomy":"category","embeddable":true,"href":"https:\/\/gradesorra.cat\/es\/wp-json\/wp\/v2\/categories?post=7319"},{"taxonomy":"post_tag","embeddable":true,"href":"https:\/\/gradesorra.cat\/es\/wp-json\/wp\/v2\/tags?post=7319"}],"curies":[{"name":"wp","href":"https:\/\/api.w.org\/{rel}","templated":true}]}}