

{"id":7674,"date":"2025-10-21T17:02:48","date_gmt":"2025-10-21T16:02:48","guid":{"rendered":"https:\/\/gradesorra.cat\/?page_id=7674"},"modified":"2026-01-26T19:25:16","modified_gmt":"2026-01-26T18:25:16","slug":"histories-per-riures-de-la-vida-i-de-lamor","status":"publish","type":"page","link":"https:\/\/gradesorra.cat\/es\/contes-joves-i-adults\/histories-per-riures-de-la-vida-i-de-lamor\/","title":{"rendered":"Hist\u00f2ries per riure\u2019s de la vida (i de l\u2019amor)"},"content":{"rendered":"<p>[et_pb_section fb_built=\u00bb1&#8243; admin_label=\u00bbsection\u00bb _builder_version=\u00bb4.27.4&#8243; global_colors_info=\u00bb{}\u00bb][et_pb_row column_structure=\u00bb2_5,3_5&#8243; admin_label=\u00bbrow\u00bb _builder_version=\u00bb4.27.4&#8243; background_size=\u00bbinitial\u00bb background_position=\u00bbtop_left\u00bb background_repeat=\u00bbrepeat\u00bb hover_enabled=\u00bb0&#8243; global_colors_info=\u00bb{}\u00bb sticky_enabled=\u00bb0&#8243;][et_pb_column type=\u00bb2_5&#8243; _builder_version=\u00bb4.16&#8243; custom_padding=\u00bb|||\u00bb global_colors_info=\u00bb{}\u00bb custom_padding__hover=\u00bb|||\u00bb][et_pb_image src=\u00bbhttps:\/\/gradesorra.cat\/wp-content\/uploads\/2025\/10\/histories.jpg\u00bb title_text=\u00bbhist\u00f2ries\u00bb force_fullwidth=\u00bbon\u00bb _builder_version=\u00bb4.27.4&#8243; _module_preset=\u00bbdefault\u00bb min_height=\u00bb100%\u00bb height=\u00bb100%\u00bb max_height=\u00bb100%\u00bb animation_style=\u00bbslide\u00bb animation_direction=\u00bbleft\u00bb global_colors_info=\u00bb{}\u00bb][\/et_pb_image][\/et_pb_column][et_pb_column type=\u00bb3_5&#8243; _builder_version=\u00bb4.16&#8243; custom_padding=\u00bb|||\u00bb global_colors_info=\u00bb{}\u00bb custom_padding__hover=\u00bb|||\u00bb][et_pb_text admin_label=\u00bbText\u00bb _builder_version=\u00bb4.25.0&#8243; background_color=\u00bbRGBA(255,255,255,0)\u00bb background_size=\u00bbinitial\u00bb background_position=\u00bbtop_left\u00bb background_repeat=\u00bbrepeat\u00bb global_colors_info=\u00bb{}\u00bb]<\/p>\n<h1>Hist\u00f2ries per riure\u2019s de la vida (i de l\u2019amor)<\/h1>\n<p><span style=\"font-weight: 400;\"><\/span><\/p>\n<p data-start=\"354\" data-end=\"788\">Quan la vida ens desmunta els plans i l\u2019amor fa tombarelles, nom\u00e9s queda una opci\u00f3: riure.<\/p>\n<p data-start=\"354\" data-end=\"788\">Aquesta sessi\u00f3 reuneix contes ir\u00f2nics, tendres i inesperats sobre els girs del dest\u00ed, les relacions humanes i les petites trag\u00e8dies quotidianes que acaben fent-nos somriure.<\/p>\n<p data-start=\"354\" data-end=\"788\"><br data-start=\"620\" data-end=\"623\" \/>Entre rialles i silencis c\u00f2mplices, descobrirem que estimar i viure tenen molt en com\u00fa: mai surten exactament com hav\u00edem previst\u2026 i potser per aix\u00f2 val tant la pena.<\/p>\n<p data-start=\"790\" data-end=\"1024\">S\u00f3n hist\u00f2ries curtes que podrien caminar soles, per\u00f2 aqu\u00ed les <strong data-start=\"852\" data-end=\"866\">entrelligo<\/strong> per construir un recorregut que ens permet parlar de la vida i de l\u2019amor.<br data-start=\"940\" data-end=\"943\" \/>Algunes fan riure. Algunes incomoden. I algunes\u2026 ens toquen m\u00e9s del que voldr\u00edem.<br \/><span style=\"font-weight: 400;\"><\/span><\/p>\n<p>&nbsp;<\/p>\n<p><img loading=\"lazy\" decoding=\"async\" class=\"alignnone size-medium wp-image-3301\" src=\"http:\/\/gradesorra.cat\/wp-content\/uploads\/2018\/02\/gra-taronja.png\" alt=\"\" width=\"22\" height=\"23\" \/><span style=\"font-size: 16px;\">Edat: Adults (+ 16 anys)<\/span><\/p>\n<p><img loading=\"lazy\" decoding=\"async\" class=\"alignnone size-full wp-image-3299\" src=\"http:\/\/gradesorra.cat\/wp-content\/uploads\/2018\/02\/gra-gris-fort.png\" alt=\"\" width=\"24\" height=\"24\" style=\"font-size: 16px;\" \/>Durada: 50 minuts<\/p>\n<p><img loading=\"lazy\" decoding=\"async\" class=\"alignnone size-medium wp-image-3301\" src=\"http:\/\/gradesorra.cat\/wp-content\/uploads\/2018\/02\/gra-taronja.png\" alt=\"\" width=\"22\" height=\"23\" style=\"font-size: 16px; background-color: #ffffff; color: #c9c9c9;\" \/>C<span style=\"font-size: 16px;\">ontes i poemes<span>\u00a0amb humor i ironia.<\/span><\/span><\/p>\n<p>[\/et_pb_text][\/et_pb_column][\/et_pb_row][\/et_pb_section]<\/p>\n","protected":false},"excerpt":{"rendered":"<p>Hist\u00f2ries per riure\u2019s de la vida (i de l\u2019amor) Quan la vida ens desmunta els plans i l\u2019amor fa tombarelles, nom\u00e9s queda una opci\u00f3: riure. Aquesta sessi\u00f3 reuneix contes ir\u00f2nics, tendres i inesperats sobre els girs del dest\u00ed, les relacions humanes i les petites trag\u00e8dies quotidianes que acaben fent-nos somriure. Entre rialles i silencis c\u00f2mplices, [&hellip;]<\/p>\n","protected":false},"author":2,"featured_media":7675,"parent":4107,"menu_order":0,"comment_status":"closed","ping_status":"closed","template":"","meta":{"_et_pb_use_builder":"on","_et_pb_old_content":"[vc_row][vc_column width=\"2\/3\"][vc_custom_heading source=\"post_title\" use_theme_fonts=\"yes\"][separator width=\"20px\" height=\"3px\" position=\"center\" color=\"#222222\" margin_top=\"20px\" margin_bottom=\"20px\"][vc_column_text]<span style=\"font-weight: 400;\">Contes dedicats a la tem\u00e0tica del misteri i de la por. <\/span>\n\n<span style=\"font-weight: 400;\">Llegendes, contes populars i moderns que ens parlen d'hist\u00f2ries d'aqu\u00ed i d'all\u00e0. Hist\u00f2ries fant\u00e0stiques que deixaran sense al\u00e8 als que s\u2019atreveixin a gaudir d'aquest moment.\u00a0<\/span>\n\n&nbsp;\n\n<img class=\"alignnone size-medium wp-image-3301\" src=\"http:\/\/gradesorra.cat\/wp-content\/uploads\/2018\/02\/gra-taronja.png\" alt=\"\" width=\"22\" height=\"23\" \/> Durada: 50 minuts\n\n<img class=\"alignnone size-full wp-image-3299\" src=\"http:\/\/gradesorra.cat\/wp-content\/uploads\/2018\/02\/gra-gris-fort.png\" alt=\"\" width=\"24\" height=\"24\" \/> Contes populars - Llegendes -\u00a0 llegendes Urbanes[\/vc_column_text][vc_btn title=\"+ Informaci\u00f3\" shape=\"round\" size=\"xs\" link=\"url:%23formulari|||\"][\/vc_column][vc_column width=\"1\/3\" disable_element=\"\" type=\"in_container\" bg_image=\"\" bg_position=\"left top\" bg_repeat=\"no-repeat\" parallax_bg=\"\" bg_color=\"\" overlay=\"\" overlay_color=\"\" video_webm=\"\" video_mp4=\"\" text_color=\"dark\" custom_text_color=\"\" top_padding=\"\" bottom_padding=\"\" transparency=\"\" borders=\"\" arrow_bottom=\"\" arrow_top=\"\" link_bool=\"\" link_value=\"#\" class=\"propostes-similars\"][vc_single_image image=\"4646\" img_size=\"large\"][\/vc_column][\/vc_row]","_et_gb_content_width":"","footnotes":""},"categories":[1],"tags":[13],"class_list":["post-7674","page","type-page","status-publish","has-post-thumbnail","hentry","category-joves-adults","tag-show-adults"],"yoast_head":"<!-- This site is optimized with the Yoast SEO plugin v24.8.1 - https:\/\/yoast.com\/wordpress\/plugins\/seo\/ -->\n<title>Hist\u00f2ries per riure\u2019s de la vida (i de l\u2019amor) - Gra de Sorra<\/title>\n<meta name=\"robots\" content=\"index, follow, max-snippet:-1, max-image-preview:large, max-video-preview:-1\" \/>\n<link rel=\"canonical\" href=\"https:\/\/gradesorra.cat\/contes-joves-i-adults\/histories-per-riures-de-la-vida-i-de-lamor\/\" \/>\n<meta property=\"og:locale\" content=\"es_ES\" \/>\n<meta property=\"og:type\" content=\"article\" \/>\n<meta property=\"og:title\" content=\"Hist\u00f2ries per riure\u2019s de la vida (i de l\u2019amor) - Gra de Sorra\" \/>\n<meta property=\"og:description\" content=\"Hist\u00f2ries per riure\u2019s de la vida (i de l\u2019amor) Quan la vida ens desmunta els plans i l\u2019amor fa tombarelles, nom\u00e9s queda una opci\u00f3: riure. Aquesta sessi\u00f3 reuneix contes ir\u00f2nics, tendres i inesperats sobre els girs del dest\u00ed, les relacions humanes i les petites trag\u00e8dies quotidianes que acaben fent-nos somriure. Entre rialles i silencis c\u00f2mplices, [&hellip;]\" \/>\n<meta property=\"og:url\" content=\"https:\/\/gradesorra.cat\/contes-joves-i-adults\/histories-per-riures-de-la-vida-i-de-lamor\/\" \/>\n<meta property=\"og:site_name\" content=\"Gra de Sorra\" \/>\n<meta property=\"article:modified_time\" content=\"2026-01-26T18:25:16+00:00\" \/>\n<meta property=\"og:image\" content=\"https:\/\/gradesorra.cat\/wp-content\/uploads\/2025\/10\/histories.jpg\" \/>\n\t<meta property=\"og:image:width\" content=\"640\" \/>\n\t<meta property=\"og:image:height\" content=\"498\" \/>\n\t<meta property=\"og:image:type\" content=\"image\/jpeg\" \/>\n<meta name=\"twitter:card\" content=\"summary_large_image\" \/>\n<meta name=\"twitter:label1\" content=\"Tiempo de lectura\" \/>\n\t<meta name=\"twitter:data1\" content=\"2 minutos\" \/>\n<script type=\"application\/ld+json\" class=\"yoast-schema-graph\">{\"@context\":\"https:\/\/schema.org\",\"@graph\":[{\"@type\":\"WebPage\",\"@id\":\"https:\/\/gradesorra.cat\/contes-joves-i-adults\/histories-per-riures-de-la-vida-i-de-lamor\/\",\"url\":\"https:\/\/gradesorra.cat\/contes-joves-i-adults\/histories-per-riures-de-la-vida-i-de-lamor\/\",\"name\":\"Hist\u00f2ries per riure\u2019s de la vida (i de l\u2019amor) - Gra de Sorra\",\"isPartOf\":{\"@id\":\"https:\/\/gradesorra.cat\/#website\"},\"primaryImageOfPage\":{\"@id\":\"https:\/\/gradesorra.cat\/contes-joves-i-adults\/histories-per-riures-de-la-vida-i-de-lamor\/#primaryimage\"},\"image\":{\"@id\":\"https:\/\/gradesorra.cat\/contes-joves-i-adults\/histories-per-riures-de-la-vida-i-de-lamor\/#primaryimage\"},\"thumbnailUrl\":\"https:\/\/gradesorra.cat\/wp-content\/uploads\/2025\/10\/histories.jpg\",\"datePublished\":\"2025-10-21T16:02:48+00:00\",\"dateModified\":\"2026-01-26T18:25:16+00:00\",\"breadcrumb\":{\"@id\":\"https:\/\/gradesorra.cat\/contes-joves-i-adults\/histories-per-riures-de-la-vida-i-de-lamor\/#breadcrumb\"},\"inLanguage\":\"es\",\"potentialAction\":[{\"@type\":\"ReadAction\",\"target\":[\"https:\/\/gradesorra.cat\/contes-joves-i-adults\/histories-per-riures-de-la-vida-i-de-lamor\/\"]}]},{\"@type\":\"ImageObject\",\"inLanguage\":\"es\",\"@id\":\"https:\/\/gradesorra.cat\/contes-joves-i-adults\/histories-per-riures-de-la-vida-i-de-lamor\/#primaryimage\",\"url\":\"https:\/\/gradesorra.cat\/wp-content\/uploads\/2025\/10\/histories.jpg\",\"contentUrl\":\"https:\/\/gradesorra.cat\/wp-content\/uploads\/2025\/10\/histories.jpg\",\"width\":640,\"height\":498},{\"@type\":\"BreadcrumbList\",\"@id\":\"https:\/\/gradesorra.cat\/contes-joves-i-adults\/histories-per-riures-de-la-vida-i-de-lamor\/#breadcrumb\",\"itemListElement\":[{\"@type\":\"ListItem\",\"position\":1,\"name\":\"Inici\",\"item\":\"https:\/\/gradesorra.cat\/\"},{\"@type\":\"ListItem\",\"position\":2,\"name\":\"Adults\",\"item\":\"https:\/\/gradesorra.cat\/contes-joves-i-adults\/\"},{\"@type\":\"ListItem\",\"position\":3,\"name\":\"Hist\u00f2ries per riure\u2019s de la vida (i de l\u2019amor)\"}]},{\"@type\":\"WebSite\",\"@id\":\"https:\/\/gradesorra.cat\/#website\",\"url\":\"https:\/\/gradesorra.cat\/\",\"name\":\"\\\"Gra de Sorra - Contacontes, narraci\u00f3 oral i tallers creatius (Catalunya)\",\"description\":\"Contes, tallers i projectes creatius per a infants, joves i adults.\",\"publisher\":{\"@id\":\"https:\/\/gradesorra.cat\/#organization\"},\"alternateName\":\"Contes infantils, famioliars i adults en catal\u00e0\",\"potentialAction\":[{\"@type\":\"SearchAction\",\"target\":{\"@type\":\"EntryPoint\",\"urlTemplate\":\"https:\/\/gradesorra.cat\/?s={search_term_string}\"},\"query-input\":{\"@type\":\"PropertyValueSpecification\",\"valueRequired\":true,\"valueName\":\"search_term_string\"}}],\"inLanguage\":\"es\"},{\"@type\":\"Organization\",\"@id\":\"https:\/\/gradesorra.cat\/#organization\",\"name\":\"\\\"Gra de Sorra - Contacontes, narraci\u00f3 orali tallers creatius (Catalunya)\",\"url\":\"https:\/\/gradesorra.cat\/\",\"logo\":{\"@type\":\"ImageObject\",\"inLanguage\":\"es\",\"@id\":\"https:\/\/gradesorra.cat\/#\/schema\/logo\/image\/\",\"url\":\"https:\/\/gradesorra.cat\/wp-content\/uploads\/2024\/02\/logo-gra-de-sorra.png\",\"contentUrl\":\"https:\/\/gradesorra.cat\/wp-content\/uploads\/2024\/02\/logo-gra-de-sorra.png\",\"width\":1685,\"height\":1191,\"caption\":\"\\\"Gra de Sorra - Contacontes, narraci\u00f3 orali tallers creatius (Catalunya)\"},\"image\":{\"@id\":\"https:\/\/gradesorra.cat\/#\/schema\/logo\/image\/\"}}]}<\/script>\n<!-- \/ Yoast SEO plugin. -->","yoast_head_json":{"title":"Hist\u00f2ries per riure\u2019s de la vida (i de l\u2019amor) - Gra de Sorra","robots":{"index":"index","follow":"follow","max-snippet":"max-snippet:-1","max-image-preview":"max-image-preview:large","max-video-preview":"max-video-preview:-1"},"canonical":"https:\/\/gradesorra.cat\/contes-joves-i-adults\/histories-per-riures-de-la-vida-i-de-lamor\/","og_locale":"es_ES","og_type":"article","og_title":"Hist\u00f2ries per riure\u2019s de la vida (i de l\u2019amor) - Gra de Sorra","og_description":"Hist\u00f2ries per riure\u2019s de la vida (i de l\u2019amor) Quan la vida ens desmunta els plans i l\u2019amor fa tombarelles, nom\u00e9s queda una opci\u00f3: riure. Aquesta sessi\u00f3 reuneix contes ir\u00f2nics, tendres i inesperats sobre els girs del dest\u00ed, les relacions humanes i les petites trag\u00e8dies quotidianes que acaben fent-nos somriure. Entre rialles i silencis c\u00f2mplices, [&hellip;]","og_url":"https:\/\/gradesorra.cat\/contes-joves-i-adults\/histories-per-riures-de-la-vida-i-de-lamor\/","og_site_name":"Gra de Sorra","article_modified_time":"2026-01-26T18:25:16+00:00","og_image":[{"width":640,"height":498,"url":"https:\/\/gradesorra.cat\/wp-content\/uploads\/2025\/10\/histories.jpg","type":"image\/jpeg"}],"twitter_card":"summary_large_image","twitter_misc":{"Tiempo de lectura":"2 minutos"},"schema":{"@context":"https:\/\/schema.org","@graph":[{"@type":"WebPage","@id":"https:\/\/gradesorra.cat\/contes-joves-i-adults\/histories-per-riures-de-la-vida-i-de-lamor\/","url":"https:\/\/gradesorra.cat\/contes-joves-i-adults\/histories-per-riures-de-la-vida-i-de-lamor\/","name":"Hist\u00f2ries per riure\u2019s de la vida (i de l\u2019amor) - Gra de Sorra","isPartOf":{"@id":"https:\/\/gradesorra.cat\/#website"},"primaryImageOfPage":{"@id":"https:\/\/gradesorra.cat\/contes-joves-i-adults\/histories-per-riures-de-la-vida-i-de-lamor\/#primaryimage"},"image":{"@id":"https:\/\/gradesorra.cat\/contes-joves-i-adults\/histories-per-riures-de-la-vida-i-de-lamor\/#primaryimage"},"thumbnailUrl":"https:\/\/gradesorra.cat\/wp-content\/uploads\/2025\/10\/histories.jpg","datePublished":"2025-10-21T16:02:48+00:00","dateModified":"2026-01-26T18:25:16+00:00","breadcrumb":{"@id":"https:\/\/gradesorra.cat\/contes-joves-i-adults\/histories-per-riures-de-la-vida-i-de-lamor\/#breadcrumb"},"inLanguage":"es","potentialAction":[{"@type":"ReadAction","target":["https:\/\/gradesorra.cat\/contes-joves-i-adults\/histories-per-riures-de-la-vida-i-de-lamor\/"]}]},{"@type":"ImageObject","inLanguage":"es","@id":"https:\/\/gradesorra.cat\/contes-joves-i-adults\/histories-per-riures-de-la-vida-i-de-lamor\/#primaryimage","url":"https:\/\/gradesorra.cat\/wp-content\/uploads\/2025\/10\/histories.jpg","contentUrl":"https:\/\/gradesorra.cat\/wp-content\/uploads\/2025\/10\/histories.jpg","width":640,"height":498},{"@type":"BreadcrumbList","@id":"https:\/\/gradesorra.cat\/contes-joves-i-adults\/histories-per-riures-de-la-vida-i-de-lamor\/#breadcrumb","itemListElement":[{"@type":"ListItem","position":1,"name":"Inici","item":"https:\/\/gradesorra.cat\/"},{"@type":"ListItem","position":2,"name":"Adults","item":"https:\/\/gradesorra.cat\/contes-joves-i-adults\/"},{"@type":"ListItem","position":3,"name":"Hist\u00f2ries per riure\u2019s de la vida (i de l\u2019amor)"}]},{"@type":"WebSite","@id":"https:\/\/gradesorra.cat\/#website","url":"https:\/\/gradesorra.cat\/","name":"\"Gra de Sorra - Contacontes, narraci\u00f3 oral i tallers creatius (Catalunya)","description":"Contes, tallers i projectes creatius per a infants, joves i adults.","publisher":{"@id":"https:\/\/gradesorra.cat\/#organization"},"alternateName":"Contes infantils, famioliars i adults en catal\u00e0","potentialAction":[{"@type":"SearchAction","target":{"@type":"EntryPoint","urlTemplate":"https:\/\/gradesorra.cat\/?s={search_term_string}"},"query-input":{"@type":"PropertyValueSpecification","valueRequired":true,"valueName":"search_term_string"}}],"inLanguage":"es"},{"@type":"Organization","@id":"https:\/\/gradesorra.cat\/#organization","name":"\"Gra de Sorra - Contacontes, narraci\u00f3 orali tallers creatius (Catalunya)","url":"https:\/\/gradesorra.cat\/","logo":{"@type":"ImageObject","inLanguage":"es","@id":"https:\/\/gradesorra.cat\/#\/schema\/logo\/image\/","url":"https:\/\/gradesorra.cat\/wp-content\/uploads\/2024\/02\/logo-gra-de-sorra.png","contentUrl":"https:\/\/gradesorra.cat\/wp-content\/uploads\/2024\/02\/logo-gra-de-sorra.png","width":1685,"height":1191,"caption":"\"Gra de Sorra - Contacontes, narraci\u00f3 orali tallers creatius (Catalunya)"},"image":{"@id":"https:\/\/gradesorra.cat\/#\/schema\/logo\/image\/"}}]}},"_links":{"self":[{"href":"https:\/\/gradesorra.cat\/es\/wp-json\/wp\/v2\/pages\/7674","targetHints":{"allow":["GET"]}}],"collection":[{"href":"https:\/\/gradesorra.cat\/es\/wp-json\/wp\/v2\/pages"}],"about":[{"href":"https:\/\/gradesorra.cat\/es\/wp-json\/wp\/v2\/types\/page"}],"author":[{"embeddable":true,"href":"https:\/\/gradesorra.cat\/es\/wp-json\/wp\/v2\/users\/2"}],"replies":[{"embeddable":true,"href":"https:\/\/gradesorra.cat\/es\/wp-json\/wp\/v2\/comments?post=7674"}],"version-history":[{"count":12,"href":"https:\/\/gradesorra.cat\/es\/wp-json\/wp\/v2\/pages\/7674\/revisions"}],"predecessor-version":[{"id":7836,"href":"https:\/\/gradesorra.cat\/es\/wp-json\/wp\/v2\/pages\/7674\/revisions\/7836"}],"up":[{"embeddable":true,"href":"https:\/\/gradesorra.cat\/es\/wp-json\/wp\/v2\/pages\/4107"}],"wp:featuredmedia":[{"embeddable":true,"href":"https:\/\/gradesorra.cat\/es\/wp-json\/wp\/v2\/media\/7675"}],"wp:attachment":[{"href":"https:\/\/gradesorra.cat\/es\/wp-json\/wp\/v2\/media?parent=7674"}],"wp:term":[{"taxonomy":"category","embeddable":true,"href":"https:\/\/gradesorra.cat\/es\/wp-json\/wp\/v2\/categories?post=7674"},{"taxonomy":"post_tag","embeddable":true,"href":"https:\/\/gradesorra.cat\/es\/wp-json\/wp\/v2\/tags?post=7674"}],"curies":[{"name":"wp","href":"https:\/\/api.w.org\/{rel}","templated":true}]}}