

{"id":7865,"date":"2026-01-26T20:51:50","date_gmt":"2026-01-26T19:51:50","guid":{"rendered":"https:\/\/gradesorra.cat\/?page_id=7865"},"modified":"2026-02-04T20:42:16","modified_gmt":"2026-02-04T19:42:16","slug":"instituts","status":"publish","type":"page","link":"https:\/\/gradesorra.cat\/es\/instituts\/","title":{"rendered":"Instituts (ESO i batx.)"},"content":{"rendered":"<p>[et_pb_section fb_built=\u00bb1&#8243; fullwidth=\u00bbon\u00bb _builder_version=\u00bb4.25.0&#8243; _module_preset=\u00bbdefault\u00bb background_image=\u00bbhttps:\/\/gradesorra.cat\/wp-content\/uploads\/2024\/01\/ENCAPCALAMENT-FAMILIAR-2-scaled-1.jpg\u00bb height=\u00bb500px\u00bb global_colors_info=\u00bb{}\u00bb][\/et_pb_section][et_pb_section fb_built=\u00bb1&#8243; admin_label=\u00bbsection\u00bb _builder_version=\u00bb4.16&#8243; global_colors_info=\u00bb{}\u00bb][et_pb_row admin_label=\u00bbrow\u00bb _builder_version=\u00bb4.16&#8243; background_size=\u00bbinitial\u00bb background_position=\u00bbtop_left\u00bb background_repeat=\u00bbrepeat\u00bb global_colors_info=\u00bb{}\u00bb column_structure=\u00bb1_2,1_2&#8243;][et_pb_column type=\u00bb1_2&#8243; _builder_version=\u00bb4.16&#8243; custom_padding=\u00bb|||\u00bb global_colors_info=\u00bb{}\u00bb custom_padding__hover=\u00bb|||\u00bb][et_pb_text admin_label=\u00bbText\u00bb _builder_version=\u00bb4.27.4&#8243; background_size=\u00bbinitial\u00bb background_position=\u00bbtop_left\u00bb background_repeat=\u00bbrepeat\u00bb hover_enabled=\u00bb0&#8243; global_colors_info=\u00bb{}\u00bb sticky_enabled=\u00bb0&#8243;]<\/p>\n<h1 data-start=\"161\" data-end=\"208\"><span style=\"color: #ff0000;\">Contes per a instituts i joves<\/span><\/h1>\n<p data-start=\"206\" data-end=\"406\">Sovint s\u2019ha fet veure que els contes s\u00f3n una cosa \u201cinfantil\u201d. Per\u00f2 el conte, de fet, <strong data-start=\"291\" data-end=\"319\">neix com una eina adulta<\/strong>: per entendre el m\u00f3n, posar nom al que ens passa i transmetre idees <strong data-start=\"388\" data-end=\"405\">sense sermons<\/strong>.<\/p>\n<p data-start=\"408\" data-end=\"706\">El que ha canviat amb el temps no \u00e9s el conte, sin\u00f3 <strong data-start=\"460\" data-end=\"484\">com s\u2019ha simplificat<\/strong> fins a fer-lo previsible o inofensiu. A <strong data-start=\"525\" data-end=\"546\">ESO i Batxillerat<\/strong>, aix\u00f2 es pot convertir en una oportunitat: el conte \u00e9s una via directa per <strong data-start=\"622\" data-end=\"644\">activar la lectura<\/strong>, <strong data-start=\"646\" data-end=\"672\">practicar l\u2019escriptura<\/strong> i <strong data-start=\"675\" data-end=\"705\">pensar amb m\u00e9s profunditat<\/strong>.<\/p>\n<p data-start=\"708\" data-end=\"889\">Les sessions apropen l\u2019alumnat a hist\u00f2ries que <strong data-start=\"755\" data-end=\"808\">fan riure, incomoden, sorprenen o fan reflexionar<\/strong>, a trav\u00e9s de la paraula dita: una experi\u00e8ncia <strong data-start=\"855\" data-end=\"888\">viva, directa i participativa<\/strong>.<\/p>\n<p>[\/et_pb_text][\/et_pb_column][et_pb_column _builder_version=\u00bb4.27.4&#8243; _module_preset=\u00bbdefault\u00bb type=\u00bb1_2&#8243;][et_pb_text admin_label=\u00bbText\u00bb _builder_version=\u00bb4.27.4&#8243; background_size=\u00bbinitial\u00bb background_position=\u00bbtop_left\u00bb background_repeat=\u00bbrepeat\u00bb global_colors_info=\u00bb{}\u00bb]<\/p>\n<h3 data-start=\"0\" data-end=\"25\"><\/h3>\n<h3><strong><span style=\"font-size: large;\">Objectius curriculars<\/span><\/strong><\/h3>\n<ul data-start=\"26\" data-end=\"434\">\n<li data-start=\"26\" data-end=\"78\">\n<p data-start=\"28\" data-end=\"78\"><strong data-start=\"28\" data-end=\"59\">Comprensi\u00f3 i escolta activa<\/strong> de relats orals.<\/p>\n<\/li>\n<li data-start=\"79\" data-end=\"152\">\n<p data-start=\"81\" data-end=\"152\"><strong data-start=\"81\" data-end=\"112\">Expressi\u00f3 i interacci\u00f3 oral<\/strong>: debat, argumentaci\u00f3 i opini\u00f3 pr\u00f2pia.<\/p>\n<\/li>\n<li data-start=\"153\" data-end=\"242\">\n<p data-start=\"155\" data-end=\"242\"><strong data-start=\"155\" data-end=\"177\">Educaci\u00f3 liter\u00e0ria<\/strong>: recursos narratius i interpretaci\u00f3 (qu\u00e8 diu i qu\u00e8 suggereix).<\/p>\n<\/li>\n<li data-start=\"243\" data-end=\"344\">\n<p data-start=\"245\" data-end=\"344\"><strong data-start=\"245\" data-end=\"275\">Escriptura de textos breus<\/strong>: microrelats, escenes i finals alternatius (planificar i revisar).<\/p>\n<\/li>\n<li data-start=\"345\" data-end=\"434\">\n<p data-start=\"347\" data-end=\"434\"><strong data-start=\"347\" data-end=\"380\">Pensament cr\u00edtic i vocabulari<\/strong>: lectura entre l\u00ednies, mirada i precisi\u00f3 ling\u00fc\u00edstica.<\/p>\n<\/li>\n<\/ul>\n<p>&nbsp;<\/p>\n<p>[\/et_pb_text][et_pb_text admin_label=\u00bbText\u00bb _builder_version=\u00bb4.27.4&#8243; background_size=\u00bbinitial\u00bb background_position=\u00bbtop_left\u00bb background_repeat=\u00bbrepeat\u00bb hover_enabled=\u00bb0&#8243; global_colors_info=\u00bb{}\u00bb sticky_enabled=\u00bb0&#8243;]<\/p>\n<p data-start=\"245\" data-end=\"344\"><span style=\"color: #000000;\"><a href=\"https:\/\/gradesorra.cat\/tallers-creatius-amb-i-a\/\" target=\"_blank\" rel=\"noopener\" style=\"color: #000000;\">Proposta Tall<\/a><a href=\"https:\/\/gradesorra.cat\/tallers-creatius-amb-i-a\/\" target=\"_blank\" rel=\"noopener\" style=\"box-shadow: #bfe6ff 0px 0px 0px 1px; color: #000000;\">ers Creatius + IA<\/a><\/span><\/p>\n<p><span style=\"color: #000000;\"><a href=\"https:\/\/gradesorra.cat\/contes-joves-i-adults\/histories-per-riures-de-la-vida-i-de-lamor\/\" style=\"color: #000000;\">Versi\u00f3 adaptada dels contes:Hist\u00f2ries per riures de la vida i de l&#8217;amor<\/a><\/span><\/p>\n<p>[\/et_pb_text][\/et_pb_column][\/et_pb_row][\/et_pb_section][et_pb_section fb_built=\u00bb1&#8243; _builder_version=\u00bb4.24.0&#8243; _module_preset=\u00bbdefault\u00bb background_color=\u00bb#C3B196&#8243; custom_padding=\u00bb0px||0px|||\u00bb global_colors_info=\u00bb{}\u00bb][\/et_pb_section]<\/p>\n","protected":false},"excerpt":{"rendered":"<p>Contes per a instituts i joves Sovint s\u2019ha fet veure que els contes s\u00f3n una cosa \u201cinfantil\u201d. Per\u00f2 el conte, de fet, neix com una eina adulta: per entendre el m\u00f3n, posar nom al que ens passa i transmetre idees sense sermons. El que ha canviat amb el temps no \u00e9s el conte, sin\u00f3 com [&hellip;]<\/p>\n","protected":false},"author":2,"featured_media":7841,"parent":0,"menu_order":0,"comment_status":"closed","ping_status":"closed","template":"","meta":{"_et_pb_use_builder":"on","_et_pb_old_content":"[vc_row type=\"full_width_background\" bg_image=\"4794\" bg_position=\"center center\" class=\"imatges-sobreposades-a-la-capcalera\"][vc_column][\/vc_column][\/vc_row][vc_row][vc_column][vc_custom_heading text=\"P\u00fablic jove i adult\" font_container=\"tag:h2|font_size:28px|text_align:left|line_height:40px\" use_theme_fonts=\"yes\"][separator color=\"#222222\" margin_top=\"20px\" margin_bottom=\"20px\"][vc_column_text]Hi ha molts factors a la hora d'explicar un conte: l'espai, el tema que expliques, el moment del dia, l'edat... per\u00f2, per nosaltres, el m\u00e9s important \u00e9s el que es genera en el moment de comen\u00e7ar. Per m\u00e9s que narris la mateixa hist\u00f2ria, mil i una vegades, mai ser\u00e0 el mateix conte perqu\u00e8 mai tornar\u00e0 a ser el mateix dia. Com deia l'Igansi Potrony quan comences amb \"Hi havia una vegada...\" el conte torna a ser nou i \u00fanic. I, jo afegiria que explicar contes ens fa persones perqu\u00e8 en aquell moment no hi ha edats ni temps i res m\u00e9s important que aquella experi\u00e8ncia que estem vivint plegats.\n\nEntra, remena i troba l'opci\u00f3 que m\u00e9s t'agradi.[\/vc_column_text][\/vc_column][\/vc_row][vc_row][vc_column][vc_column_text][display-posts post_type=\"page\" tag=\"show-adults\" image_size=\"medium\" orderby=\"date\"][\/vc_column_text][\/vc_column][\/vc_row][vc_row][vc_column width=\"2\/4\"][vc_video link=\"https:\/\/youtu.be\/R5olmU0FjVM\"][\/vc_column][vc_column width=\"3\/6\"][vc_empty_space height=\"30px\"][vc_custom_heading text=\"T'has fet gran \u2014 Pere Calders\" font_container=\"tag:h2|font_size:28px|text_align:left|color:%23222222|line_height:40px\" use_theme_fonts=\"yes\"][separator width=\"20px\" height=\"3px\" position=\"center\" color=\"#222222\" margin_top=\"20px\" margin_bottom=\"20px\"][vc_custom_heading text=\"Aquest v\u00eddeo, el vaig gravar al confinament, i forma part d'un espectacle que he estat fent aquests darrers anys.\nLes propostes que podeu trobar a l'apartat de p\u00fablic jove i adult van m\u00e9s encaminades al conte popular, a les llegendes i a la mitologia.\n\" font_container=\"tag:h2|font_size:18px|text_align:left|color:%23565656|line_height:26px\" use_theme_fonts=\"yes\"][\/vc_column][\/vc_row]","_et_gb_content_width":"","footnotes":""},"categories":[],"tags":[12],"class_list":["post-7865","page","type-page","status-publish","has-post-thumbnail","hentry","tag-show-inici"],"yoast_head":"<!-- This site is optimized with the Yoast SEO plugin v24.8.1 - https:\/\/yoast.com\/wordpress\/plugins\/seo\/ -->\n<title>Instituts (ESO i batx.) - Gra de Sorra<\/title>\n<meta name=\"robots\" content=\"index, follow, max-snippet:-1, max-image-preview:large, max-video-preview:-1\" \/>\n<link rel=\"canonical\" href=\"https:\/\/gradesorra.cat\/instituts\/\" \/>\n<meta property=\"og:locale\" content=\"es_ES\" \/>\n<meta property=\"og:type\" content=\"article\" \/>\n<meta property=\"og:title\" content=\"Instituts (ESO i batx.) - Gra de Sorra\" \/>\n<meta property=\"og:description\" content=\"Contes per a instituts i joves Sovint s\u2019ha fet veure que els contes s\u00f3n una cosa \u201cinfantil\u201d. Per\u00f2 el conte, de fet, neix com una eina adulta: per entendre el m\u00f3n, posar nom al que ens passa i transmetre idees sense sermons. El que ha canviat amb el temps no \u00e9s el conte, sin\u00f3 com [&hellip;]\" \/>\n<meta property=\"og:url\" content=\"https:\/\/gradesorra.cat\/instituts\/\" \/>\n<meta property=\"og:site_name\" content=\"Gra de Sorra\" \/>\n<meta property=\"article:modified_time\" content=\"2026-02-04T19:42:16+00:00\" \/>\n<meta property=\"og:image\" content=\"https:\/\/gradesorra.cat\/wp-content\/uploads\/2026\/01\/Contes-per-llegir-entre-linies-683x1024.png\" \/>\n\t<meta property=\"og:image:width\" content=\"683\" \/>\n\t<meta property=\"og:image:height\" content=\"1024\" \/>\n\t<meta property=\"og:image:type\" content=\"image\/png\" \/>\n<meta name=\"twitter:card\" content=\"summary_large_image\" \/>\n<meta name=\"twitter:label1\" content=\"Tiempo de lectura\" \/>\n\t<meta name=\"twitter:data1\" content=\"2 minutos\" \/>\n<script type=\"application\/ld+json\" class=\"yoast-schema-graph\">{\"@context\":\"https:\/\/schema.org\",\"@graph\":[{\"@type\":\"WebPage\",\"@id\":\"https:\/\/gradesorra.cat\/instituts\/\",\"url\":\"https:\/\/gradesorra.cat\/instituts\/\",\"name\":\"Instituts (ESO i batx.) - Gra de Sorra\",\"isPartOf\":{\"@id\":\"https:\/\/gradesorra.cat\/#website\"},\"primaryImageOfPage\":{\"@id\":\"https:\/\/gradesorra.cat\/instituts\/#primaryimage\"},\"image\":{\"@id\":\"https:\/\/gradesorra.cat\/instituts\/#primaryimage\"},\"thumbnailUrl\":\"https:\/\/gradesorra.cat\/wp-content\/uploads\/2026\/01\/Contes-per-llegir-entre-linies.png\",\"datePublished\":\"2026-01-26T19:51:50+00:00\",\"dateModified\":\"2026-02-04T19:42:16+00:00\",\"breadcrumb\":{\"@id\":\"https:\/\/gradesorra.cat\/instituts\/#breadcrumb\"},\"inLanguage\":\"es\",\"potentialAction\":[{\"@type\":\"ReadAction\",\"target\":[\"https:\/\/gradesorra.cat\/instituts\/\"]}]},{\"@type\":\"ImageObject\",\"inLanguage\":\"es\",\"@id\":\"https:\/\/gradesorra.cat\/instituts\/#primaryimage\",\"url\":\"https:\/\/gradesorra.cat\/wp-content\/uploads\/2026\/01\/Contes-per-llegir-entre-linies.png\",\"contentUrl\":\"https:\/\/gradesorra.cat\/wp-content\/uploads\/2026\/01\/Contes-per-llegir-entre-linies.png\",\"width\":1024,\"height\":1536},{\"@type\":\"BreadcrumbList\",\"@id\":\"https:\/\/gradesorra.cat\/instituts\/#breadcrumb\",\"itemListElement\":[{\"@type\":\"ListItem\",\"position\":1,\"name\":\"Inici\",\"item\":\"https:\/\/gradesorra.cat\/\"},{\"@type\":\"ListItem\",\"position\":2,\"name\":\"Instituts (ESO i batx.)\"}]},{\"@type\":\"WebSite\",\"@id\":\"https:\/\/gradesorra.cat\/#website\",\"url\":\"https:\/\/gradesorra.cat\/\",\"name\":\"\\\"Gra de Sorra - Contacontes, narraci\u00f3 oral i tallers creatius (Catalunya)\",\"description\":\"Contes, tallers i projectes creatius per a infants, joves i adults.\",\"publisher\":{\"@id\":\"https:\/\/gradesorra.cat\/#organization\"},\"alternateName\":\"Contes infantils, famioliars i adults en catal\u00e0\",\"potentialAction\":[{\"@type\":\"SearchAction\",\"target\":{\"@type\":\"EntryPoint\",\"urlTemplate\":\"https:\/\/gradesorra.cat\/?s={search_term_string}\"},\"query-input\":{\"@type\":\"PropertyValueSpecification\",\"valueRequired\":true,\"valueName\":\"search_term_string\"}}],\"inLanguage\":\"es\"},{\"@type\":\"Organization\",\"@id\":\"https:\/\/gradesorra.cat\/#organization\",\"name\":\"\\\"Gra de Sorra - Contacontes, narraci\u00f3 orali tallers creatius (Catalunya)\",\"url\":\"https:\/\/gradesorra.cat\/\",\"logo\":{\"@type\":\"ImageObject\",\"inLanguage\":\"es\",\"@id\":\"https:\/\/gradesorra.cat\/#\/schema\/logo\/image\/\",\"url\":\"https:\/\/gradesorra.cat\/wp-content\/uploads\/2024\/02\/logo-gra-de-sorra.png\",\"contentUrl\":\"https:\/\/gradesorra.cat\/wp-content\/uploads\/2024\/02\/logo-gra-de-sorra.png\",\"width\":1685,\"height\":1191,\"caption\":\"\\\"Gra de Sorra - Contacontes, narraci\u00f3 orali tallers creatius (Catalunya)\"},\"image\":{\"@id\":\"https:\/\/gradesorra.cat\/#\/schema\/logo\/image\/\"}}]}<\/script>\n<!-- \/ Yoast SEO plugin. -->","yoast_head_json":{"title":"Instituts (ESO i batx.) - Gra de Sorra","robots":{"index":"index","follow":"follow","max-snippet":"max-snippet:-1","max-image-preview":"max-image-preview:large","max-video-preview":"max-video-preview:-1"},"canonical":"https:\/\/gradesorra.cat\/instituts\/","og_locale":"es_ES","og_type":"article","og_title":"Instituts (ESO i batx.) - Gra de Sorra","og_description":"Contes per a instituts i joves Sovint s\u2019ha fet veure que els contes s\u00f3n una cosa \u201cinfantil\u201d. Per\u00f2 el conte, de fet, neix com una eina adulta: per entendre el m\u00f3n, posar nom al que ens passa i transmetre idees sense sermons. El que ha canviat amb el temps no \u00e9s el conte, sin\u00f3 com [&hellip;]","og_url":"https:\/\/gradesorra.cat\/instituts\/","og_site_name":"Gra de Sorra","article_modified_time":"2026-02-04T19:42:16+00:00","og_image":[{"width":683,"height":1024,"url":"https:\/\/gradesorra.cat\/wp-content\/uploads\/2026\/01\/Contes-per-llegir-entre-linies-683x1024.png","type":"image\/png"}],"twitter_card":"summary_large_image","twitter_misc":{"Tiempo de lectura":"2 minutos"},"schema":{"@context":"https:\/\/schema.org","@graph":[{"@type":"WebPage","@id":"https:\/\/gradesorra.cat\/instituts\/","url":"https:\/\/gradesorra.cat\/instituts\/","name":"Instituts (ESO i batx.) - Gra de Sorra","isPartOf":{"@id":"https:\/\/gradesorra.cat\/#website"},"primaryImageOfPage":{"@id":"https:\/\/gradesorra.cat\/instituts\/#primaryimage"},"image":{"@id":"https:\/\/gradesorra.cat\/instituts\/#primaryimage"},"thumbnailUrl":"https:\/\/gradesorra.cat\/wp-content\/uploads\/2026\/01\/Contes-per-llegir-entre-linies.png","datePublished":"2026-01-26T19:51:50+00:00","dateModified":"2026-02-04T19:42:16+00:00","breadcrumb":{"@id":"https:\/\/gradesorra.cat\/instituts\/#breadcrumb"},"inLanguage":"es","potentialAction":[{"@type":"ReadAction","target":["https:\/\/gradesorra.cat\/instituts\/"]}]},{"@type":"ImageObject","inLanguage":"es","@id":"https:\/\/gradesorra.cat\/instituts\/#primaryimage","url":"https:\/\/gradesorra.cat\/wp-content\/uploads\/2026\/01\/Contes-per-llegir-entre-linies.png","contentUrl":"https:\/\/gradesorra.cat\/wp-content\/uploads\/2026\/01\/Contes-per-llegir-entre-linies.png","width":1024,"height":1536},{"@type":"BreadcrumbList","@id":"https:\/\/gradesorra.cat\/instituts\/#breadcrumb","itemListElement":[{"@type":"ListItem","position":1,"name":"Inici","item":"https:\/\/gradesorra.cat\/"},{"@type":"ListItem","position":2,"name":"Instituts (ESO i batx.)"}]},{"@type":"WebSite","@id":"https:\/\/gradesorra.cat\/#website","url":"https:\/\/gradesorra.cat\/","name":"\"Gra de Sorra - Contacontes, narraci\u00f3 oral i tallers creatius (Catalunya)","description":"Contes, tallers i projectes creatius per a infants, joves i adults.","publisher":{"@id":"https:\/\/gradesorra.cat\/#organization"},"alternateName":"Contes infantils, famioliars i adults en catal\u00e0","potentialAction":[{"@type":"SearchAction","target":{"@type":"EntryPoint","urlTemplate":"https:\/\/gradesorra.cat\/?s={search_term_string}"},"query-input":{"@type":"PropertyValueSpecification","valueRequired":true,"valueName":"search_term_string"}}],"inLanguage":"es"},{"@type":"Organization","@id":"https:\/\/gradesorra.cat\/#organization","name":"\"Gra de Sorra - Contacontes, narraci\u00f3 orali tallers creatius (Catalunya)","url":"https:\/\/gradesorra.cat\/","logo":{"@type":"ImageObject","inLanguage":"es","@id":"https:\/\/gradesorra.cat\/#\/schema\/logo\/image\/","url":"https:\/\/gradesorra.cat\/wp-content\/uploads\/2024\/02\/logo-gra-de-sorra.png","contentUrl":"https:\/\/gradesorra.cat\/wp-content\/uploads\/2024\/02\/logo-gra-de-sorra.png","width":1685,"height":1191,"caption":"\"Gra de Sorra - Contacontes, narraci\u00f3 orali tallers creatius (Catalunya)"},"image":{"@id":"https:\/\/gradesorra.cat\/#\/schema\/logo\/image\/"}}]}},"_links":{"self":[{"href":"https:\/\/gradesorra.cat\/es\/wp-json\/wp\/v2\/pages\/7865","targetHints":{"allow":["GET"]}}],"collection":[{"href":"https:\/\/gradesorra.cat\/es\/wp-json\/wp\/v2\/pages"}],"about":[{"href":"https:\/\/gradesorra.cat\/es\/wp-json\/wp\/v2\/types\/page"}],"author":[{"embeddable":true,"href":"https:\/\/gradesorra.cat\/es\/wp-json\/wp\/v2\/users\/2"}],"replies":[{"embeddable":true,"href":"https:\/\/gradesorra.cat\/es\/wp-json\/wp\/v2\/comments?post=7865"}],"version-history":[{"count":11,"href":"https:\/\/gradesorra.cat\/es\/wp-json\/wp\/v2\/pages\/7865\/revisions"}],"predecessor-version":[{"id":8308,"href":"https:\/\/gradesorra.cat\/es\/wp-json\/wp\/v2\/pages\/7865\/revisions\/8308"}],"wp:featuredmedia":[{"embeddable":true,"href":"https:\/\/gradesorra.cat\/es\/wp-json\/wp\/v2\/media\/7841"}],"wp:attachment":[{"href":"https:\/\/gradesorra.cat\/es\/wp-json\/wp\/v2\/media?parent=7865"}],"wp:term":[{"taxonomy":"category","embeddable":true,"href":"https:\/\/gradesorra.cat\/es\/wp-json\/wp\/v2\/categories?post=7865"},{"taxonomy":"post_tag","embeddable":true,"href":"https:\/\/gradesorra.cat\/es\/wp-json\/wp\/v2\/tags?post=7865"}],"curies":[{"name":"wp","href":"https:\/\/api.w.org\/{rel}","templated":true}]}}